{"id":16141,"date":"2026-02-24T13:11:00","date_gmt":"2026-02-24T13:11:00","guid":{"rendered":"https:\/\/vetatourism.com\/?post_type=product&#038;p=16141"},"modified":"2026-04-18T16:00:06","modified_gmt":"2026-04-18T16:00:06","slug":"tivat-kotor-boka-bay-calodniowy-luksusowy-rejs-z-przewodnikiem-z-przystankiem-na-kapiel","status":"publish","type":"product","link":"https:\/\/vetatourism.com\/tours\/tivat-kotor-boka-bay-full-day-luxury-guided-cruise-with-swim-stop","title":{"rendered":"Tivat \/ Kotor: Luksusowy rejs po Boca \u0411\u043e\u043a\u0430\u0439\u0441\u043a\u043e\u043c\u0443 zalewie na ca\u0142y dzie\u0144 z przewodnikiem i niewydolno\u015bci\u0105 do k\u0105pieli"},"content":{"rendered":"<p>Ucieknij do ponadczasowego pi\u0119kna Czarnog\u00f3ry na niezapomnian\u0105 wycieczk\u0119 <strong>Ca\u0142odniowy rejs po zatoce Boka<\/strong> - idealne po\u0142\u0105czenie relaksu, odkrywania i zapieraj\u0105cej dech w piersiach adriatyckiej scenerii.<\/p>\n<p>Wylot z <strong>Tivat lub Kotor<\/strong>, Ta wysokiej klasy wycieczka \u0142odzi\u0105 z przewodnikiem zabierze Ci\u0119 przez wspania\u0142e <strong>Wpisana na list\u0119 UNESCO Zatoka Kotorska<\/strong>, cz\u0119sto uwa\u017cana za jedn\u0105 z najpi\u0119kniejszych zatok na \u015bwiecie. W otoczeniu dramatycznych g\u00f3r i \u015bredniowiecznych nadmorskich miasteczek odkryjesz krajobrazy przypominaj\u0105ce fiordy, dost\u0119pne tylko drog\u0105 morsk\u0105.<\/p>\n<p>Zrelaksuj si\u0119 na pok\u0142adzie wygodnej, nowoczesnej \u0142odzi, podczas gdy Tw\u00f3j profesjonalny przewodnik podzieli si\u0119 fascynuj\u0105cymi opowie\u015bciami o morskich tradycjach Czarnog\u00f3ry, historycznych wioskach i zabytkach kultury, kt\u00f3re ukszta\u0142towa\u0142y ten niezwyk\u0142y region.<\/p>\n<ul>\n<li>\ud83c\udf04 <strong>Zatok\u0119 kotorsk\u0105<\/strong> - Odkryj chronion\u0105 przez UNESCO zatok\u0119 od strony morza i podziwiaj spektakularne g\u00f3rskie krajobrazy.<\/li>\n<li>\ud83d\udea4 <strong>Wylot z Tivatu lub Kotoru<\/strong> - \u0141atwo dost\u0119pne punkty startowe zapewniaj\u0105 p\u0142ynn\u0105 i przyjemn\u0105 podr\u00f3\u017c.<\/li>\n<li>\ud83c\udf0a <strong>Adriatic Swim Stop<\/strong> - Ciesz si\u0119 orze\u017awiaj\u0105c\u0105 k\u0105piel\u0105 w krystalicznie czystych turkusowych wodach.<\/li>\n<li>\ud83c\udfd8\ufe0f <strong>Nadmorskie wioski<\/strong> - Odkryj malownicze historyczne miasta i ukryte zatoki wzd\u0142u\u017c wybrze\u017ca.<\/li>\n<li>\ud83d\udcf8 <strong>Panoramiczne widoki<\/strong> - Osza\u0142amiaj\u0105ca sceneria i doskona\u0142e mo\u017cliwo\u015bci fotografowania podczas ca\u0142ego rejsu.<\/li>\n<\/ul>\n<p>Ten relaksuj\u0105cy, ca\u0142odniowy rejs jest idealny dla par, rodzin i podr\u00f3\u017cnych pragn\u0105cych pozna\u0107 pi\u0119kno wybrze\u017ca Czarnog\u00f3ry w wygodny i niezapomniany spos\u00f3b.<\/p>\n<p>&nbsp;<\/p>\n<hr \/>\n<p>&nbsp;<\/p>\n<div class=\"tour-content-what-included\">\n<h4 id=\"whats-included\">Co wchodzi w zestaw<\/h4>\n<ul style=\"column-count: 2;\">\n<li>Licencjonowany profesjonalny kapitan i do\u015bwiadczona za\u0142oga<\/li>\n<li>Przewodnik angloj\u0119zyczny (dost\u0119pne opcje wieloj\u0119zyczne)<\/li>\n<li>Komfortowy ca\u0142odniowy rejs \u0142odzi\u0105 po zatoce Boka<\/li>\n<li>Starannie wybrany przystanek p\u0142ywacki<\/li>\n<li>Kamizelki ratunkowe i kompletny sprz\u0119t bezpiecze\u0144stwa<\/li>\n<li>Zawarte s\u0105 wydatki na paliwo i op\u0142aty portowe<\/li>\n<li>Panoramiczne wra\u017cenia ze zwiedzania<\/li>\n<\/ul>\n<p>&nbsp;<\/p>\n<\/div>\n<p>&nbsp;<\/p>\n<hr \/>\n<p>&nbsp;<\/p>\n<div class=\"tour-content-add-information\">\n<h4>Dodatkowe informacje<\/h4>\n<ul>\n<li>Wylot z Tivatu lub Kotoru w zale\u017cno\u015bci od dost\u0119pno\u015bci.<\/li>\n<li>Ca\u0142odniowy rejs wycieczkowy<\/li>\n<li>Przystanek do p\u0142ywania zale\u017cy od pogody i stanu morza<\/li>\n<li>Idealny dla rodzin i wszystkich grup wiekowych<\/li>\n<\/ul>\n<p>&nbsp;<\/p>\n<\/div>\n<hr \/>\n<p>&nbsp;<\/p>\n<div class=\"tour-content-cancell-policy\">\n<p><strong>Co zabra\u0107 ze sob\u0105<\/strong><\/p>\n<ul style=\"column-count: 2;\">\n<li>Ochrona przeciws\u0142oneczna i okulary przeciws\u0142oneczne \ud83d\udd76\ufe0f<\/li>\n<li>Str\u00f3j k\u0105pielowy i r\u0119cznik \ud83e\ude71<\/li>\n<li>Kapelusz lub czapka \ud83e\udde2<\/li>\n<li>Aparat lub telefon \ud83d\udcf1<\/li>\n<li>Wygodne ubranie<\/li>\n<li>Troch\u0119 pieni\u0119dzy na dodatkowe us\u0142ugi \ud83d\udcb3<\/li>\n<\/ul>\n<\/div>","protected":false},"excerpt":{"rendered":"<p>Ucieknij do ponadczasowego pi\u0119kna Czarnog\u00f3ry podczas niezapomnianego ca\u0142odniowego rejsu po zatoce Boka - idealnego po\u0142\u0105czenia relaksu, odkrywania i zapieraj\u0105cej dech w piersiach adriatyckiej scenerii.<br \/>\nDeparting from Tivat or Kotor, <\/p>","protected":false},"featured_media":16153,"comment_status":"open","ping_status":"closed","template":"","meta":[],"product_brand":[],"product_cat":[],"product_tag":[],"class_list":{"0":"post-16141","1":"product","2":"type-product","3":"status-publish","4":"has-post-thumbnail","6":"pa_destination-montenegro","8":"first","9":"instock","10":"shipping-taxable","11":"purchasable","12":"product-type-tour_phys"},"_links":{"self":[{"href":"https:\/\/vetatourism.com\/pl\/wp-json\/wp\/v2\/product\/16141","targetHints":{"allow":["GET"]}}],"collection":[{"href":"https:\/\/vetatourism.com\/pl\/wp-json\/wp\/v2\/product"}],"about":[{"href":"https:\/\/vetatourism.com\/pl\/wp-json\/wp\/v2\/types\/product"}],"replies":[{"embeddable":true,"href":"https:\/\/vetatourism.com\/pl\/wp-json\/wp\/v2\/comments?post=16141"}],"wp:featuredmedia":[{"embeddable":true,"href":"https:\/\/vetatourism.com\/pl\/wp-json\/wp\/v2\/media\/16153"}],"wp:attachment":[{"href":"https:\/\/vetatourism.com\/pl\/wp-json\/wp\/v2\/media?parent=16141"}],"wp:term":[{"taxonomy":"product_brand","embeddable":true,"href":"https:\/\/vetatourism.com\/pl\/wp-json\/wp\/v2\/product_brand?post=16141"},{"taxonomy":"product_cat","embeddable":true,"href":"https:\/\/vetatourism.com\/pl\/wp-json\/wp\/v2\/product_cat?post=16141"},{"taxonomy":"product_tag","embeddable":true,"href":"https:\/\/vetatourism.com\/pl\/wp-json\/wp\/v2\/product_tag?post=16141"}],"curies":[{"name":"wp","href":"https:\/\/api.w.org\/{rel}","templated":true}]}}