{"id":16134,"date":"2026-02-24T12:48:20","date_gmt":"2026-02-24T12:48:20","guid":{"rendered":"https:\/\/vetatourism.com\/?post_type=product&#038;p=16134"},"modified":"2026-03-05T06:19:16","modified_gmt":"2026-03-05T06:19:16","slug":"tara-rzeka-rafting-przygoda-czarnogora","status":"publish","type":"product","link":"https:\/\/vetatourism.com\/tours\/tara-river-rafting-adventure-montenegro","title":{"rendered":"Przygoda na \u0440\u0430\u0444\u0442\u0438\u043d\u0433\u0435 na rzece Tara - Czarnog\u00f3ra"},"content":{"rendered":"<p>Wyrusz w niezapomnian\u0105 przygod\u0119 na dziewiczej przyrody Czarnog\u00f3ry z zapieraj\u0105cym dech w piersiach <strong>Do\u015bwiadczenie Rafting na rzece Tara<\/strong> \u2014 idealne po\u0142\u0105czenie adrenaliny, zapieraj\u0105cych dech w piersiach krajobraz\u00f3w i prawdziwej randki z natur\u0105.<\/p>\n<p>Podr\u00f3\u017c odbywa si\u0119 na legendarnej rzeki Tara, przep\u0142ywaj\u0105cej przez <strong>Najg\u0142\u0119bszy kanion Europy<\/strong> i jeden z najbardziej spektakularnych krajobraz\u00f3w na \u015bwiecie. Znany jako <strong>\"\u0141zy Europy\"<\/strong> dzi\u0119ki wyj\u0105tkowej czysto\u015bci wody, rzeka Tara oferuje krystalicznie czyste, turkusowe wody, otoczone imponuj\u0105cymi ska\u0142ami, bujne lasy, wodospady i ukryte naturalnych pla\u017c.<\/p>\n<p>Pod kierunkiem do\u015bwiadczonych profesjonalnych \u0448\u043a\u0438\u043f\u0435\u0440\u043e\u0432 zdasz ekscytuj\u0105ce progi przeplatane ciche malowniczymi odcinkami, co sprawia, \u017ce jest to przygoda idealnym zar\u00f3wno dla pocz\u0105tkuj\u0105cych, jak i do\u015bwiadczonych naukowc\u00f3w.<\/p>\n<ul>\n<li>\ud83c\udfde\ufe0f <strong>Kanion Tara<\/strong> \u2013 \u0421\u043f\u043b\u0430\u0432\u044c\u0442\u0435\u0441\u044c do g\u0142\u0119bokiego kanionu Europy i odkryj jedno z najbardziej spektakularnych cud\u00f3w natury Czarnog\u00f3ry.<\/li>\n<li>\ud83c\udf3f <strong>Parking UNESCO natura<\/strong> \u2013 Poznaj zachowan\u0105 \u015brodowisko naturalne, pe\u0142ne las\u00f3w, ska\u0142ami i wodospadami.<\/li>\n<li>\ud83d\udca7 <strong>Krystalicznie Czysta Woda<\/strong> \u2013 Zanurz si\u0119 w czyst\u0105 \u0431\u0438\u0440\u044e\u0437\u043e\u0432\u0443\u044e rzek\u0119, znan\u0105 jako \"\u0141za Europy\".<\/li>\n<li>\ud83d\udea3 <strong>Ekscytuj\u0105ce Progi<\/strong> \u2013 Ciesz si\u0119 idealn\u0105 r\u00f3wnowag\u0105 mi\u0119dzy pi\u0119knymi progami i relaksuj\u0105ce malowniczym rafting.<\/li>\n<li>\ud83d\udcf8 <strong>Zatrzyma\u0107 si\u0119 na k\u0105piel i zdj\u0119\u0107<\/strong> \u2013 R\u00f3b przerwy na dziewiczej przyrody, aby pop\u0142ywa\u0107 i zrobi\u0107 niezapomniane zdj\u0119cia.<\/li>\n<\/ul>\n<p>To \u0440\u0430\u0444\u0442\u0438\u043d\u0433\u043e\u0432\u043e\u0435 przygoda idealny dla rodzin, par i poszukiwaczy mocnych wra\u017ce\u0144, kt\u00f3rzy chc\u0105 poczu\u0107 pi\u0119kno dzikiej Czarnog\u00f3ry wyj\u0105tkowy i niezapomniany spos\u00f3b.<\/p>\n<p>&nbsp;<\/p>\n<hr \/>\n<p>&nbsp;<\/p>\n<div class=\"tour-content-what-included\">\n<h4 id=\"whats-included\">Co wchodzi w zestaw<\/h4>\n<ul style=\"column-count: 2;\">\n<li>Profesjonalny, licencjonowany przewodnik po \u0440\u0430\u0444\u0442\u0438\u043d\u0433\u0443 i przeszkolone na temat bezpiecze\u0144stwa<\/li>\n<li>Kompletny sprz\u0119t do raftingu (kask, kombinezon, kamizelka, wios\u0142o)<\/li>\n<li>Nowoczesna \u0440\u0430\u0444\u0442\u0438\u043d\u0433\u043e\u0432\u0430\u044f \u0142odzi<\/li>\n<li>Sprz\u0119t ochronny i ubezpieczenia<\/li>\n<li>Malowniczy sp\u0142yw na kanion Tara<\/li>\n<li>Zatrzyma\u0107 si\u0119 na k\u0105piel i fotografowania<\/li>\n<li>Zawarte lokalne podatki i zezwolenia na korzystanie z rzek\u0105<\/li>\n<li>Dodatkowe pakiety us\u0142ug mog\u0105 obejmowa\u0107 transfer lub zasilanie<\/li>\n<\/ul>\n<p>&nbsp;<\/p>\n<\/div>\n<p>&nbsp;<\/p>\n<hr \/>\n<p>&nbsp;<\/p>\n<div class=\"tour-content-add-information\">\n<h4>Dodatkowe informacje<\/h4>\n<ul>\n<li>Idealny dla pocz\u0105tkuj\u0105cych i do\u015bwiadczonych \u0441\u0442\u0440\u043e\u043f\u0438\u043b\u044c\u0449\u0438\u043a\u043e\u0432<\/li>\n<li>Profesjonalni przewodnicy zapewniaj\u0105 bezpieczny i przyjemny wypoczynek<\/li>\n<li>Trasa i warunki stopu mog\u0105 r\u00f3\u017cni\u0107 si\u0119 w zale\u017cno\u015bci od pogody i poziomu wody<\/li>\n<li>Impreza dla ca\u0142ej rodziny<\/li>\n<\/ul>\n<p>&nbsp;<\/p>\n<\/div>\n<hr \/>\n<p>&nbsp;<\/p>\n<div class=\"tour-content-cancell-policy\">\n<p><strong>Co zabra\u0107 ze sob\u0105<\/strong><\/p>\n<ul style=\"column-count: 2;\">\n<li>Str\u00f3j k\u0105pielowy i r\u0119cznik \ud83e\ude71<\/li>\n<li>Wygodne ubrania i buty<\/li>\n<li>Krem do opalania i okulary przeciws\u0142oneczne \ud83d\udd76\ufe0f<\/li>\n<li>Wodoodporny pokrowiec do telefonu \ud83d\udcf1<\/li>\n<li>\u0421\u0432\u0435\u0440\u0445\u0441\u0443\u0445\u0430\u044f odzie\u017c<\/li>\n<li>Troch\u0119 pieni\u0119dzy na dodatkowe us\u0142ugi \ud83d\udcb3<\/li>\n<\/ul>\n<\/div>","protected":false},"excerpt":{"rendered":"<p>Embark on an unforgettable adventure through the heart of Montenegro\u2019s untouched wilderness with an exciting Tara River Rafting Experience \u2014 a perfect mix of adrenaline, breathtaking scenery, and authentic nature <\/p>","protected":false},"featured_media":16135,"comment_status":"open","ping_status":"closed","template":"","meta":[],"product_brand":[],"product_cat":[],"product_tag":[],"class_list":{"0":"post-16134","1":"product","2":"type-product","3":"status-publish","4":"has-post-thumbnail","6":"pa_destination-montenegro","8":"first","9":"instock","10":"shipping-taxable","11":"purchasable","12":"product-type-tour_phys"},"_links":{"self":[{"href":"https:\/\/vetatourism.com\/pl\/wp-json\/wp\/v2\/product\/16134","targetHints":{"allow":["GET"]}}],"collection":[{"href":"https:\/\/vetatourism.com\/pl\/wp-json\/wp\/v2\/product"}],"about":[{"href":"https:\/\/vetatourism.com\/pl\/wp-json\/wp\/v2\/types\/product"}],"replies":[{"embeddable":true,"href":"https:\/\/vetatourism.com\/pl\/wp-json\/wp\/v2\/comments?post=16134"}],"wp:featuredmedia":[{"embeddable":true,"href":"https:\/\/vetatourism.com\/pl\/wp-json\/wp\/v2\/media\/16135"}],"wp:attachment":[{"href":"https:\/\/vetatourism.com\/pl\/wp-json\/wp\/v2\/media?parent=16134"}],"wp:term":[{"taxonomy":"product_brand","embeddable":true,"href":"https:\/\/vetatourism.com\/pl\/wp-json\/wp\/v2\/product_brand?post=16134"},{"taxonomy":"product_cat","embeddable":true,"href":"https:\/\/vetatourism.com\/pl\/wp-json\/wp\/v2\/product_cat?post=16134"},{"taxonomy":"product_tag","embeddable":true,"href":"https:\/\/vetatourism.com\/pl\/wp-json\/wp\/v2\/product_tag?post=16134"}],"curies":[{"name":"wp","href":"https:\/\/api.w.org\/{rel}","templated":true}]}}