{"id":14160,"date":"2026-02-01T08:47:15","date_gmt":"2026-02-01T08:47:15","guid":{"rendered":"https:\/\/vetatourism.com\/?post_type=product&#038;p=14160"},"modified":"2026-04-08T17:48:38","modified_gmt":"2026-04-08T17:48:38","slug":"pirate-boat-trip-red-dragon-from-antalya-with-lunch","status":"publish","type":"product","link":"https:\/\/vetatourism.com\/tours\/pirate-boat-trip-red-dragon-from-antalya-with-lunch","title":{"rendered":"Pirate Przeja\u017cd\u017cka \u0142odzi\u0105 Red Dragon Z Antalya Z Obiadem"},"content":{"rendered":"<p class=\"\" data-start=\"259\" data-end=\"526\">Rozpocznij idealny dzie\u0144 z <strong data-start=\"292\" data-end=\"321\">Kemer pirate Boat Tour<\/strong>, gdzie l\u015bni\u0105ce b\u0142\u0119kitne morze \u0142\u0105czy si\u0119 z relaksem, zabaw\u0105 i cudami natury. Niezale\u017cnie od tego, czy opalasz si\u0119 na przestronnym pok\u0142adzie, p\u0142ywasz w krystalicznie czystych wodach, czy odkrywasz ukryte zatoczki, ta wycieczka ma wszystko.<\/p>\n<p class=\"\" data-start=\"528\" data-end=\"757\">Twoja podr\u00f3\u017c zaczyna si\u0119 od <strong data-start=\"551\" data-end=\"567\">Kemer Marina<\/strong>, where you\u2019ll board a pirate boat equipped for comfort and style. The boat will cruise along the scenic coastline, stopping at <strong data-start=\"700\" data-end=\"727\">trzy zapieraj\u0105ce dech w piersiach zatoki<\/strong> do p\u0142ywania i eksploracji:<\/p>\n<ul>\n<li data-start=\"761\" data-end=\"943\">\ud83c\udfdb\ufe0f <strong data-start=\"765\" data-end=\"781\">Zatoka Wykopalisk W Faselis<\/strong>: P\u0142ywanie w pobli\u017cu staro\u017cytnych ruin licyjskiego miasta Phaselis. Ta wyj\u0105tkowa lokalizacja \u0142\u0105czy w sobie histori\u0119 i natur\u0119, otoczona sosnami i spokojnymi, czystymi wodami.<\/li>\n<li data-start=\"946\" data-end=\"1081\"><strong>\ud83c\udfdd\ufe0f Heaven Bay<\/strong>: Odosobniony raj znany z g\u0142\u0119bokiego b\u0142\u0119kitu morza i nietkni\u0119tego pi\u0119kna - idealny do spokojnej k\u0105pieli.<\/li>\n<li data-start=\"1084\" data-end=\"1229\">\ud83c\udf0a <strong data-start=\"1087\" data-end=\"1119\">Zatoka Ksi\u0119\u017cycowego \u015awiat\u0142a<\/strong>: Ulubione miejsce w pobli\u017cu Kemer z relaksuj\u0105c\u0105 atmosfer\u0105, idealne do p\u0142ywania, opalania si\u0119 i robienia niesamowitych zdj\u0119\u0107.<\/li>\n<li data-start=\"1232\" data-end=\"1420\">\ud83c\udff4\u200d\u2620\ufe0f <strong data-start=\"1238\" data-end=\"1271\">Jaskinia Pirat\u00f3w<\/strong>: Przep\u0142y\u0144 obok tej tajemniczej morskiej jaskini, w kt\u00f3rej wci\u0105\u017c kr\u0105\u017c\u0105 legendy o piratach. \u015awietna okazja do zrobienia zdj\u0119\u0107 z dramatycznymi formacjami skalnymi i g\u0142\u0119bok\u0105, b\u0142\u0119kitn\u0105 wod\u0105.<\/li>\n<\/ul>\n<p class=\"\" data-start=\"1422\" data-end=\"1692\">Podczas gdy ty b\u0119dziesz cieszy\u0107 si\u0119 sceneri\u0105, za\u0142oga b\u0119dzie utrzymywa\u0107 dobre wibracje dzi\u0119ki muzyce i opcjonalnej lekkiej rozrywce. B\u0119dzie czas, aby cieszy\u0107 si\u0119 <strong data-start=\"1564\" data-end=\"1581\">lunch na pok\u0142adzie<\/strong> (w zale\u017cno\u015bci od pakietu), a tak\u017ce wiele mo\u017cliwo\u015bci relaksu, opalania si\u0119 lub po prostu podziwiania widok\u00f3w.<\/p>\n<p class=\"\" data-start=\"1694\" data-end=\"1818\">Perfect for couples, groups, families, or solo travelers \u2014 this pirate boat is one of the most enjoyable day tours.<\/p>\n<p>&nbsp;<\/p>\n<hr \/>\n<p>&nbsp;<\/p>\n<div class=\"tour-content-what-included\">\n<h4 id=\"whats-included\">Co wchodzi w zestaw<\/h4>\n<ul style=\"column-count: 2;\">\n<li>Full-day pirate boat tour departing from Kemer Marina<\/li>\n<li>Przestronny i nowoczesny katamaran z zacienionymi miejscami do opalania<\/li>\n<li>Kilka przystank\u00f3w na p\u0142ywanie w czystych, turkusowych zatokach<\/li>\n<li>Relaksuj\u0105ca atmosfera z lekk\u0105 muzyk\u0105 na pok\u0142adzie<\/li>\n<li>Trasa i przystanki do k\u0105pieli mog\u0105 si\u0119 r\u00f3\u017cni\u0107 w zale\u017cno\u015bci od morza i warunk\u00f3w pogodowych<\/li>\n<li>Odpowiedni dla par, rodzin, grup i os\u00f3b podr\u00f3\u017cuj\u0105cych samotnie<\/li>\n<\/ul>\n<p>&nbsp;<\/p>\n<\/div>\n<hr \/>\n<div class=\"tour-content-add-information\">\n<h4>Dodatkowe informacje<\/h4>\n<ul>\n<li>Czas trwania wycieczki: 5-6 godzin<\/li>\n<li>the pirate boat has both shaded and sunbathing areas<\/li>\n<li>Dzieciom odwiedzaj\u0105cym autobus za darmo, nie b\u0119d\u0105 mieli w\u0142asnego miejsca w autobusie. Je\u015bli autobus jest pe\u0142ny, oni musz\u0105 siedzie\u0107 na kolanach opiekuna lub osobne miejsce nale\u017cy zakupi\u0107 w momencie dokonywania rezerwacji.<\/li>\n<\/ul>\n<p>&nbsp;<\/p>\n<\/div>\n<hr \/>\n<p>&nbsp;<\/p>\n<div class=\"tour-content-cancell-policy\">\n<p><strong>Co zabra\u0107 ze sob\u0105<\/strong><\/p>\n<ul style=\"column-count: 2;\">\n<li>Krem do opalania i okulary przeciws\u0142oneczne <img decoding=\"async\" class=\"emoji\" role=\"img\" draggable=\"false\" src=\"https:\/\/s.w.org\/images\/core\/emoji\/17.0.2\/svg\/1f576.svg\" alt=\"\ud83d\udd76\ufe0f\" \/><\/li>\n<li>Kapelusz lub czapka <img decoding=\"async\" class=\"emoji\" role=\"img\" draggable=\"false\" src=\"https:\/\/s.w.org\/images\/core\/emoji\/17.0.2\/svg\/1f9e2.svg\" alt=\"\ud83e\udde2\" \/><\/li>\n<li>Str\u00f3j k\u0105pielowy i r\u0119cznik <img decoding=\"async\" class=\"emoji\" role=\"img\" draggable=\"false\" src=\"https:\/\/s.w.org\/images\/core\/emoji\/17.0.2\/svg\/1fa71.svg\" alt=\"\ud83e\ude71\" \/><\/li>\n<li>Wodoodporny pokrowiec do telefonu lub aparatu \ud83d\udcf1<\/li>\n<li>Troch\u0119 pieni\u0119dzy na upominki lub dodatkowe us\u0142ugi <img decoding=\"async\" class=\"emoji\" role=\"img\" draggable=\"false\" src=\"https:\/\/s.w.org\/images\/core\/emoji\/17.0.2\/svg\/1f4b3.svg\" alt=\"\ud83d\udcb3\" \/><\/li>\n<\/ul>\n<\/div>","protected":false},"excerpt":{"rendered":"<p>Sail into a perfect day with the Kemer pirate Boat Tour, where the sparkling blue sea meets relaxation, fun, and natural wonders. Whether you\u2019re sunbathing on the spacious deck, swimming <\/p>","protected":false},"featured_media":16565,"comment_status":"open","ping_status":"closed","template":"","meta":[],"product_brand":[],"product_cat":[],"product_tag":[],"class_list":{"0":"post-14160","1":"product","2":"type-product","3":"status-publish","4":"has-post-thumbnail","6":"tour_phys-tours","7":"pa_activity-pirate-boat-tours","8":"pa_destination-antalya","10":"first","11":"instock","12":"shipping-taxable","13":"purchasable","14":"product-type-tour_phys"},"_links":{"self":[{"href":"https:\/\/vetatourism.com\/pl\/wp-json\/wp\/v2\/product\/14160","targetHints":{"allow":["GET"]}}],"collection":[{"href":"https:\/\/vetatourism.com\/pl\/wp-json\/wp\/v2\/product"}],"about":[{"href":"https:\/\/vetatourism.com\/pl\/wp-json\/wp\/v2\/types\/product"}],"replies":[{"embeddable":true,"href":"https:\/\/vetatourism.com\/pl\/wp-json\/wp\/v2\/comments?post=14160"}],"wp:featuredmedia":[{"embeddable":true,"href":"https:\/\/vetatourism.com\/pl\/wp-json\/wp\/v2\/media\/16565"}],"wp:attachment":[{"href":"https:\/\/vetatourism.com\/pl\/wp-json\/wp\/v2\/media?parent=14160"}],"wp:term":[{"taxonomy":"product_brand","embeddable":true,"href":"https:\/\/vetatourism.com\/pl\/wp-json\/wp\/v2\/product_brand?post=14160"},{"taxonomy":"product_cat","embeddable":true,"href":"https:\/\/vetatourism.com\/pl\/wp-json\/wp\/v2\/product_cat?post=14160"},{"taxonomy":"product_tag","embeddable":true,"href":"https:\/\/vetatourism.com\/pl\/wp-json\/wp\/v2\/product_tag?post=14160"}],"curies":[{"name":"wp","href":"https:\/\/api.w.org\/{rel}","templated":true}]}}