{"id":14138,"date":"2026-02-01T07:42:08","date_gmt":"2026-02-01T07:42:08","guid":{"rendered":"https:\/\/vetatourism.com\/?post_type=product&#038;p=14138"},"modified":"2026-02-27T06:12:09","modified_gmt":"2026-02-27T06:12:09","slug":"antalya-city-tour-from-kemer-old-town-waterfalls","status":"publish","type":"product","link":"https:\/\/vetatourism.com\/tours\/antalya-city-tour-from-kemer-old-town-waterfalls","title":{"rendered":"Wycieczka do Antalyi Z Kemer \u2013 Stare miasto i wodospady"},"content":{"rendered":"<p data-start=\"328\" data-end=\"697\">Odkryj to, co najlepsze <strong data-start=\"354\" data-end=\"395\"><span class=\"hover:entity-accent entity-underline inline cursor-pointer align-baseline\"><span class=\"whitespace-normal\">Antalya<\/span><\/span><\/strong> podczas tej niezapomnianej ca\u0142odniowej wycieczki z przewodnikiem, kt\u00f3ra doskonale \u0142\u0105czy histori\u0119, przyrod\u0119 i relaks. Od staro\u017cytnych uliczek i kaskadowych wodospad\u00f3w po malownicz\u0105 wycieczk\u0119 \u0142odzi\u0105 wzd\u0142u\u017c wybrze\u017ca Morza \u015ar\u00f3dziemnego, to do\u015bwiadczenie zosta\u0142o zaprojektowane tak, aby pokaza\u0107 Ci najbardziej kultowe zabytki Antalyi - wszystko w jeden doskonale zaplanowany dzie\u0144.<\/p>\n<p data-start=\"699\" data-end=\"1136\">Twoja podr\u00f3\u017c rozpoczyna si\u0119 od wygodnego, klimatyzowanego odbioru z hotelu przed udaniem si\u0119 do serca miasta. W\u0119dr\u00f3wka przez <strong data-start=\"826\" data-end=\"867\"><span class=\"hover:entity-accent entity-underline inline cursor-pointer align-baseline\"><span class=\"whitespace-normal\">Kalei\u00e7i<\/span><\/span><\/strong>, Urocze Stare Miasto w Antalyi, gdzie o\u017cywa rzymska, bizantyjska i osma\u0144ska historia. Spaceruj obok zabytk\u00f3w, takich jak Brama Hadriana, minaret Yivli i wie\u017ca zegarowa, i ciesz si\u0119 wolnym czasem na zwiedzanie lokalnych sklep\u00f3w, muze\u00f3w lub przytulnych kawiarni po\u0142o\u017conych wzd\u0142u\u017c brukowanych uliczek.<\/p>\n<p data-start=\"1138\" data-end=\"1398\">Nast\u0119pnie zrelaksuj si\u0119 podczas malowniczej 1-godzinnej wycieczki \u0142odzi\u0105 z historycznego Starego Portu. Rejs wzd\u0142u\u017c dramatycznego wybrze\u017ca i podziwianie wspania\u0142ych widok\u00f3w na klify, turkusowe wody i Morze \u015ar\u00f3dziemne - idealny moment na relaks i zrobienie niezapomnianych zdj\u0119\u0107.<\/p>\n<p>&nbsp;<\/p>\n<hr \/>\n<p>&nbsp;<\/p>\n<div class=\"tour-content-what-included\">\n<h4 id=\"whats-included\">Co wchodzi w zestaw<\/h4>\n<ul style=\"column-count: 2;\">\n<li>Spotkanie w hotelu w samochodzie z klimatyzacj\u0105<\/li>\n<li>Stare Miasto (Kalei\u00e7i) i zabytki historyczne<\/li>\n<li>1-godzinna objazdowa wycieczka \u0142odzi\u0105 ze Starego portu<\/li>\n<li>Tradycyjny turecki lunch w lokalnej restauracji<\/li>\n<li>Odwied\u017a wodospady G\u00f3rny i Dolny D\u00fcden<\/li>\n<li>Przystanek w lokalnym warsztacie z\u0142otniczym<\/li>\n<li>Transport z powrotem do hotelu<\/li>\n<\/ul>\n<\/div>\n<p>&nbsp;<\/p>\n<hr \/>\n<p>&nbsp;<\/p>\n<div class=\"tour-content-add-information\">\n<h4>Dodatkowe informacje<\/h4>\n<ul>\n<li>Przegl\u0105dowa wycieczka \u0142odzi\u0105: U nas b\u0119dzie godzinna wycieczka statkiem z portu starego miasta w Antalyi.<\/li>\n<li>Trasa mo\u017ce r\u00f3\u017cni\u0107 si\u0119 w zale\u017cno\u015bci od ilo\u015bci os\u00f3b i pogoda dla uzyskania najlepszych wra\u017ce\u0144.<\/li>\n<li>Nie nadaje si\u0119 dla u\u017cytkownik\u00f3w w\u00f3zk\u00f3w inwalidzkich.<\/li>\n<li>Dzieci (darmowe bilety) nie zostan\u0105 dostarczone poszczeg\u00f3lne miejsca w autobusie. Je\u017celi potrzebne jest miejsce, nale\u017cy zakupi\u0107 bilet dzieci\u0119cy.<\/li>\n<\/ul>\n<p>&nbsp;<\/p>\n<\/div>\n<hr \/>\n<p>&nbsp;<\/p>\n<div class=\"tour-content-cancell-policy\">\n<p><strong>Co zabra\u0107 ze sob\u0105<\/strong><\/p>\n<ul style=\"column-count: 2;\">\n<li>Wygodne buty do chodzenia \ud83d\udc5f<\/li>\n<li>Okulary przeciws\u0142oneczne i kapelusz od s\u0142o\u0144ca \ud83d\udd76\ufe0f<\/li>\n<li>Krem \ud83e\uddf4<\/li>\n<li>Wygodne ubranie \ud83d\udc55<\/li>\n<li>Got\u00f3wka dla us\u0142ug dodatkowych <img decoding=\"async\" class=\"emoji\" role=\"img\" draggable=\"false\" src=\"https:\/\/s.w.org\/images\/core\/emoji\/17.0.2\/svg\/1f4b3.svg\" alt=\"\ud83d\udcb3\" \/><\/li>\n<\/ul>\n<\/div>","protected":false},"excerpt":{"rendered":"<p>Discover the very best of Antalya on this unforgettable full-day guided tour that perfectly blends history, nature, and relaxation. From ancient streets and cascading waterfalls to a scenic boat trip <\/p>","protected":false},"featured_media":15814,"comment_status":"open","ping_status":"closed","template":"","meta":[],"product_brand":[],"product_cat":[15],"product_tag":[],"class_list":{"0":"post-14138","1":"product","2":"type-product","3":"status-publish","4":"has-post-thumbnail","6":"tour_phys-tours","7":"product_cat-non-classe","8":"pa_destination-kemer","10":"first","11":"instock","12":"shipping-taxable","13":"purchasable","14":"product-type-tour_phys"},"_links":{"self":[{"href":"https:\/\/vetatourism.com\/pl\/wp-json\/wp\/v2\/product\/14138","targetHints":{"allow":["GET"]}}],"collection":[{"href":"https:\/\/vetatourism.com\/pl\/wp-json\/wp\/v2\/product"}],"about":[{"href":"https:\/\/vetatourism.com\/pl\/wp-json\/wp\/v2\/types\/product"}],"replies":[{"embeddable":true,"href":"https:\/\/vetatourism.com\/pl\/wp-json\/wp\/v2\/comments?post=14138"}],"wp:featuredmedia":[{"embeddable":true,"href":"https:\/\/vetatourism.com\/pl\/wp-json\/wp\/v2\/media\/15814"}],"wp:attachment":[{"href":"https:\/\/vetatourism.com\/pl\/wp-json\/wp\/v2\/media?parent=14138"}],"wp:term":[{"taxonomy":"product_brand","embeddable":true,"href":"https:\/\/vetatourism.com\/pl\/wp-json\/wp\/v2\/product_brand?post=14138"},{"taxonomy":"product_cat","embeddable":true,"href":"https:\/\/vetatourism.com\/pl\/wp-json\/wp\/v2\/product_cat?post=14138"},{"taxonomy":"product_tag","embeddable":true,"href":"https:\/\/vetatourism.com\/pl\/wp-json\/wp\/v2\/product_tag?post=14138"}],"curies":[{"name":"wp","href":"https:\/\/api.w.org\/{rel}","templated":true}]}}