{"id":14137,"date":"2026-02-01T07:26:10","date_gmt":"2026-02-01T07:26:10","guid":{"rendered":"https:\/\/vetatourism.com\/?post_type=product&#038;p=14137"},"modified":"2026-02-27T06:12:20","modified_gmt":"2026-02-27T06:12:20","slug":"suluada-island-sunset-boat-trip-from-antalya-with-dinner","status":"publish","type":"product","link":"https:\/\/vetatourism.com\/tours\/suluada-island-sunset-boat-trip-from-antalya-with-dinner","title":{"rendered":"Wycieczka statkiem na zach\u00f3d s\u0142o\u0144ca na wyspie \u0421\u0443\u043b\u0443\u0430\u0434\u0430 z Antalya z kolacj\u0105"},"content":{"rendered":"<p>Twoja podr\u00f3\u017c rozpocznie si\u0119 z komfortowego transferu z Antalya do Adrasan. Z \u0410\u0434\u0440\u0430\u0441\u0430\u043d\u0430 pojedziemy w \u0421\u0443\u043b\u0443\u0430\u0434\u0443, kt\u00f3ry cz\u0119sto nazywany jest \u015ar\u00f3dziemnomorskich \u041c\u0430\u043b\u044c\u0434\u0438\u0432\u0430\u043c\u0438 ze wzgl\u0119du na jej bia\u0142y piasek i turkusowe wody.<\/p>\n<p>W ci\u0105gu dnia b\u0119dziesz:<\/p>\n<ul>\n<li>P\u0142ywa\u0107 w dziewiczych zatoczek<\/li>\n<li>Ciesz si\u0119 cisz\u0105 i spokojem morza<\/li>\n<li>Ciesz si\u0119 wspania\u0142y widok na zach\u00f3d s\u0142o\u0144ca<\/li>\n<li>\"Kiedy s\u0142o\u0144ce zajdzie za turkusowe morze, cieszy\u0107 si\u0119 romantyczn\u0105 kolacj\u0105 na pok\u0142adzie w otoczeniu magicznych farb \u015br\u00f3dziemnomorskich zmierzchu\".<br \/>\nTa wycieczka jest idealnym miejscem dla mi\u0142o\u015bnik\u00f3w przyrody, par, jak i mi\u0142o\u015bnik\u00f3w fotografii.<\/li>\n<\/ul>\n<p>&nbsp;<\/p>\n<hr \/>\n<p>&nbsp;<\/p>\n<div class=\"tour-content-what-included\">\n<h4 id=\"whats-included\">Co wchodzi w zestaw<\/h4>\n<ul style=\"column-count: 2;\">\n<li>Wycieczka statkiem na zach\u00f3d s\u0142o\u0144ca, transfery z Antalya do Adrasan<\/li>\n<li>Rejs na \u0421\u0443\u043b\u0443\u0430\u0434\u0443 z przystankami na k\u0105piel w przezroczystych zatoczek<\/li>\n<li>Romantyczna kolacja serwowane na pok\u0142adzie na zachodzie s\u0142o\u0144ca<\/li>\n<li>Spokojna i koj\u0105ca atmosfera w czasie trwania wycieczki<\/li>\n<li>Trasa i czas trwania mog\u0105 si\u0119 r\u00f3\u017cni\u0107 w zale\u017cno\u015bci od morza i warunk\u00f3w pogodowych<\/li>\n<\/ul>\n<\/div>\n<p>&nbsp;<\/p>\n<hr \/>\n<p>&nbsp;<\/p>\n<div class=\"tour-content-add-information\">\n<h4>Dodatkowe informacje<\/h4>\n<ul>\n<li>To wycieczka statkiem na zach\u00f3d s\u0142o\u0144ca z busem tam i z powrotem z Antalya do Adrasan<\/li>\n<li>Przystanek do k\u0105pieli zale\u017cy od stanu morza i warunk\u00f3w pogodowych<\/li>\n<li>Kolacja serwowane na pok\u0142adzie podczas zachodu s\u0142o\u0144ca, oferuj\u0105c romantyczne i relaksuj\u0105ce do\u015bwiadczenie<\/li>\n<li>Idealny dla par, mi\u0142o\u015bnik\u00f3w przyrody i mi\u0142o\u015bnik\u00f3w fotografii<\/li>\n<li>Trasa, terminy i czas trwania mog\u0105 si\u0119 r\u00f3\u017cni\u0107 w zale\u017cno\u015bci od morza i warunk\u00f3w pogodowych<\/li>\n<\/ul>\n<p>&nbsp;<\/p>\n<hr \/>\n<p>&nbsp;<\/p>\n<div class=\"tour-content-cancell-policy\">\n<p><strong>Co zabra\u0107 ze sob\u0105<\/strong><\/p>\n<ul style=\"column-count: 2;\">\n<li>Str\u00f3j k\u0105pielowy i r\u0119cznik<img decoding=\"async\" class=\"emoji\" role=\"img\" draggable=\"false\" src=\"https:\/\/s.w.org\/images\/core\/emoji\/17.0.2\/svg\/1fa71.svg\" alt=\"\ud83e\ude71\" \/><\/li>\n<li>Okulary przeciws\u0142oneczne i krem do opalania \ud83d\udd76\ufe0f<\/li>\n<li>Pieni\u0105dze na osobiste wydatki\u00a0<img decoding=\"async\" class=\"emoji\" role=\"img\" draggable=\"false\" src=\"https:\/\/s.w.org\/images\/core\/emoji\/17.0.2\/svg\/1f4b3.svg\" alt=\"\ud83d\udcb3\" \/><\/li>\n<\/ul>\n<\/div>\n<\/div>","protected":false},"excerpt":{"rendered":"<p>Your journey begins with a comfortable transfer from Antalya to Adrasan. From Adrasan, we set sail to Suluada, often called the Maldives of the Mediterranean due to its white sands <\/p>","protected":false},"featured_media":14129,"comment_status":"open","ping_status":"closed","template":"","meta":[],"product_brand":[],"product_cat":[15],"product_tag":[],"class_list":{"0":"post-14137","1":"product","2":"type-product","3":"status-publish","4":"has-post-thumbnail","6":"tour_phys-tours","7":"product_cat-non-classe","8":"pa_destination-kemer","10":"first","11":"instock","12":"shipping-taxable","13":"purchasable","14":"product-type-tour_phys"},"_links":{"self":[{"href":"https:\/\/vetatourism.com\/pl\/wp-json\/wp\/v2\/product\/14137","targetHints":{"allow":["GET"]}}],"collection":[{"href":"https:\/\/vetatourism.com\/pl\/wp-json\/wp\/v2\/product"}],"about":[{"href":"https:\/\/vetatourism.com\/pl\/wp-json\/wp\/v2\/types\/product"}],"replies":[{"embeddable":true,"href":"https:\/\/vetatourism.com\/pl\/wp-json\/wp\/v2\/comments?post=14137"}],"wp:featuredmedia":[{"embeddable":true,"href":"https:\/\/vetatourism.com\/pl\/wp-json\/wp\/v2\/media\/14129"}],"wp:attachment":[{"href":"https:\/\/vetatourism.com\/pl\/wp-json\/wp\/v2\/media?parent=14137"}],"wp:term":[{"taxonomy":"product_brand","embeddable":true,"href":"https:\/\/vetatourism.com\/pl\/wp-json\/wp\/v2\/product_brand?post=14137"},{"taxonomy":"product_cat","embeddable":true,"href":"https:\/\/vetatourism.com\/pl\/wp-json\/wp\/v2\/product_cat?post=14137"},{"taxonomy":"product_tag","embeddable":true,"href":"https:\/\/vetatourism.com\/pl\/wp-json\/wp\/v2\/product_tag?post=14137"}],"curies":[{"name":"wp","href":"https:\/\/api.w.org\/{rel}","templated":true}]}}