{"id":14128,"date":"2026-02-01T07:19:26","date_gmt":"2026-02-01T07:19:26","guid":{"rendered":"https:\/\/vetatourism.com\/?post_type=product&#038;p=14128"},"modified":"2026-02-27T06:12:44","modified_gmt":"2026-02-27T06:12:44","slug":"kemer-suluada-island-sunset-boat-trip-tour-with-dinner","status":"publish","type":"product","link":"https:\/\/vetatourism.com\/tours\/kemer-suluada-island-sunset-boat-trip-tour-with-dinner","title":{"rendered":"Kemer: Wycieczka statkiem na zach\u00f3d s\u0142o\u0144ca na wyspie \u0421\u0443\u043b\u0443\u0430\u0434\u0430 Z Kolacj\u0105"},"content":{"rendered":"<p>Twoja podr\u00f3\u017c zaczyna si\u0119 z <strong>wygodny transport z Kemer w Adrasan<\/strong>Z \u0410\u0434\u0440\u0430\u0441\u0430\u043d\u0430 udali\u015bmy si\u0119 w <strong>\u0421\u0443\u043b\u0443\u0430\u0434\u0430<\/strong>cz\u0119sto zwany <em>\u015br\u00f3dziemnomorskie Malediwy<\/em> dzi\u0119ki swojemu bia\u0142ego piasku i turkusowej wodzie.<\/p>\n<p>W ci\u0105gu dnia b\u0119dziesz:<\/p>\n<ul>\n<li>P\u0142ywa\u0107 w dziewiczych zatoczek<\/li>\n<li>Ciesz si\u0119 cisz\u0105 i spokojem morza<\/li>\n<li>Ciesz si\u0119 wspania\u0142y widok na zach\u00f3d s\u0142o\u0144ca<\/li>\n<li>\"Kiedy s\u0142o\u0144ce zajdzie za turkusowe morze, cieszy\u0107 si\u0119 romantyczn\u0105 kolacj\u0105 na pok\u0142adzie w otoczeniu magicznych farb \u015br\u00f3dziemnomorskich zmierzchu\".<\/li>\n<li>Wycieczka ta idealnie nadaje si\u0119 do <strong>mi\u0142o\u015bnicy przyrody, par i mi\u0142o\u015bnik\u00f3w fotografii<\/strong>.<\/li>\n<\/ul>\n<div class=\"tour-content-add-information\">\n<p>&nbsp;<\/p>\n<hr \/>\n<p>&nbsp;<\/p>\n<div class=\"tour-content-what-included\">\n<h4 id=\"whats-included\">Co wchodzi w zestaw<\/h4>\n<ul style=\"column-count: 2;\">\n<li>Wycieczka statkiem na zach\u00f3d s\u0142o\u0144ca, transfer z Kemer w Adrasan<\/li>\n<li>Rejs na \u0421\u0443\u043b\u0443\u0430\u0434\u0443 z przystankami na k\u0105piel w spokojnych zatoczkach<\/li>\n<li>Romantyczna kolacja serwowane na pok\u0142adzie podczas zachodu s\u0142o\u0144ca<\/li>\n<li>Spokojna i relaksuj\u0105ca atmosfera, idealny dla par<\/li>\n<li>Trasa i czas trwania mog\u0105 si\u0119 r\u00f3\u017cni\u0107 w zale\u017cno\u015bci od morza i warunk\u00f3w pogodowych<\/li>\n<\/ul>\n<\/div>\n<p>&nbsp;<\/p>\n<\/div>\n<hr \/>\n<p>&nbsp;<\/p>\n<div class=\"tour-content-add-information\">\n<h4>Dodatkowe informacje<\/h4>\n<ul>\n<li>To morska wycieczka na zach\u00f3d s\u0142o\u0144ca z w\u0142\u0105czonym transferem z Kemer w Adrasan<\/li>\n<li>Przystanek do p\u0142ywania zale\u017cy od pogody i stanu morza<\/li>\n<li>Kolacja serwowane na pok\u0142adzie podczas zachodu s\u0142o\u0144ca, tworz\u0105c romantyczn\u0105 atmosfer\u0119<\/li>\n<li>Wycieczka idealny dla par, mi\u0142o\u015bnik\u00f3w przyrody i mi\u0142o\u015bnik\u00f3w fotografii<\/li>\n<li>Trasa i czas trwania mog\u0105 si\u0119 r\u00f3\u017cni\u0107 w zale\u017cno\u015bci od morza i warunk\u00f3w pogodowych<\/li>\n<\/ul>\n<p>&nbsp;<\/p>\n<\/div>\n<hr \/>\n<p>&nbsp;<\/p>\n<div class=\"tour-content-cancell-policy\">\n<p><strong>Co zabra\u0107 ze sob\u0105<\/strong><\/p>\n<ul style=\"column-count: 2;\">\n<li>Str\u00f3j k\u0105pielowy i r\u0119cznik<img decoding=\"async\" class=\"emoji\" role=\"img\" draggable=\"false\" src=\"https:\/\/s.w.org\/images\/core\/emoji\/17.0.2\/svg\/1fa71.svg\" alt=\"\ud83e\ude71\" \/><\/li>\n<li>Okulary przeciws\u0142oneczne i krem do opalania \ud83d\udd76\ufe0f<\/li>\n<li>Pieni\u0105dze na osobiste wydatki\u00a0<img decoding=\"async\" class=\"emoji\" role=\"img\" draggable=\"false\" src=\"https:\/\/s.w.org\/images\/core\/emoji\/17.0.2\/svg\/1f4b3.svg\" alt=\"\ud83d\udcb3\" \/><\/li>\n<\/ul>\n<\/div>","protected":false},"excerpt":{"rendered":"<p>Your journey begins with a comfortable transfer from Kemer to Adrasan. From Adrasan, we set sail to Suluada, often called the Maldives of the Mediterranean due to its white sands <\/p>","protected":false},"featured_media":14129,"comment_status":"open","ping_status":"closed","template":"","meta":[],"product_brand":[],"product_cat":[],"product_tag":[],"class_list":{"0":"post-14128","1":"product","2":"type-product","3":"status-publish","4":"has-post-thumbnail","6":"tour_phys-tours","7":"pa_destination-kemer","9":"first","10":"instock","11":"shipping-taxable","12":"purchasable","13":"product-type-tour_phys"},"_links":{"self":[{"href":"https:\/\/vetatourism.com\/pl\/wp-json\/wp\/v2\/product\/14128","targetHints":{"allow":["GET"]}}],"collection":[{"href":"https:\/\/vetatourism.com\/pl\/wp-json\/wp\/v2\/product"}],"about":[{"href":"https:\/\/vetatourism.com\/pl\/wp-json\/wp\/v2\/types\/product"}],"replies":[{"embeddable":true,"href":"https:\/\/vetatourism.com\/pl\/wp-json\/wp\/v2\/comments?post=14128"}],"wp:featuredmedia":[{"embeddable":true,"href":"https:\/\/vetatourism.com\/pl\/wp-json\/wp\/v2\/media\/14129"}],"wp:attachment":[{"href":"https:\/\/vetatourism.com\/pl\/wp-json\/wp\/v2\/media?parent=14128"}],"wp:term":[{"taxonomy":"product_brand","embeddable":true,"href":"https:\/\/vetatourism.com\/pl\/wp-json\/wp\/v2\/product_brand?post=14128"},{"taxonomy":"product_cat","embeddable":true,"href":"https:\/\/vetatourism.com\/pl\/wp-json\/wp\/v2\/product_cat?post=14128"},{"taxonomy":"product_tag","embeddable":true,"href":"https:\/\/vetatourism.com\/pl\/wp-json\/wp\/v2\/product_tag?post=14128"}],"curies":[{"name":"wp","href":"https:\/\/api.w.org\/{rel}","templated":true}]}}