{"id":14119,"date":"2026-02-01T07:14:28","date_gmt":"2026-02-01T07:14:28","guid":{"rendered":"https:\/\/vetatourism.com\/?post_type=product&#038;p=14119"},"modified":"2026-04-08T19:41:44","modified_gmt":"2026-04-08T19:41:44","slug":"olympos-teleferik-cable-car-to-tahtali-mountain-2365m-from-kemer","status":"publish","type":"product","link":"https:\/\/vetatourism.com\/tours\/olympos-teleferik-cable-car-to-tahtali-mountain-2365m-from-kemer","title":{"rendered":"Kolejka linowa Olympos Teleferik na g\u00f3r\u0119 Tahtal\u0131 (2365 m) z Kemer"},"content":{"rendered":"<p>Przygotuj si\u0119 do imponuj\u0105cego masywu przygod\u0119 ze zwiedzaniem linow\u0105 g\u00f3ry do Internetu. Po tym, jak przyjdziemy do was z hotelu, ciesz si\u0119 komfortow\u0105 jazd\u0105 w malowniczym parku narodowego \u0411\u0435\u0439\u0434\u0430\u0433\u043b\u0430\u0440\u044b. Po przybyciu na doln\u0105 stacj\u0119 kolejki linowej usi\u0105d\u017a w nowoczesny domek dla 10-12 minut wspinaczki na szczyt.<\/p>\n<p>Wspinaj\u0105c si\u0119 na wysoko\u015bci 2365 m, podziwia\u0107 zapieraj\u0105ce dech w piersiach widok na poro\u015bni\u0119te sosnami g\u00f3ry i turkusowe wybrze\u017ce na dole. Na g\u00f3rze masz oko\u0142o godziny wolnego czasu, aby cieszy\u0107 si\u0119 \u015bwie\u017cym g\u00f3rskim powietrzem, odwiedzi\u0107 punkty widokowe, robi\u0107 zdj\u0119cia, przegl\u0105da\u0107 sklepy z pami\u0105tkami lub zrelaksowa\u0107 si\u0119 w kawiarni summit caf\u00e9.<\/p>\n<p>B\u0119d\u0105c na szczycie, zjecha\u0107 kolejk\u0105 linow\u0105 i wr\u00f3\u0107 do swojego stylu, z niezapomnianymi wspomnieniami i zapieraj\u0105ce dech w piersiach zdj\u0119cia z lotu ptaka.<\/p>\n<div class=\"tour-content-what-included\"><\/div>\n<hr \/>\n<p>&nbsp;<\/p>\n<div class=\"tour-content-what-included\">\n<h4 id=\"whats-included\">Co wchodzi w zestaw<\/h4>\n<ul style=\"column-count: 2;\">\n<li>Cable car tour with hotel pickup from Kemer hotels<\/li>\n<li>Malownicza wycieczka do parku narodowego \u0411\u0435\u0439\u0434\u0430\u0433\u043b\u0430\u0440\u044b<\/li>\n<li>Oko\u0142o 10-12 minut jazdy kolejk\u0105 linow\u0105 na szczyt<\/li>\n<li>Oko\u0142o 1 godziny czasu wolnego na szczycie<\/li>\n<li>Pogoda na szczycie mo\u017ce by\u0107 ch\u0142odniej ni\u017c na poziomie morza<\/li>\n<li>Children 3-11 do have a separate seat on the transfer bus<\/li>\n<\/ul>\n<\/div>\n<p>&nbsp;<\/p>\n<hr \/>\n<p>&nbsp;<\/p>\n<div class=\"tour-content-add-information\">\n<h4>Dodatkowe informacje<\/h4>\n<ul>\n<li style=\"list-style-type: none;\">\n<ul>\n<li>Babies 0-2 are for free<\/li>\n<li>Children 3-11 are extra and will\u00a0 have a separate seat on the bus. If the bus is full.<\/li>\n<\/ul>\n<\/li>\n<\/ul>\n<p>&nbsp;<\/p>\n<\/div>\n<hr \/>\n<p>&nbsp;<\/p>\n<div class=\"tour-content-cancell-policy\">\n<p><strong>Co zabra\u0107 ze sob\u0105<\/strong><\/p>\n<ul style=\"column-count: 2;\">\n<li>Kurtka lub sweter (od g\u00f3ry mo\u017ce by\u0107 ch\u0142odniej) \ud83e\udde5<\/li>\n<li>Wygodne buty \ud83d\udc5f<\/li>\n<li>Aparat lub smartfon \ud83d\udcf1<\/li>\n<li>Okulary \ud83d\udd76\ufe0f<\/li>\n<\/ul>\n<\/div>","protected":false},"excerpt":{"rendered":"<p>Get ready for a stunning mountain adventure with the Tahtal\u0131 Mountain Cable Car Tour. After pickup from your hotel, enjoy a comfortable drive through the scenic Beyda\u011flar\u0131 National Park. Upon <\/p>","protected":false},"featured_media":14120,"comment_status":"open","ping_status":"closed","template":"","meta":[],"product_brand":[],"product_cat":[],"product_tag":[],"class_list":{"0":"post-14119","1":"product","2":"type-product","3":"status-publish","4":"has-post-thumbnail","6":"tour_phys-tours","7":"pa_destination-kemer","9":"first","10":"instock","11":"shipping-taxable","12":"purchasable","13":"product-type-tour_phys"},"_links":{"self":[{"href":"https:\/\/vetatourism.com\/pl\/wp-json\/wp\/v2\/product\/14119","targetHints":{"allow":["GET"]}}],"collection":[{"href":"https:\/\/vetatourism.com\/pl\/wp-json\/wp\/v2\/product"}],"about":[{"href":"https:\/\/vetatourism.com\/pl\/wp-json\/wp\/v2\/types\/product"}],"replies":[{"embeddable":true,"href":"https:\/\/vetatourism.com\/pl\/wp-json\/wp\/v2\/comments?post=14119"}],"wp:featuredmedia":[{"embeddable":true,"href":"https:\/\/vetatourism.com\/pl\/wp-json\/wp\/v2\/media\/14120"}],"wp:attachment":[{"href":"https:\/\/vetatourism.com\/pl\/wp-json\/wp\/v2\/media?parent=14119"}],"wp:term":[{"taxonomy":"product_brand","embeddable":true,"href":"https:\/\/vetatourism.com\/pl\/wp-json\/wp\/v2\/product_brand?post=14119"},{"taxonomy":"product_cat","embeddable":true,"href":"https:\/\/vetatourism.com\/pl\/wp-json\/wp\/v2\/product_cat?post=14119"},{"taxonomy":"product_tag","embeddable":true,"href":"https:\/\/vetatourism.com\/pl\/wp-json\/wp\/v2\/product_tag?post=14119"}],"curies":[{"name":"wp","href":"https:\/\/api.w.org\/{rel}","templated":true}]}}