{"id":14118,"date":"2026-02-01T07:08:48","date_gmt":"2026-02-01T07:08:48","guid":{"rendered":"https:\/\/vetatourism.com\/?post_type=product&#038;p=14118"},"modified":"2026-03-09T05:45:54","modified_gmt":"2026-03-09T05:45:54","slug":"kemer-olympos-teleferik-sunset-tour-with-dinner-at-2365m","status":"publish","type":"product","link":"https:\/\/vetatourism.com\/tours\/kemer-olympos-teleferik-sunset-tour-with-dinner-at-2365m","title":{"rendered":"Kemer: Wycieczka na Olimp \u0422\u0435\u043b\u0435\u0444\u0435\u0440\u0438\u043a na zach\u00f3d s\u0142o\u0144ca z kolacj\u0105 na wysoko\u015bci 2365 m"},"content":{"rendered":"<p>Odkryj magi\u0119 zachodu s\u0142o\u0144ca na wycieczki kolejk\u0105 linow\u0105 do Internetu Sunset z Kemer. Twoja podr\u00f3\u017c zaczyna si\u0119 od spotkania w hotelu i wyjazd do dolnej stacji kolejki linowej na wysoko\u015bci 726 m. Stamt\u0105d podziwia\u0107 malownicze 12-minutow\u0105 podr\u00f3\u017c po jednej z najd\u0142u\u017cszych na \u015bwiecie kolejki linowej na szczyt Tahtali wysoko\u015bci 2365 metr\u00f3w.<\/p>\n<p>Ze szczytu roztacza si\u0119 zapieraj\u0105cy dech w piersiach widok na wybrze\u017ce morza \u015ar\u00f3dziemnego i okoliczne g\u00f3ry. Gdy s\u0142o\u0144ce zaczyna siada\u0107, niebo jest pe\u0142en jasnych kolorach, tworz\u0105c prawdziwie niezapomniane chwile. Relaks na \u015bwie\u017cym g\u00f3rskim powietrzu, robi pi\u0119kne zdj\u0119cia i zanurz si\u0119 w spokojnej atmosferze.<\/p>\n<p>Zapraszamy na pyszny obiad w towarzystwie muzyki na \u017cywo w kawiarni summit. Po zachodzie s\u0142o\u0144ca i kolacji zjecha\u0107 kolejk\u0105 linow\u0105 i wr\u00f3\u0107 do swojego stylu z magicznymi wspomnieniami o tym pogodnym wieczorze nad chmury.<\/p>\n<div class=\"tour-content-what-included\"><\/div>\n<hr \/>\n<p>&nbsp;<\/p>\n<div class=\"tour-content-what-included\">\n<h4 id=\"whats-included\">Co wchodzi w zestaw<\/h4>\n<ul style=\"column-count: 2;\">\n<li>Wycieczka kolejk\u0105 linow\u0105 na zach\u00f3d s\u0142o\u0144ca z przesiadk\u0105 w hotelu z Kemer<\/li>\n<li>12-minutowa podr\u00f3\u017c kolejk\u0105 linow\u0105 na szczyt Tahtali<\/li>\n<li>Kolacja i muzyka na \u017cywo w cen\u0119 zakwaterowania wliczone w kawiarni summit<\/li>\n<li>Temperatura na szczycie mo\u017ce by\u0107 ni\u017csza, szczeg\u00f3lnie po zachodzie s\u0142o\u0144ca<\/li>\n<li>Widoczno\u015b\u0107 i czas trwania mog\u0105 si\u0119 r\u00f3\u017cni\u0107 w zale\u017cno\u015bci od warunk\u00f3w pogodowych<\/li>\n<li>Dzieci, kt\u00f3rzy chcieliby skorzysta\u0107 z transferu za darmo, nie przys\u0142uguje osobne miejsce w busem transferowym<\/li>\n<\/ul>\n<\/div>\n<p>&nbsp;<\/p>\n<hr \/>\n<p>&nbsp;<\/p>\n<div class=\"tour-content-add-information\">\n<h4>Dodatkowe informacje<\/h4>\n<ul>\n<li>Dzieciom odwiedzaj\u0105cym autobus za darmo, nie b\u0119d\u0105 mieli w\u0142asnego miejsca w autobusie. Je\u015bli autobus jest pe\u0142ny, oni musz\u0105 siedzie\u0107 na kolanach opiekuna lub osobne miejsce nale\u017cy zakupi\u0107 w momencie dokonywania rezerwacji.<\/li>\n<\/ul>\n<p>&nbsp;<\/p>\n<\/div>\n<hr \/>\n<p>&nbsp;<\/p>\n<div class=\"tour-content-cancell-policy\">\n<p><strong>Co zabra\u0107 ze sob\u0105<\/strong><\/p>\n<ul style=\"column-count: 2;\">\n<li>Lekka kurtka (w g\u00f3rnej cz\u0119\u015bci mo\u017ce by\u0107 fajne) \ud83e\udde5<\/li>\n<li>Wygodne buty \ud83d\udc5f<\/li>\n<li>Aparat lub smartfon \ud83d\udcf1<\/li>\n<\/ul>\n<\/div>","protected":false},"excerpt":{"rendered":"<p>Discover the magic of sunset on the Tahtal\u0131 Sunset Cable Car Tour from Kemer. Your journey begins with a hotel pickup and a drive to the lower cable car station <\/p>","protected":false},"featured_media":14110,"comment_status":"open","ping_status":"closed","template":"","meta":[],"product_brand":[],"product_cat":[15],"product_tag":[],"class_list":{"0":"post-14118","1":"product","2":"type-product","3":"status-publish","4":"has-post-thumbnail","6":"tour_phys-tours","7":"product_cat-non-classe","8":"pa_destination-kemer","10":"first","11":"instock","12":"shipping-taxable","13":"purchasable","14":"product-type-tour_phys"},"_links":{"self":[{"href":"https:\/\/vetatourism.com\/pl\/wp-json\/wp\/v2\/product\/14118","targetHints":{"allow":["GET"]}}],"collection":[{"href":"https:\/\/vetatourism.com\/pl\/wp-json\/wp\/v2\/product"}],"about":[{"href":"https:\/\/vetatourism.com\/pl\/wp-json\/wp\/v2\/types\/product"}],"replies":[{"embeddable":true,"href":"https:\/\/vetatourism.com\/pl\/wp-json\/wp\/v2\/comments?post=14118"}],"wp:featuredmedia":[{"embeddable":true,"href":"https:\/\/vetatourism.com\/pl\/wp-json\/wp\/v2\/media\/14110"}],"wp:attachment":[{"href":"https:\/\/vetatourism.com\/pl\/wp-json\/wp\/v2\/media?parent=14118"}],"wp:term":[{"taxonomy":"product_brand","embeddable":true,"href":"https:\/\/vetatourism.com\/pl\/wp-json\/wp\/v2\/product_brand?post=14118"},{"taxonomy":"product_cat","embeddable":true,"href":"https:\/\/vetatourism.com\/pl\/wp-json\/wp\/v2\/product_cat?post=14118"},{"taxonomy":"product_tag","embeddable":true,"href":"https:\/\/vetatourism.com\/pl\/wp-json\/wp\/v2\/product_tag?post=14118"}],"curies":[{"name":"wp","href":"https:\/\/api.w.org\/{rel}","templated":true}]}}