{"id":14090,"date":"2026-02-01T06:47:51","date_gmt":"2026-02-01T06:47:51","guid":{"rendered":"https:\/\/vetatourism.com\/?post_type=product&#038;p=14090"},"modified":"2026-03-09T05:46:14","modified_gmt":"2026-03-09T05:46:14","slug":"kemer-turkish-bath-hamam-traditional-spa-experience","status":"publish","type":"product","link":"https:\/\/vetatourism.com\/tours\/kemer-turkish-bath-hamam-traditional-spa-experience","title":{"rendered":"\u0141a\u017ania turecka \/ Parowa Kemer Hamam i Tradycyjny, Spa"},"content":{"rendered":"<p>Wycieczka zaczyna si\u0119 od <strong data-start=\"948\" data-end=\"976\">wygodny transport z hotelu<\/strong> z dowolnego miejsca w Kemer. Ciebie zabior\u0105 w tradycyjnej \u0142a\u017ani tureckiej, gdzie rozpocznie si\u0119 wasza zdrowotne podr\u00f3\u017c.<\/p>\n<p>Zacznij od tego, \u017ce sp\u0119dza\u0107 czas w <strong data-start=\"1120\" data-end=\"1129\">sauna<\/strong> i <strong data-start=\"1134\" data-end=\"1148\">\u0142a\u017ania parowa<\/strong>pomaga otworzy\u0107 pory i przygotowa\u0107 swoje cia\u0142o. Nast\u0119pnie ciesz si\u0119 <strong data-start=\"1214\" data-end=\"1248\">10-minutowy peeling do cia\u0142a (peeling)<\/strong> w celu usuni\u0119cia martwego nask\u00f3rka nast\u0119puje <strong data-start=\"1284\" data-end=\"1310\">10-minutowy piana masa\u017c<\/strong> \u2014 klasyczny rytua\u0142 \u0142a\u017ani tureckiej, kt\u00f3ry sprawia, \u017ce sk\u00f3ra jest jedwabi\u015bcie g\u0142adka.<\/p>\n<p>Dalej, a <strong data-start=\"1382\" data-end=\"1395\">ceramika maska<\/strong> stosuje si\u0119 do czyszczenia i detoksykacji sk\u00f3ry. Po zako\u0144czeniu p\u0142ukania zrelaksowa\u0107 si\u0119 w <strong data-start=\"1475\" data-end=\"1492\">basen<\/strong> lub zrelaksowa\u0107 si\u0119 przed zako\u0144czeniem procedury \u2014 a <strong data-start=\"1533\" data-end=\"1571\">20-minutowy aromaterapeutyczny masa\u017c oleju<\/strong>pozostawiaj\u0105c was w pe\u0142ni wypocz\u0119ci.<\/p>\n<p>Na koniec sesji ciesz si\u0119 ciep\u0142\u0105 <strong data-start=\"1649\" data-end=\"1664\">Turecki herbata<\/strong> przed tym, jak zostaniesz przeniesiony z powrotem do hotelu.<\/p>\n<p>Niezale\u017cnie od tego, czy zaczynasz, czy jeste\u015b sw\u00f3j urlop lub zako\u0144czy\u0107 go, to do\u015bwiadczenie to doskona\u0142y spos\u00f3b, aby zadba\u0107 zar\u00f3wno o cia\u0142o, jak i dusz\u0119.<\/p>\n<div class=\"tour-content-what-included\"><\/div>\n<hr \/>\n<p>&nbsp;<\/p>\n<div class=\"tour-content-what-included\">\n<h4 id=\"whats-included\">Co wchodzi w zestaw<\/h4>\n<ul style=\"column-count: 2;\">\n<li>Wizyta w tradycyjnej tureckiej \u0142a\u017ani tureckiej z dostaw\u0105 z hotelu w Kemer<\/li>\n<li>Ca\u0142kowita d\u0142ugo\u015b\u0107 wynosi oko\u0142o 2,5-3 godziny<\/li>\n<li>Korzystanie z sauny i \u0142a\u017ani parowej jest ograniczona w czasie wizyty<\/li>\n<li>Obejmuje peeling, piana masa\u017c, mask\u0119 na twarz i masa\u017c aromaterapeutyczny<\/li>\n<li>Idealny dla os\u00f3b p\u0142ci m\u0119skiej i \u017ce\u0144skiej; indywidualne opcje dost\u0119pne na \u017cyczenie<\/li>\n<li>Dzieci do 12 lat mog\u0105 uczestniczy\u0107 w zaj\u0119ciach pod opiek\u0105 rodzic\u00f3w<\/li>\n<\/ul>\n<\/div>\n<p>&nbsp;<\/p>\n<hr \/>\n<p>&nbsp;<\/p>\n<div class=\"tour-content-add-information\">\n<h4>Dodatkowe informacje<\/h4>\n<ul>\n<li>Czas trwania: oko\u0142o 2,5 do 3 godzin<\/li>\n<li>Korzystanie z sauny i \u0142a\u017ani parowej nie jest ograniczona w czasie<\/li>\n<li>Mile widziani go\u015bcie p\u0142ci m\u0119skiej i \u017ce\u0144skiej; indywidualne opcje dost\u0119pne na \u017cyczenie<\/li>\n<li>Dzieci do 12 lat mog\u0105 uczestniczy\u0107 w zaj\u0119ciach pod opiek\u0105 rodzic\u00f3w<\/li>\n<\/ul>\n<p>&nbsp;<\/p>\n<\/div>\n<hr \/>\n<p>&nbsp;<\/p>\n<div class=\"tour-content-cancell-policy\">\n<p><strong>Co zabra\u0107 ze sob\u0105<\/strong><\/p>\n<ul style=\"column-count: 2;\">\n<li>R\u0119cznik (mo\u017ce by\u0107 r\u00f3wnie\u017c wykonane w spa) \ud83e\uddfa<\/li>\n<li>Str\u00f3j k\u0105pielowy<img decoding=\"async\" class=\"emoji\" role=\"img\" draggable=\"false\" src=\"https:\/\/s.w.org\/images\/core\/emoji\/17.0.2\/svg\/1fa71.svg\" alt=\"\ud83e\ude71\" \/><\/li>\n<li>Klapki lub kapcie \ud83e\udd7f<\/li>\n<\/ul>\n<\/div>","protected":false},"excerpt":{"rendered":"<p>Trasa rozpoczyna si\u0119 z komfortowego transferu z hotelu w dowolny punkt Miasta. Ciebie zabior\u0105 w tradycyjnej \u0142a\u017ani tureckiej, sk\u0105d rozpocznie si\u0119 wasza zdrowotne podr\u00f3\u017c.<br \/>\nStart by spending time in <\/p>","protected":false},"featured_media":14091,"comment_status":"open","ping_status":"closed","template":"","meta":[],"product_brand":[],"product_cat":[15],"product_tag":[],"class_list":{"0":"post-14090","1":"product","2":"type-product","3":"status-publish","4":"has-post-thumbnail","6":"tour_phys-tours","7":"product_cat-non-classe","8":"pa_destination-kemer","10":"first","11":"instock","12":"shipping-taxable","13":"purchasable","14":"product-type-tour_phys"},"_links":{"self":[{"href":"https:\/\/vetatourism.com\/pl\/wp-json\/wp\/v2\/product\/14090","targetHints":{"allow":["GET"]}}],"collection":[{"href":"https:\/\/vetatourism.com\/pl\/wp-json\/wp\/v2\/product"}],"about":[{"href":"https:\/\/vetatourism.com\/pl\/wp-json\/wp\/v2\/types\/product"}],"replies":[{"embeddable":true,"href":"https:\/\/vetatourism.com\/pl\/wp-json\/wp\/v2\/comments?post=14090"}],"wp:featuredmedia":[{"embeddable":true,"href":"https:\/\/vetatourism.com\/pl\/wp-json\/wp\/v2\/media\/14091"}],"wp:attachment":[{"href":"https:\/\/vetatourism.com\/pl\/wp-json\/wp\/v2\/media?parent=14090"}],"wp:term":[{"taxonomy":"product_brand","embeddable":true,"href":"https:\/\/vetatourism.com\/pl\/wp-json\/wp\/v2\/product_brand?post=14090"},{"taxonomy":"product_cat","embeddable":true,"href":"https:\/\/vetatourism.com\/pl\/wp-json\/wp\/v2\/product_cat?post=14090"},{"taxonomy":"product_tag","embeddable":true,"href":"https:\/\/vetatourism.com\/pl\/wp-json\/wp\/v2\/product_tag?post=14090"}],"curies":[{"name":"wp","href":"https:\/\/api.w.org\/{rel}","templated":true}]}}