{"id":14064,"date":"2026-02-01T06:10:02","date_gmt":"2026-02-01T06:10:02","guid":{"rendered":"https:\/\/vetatourism.com\/?post_type=product&#038;p=14064"},"modified":"2026-03-09T05:46:31","modified_gmt":"2026-03-09T05:46:31","slug":"olympos-chimera-yanartas-night-jeep-safari-from-kemer","status":"publish","type":"product","link":"https:\/\/vetatourism.com\/tours\/olympos-chimera-yanartas-night-jeep-safari-from-kemer","title":{"rendered":"Olympos i Chimera (Yanarta\u015f Nocne safari jeepem z Kemer"},"content":{"rendered":"<p>Ratujcie si\u0119 od upa\u0142u i do\u0142\u0105cz do naszej <strong>Nocne Safari Jeepem \"Chimera\"<\/strong> z Kemer \u2014 niezapomniane wieczorne zwiedzanie, \u0142\u0105cz\u0105c w sobie natur\u0119, histori\u0119 i lokalny koloryt.<\/p>\n<p>Po spotkaniu w hotelu podziwia\u0107 malownicz\u0105 podr\u00f3\u017c jeepem do lokalnych wiosek, takich jak \u041a\u0443\u0437\u0434\u0435\u0440\u0435, Camyuva i Miejscu. Tw\u00f3j pierwszy przystanek - w spokojnej <strong>\u00c7\u0131ral\u0131 Beach<\/strong>, gdzie b\u0119dzie czas na k\u0105piel i relaks na naturalnej linii brzegowej.<\/p>\n<p>Dalej kieruj si\u0119 w <strong>Wzg\u00f3rze Chimera (Yanarta\u015f)<\/strong>\u2014 jest znany z <strong>wieczny ogie\u0144<\/strong> kt\u00f3re w naturalny spos\u00f3b \u015bwiec\u0105 si\u0119 przez ca\u0142y rok dzi\u0119ki podziemnego gazu. Po kr\u00f3tkim spacerze w g\u00f3r\u0119 nie spiesz si\u0119, aby podziwia\u0107 tym magicznym zjawiskiem ognia, zw\u0142aszcza przepi\u0119knym po zachodzie s\u0142o\u0144ca.<\/p>\n<p>Zako\u0144cz wiecz\u00f3r pyszny obiad w uroczej restauracji. <strong>riverside restaurant in Ulup\u0131nar<\/strong>. Na wyb\u00f3r gotowane na grillu ryby lub kurczaka, \u015bwie\u017ce sa\u0142atki, przek\u0105ski i owoce \u2014 wszystko to jest wliczone w cen\u0119.<\/p>\n<p>Trasa ta oferuje unikalny spos\u00f3b, aby zobaczy\u0107 ukryte pi\u0119kno regionu i jest idealny dla par, rodzin i mi\u0142o\u015bnik\u00f3w przyrody.<\/p>\n<div class=\"tour-content-what-included\">\n<h4 id=\"whats-included\"><\/h4>\n<\/div>\n<hr \/>\n<p>&nbsp;<\/p>\n<div class=\"tour-content-what-included\">\n<h4 id=\"whats-included\">Co wchodzi w zestaw<\/h4>\n<ul style=\"column-count: 2;\">\n<li>Wieczorn\u0105 wycieczk\u0119 na jeep safari z przesiadk\u0105 w hotelu z Kemer<\/li>\n<li>Podr\u00f3\u017c po malowniczej wsi i wizyta na pla\u017cy w \u00c7\u0131ral\u0131<\/li>\n<li>Kr\u00f3tki spacer w g\u00f3r\u0119, aby zobaczy\u0107 wieczny ogie\u0144 Chimery (Yanarta\u015f)<\/li>\n<li>Kolacja w restauracji na brzegu rzeki w \u0423\u043b\u0443\u043f\u0438\u043d\u0430\u0440\u0435 jest wliczone w cen\u0119<\/li>\n<li>Odpowiedni dla rodzin, par i mi\u0142o\u015bnik\u00f3w przyrody<\/li>\n<li>Trasa i czas trwania mog\u0105 r\u00f3\u017cni\u0107 si\u0119 w zale\u017cno\u015bci od pogody i warunk\u00f3w drogowych<\/li>\n<\/ul>\n<\/div>\n<p>&nbsp;<\/p>\n<hr \/>\n<p>&nbsp;<\/p>\n<div class=\"tour-content-add-information\">\n<h4>Dodatkowe informacje<\/h4>\n<ul>\n<li>To wieczorn\u0105 wycieczk\u0119 na jeep safari z przesiadk\u0105 w hotelu z Kemer<\/li>\n<li>Wycieczka obejmuje lekk\u0105 jazd\u0119 po bezdro\u017cach i kr\u00f3tki spacer w g\u00f3r\u0119, aby dosta\u0107 si\u0119 do Chimery (Yanarta\u015f).<\/li>\n<li>K\u0105piel na pla\u017cy w \u00c7\u0131ral\u0131 jest opcjonalne i zale\u017cy od pogody i stanu morza<\/li>\n<li>Kolacja jest wliczone w cen\u0119 i serwowane jest w restauracji na brzegu rzeki; wyb\u00f3r potraw odbywa si\u0119 na miejscu<\/li>\n<li>Trasa i czas trwania mog\u0105 r\u00f3\u017cni\u0107 si\u0119 w zale\u017cno\u015bci od pogody, ruchu drogowego lub warunk\u00f3w drogowych<\/li>\n<li>Nie zaleca si\u0119 dla os\u00f3b z powa\u017cnymi problemami poruszania si\u0119 ze wzgl\u0119du na nier\u00f3wnym terenie<\/li>\n<\/ul>\n<p>&nbsp;<\/p>\n<hr \/>\n<p>&nbsp;<\/p>\n<div class=\"tour-content-cancell-policy\">\n<p><strong>Co zabra\u0107 ze sob\u0105<\/strong><\/p>\n<ul style=\"column-count: 2;\">\n<li>Lekka kurtka (wieczory mog\u0105 by\u0107 ch\u0142odne) \ud83e\udde5<\/li>\n<li>Wygodne buty (do podnoszenia na wzg\u00f3rze Chimera) \ud83d\udc5f<\/li>\n<li>Str\u00f3j k\u0105pielowy i r\u0119cznik <img decoding=\"async\" class=\"emoji\" role=\"img\" draggable=\"false\" src=\"https:\/\/s.w.org\/images\/core\/emoji\/17.0.2\/svg\/1fa71.svg\" alt=\"\ud83e\ude71\" \/><\/li>\n<li>Woda i rzeczy osobiste \ud83c\udf92<\/li>\n<\/ul>\n<\/div>\n<\/div>","protected":false},"excerpt":{"rendered":"<p>\u0421\u043f\u0430\u0441\u0438\u0442\u0435\u0441\u044c od upa\u0142u i do\u0142\u0105cz do naszej nocnej jeep safari Chimera z Kemer \u2014 przewodnikowi wieczorowej wycieczka, \u0441\u043e\u0447\u0435\u0442\u0430\u044e\u0449\u0435\u043c\u0443 natur\u0119, histori\u0119 i lokalny koloryt.<br \/>\nAfter hotel pickup, enjoy a scenic <\/p>","protected":false},"featured_media":14065,"comment_status":"open","ping_status":"closed","template":"","meta":[],"product_brand":[],"product_cat":[15],"product_tag":[],"class_list":{"0":"post-14064","1":"product","2":"type-product","3":"status-publish","4":"has-post-thumbnail","6":"tour_phys-tours","7":"product_cat-non-classe","8":"pa_destination-kemer","10":"first","11":"instock","12":"shipping-taxable","13":"purchasable","14":"product-type-tour_phys"},"_links":{"self":[{"href":"https:\/\/vetatourism.com\/pl\/wp-json\/wp\/v2\/product\/14064","targetHints":{"allow":["GET"]}}],"collection":[{"href":"https:\/\/vetatourism.com\/pl\/wp-json\/wp\/v2\/product"}],"about":[{"href":"https:\/\/vetatourism.com\/pl\/wp-json\/wp\/v2\/types\/product"}],"replies":[{"embeddable":true,"href":"https:\/\/vetatourism.com\/pl\/wp-json\/wp\/v2\/comments?post=14064"}],"wp:featuredmedia":[{"embeddable":true,"href":"https:\/\/vetatourism.com\/pl\/wp-json\/wp\/v2\/media\/14065"}],"wp:attachment":[{"href":"https:\/\/vetatourism.com\/pl\/wp-json\/wp\/v2\/media?parent=14064"}],"wp:term":[{"taxonomy":"product_brand","embeddable":true,"href":"https:\/\/vetatourism.com\/pl\/wp-json\/wp\/v2\/product_brand?post=14064"},{"taxonomy":"product_cat","embeddable":true,"href":"https:\/\/vetatourism.com\/pl\/wp-json\/wp\/v2\/product_cat?post=14064"},{"taxonomy":"product_tag","embeddable":true,"href":"https:\/\/vetatourism.com\/pl\/wp-json\/wp\/v2\/product_tag?post=14064"}],"curies":[{"name":"wp","href":"https:\/\/api.w.org\/{rel}","templated":true}]}}