{"id":14050,"date":"2026-02-01T06:08:59","date_gmt":"2026-02-01T06:08:59","guid":{"rendered":"https:\/\/vetatourism.com\/?post_type=product&#038;p=14050"},"modified":"2026-03-09T05:46:40","modified_gmt":"2026-03-09T05:46:40","slug":"kemer-jeep-safari-tour-explore-taurus-mountains","status":"publish","type":"product","link":"https:\/\/vetatourism.com\/tours\/kemer-jeep-safari-tour-explore-taurus-mountains","title":{"rendered":"Jeep safari\u2013Wycieczka \u041a\u0435\u043c\u0435\u0440\u0443 - Poznaj G\u00f3ry Taurus"},"content":{"rendered":"<p>Przygotuj si\u0119 na przewodnikowi podr\u00f3\u017cy w g\u00f3ry Taurus z nasz\u0105 tras\u0105 na jeep safari w \u041a\u0435\u043c\u0435\u0440\u0443! Ten zapieraj\u0105cy dech w piersiach do\u015bwiadczenie na ca\u0142y dzie\u0144 zaczyna si\u0119 od tego, \u017ce rano zabieraj\u0105 z hotelu, i przenosi w g\u0142\u0105b natury, gdzie czeka na was masa atrakcji, krajobraz\u00f3w i przyg\u00f3d.<\/p>\n<p>Ciesz si\u0119 jazd\u0105 w terenie na zakurzony, brudny, g\u00f3rskich drogach, z przystankami na zdj\u0119cia w takich miejscach, jak kanion \u041a\u0435\u0441\u043c\u0435\u0431\u043e\u0433\u0430\u0437. Po drodze odwiedzi\u0107:<\/p>\n<p>Gigantyczny jawor<\/p>\n<p>Ruiny bizantyjskiego zamku<\/p>\n<p>Tradycyjna wioska, gdzie mo\u017cna si\u0119 spotka\u0107 z mieszka\u0144cami i poczu\u0107 go\u015bcinno\u015b\u0107 turecka<\/p>\n<p><strong>Wycieczka odbywa si\u0119 w 10-osobowych jeep Range Rover, kt\u00f3rymi zarz\u0105dzaj\u0105 profesjonalni kierowcy zapewniaj\u0105 bezpiecze\u0144stwo i emocje przez ca\u0142y dzie\u0144<\/strong>.<\/p>\n<p>Zapraszamy na pyszny obiad w restauracji na brzegu rzeki, a nast\u0119pnie od\u015bwie\u017c si\u0119, k\u0105piel w g\u00f3rskiej rzece. Dzie\u0144 zako\u0144czy si\u0119 kolejn\u0105 ekscytuj\u0105c\u0105 jazd\u0105 po bezdro\u017cach z powrotem do hotelu, pe\u0142nej wspomnie\u0144 i naturalnego pi\u0119kna.<\/p>\n<div class=\"tour-content-what-included\">\n<h4 id=\"whats-included\"><\/h4>\n<\/div>\n<hr \/>\n<p>&nbsp;<\/p>\n<div class=\"tour-content-what-included\">\n<h4 id=\"whats-included\">Co wchodzi w zestaw<\/h4>\n<ul style=\"column-count: 2;\">\n<li>Jednodniowa wycieczka na jeep safari z przesiadk\u0105 w hotelu z Kemer<\/li>\n<li>Przygody off-road w g\u00f3rach Taurus<\/li>\n<li>Wycieczka odbywa si\u0119 w 10-osobowych jeep Range Rover<\/li>\n<li>Obiad i przerwa na p\u0142ywanie s\u0105 wliczone w cen\u0119<\/li>\n<li>Idealny dla rodzin i mi\u0142o\u015bnik\u00f3w przyg\u00f3d<\/li>\n<li>Program mo\u017ce r\u00f3\u017cni\u0107 si\u0119 w zale\u017cno\u015bci od pogody i warunk\u00f3w drogowych<\/li>\n<\/ul>\n<\/div>\n<p>&nbsp;<\/p>\n<hr \/>\n<p>&nbsp;<\/p>\n<div class=\"tour-content-add-information\">\n<h4>Dodatkowe informacje<\/h4>\n<ul>\n<li>Jest to jednodniowa wycieczka na jeep safari z przesiadk\u0105 w hotelu z Kemer.<\/li>\n<li>Wycieczka odbywa si\u0119 w 10-osobowych jeep Range Rover, kt\u00f3rymi kieruj\u0105 do\u015bwiadczeni kierowcy zawodowi<\/li>\n<li>Trasa obejmuje ruch na drodze po zakurzonych i nier\u00f3wnych g\u00f3rskich drogach<\/li>\n<li>K\u0105piel w g\u00f3rskiej rzece jest opcjonalny, je\u015bli pozwala na to pogoda<\/li>\n<li>Trasa mo\u017ce ulec zmianie w zale\u017cno\u015bci od pogody, drogi lub warunk\u00f3w bezpiecze\u0144stwa<\/li>\n<li>Nie zaleca si\u0119 dla kobiet w ci\u0105\u017cy go\u015bci lub os\u00f3b z powa\u017cnymi problemami plec\u00f3w lub ruchomo\u015bci<\/li>\n<\/ul>\n<p>&nbsp;<\/p>\n<hr \/>\n<p>&nbsp;<\/p>\n<div class=\"tour-content-cancell-policy\">\n<p><strong>Co zabra\u0107 ze sob\u0105<\/strong><\/p>\n<ul style=\"column-count: 2;\">\n<li>Okulary przeciws\u0142oneczne i kapelusz od s\u0142o\u0144ca <img decoding=\"async\" class=\"emoji\" role=\"img\" draggable=\"false\" src=\"https:\/\/s.w.org\/images\/core\/emoji\/17.0.2\/svg\/1f576.svg\" alt=\"\ud83d\udd76\ufe0f\" \/><\/li>\n<li>Wygodne ubranie i buty \ud83d\udc5f<\/li>\n<li>Str\u00f3j k\u0105pielowy i r\u0119cznik <img decoding=\"async\" class=\"emoji\" role=\"img\" draggable=\"false\" src=\"https:\/\/s.w.org\/images\/core\/emoji\/17.0.2\/svg\/1fa71.svg\" alt=\"\ud83e\ude71\" \/><\/li>\n<li>Krem \ud83e\uddf4<\/li>\n<li>Woda i rzeczy osobiste \ud83c\udf92<\/li>\n<\/ul>\n<\/div>\n<\/div>","protected":false},"excerpt":{"rendered":"<p>Get ready for an unforgettable journey into the Taurus Mountains with our Kemer Jeep Safari tour! This exciting full-day experience starts with a hotel pickup in the morning and takes <\/p>","protected":false},"featured_media":14051,"comment_status":"open","ping_status":"closed","template":"","meta":[],"product_brand":[],"product_cat":[15],"product_tag":[],"class_list":{"0":"post-14050","1":"product","2":"type-product","3":"status-publish","4":"has-post-thumbnail","6":"tour_phys-tours","7":"product_cat-non-classe","8":"pa_destination-kemer","10":"first","11":"instock","12":"shipping-taxable","13":"purchasable","14":"product-type-tour_phys"},"_links":{"self":[{"href":"https:\/\/vetatourism.com\/pl\/wp-json\/wp\/v2\/product\/14050","targetHints":{"allow":["GET"]}}],"collection":[{"href":"https:\/\/vetatourism.com\/pl\/wp-json\/wp\/v2\/product"}],"about":[{"href":"https:\/\/vetatourism.com\/pl\/wp-json\/wp\/v2\/types\/product"}],"replies":[{"embeddable":true,"href":"https:\/\/vetatourism.com\/pl\/wp-json\/wp\/v2\/comments?post=14050"}],"wp:featuredmedia":[{"embeddable":true,"href":"https:\/\/vetatourism.com\/pl\/wp-json\/wp\/v2\/media\/14051"}],"wp:attachment":[{"href":"https:\/\/vetatourism.com\/pl\/wp-json\/wp\/v2\/media?parent=14050"}],"wp:term":[{"taxonomy":"product_brand","embeddable":true,"href":"https:\/\/vetatourism.com\/pl\/wp-json\/wp\/v2\/product_brand?post=14050"},{"taxonomy":"product_cat","embeddable":true,"href":"https:\/\/vetatourism.com\/pl\/wp-json\/wp\/v2\/product_cat?post=14050"},{"taxonomy":"product_tag","embeddable":true,"href":"https:\/\/vetatourism.com\/pl\/wp-json\/wp\/v2\/product_tag?post=14050"}],"curies":[{"name":"wp","href":"https:\/\/api.w.org\/{rel}","templated":true}]}}