{"id":14049,"date":"2026-02-01T05:57:52","date_gmt":"2026-02-01T05:57:52","guid":{"rendered":"https:\/\/vetatourism.com\/?post_type=product&#038;p=14049"},"modified":"2026-03-09T05:46:45","modified_gmt":"2026-03-09T05:46:45","slug":"scuba-diving-from-antalya-with-lunch","status":"publish","type":"product","link":"https:\/\/vetatourism.com\/tours\/scuba-diving-from-antalya-with-lunch","title":{"rendered":"Nurkowanie Z Antalya z obiadem"},"content":{"rendered":"<p>Twoja przygoda zaczyna si\u0119 od <strong>spotkanie w hotelu<\/strong> w Antalyi lub Kemer i transfer na przysta\u0144, gdzie czeka na ciebie \u0142odzi do nurkowania. Na pok\u0142adzie telefonu <strong>certyfikowani instruktorzy nurkowania<\/strong> przeprowadzi szczeg\u00f3\u0142owe instrukcje na temat bezpiecze\u0144stwa, u\u017cywania sprz\u0119tu i techniki nurkowania.<\/p>\n<p>Pierwsze nurkowanie odb\u0119dzie si\u0119 w <strong>\u0410\u043a\u0432\u0430\u0440\u0438\u0443\u043c\u043d\u0430\u044f Zatoka<\/strong>na g\u0142\u0119boko\u015bci oko\u0142o <strong>5 metr\u00f3w<\/strong>trwaj\u0105cy oko\u0142o <strong>20-25 minut<\/strong>Po zanurzeniu relaks na pok\u0142adzie, opala\u0107 si\u0119, pop\u0142ywa\u0107 lub pop\u0142ywa\u0107 z mask\u0105 i rurk\u0105 w spokojnych turkusowych wodach.<\/p>\n<p>Ciesz si\u0119 <strong>pyszny obiad<\/strong> \u015bwie\u017co przygotowane i serwowane na pok\u0142adzie przed odlotem do drugiego miejsca nurkowania \u2014 <strong>Kiri\u015f Bay<\/strong>To nurkowanie odbywa si\u0119 nieco g\u0142\u0119biej, \u0432\u0430\u0440\u044c\u0438\u0440\u0443\u044f\u0441\u044c mi\u0119dzy <strong>10-15 metr\u00f3w<\/strong>znowu w towarzystwie profesjonalnych instruktor\u00f3w.<\/p>\n<p>Na ca\u0142ej trasie mo\u017cna podziwia\u0107 przepi\u0119kne widoki na wybrze\u017ce i rozkoszowa\u0107 si\u0119 spokojn\u0105 atmosfer\u0119 morza \u015ar\u00f3dziemnego. To do\u015bwiadczenie jest odpowiedni nawet dla tych, kt\u00f3rzy nie potrafi\u0105 p\u0142ywa\u0107 \u2014 nurkowania odbywaj\u0105 si\u0119 pod pe\u0142nym nadzorem i kierownictwem.<\/p>\n<p>&nbsp;<\/p>\n<hr \/>\n<p>&nbsp;<\/p>\n<div class=\"tour-content-what-included\">\n<h4 id=\"whats-included\">Co wchodzi w zestaw<\/h4>\n<ul style=\"column-count: 2;\">\n<li>Jednodniowa wycieczka z nurkowaniem z p\u0142otem z hotelu w Antalyi lub Kemer<\/li>\n<li>Dwa nurkowania z przewodnikiem i certyfikowanych przez profesjonalnych instruktor\u00f3w<\/li>\n<li>Idealny dla pocz\u0105tkuj\u0105cych i do\u015bwiadczonych nurk\u00f3w<\/li>\n<li>Umiej\u0119tno\u015bci p\u0142ywania nie s\u0105 wymagane<\/li>\n<li>Ca\u0142y sprz\u0119t do nurkowania dost\u0119pne i regularnie serwisowany<\/li>\n<li>Dzieci, kt\u00f3rzy chcieliby skorzysta\u0107 z transferu za darmo, nie przys\u0142uguje osobne miejsce w busem transferowym<\/li>\n<\/ul>\n<\/div>\n<p>&nbsp;<\/p>\n<hr \/>\n<p>&nbsp;<\/p>\n<div class=\"tour-content-add-information\">\n<h4>Dodatkowe informacje<\/h4>\n<ul>\n<li>Ca\u0142y sprz\u0119t jest nowoczesny i regularnie serwisowany<\/li>\n<li>Nadaje si\u0119 dla pocz\u0105tkuj\u0105cych nurk\u00f3w, jak i do\u015bwiadczonych mi\u0142o\u015bnik\u00f3w nurkowania<\/li>\n<li>Do udzia\u0142u nie wymaga umiej\u0119tno\u015bci p\u0142ywania<\/li>\n<li>Dzieciom odwiedzaj\u0105cym autobus za darmo, nie b\u0119dzie pod\u015bwietlona w\u0142asnego miejsca w autobusie; w razie potrzeby p\u0142atne miejsce nale\u017cy rezerwowa\u0107 z wyprzedzeniem<\/li>\n<\/ul>\n<p>&nbsp;<\/p>\n<\/div>\n<hr \/>\n<p>&nbsp;<\/p>\n<div class=\"tour-content-cancell-policy\">\n<p><strong>Co zabra\u0107 ze sob\u0105<\/strong><\/p>\n<ul style=\"column-count: 2;\">\n<li>Okulary przeciws\u0142oneczne i krem do opalania \ud83d\udd76\ufe0f<\/li>\n<li>Str\u00f3j k\u0105pielowy i r\u0119cznik <img decoding=\"async\" class=\"emoji\" role=\"img\" draggable=\"false\" src=\"https:\/\/s.w.org\/images\/core\/emoji\/17.0.2\/svg\/1fa71.svg\" alt=\"\ud83e\ude71\" \/><\/li>\n<li>Pieni\u0105dze na osobiste wydatki <img decoding=\"async\" class=\"emoji\" role=\"img\" draggable=\"false\" src=\"https:\/\/s.w.org\/images\/core\/emoji\/17.0.2\/svg\/1f4b3.svg\" alt=\"\ud83d\udcb3\" \/><\/li>\n<\/ul>\n<\/div>","protected":false},"excerpt":{"rendered":"<p>Your adventure begins with a hotel pickup in Antalya or Kemer and transfer to the marina, where your diving boat awaits. Onboard, your certified dive instructors will give a detailed <\/p>","protected":false},"featured_media":14042,"comment_status":"open","ping_status":"closed","template":"","meta":[],"product_brand":[],"product_cat":[15],"product_tag":[],"class_list":{"0":"post-14049","1":"product","2":"type-product","3":"status-publish","4":"has-post-thumbnail","6":"tour_phys-tours","7":"product_cat-non-classe","8":"pa_destination-antalya","10":"first","11":"instock","12":"shipping-taxable","13":"purchasable","14":"product-type-tour_phys"},"_links":{"self":[{"href":"https:\/\/vetatourism.com\/pl\/wp-json\/wp\/v2\/product\/14049","targetHints":{"allow":["GET"]}}],"collection":[{"href":"https:\/\/vetatourism.com\/pl\/wp-json\/wp\/v2\/product"}],"about":[{"href":"https:\/\/vetatourism.com\/pl\/wp-json\/wp\/v2\/types\/product"}],"replies":[{"embeddable":true,"href":"https:\/\/vetatourism.com\/pl\/wp-json\/wp\/v2\/comments?post=14049"}],"wp:featuredmedia":[{"embeddable":true,"href":"https:\/\/vetatourism.com\/pl\/wp-json\/wp\/v2\/media\/14042"}],"wp:attachment":[{"href":"https:\/\/vetatourism.com\/pl\/wp-json\/wp\/v2\/media?parent=14049"}],"wp:term":[{"taxonomy":"product_brand","embeddable":true,"href":"https:\/\/vetatourism.com\/pl\/wp-json\/wp\/v2\/product_brand?post=14049"},{"taxonomy":"product_cat","embeddable":true,"href":"https:\/\/vetatourism.com\/pl\/wp-json\/wp\/v2\/product_cat?post=14049"},{"taxonomy":"product_tag","embeddable":true,"href":"https:\/\/vetatourism.com\/pl\/wp-json\/wp\/v2\/product_tag?post=14049"}],"curies":[{"name":"wp","href":"https:\/\/api.w.org\/{rel}","templated":true}]}}