{"id":14040,"date":"2026-02-01T05:44:20","date_gmt":"2026-02-01T05:44:20","guid":{"rendered":"https:\/\/vetatourism.com\/?post_type=product&#038;p=14040"},"modified":"2026-03-09T05:47:00","modified_gmt":"2026-03-09T05:47:00","slug":"tazi-canyon-rafting-combo-tour-from-antalya","status":"publish","type":"product","link":"https:\/\/vetatourism.com\/tours\/tazi-canyon-rafting-combo-tour-from-antalya","title":{"rendered":"Po\u0142\u0105czone Rafting-Zwiedzanie Kanionu Garnki Z Antalyi"},"content":{"rendered":"<p class=\"\" data-start=\"1139\" data-end=\"1299\">Twoja przygoda rozpoczyna si\u0119 z komfortowego <strong data-start=\"1180\" data-end=\"1196\">spotkanie w hotelu<\/strong> z Antalyi, po kt\u00f3rym nast\u0105pi\u0142 spektakularny <strong data-start=\"1233\" data-end=\"1257\">safari Jeepem po bezdro\u017cach<\/strong> wybra\u0107 si\u0119 na przeja\u017cd\u017ck\u0119 po malowniczych g\u00f3rach Taurus.<\/p>\n<p class=\"\" data-start=\"1301\" data-end=\"1569\">Najpierw dotrze\u0107 do bazy na brzegu rzeki w <strong data-start=\"1344\" data-end=\"1362\">K\u00f6pr\u00fcl\u00fc Canyon<\/strong>, gdzie b\u0119dziesz mia\u0142 okazj\u0119 <strong data-start=\"1396\" data-end=\"1433\">do\u0142\u0105cz do dodatkowego zaj\u0119cia rafting<\/strong> lub zrelaksowa\u0107 si\u0119 nad brzegiem rzeki. Je\u015bli wybierzesz rafting, do\u015bwiadczeni instruktorzy do\u0142o\u017c\u0105 sprz\u0119t i uczy\u0107 si\u0119. Do\u015bwiadczenie nie jest wymagane!<\/p>\n<p class=\"\" data-start=\"1571\" data-end=\"1999\">Nast\u0119pnie wskakujemy na <strong data-start=\"1588\" data-end=\"1603\">jeep - cabrio<\/strong> (pojazd do safari z otwartym dachem) do podr\u00f3\u017cy do kultowego <strong data-start=\"1658\" data-end=\"1673\">Taz\u0131 Canyon<\/strong>. To cud natury, znany ze swoich imponuj\u0105cych klif\u00f3w i niesamowite widoki, oferuje doskona\u0142\u0105 okazj\u0119, aby zrobi\u0107 zdj\u0119cie. Jeep zatrzymuje si\u0119 na szczycie kanionu, gdzie mo\u017cna cieszy\u0107 si\u0119 <strong data-start=\"1847\" data-end=\"1917\">czas wolny na spacery, odpoczynek i podziwia\u0107 zapieraj\u0105ce dech w piersiach panoram\u0119<\/strong>Prosz\u0119 zwr\u00f3ci\u0107 uwag\u0119, \u017ce wej\u015bcie w sam kanion jest zabroniony ze wzgl\u0119d\u00f3w bezpiecze\u0144stwa.<\/p>\n<p class=\"\" data-start=\"2001\" data-end=\"2219\">Po zwiedzeniu kanionu Garnki tour wraca do kanionu K\u00f6pr\u00fcl\u00fc dla <strong data-start=\"2072\" data-end=\"2099\">g\u0142\u00f3wnym do\u015bwiadczenie rafting<\/strong> (je\u015bli wybrano). Pokona\u0107 progi, p\u0142ywa\u0107 w ch\u0142odnych wodach i r\u00f3b przystanki po drodze, aby zrobi\u0107 zdj\u0119cie i pop\u0142ywa\u0107.<\/p>\n<p class=\"\" data-start=\"2221\" data-end=\"2349\">Wreszcie, ciesz si\u0119 <strong data-start=\"2238\" data-end=\"2257\">pyszny obiad<\/strong> nad rzek\u0105, przed wyruszeniem z powrotem do hotelu \u2014 wypocz\u0119ty, wzburzony i pe\u0142en wspomnie\u0144.<\/p>\n<p>&nbsp;<\/p>\n<hr \/>\n<p>&nbsp;<\/p>\n<div class=\"tour-content-what-included\">\n<h4 id=\"whats-included\">Co wchodzi w zestaw<\/h4>\n<ul style=\"column-count: 2;\">\n<li>Jednodniowe safari jeepem i rafting-wycieczki z przesiadk\u0105 w hotelu z Antalyi<\/li>\n<li>Do\u015bwiadczenie p\u0142ywania lub rafting nie jest wymagane<\/li>\n<li>W cen\u0119 zakwaterowania wliczono korzystanie z \u0142odzi do zaistnienia na 10 os\u00f3b; kajaki na 2 osoby s\u0105 za dodatkow\u0105 op\u0142at\u0105<\/li>\n<li>Kanion Garnki, sprawdzana jest tylko z wskazanego punktu widzenia; wst\u0119p wzbroniony<\/li>\n<li>Dodatkowy sprz\u0119t mo\u017cna kupi\u0107 na \u0440\u0430\u0444\u0442\u0438\u043d\u0433\u043e\u0432\u043e\u0439 bazie danych<\/li>\n<li>Dzieci, kt\u00f3rzy chcieliby skorzysta\u0107 z transferu za darmo, nie przys\u0142uguje osobne miejsce w busem transferowym<\/li>\n<\/ul>\n<\/div>\n<p>&nbsp;<\/p>\n<hr \/>\n<p>&nbsp;<\/p>\n<div class=\"tour-content-add-information\">\n<h4>Dodatkowe informacje<\/h4>\n<ul>\n<li>Dla raftingu nie jest wymagane do\u015bwiadczenie p\u0142ywania<\/li>\n<li>Tratwy na 10 os\u00f3b jest wliczone w koszt wycieczki<\/li>\n<li>kajaki dla 2 os\u00f3b dost\u0119pne s\u0105 za dodatkow\u0105 op\u0142at\u0105<\/li>\n<li>Mo\u017cna kupi\u0107 wodoodporne buty, paski do okular\u00f3w i wodoodporne etui do telefon\u00f3w w bazie danych<\/li>\n<li>Dzieciom odwiedzaj\u0105cym autobus za darmo, nie b\u0119dzie pod\u015bwietlona w\u0142asnego miejsca w autobusie; w razie potrzeby p\u0142atne miejsce nale\u017cy rezerwowa\u0107 z wyprzedzeniem<\/li>\n<\/ul>\n<p>&nbsp;<\/p>\n<\/div>\n<hr \/>\n<p>&nbsp;<\/p>\n<div class=\"tour-content-cancell-policy\">\n<p><strong>Co zabra\u0107 ze sob\u0105<\/strong><\/p>\n<ul style=\"column-count: 2;\">\n<li>Dodatkowe ubrania do przebrania po stopu \ud83d\udc55<\/li>\n<li>Krem do opalania i wodoodporne buty \ud83e\uddf4<\/li>\n<li>Str\u00f3j k\u0105pielowy i r\u0119cznik <img decoding=\"async\" class=\"emoji\" role=\"img\" draggable=\"false\" src=\"https:\/\/s.w.org\/images\/core\/emoji\/17.0.2\/svg\/1fa71.svg\" alt=\"\ud83e\ude71\" \/><\/li>\n<li>Got\u00f3wka do dodatkowych zakup\u00f3w\u00a0 <img decoding=\"async\" class=\"emoji\" role=\"img\" draggable=\"false\" src=\"https:\/\/s.w.org\/images\/core\/emoji\/17.0.2\/svg\/1f4b3.svg\" alt=\"\ud83d\udcb3\" \/><\/li>\n<\/ul>\n<\/div>","protected":false},"excerpt":{"rendered":"<p>Twoja przygoda rozpoczyna si\u0119 z komfortowego transferu z hotelu w Antalyi, po kt\u00f3rym nast\u0119puje wci\u0105gaj\u0105ca wyjazd na jeep safari na drodze przez malownicze g\u00f3ry Taurus.<br \/>\nYou&#8217;ll first arrive at a riverside base <\/p>","protected":false},"featured_media":14031,"comment_status":"open","ping_status":"closed","template":"","meta":[],"product_brand":[],"product_cat":[15],"product_tag":[],"class_list":{"0":"post-14040","1":"product","2":"type-product","3":"status-publish","4":"has-post-thumbnail","6":"tour_phys-tours","7":"product_cat-non-classe","8":"pa_destination-antalya","10":"first","11":"instock","12":"shipping-taxable","13":"purchasable","14":"product-type-tour_phys"},"_links":{"self":[{"href":"https:\/\/vetatourism.com\/pl\/wp-json\/wp\/v2\/product\/14040","targetHints":{"allow":["GET"]}}],"collection":[{"href":"https:\/\/vetatourism.com\/pl\/wp-json\/wp\/v2\/product"}],"about":[{"href":"https:\/\/vetatourism.com\/pl\/wp-json\/wp\/v2\/types\/product"}],"replies":[{"embeddable":true,"href":"https:\/\/vetatourism.com\/pl\/wp-json\/wp\/v2\/comments?post=14040"}],"wp:featuredmedia":[{"embeddable":true,"href":"https:\/\/vetatourism.com\/pl\/wp-json\/wp\/v2\/media\/14031"}],"wp:attachment":[{"href":"https:\/\/vetatourism.com\/pl\/wp-json\/wp\/v2\/media?parent=14040"}],"wp:term":[{"taxonomy":"product_brand","embeddable":true,"href":"https:\/\/vetatourism.com\/pl\/wp-json\/wp\/v2\/product_brand?post=14040"},{"taxonomy":"product_cat","embeddable":true,"href":"https:\/\/vetatourism.com\/pl\/wp-json\/wp\/v2\/product_cat?post=14040"},{"taxonomy":"product_tag","embeddable":true,"href":"https:\/\/vetatourism.com\/pl\/wp-json\/wp\/v2\/product_tag?post=14040"}],"curies":[{"name":"wp","href":"https:\/\/api.w.org\/{rel}","templated":true}]}}