{"id":14021,"date":"2026-02-01T05:21:24","date_gmt":"2026-02-01T05:21:24","guid":{"rendered":"https:\/\/vetatourism.com\/?post_type=product&#038;p=14021"},"modified":"2026-03-09T05:47:21","modified_gmt":"2026-03-09T05:47:21","slug":"rafting-tour-from-kemer-in-koprulu-canyon-with-lunch","status":"publish","type":"product","link":"https:\/\/vetatourism.com\/tours\/rafting-tour-from-kemer-in-koprulu-canyon-with-lunch","title":{"rendered":"Rafting-Wycieczki z Kemer za kanionu K\u00f6pr\u00fcl\u00fc z Obiadem"},"content":{"rendered":"<p>Przygotuj si\u0119 na <strong>pe\u0142ne adrenaliny przygoda na \u0440\u0430\u0444\u0442\u0438\u043d\u0433\u0435<\/strong> w samym sercu <strong>K\u00f6pr\u00fcl\u00fc Canyon<\/strong>wpisany jest na list\u0119 \u015awiatowego dziedzictwa UNESCO!<\/p>\n<p>Na 14-kilometrowym \u0440\u0430\u0444\u0442\u0438\u043d\u0433\u043e\u0432\u043e\u043c trasie jest <strong>10 ekscytuj\u0105cych prog\u00f3w<\/strong>idealnie nadaje si\u0119 zar\u00f3wno dla pocz\u0105tkuj\u0105cych, jak i dla mi\u0142o\u015bnik\u00f3w przyg\u00f3d. Mi\u0119dzy progami udaj si\u0119 w orze\u017awiaj\u0105cej k\u0105pieli w basenach spokojnych rzek, otoczonych pi\u0119knym widokiem na g\u00f3ry i bujn\u0105 przyrod\u0119.<\/p>\n<p>Tw\u00f3j dzie\u0144 zaczyna si\u0119 od <strong>spotkanie w hotelu<\/strong> i transport do obozu. Po kr\u00f3tkim instrukta\u017cu bezpiecze\u0144stwa zebra\u0107 sprz\u0119t i do\u0142\u0105cz do grupy do 10 os\u00f3b do niezapomnianej podr\u00f3\u017cy w d\u00f3\u0142 rzeki, pod okiem do\u015bwiadczonych profesjonalist\u00f3w.<\/p>\n<p>Podczas wycieczki b\u0119dziesz cieszy\u0107 si\u0119:<\/p>\n<ul>\n<li>Przerwa z dodatkowymi napojami i nale\u015bniki (za dodatkow\u0105 op\u0142at\u0105)<\/li>\n<li>Przygodowa przystanek do uprawiania \u0437\u0438\u043f\u043b\u0430\u0439\u043d\u043e\u043c i nurkowania (na \u017cyczenie, za dodatkow\u0105 op\u0142at\u0105)<\/li>\n<li>Pyszny obiad na brzegu rzeki<\/li>\n<\/ul>\n<p>Po obiedzie dalej stop do punktu mety. Masz mo\u017cliwo\u015b\u0107 <strong>zobacz film z wycieczki<\/strong>Zr\u00f3b zdj\u0119cia, a nast\u0119pnie zrelaksowa\u0107 si\u0119, podczas gdy dostarczamy ci\u0119 z powrotem do hotelu.<\/p>\n<p>To wi\u0119cej, ni\u017c wycieczka - to przygoda na ca\u0142y dzie\u0144\u2014 pe\u0142en <strong>zabawa, natura i emocje<\/strong>!<\/p>\n<div class=\"tour-content-add-information\">\n<p>&nbsp;<\/p>\n<hr \/>\n<p>&nbsp;<\/p>\n<div class=\"tour-content-what-included\">\n<h4 id=\"whats-included\">Co wchodzi w zestaw<\/h4>\n<ul style=\"column-count: 2;\">\n<li>Jednodniowy sp\u0142yw tras\u0119 z przesiadk\u0105 w hotelu<\/li>\n<li>14-kilometrowy \u0440\u0430\u0444\u0442\u0438\u043d\u0433\u043e\u0432\u044b\u0439 tras\u0119 z profesjonalnymi przewodnikami<\/li>\n<li>Idealny dla pocz\u0105tkuj\u0105cych i mi\u0142o\u015bnik\u00f3w przyg\u00f3d<\/li>\n<li>S\u0105 \u015brodki bezpiecze\u0144stwa i instrukta\u017c<\/li>\n<li>Zaj\u0119cia dodatkowe organizowane za dodatkow\u0105 op\u0142at\u0105<\/li>\n<li>Program wycieczki mo\u017ce r\u00f3\u017cni\u0107 si\u0119 w zale\u017cno\u015bci od rzeki i warunk\u00f3w pogodowych<\/li>\n<\/ul>\n<\/div>\n<p>&nbsp;<\/p>\n<\/div>\n<hr \/>\n<p>&nbsp;<\/p>\n<div class=\"tour-content-add-information\">\n<h4>Dodatkowe informacje<\/h4>\n<ul>\n<li>Jest to jednodniowy sp\u0142yw tras\u0119 z przesiadk\u0105 w hotelu.<\/li>\n<li>\u017badnego wcze\u015bniejszego do\u015bwiadczenia rafting nie jest wymagane; pe\u0142na szkolenia z zakresu bezpiecze\u0144stwa i zalecenia s\u0105 przez profesjonalnych instruktor\u00f3w<\/li>\n<li>\u0420\u0430\u0444\u0442\u0438\u043d\u0433\u043e\u0432\u044b\u0435 grupy sk\u0142adaj\u0105 si\u0119 z maksymalnie 10 uczestnik\u00f3w w \u0142odzi<\/li>\n<li>Dodatkowe us\u0142ugi, takie jak \u0437\u0438\u043f\u043b\u0430\u0439\u043d, nurkowanie, napoje, zdj\u0119cia i filmy dost\u0119pne s\u0105 za dodatkow\u0105 op\u0142at\u0105<\/li>\n<li>Wycieczka zale\u017cy od nurtu rzeki i warunk\u00f3w atmosferycznych, a w razie potrzeby program mo\u017ce by\u0107 regulowana<\/li>\n<li>Nie nadaje si\u0119 dla kobiet w ci\u0105\u017cy go\u015bci lub os\u00f3b z powa\u017cnymi chorobami<\/li>\n<\/ul>\n<p>&nbsp;<\/p>\n<\/div>\n<hr \/>\n<p>&nbsp;<\/p>\n<div class=\"tour-content-cancell-policy\">\n<p><strong>Co zabra\u0107 ze sob\u0105<\/strong><\/p>\n<ul style=\"column-count: 2;\">\n<li>Krem \ud83e\uddf4<\/li>\n<li>Wodne buty \ud83d\udc5f<\/li>\n<li>Str\u00f3j k\u0105pielowy i r\u0119cznik <img decoding=\"async\" class=\"emoji\" role=\"img\" draggable=\"false\" src=\"https:\/\/s.w.org\/images\/core\/emoji\/17.0.2\/svg\/1fa71.svg\" alt=\"\ud83e\ude71\" \/><\/li>\n<li>Zmiana odzie\u017cy \ud83d\udc5a<\/li>\n<\/ul>\n<\/div>","protected":false},"excerpt":{"rendered":"<p>Przygotuj si\u0119 do pe\u0142nego adrenaliny \u0440\u0430\u0444\u0442\u0438\u043d\u0433\u0443 w samym sercu kanionu K\u00f6pr\u00fcl\u00fc, wpisanego na list\u0119 \u015awiatowego dziedzictwa UNESCO!<br \/>\nThis 14 km rafting route features 10 thrilling rapids, perfect for beginners <\/p>","protected":false},"featured_media":14022,"comment_status":"open","ping_status":"closed","template":"","meta":[],"product_brand":[],"product_cat":[15],"product_tag":[],"class_list":{"0":"post-14021","1":"product","2":"type-product","3":"status-publish","4":"has-post-thumbnail","6":"tour_phys-tours","7":"product_cat-non-classe","8":"pa_destination-kemer","10":"first","11":"instock","12":"shipping-taxable","13":"purchasable","14":"product-type-tour_phys"},"_links":{"self":[{"href":"https:\/\/vetatourism.com\/pl\/wp-json\/wp\/v2\/product\/14021","targetHints":{"allow":["GET"]}}],"collection":[{"href":"https:\/\/vetatourism.com\/pl\/wp-json\/wp\/v2\/product"}],"about":[{"href":"https:\/\/vetatourism.com\/pl\/wp-json\/wp\/v2\/types\/product"}],"replies":[{"embeddable":true,"href":"https:\/\/vetatourism.com\/pl\/wp-json\/wp\/v2\/comments?post=14021"}],"wp:featuredmedia":[{"embeddable":true,"href":"https:\/\/vetatourism.com\/pl\/wp-json\/wp\/v2\/media\/14022"}],"wp:attachment":[{"href":"https:\/\/vetatourism.com\/pl\/wp-json\/wp\/v2\/media?parent=14021"}],"wp:term":[{"taxonomy":"product_brand","embeddable":true,"href":"https:\/\/vetatourism.com\/pl\/wp-json\/wp\/v2\/product_brand?post=14021"},{"taxonomy":"product_cat","embeddable":true,"href":"https:\/\/vetatourism.com\/pl\/wp-json\/wp\/v2\/product_cat?post=14021"},{"taxonomy":"product_tag","embeddable":true,"href":"https:\/\/vetatourism.com\/pl\/wp-json\/wp\/v2\/product_tag?post=14021"}],"curies":[{"name":"wp","href":"https:\/\/api.w.org\/{rel}","templated":true}]}}