{"id":14006,"date":"2026-01-31T17:28:26","date_gmt":"2026-01-31T17:28:26","guid":{"rendered":"https:\/\/vetatourism.com\/?post_type=product&#038;p=14006"},"modified":"2026-03-09T05:47:34","modified_gmt":"2026-03-09T05:47:34","slug":"pamukkale-hot-air-balloon-tour-from-kemer","status":"publish","type":"product","link":"https:\/\/vetatourism.com\/tours\/pamukkale-hot-air-balloon-tour-from-kemer","title":{"rendered":"Wycieczka balonem w Pamukkale Z Kemer"},"content":{"rendered":"<p>Zacznij sw\u00f3j dzie\u0144 wcze\u015bniej z wygodnym, 3,5-godzinnej podr\u00f3\u017cy samochodem z klimatyzacj\u0105 z Antalya do Pamukkale. Po przyje\u017adzie przygotuj si\u0119 do lotu balonem o \u015bwicie, z kt\u00f3rego roztacza si\u0119 zapieraj\u0105cy dech w piersiach widok na odkrycia z trawertynu tarasy i staro\u017cytne ruiny z lotu ptaka.<\/p>\n<p>Wzi\u0105\u0107 si\u0119 w przestworza z do\u015bwiadczonymi pilotami na wsch\u00f3d s\u0142o\u0144ca, zabarwiaj\u0105c krajobraz w z\u0142ote odcienie. Ten spokojny, ale radosny lot stanowi idealne po\u0142\u0105czenie przygody i spokoju.<\/p>\n<p>Po wyl\u0105dowaniu ciesz si\u0119 tradycyjne \u015bwi\u0119to z szampanem i zdob\u0105d\u017a certyfikat osobisty na lot.<\/p>\n<p>Was troch\u0119 nasyci smaczne \u015bniadanie, a nast\u0119pnie zwiedzanie s\u0142ynnych \u0442\u0440\u0430\u0432\u0435\u0440\u0442\u0438\u043d\u044b Pamukkale i staro\u017cytne miasto \u0418\u0435\u0440\u0430\u043f\u043e\u043b\u0438\u0441. Podziwiam go dobrze zachowanym amfiteatrem, parowe, kr\u00f3lewskich i wielu innych. Masz tak\u017ce okazj\u0119 odwiedzi\u0107 basen Kleopatry (wej\u015bcie nie jest w\u0142\u0105czony).<\/p>\n<p>Uko\u0144cz tras\u0119 relaksuj\u0105cy obiad przed powrotem w sw\u00f3j hotel w Antalya.<\/p>\n<p>&nbsp;<\/p>\n<hr \/>\n<p>&nbsp;<\/p>\n<div class=\"tour-content-what-included\">\n<h4 id=\"whats-included\">Co wchodzi w zestaw<\/h4>\n<ul style=\"column-count: 2;\">\n<li>Lot balonem o \u015bwicie nad Pamukkale z przesiadk\u0105 w hotelu z Antalyi<\/li>\n<li>Nie nadaje si\u0119 do umieszczenia dzieci w wieku poni\u017cej 7 lat lub kobiet w ci\u0105\u017cy go\u015bci<\/li>\n<li>Loty balonem zale\u017c\u0105 od warunk\u00f3w pogodowych; anulowane loty podlegaj\u0105 zwrotowi<\/li>\n<li>\u015aniadanie, obiad i przyj\u0119cie z szampanem s\u0105 wliczone w cen\u0119<\/li>\n<li>Zwiedzanie Pamukkale i \u0418\u0435\u0440\u0430\u043f\u043e\u043b\u0438\u0441\u0430 wliczone w cen\u0119 zakwaterowania; korzystanie z basenu Kleopatry mo\u017cliwe jest na \u017cyczenie i za dodatkow\u0105 op\u0142at\u0105<\/li>\n<li>Czas dostawy mo\u017ce r\u00f3\u017cni\u0107 si\u0119 w zale\u017cno\u015bci od wschodu s\u0142o\u0144ca i warunk\u00f3w atmosferycznych<\/li>\n<\/ul>\n<\/div>\n<p>&nbsp;<\/p>\n<hr \/>\n<p>&nbsp;<\/p>\n<div class=\"tour-content-add-information\">\n<h4>Dodatkowe informacje<\/h4>\n<ul>\n<li>Nie nadaje si\u0119 dla dzieci poni\u017cej 7 roku \u017cycia lub kobiet w ci\u0105\u017cy<\/li>\n<li>Loty balonem mog\u0105 by\u0107 odwo\u0142ane ze wzgl\u0119du na warunki pogodowe; w takim przypadku cena lotu b\u0119dzie zwr\u00f3cona<\/li>\n<li>Podczas pobytu b\u0119d\u0105 kr\u00f3tkie przerwy na zwiedzanie sklep\u00f3w i toalet<\/li>\n<li>Czas dostawy mo\u017ce r\u00f3\u017cni\u0107 si\u0119 w zale\u017cno\u015bci od wschodu s\u0142o\u0144ca<\/li>\n<li>Go\u015bcie, kt\u00f3rzy rezygnuj\u0105 z wizyty w Pamukkale i \u0418\u0435\u0440\u0430\u043f\u043e\u043b\u0438\u0441\u0430, mog\u0105 sp\u0119dzi\u0107 wolny czas<\/li>\n<\/ul>\n<p>&nbsp;<\/p>\n<\/div>\n<hr \/>\n<p>&nbsp;<\/p>\n<div class=\"tour-content-cancell-policy\">\n<p><strong>Co zabra\u0107 ze sob\u0105<\/strong><\/p>\n<ul style=\"column-count: 2;\">\n<li>Okulary<img decoding=\"async\" class=\"emoji\" role=\"img\" draggable=\"false\" src=\"https:\/\/s.w.org\/images\/core\/emoji\/17.0.2\/svg\/1f576.svg\" alt=\"\ud83d\udd76\ufe0f\" \/><\/li>\n<li>Kapelusz<img decoding=\"async\" class=\"emoji\" role=\"img\" draggable=\"false\" src=\"https:\/\/s.w.org\/images\/core\/emoji\/17.0.2\/svg\/1f9e2.svg\" alt=\"\ud83e\udde2\" \/><\/li>\n<li>Str\u00f3j k\u0105pielowy i r\u0119cznik <img decoding=\"async\" class=\"emoji\" role=\"img\" draggable=\"false\" src=\"https:\/\/s.w.org\/images\/core\/emoji\/17.0.2\/svg\/1fa71.svg\" alt=\"\ud83e\ude71\" \/><\/li>\n<li>Wygodna, sportowa odzie\u017c i buty do biegania \ud83d\udc5f<\/li>\n<li>Pieni\u0105dze na osobiste wydatki <img decoding=\"async\" class=\"emoji\" role=\"img\" draggable=\"false\" src=\"https:\/\/s.w.org\/images\/core\/emoji\/17.0.2\/svg\/1f4b3.svg\" alt=\"\ud83d\udcb3\" \/><\/li>\n<\/ul>\n<\/div>","protected":false},"excerpt":{"rendered":"<p>Start your day early with a comfortable 3.5-hour air-conditioned drive from Antalya to Pamukkale. Upon arrival, get ready for a sunrise hot air balloon flight that offers spectacular aerial views <\/p>","protected":false},"featured_media":14007,"comment_status":"open","ping_status":"closed","template":"","meta":[],"product_brand":[],"product_cat":[15],"product_tag":[],"class_list":{"0":"post-14006","1":"product","2":"type-product","3":"status-publish","4":"has-post-thumbnail","6":"tour_phys-tours","7":"product_cat-non-classe","8":"pa_destination-kemer","10":"first","11":"instock","12":"shipping-taxable","13":"purchasable","14":"product-type-tour_phys"},"_links":{"self":[{"href":"https:\/\/vetatourism.com\/pl\/wp-json\/wp\/v2\/product\/14006","targetHints":{"allow":["GET"]}}],"collection":[{"href":"https:\/\/vetatourism.com\/pl\/wp-json\/wp\/v2\/product"}],"about":[{"href":"https:\/\/vetatourism.com\/pl\/wp-json\/wp\/v2\/types\/product"}],"replies":[{"embeddable":true,"href":"https:\/\/vetatourism.com\/pl\/wp-json\/wp\/v2\/comments?post=14006"}],"wp:featuredmedia":[{"embeddable":true,"href":"https:\/\/vetatourism.com\/pl\/wp-json\/wp\/v2\/media\/14007"}],"wp:attachment":[{"href":"https:\/\/vetatourism.com\/pl\/wp-json\/wp\/v2\/media?parent=14006"}],"wp:term":[{"taxonomy":"product_brand","embeddable":true,"href":"https:\/\/vetatourism.com\/pl\/wp-json\/wp\/v2\/product_brand?post=14006"},{"taxonomy":"product_cat","embeddable":true,"href":"https:\/\/vetatourism.com\/pl\/wp-json\/wp\/v2\/product_cat?post=14006"},{"taxonomy":"product_tag","embeddable":true,"href":"https:\/\/vetatourism.com\/pl\/wp-json\/wp\/v2\/product_tag?post=14006"}],"curies":[{"name":"wp","href":"https:\/\/api.w.org\/{rel}","templated":true}]}}