{"id":13994,"date":"2026-01-31T16:01:07","date_gmt":"2026-01-31T16:01:07","guid":{"rendered":"https:\/\/vetatourism.com\/?post_type=product&#038;p=13994"},"modified":"2026-02-26T08:08:15","modified_gmt":"2026-02-26T08:08:15","slug":"pamukkale-hierapolis-tour-from-kemer","status":"publish","type":"product","link":"https:\/\/vetatourism.com\/tours\/pamukkale-hierapolis-tour-from-kemer","title":{"rendered":"Zwiedzanie Pamukkale i \u0418\u0435\u0440\u0430\u043f\u043e\u043b\u0438\u0441\u0443 z Kemer"},"content":{"rendered":"<p>Zacznij sw\u00f3j dzie\u0144 z komfortowego transferu z hotelu w Antalya. Podr\u00f3\u017c po malowniczych krajobraz\u00f3w, zanim osi\u0105gni\u0119cia w \u015bwiatowej s\u0142awy Pamukkale, znany r\u00f3wnie\u017c jako \"Bawe\u0142niany zamek\".<\/p>\n<p>Przed wizyt\u0105 zr\u00f3b sobie przerw\u0119 na lunch, aby odzyska\u0107 si\u0142y. Nast\u0119pnie podziwia\u0107 surrealistycznych tarasami z bia\u0142ego trawertynu, wykszta\u0142conych, bogatych w minera\u0142y w\u00f3d termalnych, \u0441\u0442\u0435\u043a\u0430\u044e\u0449\u0438\u043c\u0438 ze ska\u0142.<\/p>\n<p>Poznaj staro\u017cytne miasto <strong>\u0418\u0435\u0440\u0430\u043f\u043e\u043b\u0438\u0441<\/strong>, to opis generowany jako uzdrowisko termalne w 2 wieku pne. Wybierz si\u0119 na spacer w\u015br\u00f3d dobrze zachowanych ruin, takich jak <strong>Teatr rzymski<\/strong>, <strong>\u015awi\u0105tynia Apolla<\/strong>, <strong>\u0141a\u017anie rzymskie<\/strong>, <strong>fontanny<\/strong>i ten <strong>agora<\/strong>Tw\u00f3j profesjonalny przewodnik podzieli si\u0119 ekscytuj\u0105ce opowie\u015bci o historii tego miejsca i jego kulturowe znaczenie.<\/p>\n<p>Po wycieczki b\u0119dzie czas wolny na relaks lub pop\u0142ywa\u0107 w basenach termalnych. Za dodatkow\u0105 op\u0142at\u0105 mo\u017cna odwiedzi\u0107 s\u0142ynne <strong>Basen Kleopatry<\/strong>, gdzie, wed\u0142ug legendy, kiedy\u015b p\u0142ywa\u0142am sama kr\u00f3lowa.<\/p>\n<p>&nbsp;<\/p>\n<hr \/>\n<p>&nbsp;<\/p>\n<div class=\"tour-content-what-included\">\n<h4 id=\"whats-included\">Co wchodzi w zestaw<\/h4>\n<ul style=\"column-count: 2;\">\n<li>Jednodniowa wycieczka z przewodnikiem z przesiadk\u0105 w hotelu z Antalyi<\/li>\n<li>Wizyta \u0442\u0440\u0430\u0432\u0435\u0440\u0442\u0438\u043d\u043e\u0432 Pamukkale i staro\u017cytnego miasta \u0418\u0435\u0440\u0430\u043f\u043e\u043b\u0438\u0441<\/li>\n<li>Obiad wliczone w cen\u0119 przed rozpocz\u0119ciem programu wycieczki<\/li>\n<li>Dost\u0119pny czas wolny na odpoczynek i k\u0105piel<\/li>\n<li>Basen Kleopatry mo\u017cna korzysta\u0107 na \u017cyczenie i za dodatkow\u0105 op\u0142at\u0105<\/li>\n<li>Trasa mo\u017ce r\u00f3\u017cni\u0107 si\u0119 w zale\u017cno\u015bci od pogody i warunk\u00f3w terenowych<\/li>\n<\/ul>\n<\/div>\n<p>&nbsp;<\/p>\n<hr \/>\n<p>&nbsp;<\/p>\n<div class=\"tour-content-add-information\">\n<h4>Dodatkowe informacje<\/h4>\n<ul>\n<li>To wycieczka z przewodnikiem na ca\u0142y dzie\u0144 z przesiadk\u0105 w hotelu z Antalyi.<\/li>\n<li>Czas dostawy zale\u017cy od lokalizacji hotelu i zostanie potwierdzona po dokonaniu rezerwacji<\/li>\n<li>K\u0105piel w basenach termalnych jest opcjonalne; Basenem Kleopatry mo\u017cna korzysta\u0107 za dodatkow\u0105 op\u0142at\u0105, p\u0142atnej na miejscu<\/li>\n<li>Przechadzaj\u0105c si\u0119 po tarasach, wy\u0142o\u017con\u0105 trawertynem, go\u015bcie musz\u0105 zdj\u0105\u0107 buty<\/li>\n<li>Trasa mo\u017ce ulec zmianie w zale\u017cno\u015bci od warunk\u00f3w pogodowych lub regulaminu imprezy<\/li>\n<li>Nie zaleca si\u0119 dla os\u00f3b z powa\u017cnymi zaburzeniami ruchomo\u015bci z powodu jazdy po nier\u00f3wnych powierzchniach<\/li>\n<\/ul>\n<p>&nbsp;<\/p>\n<hr \/>\n<p>&nbsp;<\/p>\n<div class=\"tour-content-cancell-policy\">\n<p><strong>Co zabra\u0107 ze sob\u0105<\/strong><\/p>\n<ul style=\"column-count: 2;\">\n<li>Paszport lub dow\u00f3d osobisty \ud83c\udd94<\/li>\n<li>Wygodne buty do chodzenia \ud83d\udc5f<\/li>\n<li>Okulary przeciws\u0142oneczne i kapelusz od s\u0142o\u0144ca \ud83d\udd76\ufe0f<\/li>\n<li>Str\u00f3j k\u0105pielowy i r\u0119cznik (dla tych, kt\u00f3rzy chc\u0105 pop\u0142ywa\u0107) \ud83e\ude71<\/li>\n<\/ul>\n<\/div>\n<\/div>","protected":false},"excerpt":{"rendered":"<p>Zacznij sw\u00f3j dzie\u0144 z komfortowego transferu z hotelu w Antalya. Podr\u00f3\u017c po malowniczych krajobraz\u00f3w, zanim osi\u0105gni\u0119cia w \u015bwiatowej s\u0142awy Pamukkale, znany r\u00f3wnie\u017c jako \"Bawe\u0142niany zamek\".<br \/>\nBefore your <\/p>","protected":false},"featured_media":13995,"comment_status":"open","ping_status":"closed","template":"","meta":[],"product_brand":[],"product_cat":[],"product_tag":[],"class_list":{"0":"post-13994","1":"product","2":"type-product","3":"status-publish","4":"has-post-thumbnail","6":"tour_phys-tours","7":"pa_destination-kemer","9":"first","10":"instock","11":"shipping-taxable","12":"purchasable","13":"product-type-tour_phys"},"_links":{"self":[{"href":"https:\/\/vetatourism.com\/pl\/wp-json\/wp\/v2\/product\/13994","targetHints":{"allow":["GET"]}}],"collection":[{"href":"https:\/\/vetatourism.com\/pl\/wp-json\/wp\/v2\/product"}],"about":[{"href":"https:\/\/vetatourism.com\/pl\/wp-json\/wp\/v2\/types\/product"}],"replies":[{"embeddable":true,"href":"https:\/\/vetatourism.com\/pl\/wp-json\/wp\/v2\/comments?post=13994"}],"wp:featuredmedia":[{"embeddable":true,"href":"https:\/\/vetatourism.com\/pl\/wp-json\/wp\/v2\/media\/13995"}],"wp:attachment":[{"href":"https:\/\/vetatourism.com\/pl\/wp-json\/wp\/v2\/media?parent=13994"}],"wp:term":[{"taxonomy":"product_brand","embeddable":true,"href":"https:\/\/vetatourism.com\/pl\/wp-json\/wp\/v2\/product_brand?post=13994"},{"taxonomy":"product_cat","embeddable":true,"href":"https:\/\/vetatourism.com\/pl\/wp-json\/wp\/v2\/product_cat?post=13994"},{"taxonomy":"product_tag","embeddable":true,"href":"https:\/\/vetatourism.com\/pl\/wp-json\/wp\/v2\/product_tag?post=13994"}],"curies":[{"name":"wp","href":"https:\/\/api.w.org\/{rel}","templated":true}]}}