{"id":13993,"date":"2026-01-31T15:58:36","date_gmt":"2026-01-31T15:58:36","guid":{"rendered":"https:\/\/vetatourism.com\/?post_type=product&#038;p=13993"},"modified":"2026-03-09T05:47:52","modified_gmt":"2026-03-09T05:47:52","slug":"demre-myra-kekova-tour-from-antalya-st-nicholas-church","status":"publish","type":"product","link":"https:\/\/vetatourism.com\/tours\/demre-myra-kekova-tour-from-antalya-st-nicholas-church","title":{"rendered":"Wycieczka Demre \u015awiata, Kekova Z Antalya i ko\u015bci\u00f3\u0142 \u015aw."},"content":{"rendered":"<p>Rozpocznij swoj\u0105 podr\u00f3\u017c z komfortowego transferu z hotelu w Antalyi lub Kemer. Przejecha\u0107 przez malownicze nadmorskie drogach w staro\u017cytnym region \u041b\u0438\u043a\u0438\u044f.<\/p>\n<p>Tw\u00f3j pierwszy przystanek - to <strong>Myra<\/strong>staro\u017cytne lycian miasto, gdzie mo\u017cna odwiedzi\u0107 imponuj\u0105ce <strong>wykute w skale grobowce<\/strong> i resztki jakiego\u015b <strong>Grecko-rzymski teatr<\/strong>.<\/p>\n<p>Dalej kieruj si\u0119 w <strong>Demre<\/strong> aby odwiedzi\u0107 <strong>Ko\u015bci\u00f3\u0142 \u015awi\u0119tego Miko\u0142aja<\/strong>zbudowany nad miejscem poch\u00f3wku \u015bwi\u0119tego 4 wieku, kt\u00f3ry zainspirowa\u0142 do tworzenia legendy o Santa \u041a\u043b\u0430\u0443\u0441\u0435.<\/p>\n<p>Po tym, jak si\u0119 podoba\u0142o <strong>pyszne lokalne obiad<\/strong>na pok\u0142ad a <strong>jacht ze szklanym dnem<\/strong> w porcie \u0427\u0430\u044f\u0433\u0437\u044b i wybra\u0107 si\u0119 na rejs w kierunku <strong>Wyspa Kekova<\/strong>Podziwia\u0107 tajemniczymi ruinami <strong>zatopionego miasta<\/strong>cz\u0119\u015bciowo zalane po staro\u017cytnego trz\u0119sienia ziemi.<\/p>\n<p>Sp\u00f3jrz na podwodne szcz\u0105tki przez szklane okna jachty i znajd\u017a <strong>Zamek \u0421\u0438\u043c\u0435\u043d\u0430<\/strong> na szczycie wzg\u00f3rza. Przed powrotem cieszy\u0107 si\u0119 orze\u017awiaj\u0105cym <strong>przerwa na p\u0142ywanie<\/strong> w pi\u0119knych wodach morza \u015ar\u00f3dziemnego.<\/p>\n<p>W ko\u0144cu zrelaksowa\u0107 si\u0119 w drodze powrotnej do hotelu, pe\u0142en niezapomnianych wspomnie\u0144 o bogatej historii Turcji.<\/p>\n<p>&nbsp;<\/p>\n<hr \/>\n<p>&nbsp;<\/p>\n<div class=\"tour-content-what-included\">\n<h4 id=\"whats-included\">Co wchodzi w zestaw<\/h4>\n<ul style=\"column-count: 2;\">\n<li>Jednodniowa kulturalne zwiedzanie z przesiadk\u0105 w hotelu z Antalyi lub Kemer<\/li>\n<li>Zwiedzanie Staro\u017cytnego miasta \u015awiata, Demre i regionu Kekova<\/li>\n<li>Rejs \u0142odzi\u0105 ze szklanym dnem, aby zobaczy\u0107 zatopionego miasta Kekova<\/li>\n<li>Obiad i przerwa na p\u0142ywanie s\u0105 zawarte w programie<\/li>\n<li>Trasa mo\u017ce r\u00f3\u017cni\u0107 si\u0119 w zale\u017cno\u015bci od pogody i stanu morza<\/li>\n<\/ul>\n<\/div>\n<p>&nbsp;<\/p>\n<hr \/>\n<p>&nbsp;<\/p>\n<div class=\"tour-content-add-information\">\n<h4>Dodatkowe informacje<\/h4>\n<ul>\n<li>To wycieczka z przewodnikiem na ca\u0142y dzie\u0144 z przesiadk\u0105 w hotelu w Antalyi lub Kemer.<\/li>\n<li>Czas dostawy zale\u017cy od lokalizacji hotelu i zostanie potwierdzona po dokonaniu rezerwacji<\/li>\n<li>Bilety wst\u0119pu do Staro\u017cytnego miasta \u015awiata i ko\u015bci\u00f3\u0142 \u015awi\u0119tego Miko\u0142aja mog\u0105 by\u0107 wyp\u0142acane na miejscu, w zale\u017cno\u015bci od wybranego pakietu us\u0142ug<\/li>\n<li>Rejs \u0142odzi\u0105 ze szklanym dnem pozwala przegl\u0105da\u0107 zatopionego miasta bez p\u0142ywania; p\u0142ywanie opcjonalnie podczas przerwy<\/li>\n<li>Trasa mo\u017ce ulec zmianie w zale\u017cno\u015bci od pogody, stanu morza lub lokalnych przepis\u00f3w<\/li>\n<li>Nie zalecane dla os\u00f3b niepe\u0142nosprawnych z powodu zwiedzania historycznych miejsc<\/li>\n<\/ul>\n<p>&nbsp;<\/p>\n<hr \/>\n<p>&nbsp;<\/p>\n<div class=\"tour-content-cancell-policy\">\n<p><strong>Co zabra\u0107 ze sob\u0105<\/strong><\/p>\n<ul style=\"column-count: 2;\">\n<li>Wygodne buty do chodzenia \ud83d\udc5f<\/li>\n<li>Okulary przeciws\u0142oneczne i krem do opalania \ud83e\uddf4<\/li>\n<li>Str\u00f3j k\u0105pielowy i r\u0119cznik <img decoding=\"async\" class=\"emoji\" role=\"img\" draggable=\"false\" src=\"https:\/\/s.w.org\/images\/core\/emoji\/17.0.2\/svg\/1fa71.svg\" alt=\"\ud83e\ude71\" \/><\/li>\n<li>Pieni\u0105dze na osobiste wydatki <img decoding=\"async\" class=\"emoji\" role=\"img\" draggable=\"false\" src=\"https:\/\/s.w.org\/images\/core\/emoji\/17.0.2\/svg\/1f4b3.svg\" alt=\"\ud83d\udcb3\" \/><\/li>\n<\/ul>\n<\/div>\n<\/div>","protected":false},"excerpt":{"rendered":"<p>Rozpocznij swoj\u0105 podr\u00f3\u017c z komfortowego transferu z hotelu w Antalyi lub Kemer. Przejecha\u0107 przez malownicze nadmorskie drogach w staro\u017cytnym region \u041b\u0438\u043a\u0438\u044f.<br \/>\nYour first stop is Myra, <\/p>","protected":false},"featured_media":13985,"comment_status":"open","ping_status":"closed","template":"","meta":[],"product_brand":[],"product_cat":[15],"product_tag":[],"class_list":{"0":"post-13993","1":"product","2":"type-product","3":"status-publish","4":"has-post-thumbnail","6":"tour_phys-tours","7":"product_cat-non-classe","8":"pa_destination-antalya","10":"first","11":"instock","12":"shipping-taxable","13":"purchasable","14":"product-type-tour_phys"},"_links":{"self":[{"href":"https:\/\/vetatourism.com\/pl\/wp-json\/wp\/v2\/product\/13993","targetHints":{"allow":["GET"]}}],"collection":[{"href":"https:\/\/vetatourism.com\/pl\/wp-json\/wp\/v2\/product"}],"about":[{"href":"https:\/\/vetatourism.com\/pl\/wp-json\/wp\/v2\/types\/product"}],"replies":[{"embeddable":true,"href":"https:\/\/vetatourism.com\/pl\/wp-json\/wp\/v2\/comments?post=13993"}],"wp:featuredmedia":[{"embeddable":true,"href":"https:\/\/vetatourism.com\/pl\/wp-json\/wp\/v2\/media\/13985"}],"wp:attachment":[{"href":"https:\/\/vetatourism.com\/pl\/wp-json\/wp\/v2\/media?parent=13993"}],"wp:term":[{"taxonomy":"product_brand","embeddable":true,"href":"https:\/\/vetatourism.com\/pl\/wp-json\/wp\/v2\/product_brand?post=13993"},{"taxonomy":"product_cat","embeddable":true,"href":"https:\/\/vetatourism.com\/pl\/wp-json\/wp\/v2\/product_cat?post=13993"},{"taxonomy":"product_tag","embeddable":true,"href":"https:\/\/vetatourism.com\/pl\/wp-json\/wp\/v2\/product_tag?post=13993"}],"curies":[{"name":"wp","href":"https:\/\/api.w.org\/{rel}","templated":true}]}}