{"id":13981,"date":"2026-01-30T12:56:23","date_gmt":"2026-01-30T12:56:23","guid":{"rendered":"https:\/\/vetatourism.com\/?post_type=product&#038;p=13981"},"modified":"2026-03-09T05:48:04","modified_gmt":"2026-03-09T05:48:04","slug":"relax-vip-yacht-tour-from-antalya-small-group","status":"publish","type":"product","link":"https:\/\/vetatourism.com\/tours\/relax-vip-yacht-tour-from-antalya-small-group","title":{"rendered":"Relaks VIP-Tour Na Jachcie Z Antalyi - Ma\u0142a Grupa"},"content":{"rendered":"<p>Gdy odwiedzaj\u0105 Kemer, Antalya, was spotyka dominuje po\u0142\u0105czenie pla\u017c, klub\u00f3w nocnych i nieko\u0144cz\u0105cej si\u0119 rozrywki. Ale czasami wszystko, czego potrzebujesz, to chwil\u0119 spokoju. VIP-tour na jachcie Relax - to tw\u00f3j idealny odpoczynek od ha\u0142asu i zgie\u0142ku.<\/p>\n<p>Wchodzi\u0107 na pok\u0142adzie komfortowej \u0142odzi, stworzonej dla spokoju i luksusu. Tu nie ma g\u0142o\u015bnej muzyki i niekontrolowanej t\u0142umu, b\u0119dziesz cieszy\u0107 si\u0119 ka\u017cd\u0105 chwil\u0105 \u2014 zadajesz si\u0119, czy jeste\u015b w dziewiczych zatoczek, za\u017cywa k\u0105pieli s\u0142onecznych na pok\u0142adzie lub cieszy\u0107 si\u0119 pyszne tureckie obiadem, przygotowanym przez szefa kuchni na pok\u0142adzie. Spokojna atmosfera, w po\u0142\u0105czeniu z koj\u0105c\u0105 muzyk\u0105 w tle tworzy idealne warunki do tego, aby si\u0119 zrelaksowa\u0107 i na\u0142adowa\u0107 baterie.<\/p>\n<p>&nbsp;<\/p>\n<hr \/>\n<p>&nbsp;<\/p>\n<div class=\"tour-content-what-included\">\n<h4 id=\"whats-included\">Co wchodzi w zestaw<\/h4>\n<ul style=\"column-count: 2;\">\n<li>VIP tour w \u0142odzi, zorientowane na relaks i spokojn\u0105 atmosfer\u0119<\/li>\n<li>Na pok\u0142adzie nie ma g\u0142o\u015bnej muzyki lub rozrywki w stylu imprez<\/li>\n<li>\u015awie\u017ce tureckie posi\u0142ki serwowane s\u0105 na jachcie<\/li>\n<li>Wycieczka nie jest przeznaczona dla os\u00f3b na w\u00f3zkach inwalidzkich<\/li>\n<li>Dzieci musz\u0105 siedzie\u0107 na kolanach, przy czym nie przewidziano oddzielnych siedze\u0144<\/li>\n<li>Pasuje do wi\u0119kszo\u015bci turyst\u00f3w, ale nie jest zalecane dla os\u00f3b z powa\u017cnymi chorobami<\/li>\n<\/ul>\n<\/div>\n<p>&nbsp;<\/p>\n<hr \/>\n<p>&nbsp;<\/p>\n<div class=\"tour-content-add-information\">\n<h4>Dodatkowe informacje<\/h4>\n<ul>\n<li>Ta wycieczka nie jest przeznaczona dla os\u00f3b na w\u00f3zkach inwalidzkich<\/li>\n<li>Dzieci musz\u0105 siedzie\u0107 na kolanach (osobne siedzenie nie jest przewidziane).<\/li>\n<li>Nadaje si\u0119 do wi\u0119kszo\u015bci podr\u00f3\u017cnych, jednak nie jest zalecane dla os\u00f3b z powa\u017cnymi chorobami<\/li>\n<\/ul>\n<p>&nbsp;<\/p>\n<\/div>\n<hr \/>\n<p>&nbsp;<\/p>\n<div class=\"tour-content-cancell-policy\">\n<p><strong>Co zabra\u0107 ze sob\u0105<\/strong><\/p>\n<ul style=\"column-count: 2;\">\n<li>Okulary<img decoding=\"async\" class=\"emoji\" role=\"img\" draggable=\"false\" src=\"https:\/\/s.w.org\/images\/core\/emoji\/17.0.2\/svg\/1f576.svg\" alt=\"\ud83d\udd76\ufe0f\" \/><\/li>\n<li>Str\u00f3j k\u0105pielowy \ud83d\udc59<\/li>\n<li>R\u0119cznik \ud83e\uddfc<\/li>\n<li>Krem \ud83e\uddf4<\/li>\n<li>Troch\u0119 got\u00f3wki na wydatki osobiste \ud83d\udcb5<\/li>\n<\/ul>\n<\/div>","protected":false},"excerpt":{"rendered":"<p>When visiting Kemer, Antalya, you&#8217;re greeted with a vibrant blend of beaches, nightlife, and endless activities. But sometimes, all you need is a moment of calm. The Relax VIP Yacht <\/p>","protected":false},"featured_media":13973,"comment_status":"open","ping_status":"closed","template":"","meta":[],"product_brand":[],"product_cat":[15],"product_tag":[],"class_list":{"0":"post-13981","1":"product","2":"type-product","3":"status-publish","4":"has-post-thumbnail","6":"tour_phys-tours","7":"product_cat-non-classe","8":"pa_destination-antalya","10":"first","11":"instock","12":"shipping-taxable","13":"purchasable","14":"product-type-tour_phys"},"_links":{"self":[{"href":"https:\/\/vetatourism.com\/pl\/wp-json\/wp\/v2\/product\/13981","targetHints":{"allow":["GET"]}}],"collection":[{"href":"https:\/\/vetatourism.com\/pl\/wp-json\/wp\/v2\/product"}],"about":[{"href":"https:\/\/vetatourism.com\/pl\/wp-json\/wp\/v2\/types\/product"}],"replies":[{"embeddable":true,"href":"https:\/\/vetatourism.com\/pl\/wp-json\/wp\/v2\/comments?post=13981"}],"wp:featuredmedia":[{"embeddable":true,"href":"https:\/\/vetatourism.com\/pl\/wp-json\/wp\/v2\/media\/13973"}],"wp:attachment":[{"href":"https:\/\/vetatourism.com\/pl\/wp-json\/wp\/v2\/media?parent=13981"}],"wp:term":[{"taxonomy":"product_brand","embeddable":true,"href":"https:\/\/vetatourism.com\/pl\/wp-json\/wp\/v2\/product_brand?post=13981"},{"taxonomy":"product_cat","embeddable":true,"href":"https:\/\/vetatourism.com\/pl\/wp-json\/wp\/v2\/product_cat?post=13981"},{"taxonomy":"product_tag","embeddable":true,"href":"https:\/\/vetatourism.com\/pl\/wp-json\/wp\/v2\/product_tag?post=13981"}],"curies":[{"name":"wp","href":"https:\/\/api.w.org\/{rel}","templated":true}]}}