{"id":13971,"date":"2026-01-30T12:26:54","date_gmt":"2026-01-30T12:26:54","guid":{"rendered":"https:\/\/vetatourism.com\/?post_type=product&#038;p=13971"},"modified":"2026-03-09T05:48:15","modified_gmt":"2026-03-09T05:48:15","slug":"porto-genoese-boat-trip-from-antalya","status":"publish","type":"product","link":"https:\/\/vetatourism.com\/tours\/porto-genoese-boat-trip-from-antalya","title":{"rendered":"Spacer statkiem po Porcie \u0413\u0435\u043d\u0443\u044d\u0437\u0435 Z Antalyi"},"content":{"rendered":"<p>Twoja przygoda rozpoczyna si\u0119 z wygodnego \u0441\u0430\u043c\u043e\u0432\u044b\u0432\u043e\u0437\u0430 z hotelu w centrum Antalya, Lara lub Belek (w zale\u017cno\u015bci od wybranej opcji) lub w wyznaczonym miejscu spotkania. Zapraszamy na malowniczej podr\u00f3\u017cy do portu w Adrasan, gdzie czeka na jacht.<\/p>\n<p><strong>Akseki Bay<\/strong><br \/>\nZacznij od 30 minut postoju w zatoce \u0410\u043a\u0441\u0435\u043a\u0438, idealnie nadaje si\u0119 do p\u0142ywania i nurkowania. Dno bogato morskiej flory i fauny, w tym je\u017cowc\u00f3w, wi\u0119c we\u017a ze sob\u0105 sprz\u0119t do nurkowania i patrz pod nogi, aby w pe\u0142ni cieszy\u0107 si\u0119 tym podwodnym rajem.<\/p>\n<p><strong>Zatok\u0119 Porto - \u0421\u0435\u043d\u0435\u0432\u0438\u0437<\/strong><br \/>\nNast\u0119pnie udaj si\u0119 w przepi\u0119knej zatoki Porto-\u0421\u0435\u043d\u0435\u0432\u0438\u0437 na 60-minutow\u0105 przerw\u0119. Pop\u0142ywa\u0107 w fascynuj\u0105cych turkusowych wodach, zapozna\u0107 si\u0119 weso\u0142\u0105 b\u0142otne k\u0105piele i ciesz si\u0119 pysznym obiadem na pok\u0142adzie w otoczeniu zapieraj\u0105cych dech w piersiach krajobraz\u00f3w.<\/p>\n<p><strong>Korsan Bay<\/strong><br \/>\nPo 25 minutach rejsu stawi\u0107 w zatok\u0119 \u041a\u043e\u0440\u0441\u0430\u043d, aby 40 minut pop\u0142ywa\u0107 i zrelaksowa\u0107 si\u0119. To zaciszne miejsce z krystalicznie czyst\u0105 wod\u0105 i spokojnej atmosferze, idealne do wypoczynku.<\/p>\n<p><strong>Jaskinia \u0424\u043e\u0441\u0444\u043e\u0440\u043b\u0443<\/strong><br \/>\nJe\u017celi pozwalaj\u0105 na to warunki morskie, poznaj urocz\u0105 jaskini \u0424\u043e\u0441\u0444\u043e\u0440\u043b\u0443, ukryt\u0105 per\u0142\u0119 z unikaln\u0105, promienna atmosfer\u0119, kt\u00f3ra nada twojemu dzie\u0144 magiczny odcie\u0144.<\/p>\n<p>Po ca\u0142ym dniu przyg\u00f3d i odpoczynku uda\u0107 si\u0119 z powrotem na pla\u017c\u0119 Adrasan i ciesz si\u0119 komfortowym busem do hotelu lub adresu w Antalyi.<\/p>\n<p>&nbsp;<\/p>\n<hr \/>\n<p>&nbsp;<\/p>\n<div class=\"tour-content-what-included\">\n<h4 id=\"whats-included\">Co wchodzi w zestaw<\/h4>\n<ul style=\"column-count: 2;\">\n<li>Jednodniowa wycieczka jachtem z odbi\u00f3r osobisty z centrum Antalya, Lara lub \u0411\u0435\u043b\u0435\u043a\u0430<\/li>\n<li>Kilka przystank\u00f3w do k\u0105pieli i odpoczynku wzd\u0142u\u017c wybrze\u017ca<\/li>\n<li>Lunch serwowany na pok\u0142adzie podczas wycieczki<\/li>\n<li>Na \u017cyczenie mo\u017cna uprawia\u0107 nurkowanie z w\u0142asnym sprz\u0119tem<\/li>\n<li>Trasa i przystanki mog\u0105 si\u0119 r\u00f3\u017cni\u0107 w zale\u017cno\u015bci od morza i warunk\u00f3w pogodowych<\/li>\n<\/ul>\n<\/div>\n<p>&nbsp;<\/p>\n<hr \/>\n<p>&nbsp;<\/p>\n<div class=\"tour-content-add-information\">\n<h4>Dodatkowe informacje<\/h4>\n<ul>\n<li>Trasa mo\u017ce ulec zmianie ze wzgl\u0119du na stan morza, a niekt\u00f3re przystanki mog\u0105 by\u0107 pomini\u0119te w celu zapewnienia bezpiecze\u0144stwa.<\/li>\n<li>Nurkowanie z rurk\u0105 nie jest wyspecjalizowanym zaj\u0119ciem, ale mo\u017cna zabra\u0107 ze sob\u0105 w\u0142asny sprz\u0119t, aby z niego korzysta\u0107 podczas przerw na p\u0142ywanie.<\/li>\n<li>W celu zapewnienia bezpiecze\u0144stwa za\u0142\u00f3\u017c wygodny str\u00f3j k\u0105pielowy, krem do opalania i obuwie antypo\u015blizgowe.<\/li>\n<li>We\u017a ze sob\u0105 r\u0119cznik, czepek i butelk\u0119 wody dla dodatkowego komfortu.<\/li>\n<\/ul>\n<p>&nbsp;<\/p>\n<\/div>\n<hr \/>\n<p>&nbsp;<\/p>\n<div class=\"tour-content-cancell-policy\">\n<p><strong>Co zabra\u0107 ze sob\u0105<\/strong><\/p>\n<ul style=\"column-count: 2;\">\n<li>Kapelusz i okulary <img decoding=\"async\" class=\"emoji\" role=\"img\" draggable=\"false\" src=\"https:\/\/s.w.org\/images\/core\/emoji\/17.0.2\/svg\/1f576.svg\" alt=\"\ud83d\udd76\ufe0f\" \/><\/li>\n<li>Krem \ud83e\uddf4<\/li>\n<li>Antypo\u015blizgowe zje\u017cd\u017calnia buty \ud83d\udc5f<\/li>\n<li>Str\u00f3j k\u0105pielowy i r\u0119cznik <img decoding=\"async\" class=\"emoji\" role=\"img\" draggable=\"false\" src=\"https:\/\/s.w.org\/images\/core\/emoji\/17.0.2\/svg\/1fa71.svg\" alt=\"\ud83e\ude71\" \/><\/li>\n<li>Wodoodporny aparat lub telefon \ud83d\udcf1<\/li>\n<li>Pieni\u0105dze na osobiste wydatki \ud83d\udcb3<\/li>\n<\/ul>\n<\/div>","protected":false},"excerpt":{"rendered":"<p>Your adventure begins with a convenient pickup from your hotel in Antalya city center, Lara, or Belek (depending on your chosen option) or at the designated meeting point. Enjoy a <\/p>","protected":false},"featured_media":13956,"comment_status":"open","ping_status":"closed","template":"","meta":[],"product_brand":[],"product_cat":[15],"product_tag":[],"class_list":{"0":"post-13971","1":"product","2":"type-product","3":"status-publish","4":"has-post-thumbnail","6":"tour_phys-tours","7":"product_cat-non-classe","8":"pa_activity-porto-genoese-bay","9":"pa_destination-antalya","11":"first","12":"instock","13":"shipping-taxable","14":"purchasable","15":"product-type-tour_phys"},"_links":{"self":[{"href":"https:\/\/vetatourism.com\/pl\/wp-json\/wp\/v2\/product\/13971","targetHints":{"allow":["GET"]}}],"collection":[{"href":"https:\/\/vetatourism.com\/pl\/wp-json\/wp\/v2\/product"}],"about":[{"href":"https:\/\/vetatourism.com\/pl\/wp-json\/wp\/v2\/types\/product"}],"replies":[{"embeddable":true,"href":"https:\/\/vetatourism.com\/pl\/wp-json\/wp\/v2\/comments?post=13971"}],"wp:featuredmedia":[{"embeddable":true,"href":"https:\/\/vetatourism.com\/pl\/wp-json\/wp\/v2\/media\/13956"}],"wp:attachment":[{"href":"https:\/\/vetatourism.com\/pl\/wp-json\/wp\/v2\/media?parent=13971"}],"wp:term":[{"taxonomy":"product_brand","embeddable":true,"href":"https:\/\/vetatourism.com\/pl\/wp-json\/wp\/v2\/product_brand?post=13971"},{"taxonomy":"product_cat","embeddable":true,"href":"https:\/\/vetatourism.com\/pl\/wp-json\/wp\/v2\/product_cat?post=13971"},{"taxonomy":"product_tag","embeddable":true,"href":"https:\/\/vetatourism.com\/pl\/wp-json\/wp\/v2\/product_tag?post=13971"}],"curies":[{"name":"wp","href":"https:\/\/api.w.org\/{rel}","templated":true}]}}