{"id":13920,"date":"2026-01-30T10:52:08","date_gmt":"2026-01-30T10:52:08","guid":{"rendered":"https:\/\/vetatourism.com\/?post_type=product&#038;p=13920"},"modified":"2026-04-25T19:15:47","modified_gmt":"2026-04-25T19:15:47","slug":"kemer-suluada-island-boat-trip-turkish-maldives","status":"publish","type":"product","link":"https:\/\/vetatourism.com\/tours\/kemer-suluada-island-boat-trip-turkish-maldives","title":{"rendered":"Kemer: Przeja\u017cd\u017cka \u0142odzi\u0105 po wyspie \u0421\u0443\u043b\u0443\u0430\u0434\u0430 - Tureckie Malediwy"},"content":{"rendered":"<p>Twoja podr\u00f3\u017c zaczyna si\u0119 z transferu z hotelu w Kemer, po kt\u00f3rym nast\u0119puje malownicza podr\u00f3\u017c w <strong data-start=\"1087\" data-end=\"1103\">Port Adrasan<\/strong>, gdzie mo\u017cna wspi\u0105\u0107 si\u0119 na pok\u0142adzie komfortowej \u0142odzi, aby sp\u0119dzi\u0107 dzie\u0144 na s\u0142o\u0144ce, morze i spokoju. Trasa przebiega wzd\u0142u\u017c wspania\u0142ego <strong data-start=\"1220\" data-end=\"1239\">Riwiera Turecka<\/strong>sk\u0105d roztaczaj\u0105 si\u0119 wspania\u0142e widoki na g\u00f3ry Taurus i czyste nadmorskie krajobrazy.<\/p>\n<p>Wycieczka obejmuje trzy przystanki do k\u0105pieli w najpi\u0119kniejszych miejscach \u0421\u0443\u043b\u0443\u0430\u0434\u044b:<\/p>\n<ul data-start=\"1403\" data-end=\"1764\">\n<li class=\"\" data-start=\"1403\" data-end=\"1532\"><strong data-start=\"1409\" data-end=\"1425\">Malediwski zatok\u0119<\/strong>: S\u0142ynie z mi\u0119kkim bia\u0142ym piaskiem i krystalicznie czystej, turkusowej wody \u2014 idealnie nadaje si\u0119 do p\u0142ywania i nurkowania z rurk\u0105.<\/li>\n<li class=\"\" data-start=\"1533\" data-end=\"1643\"><strong data-start=\"1538\" data-end=\"1566\">Ukryte pla\u017ce \u0421\u0443\u043b\u0443\u0430\u0434\u044b<\/strong>: Zrelaksowa\u0107 si\u0119 w cichej okolicy nad brzegiem, wybierz si\u0119 na spacer wzd\u0142u\u017c wybrze\u017ca lub po prostu opala\u0107 si\u0119 w ciszy.<\/li>\n<li class=\"\" data-start=\"1644\" data-end=\"1764\">\ud83c\udfde\ufe0f <strong data-start=\"1650\" data-end=\"1678\">Jaskinia Mi\u0142o\u015bci<\/strong>: Malownicze naturalny edukacja, gdzie mo\u017cna pop\u0142ywa\u0107 z mask\u0105 i rurk\u0105 lub zrobi\u0107 wspania\u0142e zdj\u0119cia.<\/li>\n<\/ul>\n<p>Oko\u0142o po\u0142udnia \u015bwie\u017ce <strong data-start=\"1799\" data-end=\"1812\">Obiad-grill<\/strong> serwowane na pok\u0142adzie z takimi potrawami, jak ryba, kurczak lub wegetaria\u0144skie, a tak\u017ce w tradycyjnym tureckim meze. Po relaksuj\u0105cej herbaty \u0142\u00f3d\u017a kieruje si\u0119 z powrotem w Adrasan, po czym czeka na transfer powrotny do hotelu.<\/p>\n<div style=\"max-width: 360px; margin: 0;\">\n<div style=\"position: relative; padding-top: 177.77%;\"><iframe style=\"position: absolute; top: 0; left: 0; width: 100%; height: 100%; border: 0;\" src=\"https:\/\/www.youtube.com\/embed\/rHGGJue7ZZ0\" allowfullscreen=\"allowfullscreen\"><br \/>\n<\/iframe><\/div>\n<\/div>\n<p>&nbsp;<\/p>\n<hr \/>\n<p>&nbsp;<\/p>\n<div class=\"tour-content-what-included\">\n<h4 id=\"whats-included\">Co wchodzi w zestaw<\/h4>\n<ul style=\"column-count: 2;\">\n<li>Transfer z hoteli w Side i przysta\u0144 w okolicy<\/li>\n<li>Malownicza wycieczka po g\u00f3rach Taurus<\/li>\n<li>Liczne przystanki do p\u0142ywania i nurkowania z mask\u0105 i rurk\u0105 w najbardziej znanych kr\u0119gach \u0421\u0443\u043b\u0443\u0430\u0434\u044b<\/li>\n<li>\u015awie\u017co przygotowany obiad-grill serwowane na pok\u0142adzie z w\u0142\u0105czonym podwieczorkiem<\/li>\n<li>Spokojna i relaksuj\u0105ca atmosfera, idealna dla mi\u0142o\u015bnik\u00f3w przyrody i par<\/li>\n<li>Trasa i przystanki do k\u0105pieli mog\u0105 r\u00f3\u017cni\u0107 si\u0119 w zale\u017cno\u015bci od morza i warunk\u00f3w pogodowych<\/li>\n<li>Odpowiedni dla rodzin, par i os\u00f3b podr\u00f3\u017cuj\u0105cych samotnych<\/li>\n<\/ul>\n<\/div>\n<p>&nbsp;<\/p>\n<hr \/>\n<p>&nbsp;<\/p>\n<div class=\"tour-content-add-information\">\n<h4>Dodatkowe informacje<\/h4>\n<ul>\n<li>D\u0142ugo\u015b\u0107 trasy wynosi oko\u0142o ca\u0142y dzie\u0144, w tym transport z hotelu<\/li>\n<li>Czas dostawy zale\u017cy od lokalizacji hotelu i zostanie potwierdzona po dokonaniu rezerwacji<\/li>\n<li>Wycieczka odbywa si\u0119 w zale\u017cno\u015bci od pogody; trasy i zatrzyma\u0107 si\u0119 na k\u0105piel mog\u0105 ulec zmianie ze wzgl\u0119du na stan morza<\/li>\n<li>Nie zaleca si\u0119 dla os\u00f3b z powa\u017cnymi problemami mobilno\u015bci<\/li>\n<li>Na \u017cyczenie dost\u0119pne s\u0105 posi\u0142ki wegetaria\u0144skie<\/li>\n<li>Nurkowanie z rurk\u0105 jest opcjonalne; sprz\u0119t mo\u017ce nie by\u0107 dost\u0119pna w zale\u017cno\u015bci od \u0142odzi<\/li>\n<\/ul>\n<p>&nbsp;<\/p>\n<hr \/>\n<p>&nbsp;<\/p>\n<div class=\"tour-content-cancell-policy\">\n<p><strong>Co zabra\u0107 ze sob\u0105<\/strong><\/p>\n<ul style=\"column-count: 2;\">\n<li>Kapelusz i okulary <img decoding=\"async\" class=\"emoji\" role=\"img\" draggable=\"false\" src=\"https:\/\/s.w.org\/images\/core\/emoji\/17.0.2\/svg\/1f576.svg\" alt=\"\ud83d\udd76\ufe0f\" \/><\/li>\n<li>Krem \ud83e\uddf4<\/li>\n<li>Str\u00f3j k\u0105pielowy i r\u0119cznik <img decoding=\"async\" class=\"emoji\" role=\"img\" draggable=\"false\" src=\"https:\/\/s.w.org\/images\/core\/emoji\/17.0.2\/svg\/1fa71.svg\" alt=\"\ud83e\ude71\" \/><\/li>\n<li>Wodoodporny aparat lub telefon \ud83d\udcf1<\/li>\n<\/ul>\n<\/div>\n<\/div>","protected":false},"excerpt":{"rendered":"<p>Your journey begins with a hotel pickup from Kemer, followed by a scenic drive to Adrasan Port, where you\u2019ll board a comfortable yacht for a day of sun, sea, and <\/p>","protected":false},"featured_media":13922,"comment_status":"open","ping_status":"closed","template":"","meta":[],"product_brand":[],"product_cat":[],"product_tag":[202],"class_list":{"0":"post-13920","1":"product","2":"type-product","3":"status-publish","4":"has-post-thumbnail","6":"tour_phys-tours","7":"product_tag--best-sellers","8":"pa_destination-kemer","10":"first","11":"instock","12":"shipping-taxable","13":"purchasable","14":"product-type-tour_phys"},"_links":{"self":[{"href":"https:\/\/vetatourism.com\/pl\/wp-json\/wp\/v2\/product\/13920","targetHints":{"allow":["GET"]}}],"collection":[{"href":"https:\/\/vetatourism.com\/pl\/wp-json\/wp\/v2\/product"}],"about":[{"href":"https:\/\/vetatourism.com\/pl\/wp-json\/wp\/v2\/types\/product"}],"replies":[{"embeddable":true,"href":"https:\/\/vetatourism.com\/pl\/wp-json\/wp\/v2\/comments?post=13920"}],"wp:featuredmedia":[{"embeddable":true,"href":"https:\/\/vetatourism.com\/pl\/wp-json\/wp\/v2\/media\/13922"}],"wp:attachment":[{"href":"https:\/\/vetatourism.com\/pl\/wp-json\/wp\/v2\/media?parent=13920"}],"wp:term":[{"taxonomy":"product_brand","embeddable":true,"href":"https:\/\/vetatourism.com\/pl\/wp-json\/wp\/v2\/product_brand?post=13920"},{"taxonomy":"product_cat","embeddable":true,"href":"https:\/\/vetatourism.com\/pl\/wp-json\/wp\/v2\/product_cat?post=13920"},{"taxonomy":"product_tag","embeddable":true,"href":"https:\/\/vetatourism.com\/pl\/wp-json\/wp\/v2\/product_tag?post=13920"}],"curies":[{"name":"wp","href":"https:\/\/api.w.org\/{rel}","templated":true}]}}