{"id":13919,"date":"2026-01-30T10:24:23","date_gmt":"2026-01-30T10:24:23","guid":{"rendered":"https:\/\/vetatourism.com\/?post_type=product&#038;p=13919"},"modified":"2026-04-19T17:20:55","modified_gmt":"2026-04-19T17:20:55","slug":"land-of-legends-night-show-from-kemer","status":"publish","type":"product","link":"https:\/\/vetatourism.com\/tours\/land-of-legends-night-show-from-kemer","title":{"rendered":"Nocne show \"legend\" z Kemer"},"content":{"rendered":"<p data-start=\"1494\" data-end=\"1807\">Wiecz\u00f3r rozpocznie si\u0119 od sprawnego i komfortowego transferu z Kemer do \/ z parku rozrywki Land of Legends \u2014 najbardziej znany rekreacyjny regionu. Kiedy rozpocznie si\u0119 pokaz, zanurz si\u0119 w fascynuj\u0105cy po\u0142\u0105czenie muzyki, efekty \u015bwietlne, lasery i zsynchronizowanych fontann, kt\u00f3re roz\u015bwietlaj\u0105 nocne niebo.<\/p>\n<p data-start=\"1809\" data-end=\"2071\">Punktem kulminacyjnym imprezy jest parada \u0142odzi, podczas kt\u00f3rego pi\u0119knie zdobione \u0142odzi po\u015blizg na kanale w towarzystwie artyst\u00f3w, \u015bwiate\u0142 i atmosferycznej muzyki. To magiczne nocna procesja zachwyca odwiedzaj\u0105cych w ka\u017cdym wieku i pozostawia niezapomniane wspomnienia.<\/p>\n<p data-start=\"2073\" data-end=\"2357\">Po koncercie b\u0119dzie mia\u0142 wolny czas, aby cieszy\u0107 si\u0119 \u017cywym znakiem kabaretu z ponad 180 butik\u00f3w, kawiarni, restauracji i cukierni. Niezale\u017cnie od tego, czy wolisz robi\u0107 zdj\u0119cia, w\u0119drowa\u0107 na zakupy i cieszy\u0107 si\u0119 \u017cyciem atmosfery, boulevard oferuje co\u015b dla ka\u017cdego.<\/p>\n<p data-start=\"2359\" data-end=\"2494\">W ko\u0144cu w nocy zrelaksowa\u0107 si\u0119 podczas powrotnego transferu i wracaj do swojego stylu, z g\u0142ow\u0105 pe\u0142n\u0105 niezapomnianych wra\u017ce\u0144.<\/p>\n<hr \/>\n<p>&nbsp;<\/p>\n<div class=\"tour-content-what-included\">\n<h4 id=\"whats-included\">Co wchodzi w zestaw<\/h4>\n<ul style=\"column-count: 2;\">\n<li>Odbi\u00f3r w\u0142asny z hoteli w Kemer<\/li>\n<li>Przylot do Krainy Legend<\/li>\n<li>Ciesz si\u0119 prac\u0105 fontanny, \u015bwiat\u0142a i lasera<\/li>\n<li>Obserwuj parady \u0438\u043b\u043b\u044e\u043c\u0438\u043d\u0438\u0440\u043e\u0432\u0430\u043d\u043d\u044b\u0445 \u0142odzi<\/li>\n<li>Czas wolny na bulwarze (oko\u0142o 1-2 godziny)<\/li>\n<li>Transfer powrotny do hotelu<\/li>\n<\/ul>\n<p>&nbsp;<\/p>\n<\/div>\n<hr \/>\n<p>&nbsp;<\/p>\n<div class=\"tour-content-add-information\">\n<h4>Dodatkowe informacje<\/h4>\n<ul>\n<li>Czas trwania: oko\u0142o 3-4 godzin<\/li>\n<li>Przystosowany dla os\u00f3b niepe\u0142nosprawnych<\/li>\n<li>Wymagana minimalna aktywno\u015b\u0107 fizyczna<\/li>\n<li>Przygotuj si\u0119 przy g\u0142\u00f3wnym wej\u015bciu do hotelu o 10 minut przed przyjazdem<\/li>\n<li>Kierowca czeka na maksymalnie 5 minut<\/li>\n<li>Dzieci do 6 lat, podr\u00f3\u017cuj\u0105ce za darmo, osobne miejsce w autobusie nie przys\u0142uguje; w razie potrzeby mo\u017cna zarezerwowa\u0107 dodatkowe miejsce<\/li>\n<\/ul>\n<p>&nbsp;<\/p>\n<\/div>\n<hr \/>\n<p>&nbsp;<\/p>\n<div class=\"tour-content-cancell-policy\">\n<p><strong>Co zabra\u0107 ze sob\u0105<\/strong><\/p>\n<ul style=\"column-count: 2;\">\n<li>Wygodne buty do chodzenia \ud83d\udc5f<\/li>\n<li>Odzie\u017c, odpowiednia pogodzie \ud83d\udc5a<\/li>\n<li>Smartfon lub aparat fotograficzny do robienia zdj\u0119\u0107 \ud83d\udcf1<\/li>\n<li>Troch\u0119 got\u00f3wki dla osobistych zakup\u00f3w <img decoding=\"async\" class=\"emoji\" role=\"img\" draggable=\"false\" src=\"https:\/\/s.w.org\/images\/core\/emoji\/17.0.2\/svg\/1f4b3.svg\" alt=\"\ud83d\udcb3\" \/><\/li>\n<\/ul>\n<\/div>","protected":false},"excerpt":{"rendered":"<p>Zapraszamy na nocny pokaz \"Kraina legend\" z Kemer z laser\u00f3w, pokaz fontann, parada \u0142odzi i zakupy. Magiczny wiecz\u00f3r z komfortowym busem z hotelu.<\/p>","protected":false},"featured_media":13909,"comment_status":"open","ping_status":"closed","template":"","meta":[],"product_brand":[],"product_cat":[],"product_tag":[200],"class_list":{"0":"post-13919","1":"product","2":"type-product","3":"status-publish","4":"has-post-thumbnail","6":"tour_phys-tours","7":"product_tag-best-sellers","8":"pa_destination-kemer","10":"first","11":"instock","12":"shipping-taxable","13":"purchasable","14":"product-type-tour_phys"},"_links":{"self":[{"href":"https:\/\/vetatourism.com\/pl\/wp-json\/wp\/v2\/product\/13919","targetHints":{"allow":["GET"]}}],"collection":[{"href":"https:\/\/vetatourism.com\/pl\/wp-json\/wp\/v2\/product"}],"about":[{"href":"https:\/\/vetatourism.com\/pl\/wp-json\/wp\/v2\/types\/product"}],"replies":[{"embeddable":true,"href":"https:\/\/vetatourism.com\/pl\/wp-json\/wp\/v2\/comments?post=13919"}],"wp:featuredmedia":[{"embeddable":true,"href":"https:\/\/vetatourism.com\/pl\/wp-json\/wp\/v2\/media\/13909"}],"wp:attachment":[{"href":"https:\/\/vetatourism.com\/pl\/wp-json\/wp\/v2\/media?parent=13919"}],"wp:term":[{"taxonomy":"product_brand","embeddable":true,"href":"https:\/\/vetatourism.com\/pl\/wp-json\/wp\/v2\/product_brand?post=13919"},{"taxonomy":"product_cat","embeddable":true,"href":"https:\/\/vetatourism.com\/pl\/wp-json\/wp\/v2\/product_cat?post=13919"},{"taxonomy":"product_tag","embeddable":true,"href":"https:\/\/vetatourism.com\/pl\/wp-json\/wp\/v2\/product_tag?post=13919"}],"curies":[{"name":"wp","href":"https:\/\/api.w.org\/{rel}","templated":true}]}}