{"id":13918,"date":"2026-01-30T10:20:35","date_gmt":"2026-01-30T10:20:35","guid":{"rendered":"https:\/\/vetatourism.com\/?post_type=product&#038;p=13918"},"modified":"2026-03-09T05:48:44","modified_gmt":"2026-03-09T05:48:44","slug":"land-of-legends-night-show-from-antalya","status":"publish","type":"product","link":"https:\/\/vetatourism.com\/tours\/land-of-legends-night-show-from-antalya","title":{"rendered":"Nocne show \"Kraina legend\" z Antalyi"},"content":{"rendered":"<p data-start=\"1520\" data-end=\"1847\">Wiecz\u00f3r rozpocznie si\u0119 od sprawnego transferu z Antalya, Lara lub Kundu w parku rozrywki \"Kraina legend\" \u2014 najbardziej imponuj\u0105ce miejsce rozrywki w regionie. Z nadej\u015bciem zmroku ciesz si\u0119 pr\u00f3\u017cnym show, \u0142\u0105cz\u0105c pot\u0119\u017cne laserowe projekcje, skoordynowan\u0105 prac\u0119 fontann i muzyk\u0119 na \u017cywo, kt\u00f3ra o\u015bwietla ca\u0142e terytorium.<\/p>\n<p data-start=\"1849\" data-end=\"2110\">Punktem kulminacyjnym wieczoru jest <strong data-start=\"1883\" data-end=\"1898\">parada \u0142odzi<\/strong>, gdzie jasno urz\u0105dzone \u0142odzi po\u015blizg na kanale w towarzystwie artyst\u00f3w, postaci i tematycznej muzyki. To magiczne procesja zachwyca zar\u00f3wno doros\u0142ych, jak i dzieci, tworz\u0105c niezapomniane wspomnienia z uroczysto\u015bci.<\/p>\n<p data-start=\"2112\" data-end=\"2362\">Po koncercie sp\u0119dzi\u0107 wolny czas na t\u0119tni\u0105cym \u017cyciem bulwarze z ponad 180 butik\u00f3w, restauracji i cukierni. Niezale\u017cnie od tego, czy chcesz zrobi\u0107 zdj\u0119cie, wybra\u0107 si\u0119 na zakupy lub po prostu zrelaksowa\u0107 si\u0119 w nocnym atmosferze, tutaj masz czym si\u0119 cieszy\u0107.<\/p>\n<p data-start=\"2364\" data-end=\"2481\">Po zako\u0144czeniu wizyty wracaj do swojego stylu z komfortem i niezatarte wra\u017cenia od tego ekscytuj\u0105cego wieczorne imprezy.<\/p>\n<hr \/>\n<p>&nbsp;<\/p>\n<div class=\"tour-content-what-included\">\n<h4 id=\"whats-included\">Co wchodzi w zestaw<\/h4>\n<ul style=\"column-count: 2;\">\n<li>Odbi\u00f3r w\u0142asny z hoteli w Antalya, Lara i Kundu<\/li>\n<li>Przyjazd do parku Rozrywki \"Kraina legend\"<\/li>\n<li>Ciesz si\u0119 \u0444\u043e\u043d\u0442\u0430\u043d\u043d\u044b\u043c\u0438, \u015bwietlnymi i laserowymi widokami<\/li>\n<li>Obserwuj parady \u0438\u043b\u043b\u044e\u043c\u0438\u043d\u0438\u0440\u043e\u0432\u0430\u043d\u043d\u044b\u0445 \u0142odzi<\/li>\n<li>Czas wolny na bulwarze (oko\u0142o 1-2 godziny)<\/li>\n<li>Transfer powrotny do hotelu<\/li>\n<\/ul>\n<p>&nbsp;<\/p>\n<\/div>\n<hr \/>\n<p>&nbsp;<\/p>\n<div class=\"tour-content-add-information\">\n<h4>Dodatkowe informacje<\/h4>\n<ul>\n<li>Czas trwania: oko\u0142o 3-4 godzin<\/li>\n<li>Przystosowany dla os\u00f3b niepe\u0142nosprawnych<\/li>\n<li>Wymagany minimalny wysi\u0142ek fizyczny<\/li>\n<li>Przygotuj si\u0119 przy g\u0142\u00f3wnym wej\u015bciu do hotelu o 10 minut przed przyjazdem<\/li>\n<li>Kierowca czeka na maksymalnie 5 minut<\/li>\n<li>Dzieci do 6 lat, podr\u00f3\u017cuj\u0105ce za darmo, osobne miejsce w autobusie nie przys\u0142uguje; w razie potrzeby mo\u017cna zarezerwowa\u0107 dodatkowe miejsce<\/li>\n<\/ul>\n<p>&nbsp;<\/p>\n<\/div>\n<hr \/>\n<p>&nbsp;<\/p>\n<div class=\"tour-content-cancell-policy\">\n<p><strong>Co zabra\u0107 ze sob\u0105<\/strong><\/p>\n<ul style=\"column-count: 2;\">\n<li>Wygodne buty do chodzenia \ud83d\udc5f<\/li>\n<li>Odzie\u017c, odpowiednia pogodzie \ud83d\udc5a<\/li>\n<li>Smartfon lub aparat fotograficzny do robienia zdj\u0119\u0107 \ud83d\udcf1<\/li>\n<li>Troch\u0119 got\u00f3wki dla osobistych zakup\u00f3w <img decoding=\"async\" class=\"emoji\" role=\"img\" draggable=\"false\" src=\"https:\/\/s.w.org\/images\/core\/emoji\/17.0.2\/svg\/1f4b3.svg\" alt=\"\ud83d\udcb3\" \/><\/li>\n<\/ul>\n<\/div>","protected":false},"excerpt":{"rendered":"<p>Zapraszamy na nocny pokaz Land of Legends z Antalya z laser\u00f3w, pokaz fontann, parada \u0142odzi i zakupy. Cena obejmuje transport z hotelu.<\/p>","protected":false},"featured_media":13909,"comment_status":"open","ping_status":"closed","template":"","meta":[],"product_brand":[],"product_cat":[15],"product_tag":[],"class_list":{"0":"post-13918","1":"product","2":"type-product","3":"status-publish","4":"has-post-thumbnail","6":"tour_phys-tours","7":"product_cat-non-classe","8":"pa_destination-antalya","10":"first","11":"instock","12":"sale","13":"shipping-taxable","14":"purchasable","15":"product-type-tour_phys"},"_links":{"self":[{"href":"https:\/\/vetatourism.com\/pl\/wp-json\/wp\/v2\/product\/13918","targetHints":{"allow":["GET"]}}],"collection":[{"href":"https:\/\/vetatourism.com\/pl\/wp-json\/wp\/v2\/product"}],"about":[{"href":"https:\/\/vetatourism.com\/pl\/wp-json\/wp\/v2\/types\/product"}],"replies":[{"embeddable":true,"href":"https:\/\/vetatourism.com\/pl\/wp-json\/wp\/v2\/comments?post=13918"}],"wp:featuredmedia":[{"embeddable":true,"href":"https:\/\/vetatourism.com\/pl\/wp-json\/wp\/v2\/media\/13909"}],"wp:attachment":[{"href":"https:\/\/vetatourism.com\/pl\/wp-json\/wp\/v2\/media?parent=13918"}],"wp:term":[{"taxonomy":"product_brand","embeddable":true,"href":"https:\/\/vetatourism.com\/pl\/wp-json\/wp\/v2\/product_brand?post=13918"},{"taxonomy":"product_cat","embeddable":true,"href":"https:\/\/vetatourism.com\/pl\/wp-json\/wp\/v2\/product_cat?post=13918"},{"taxonomy":"product_tag","embeddable":true,"href":"https:\/\/vetatourism.com\/pl\/wp-json\/wp\/v2\/product_tag?post=13918"}],"curies":[{"name":"wp","href":"https:\/\/api.w.org\/{rel}","templated":true}]}}