{"id":13907,"date":"2026-01-30T10:04:12","date_gmt":"2026-01-30T10:04:12","guid":{"rendered":"https:\/\/vetatourism.com\/?post_type=product&#038;p=13907"},"modified":"2026-03-09T05:49:04","modified_gmt":"2026-03-09T05:49:04","slug":"the-land-of-legends-theme-park-tour-from-kemer-waterpark","status":"publish","type":"product","link":"https:\/\/vetatourism.com\/tours\/the-land-of-legends-theme-park-tour-from-kemer-waterpark","title":{"rendered":"Wycieczka po parku tematycznego \"Kraina legend\" z Kemer \u2013 park Wodny"},"content":{"rendered":"<p>Rozpocznij swoj\u0105 przygod\u0119 z wygodnego transferu z Kemer i pobliskich region\u00f3w w parku rozrywki \"Kraina legend\" w Belek. Poczuj dreszcz emocji na 62-metrowej \u043a\u0430\u0431\u043e\u0442\u0430\u0436\u043d\u043e\u0439 \u0142odzi Hyper Coaster lub skaka\u0107 z 43-metrowej \u043a\u0430\u0431\u043e\u0442\u0430\u0436\u043d\u043e\u0439 \u0142odzi Typhoon. Poznaj ponad 40 ekscytuj\u0105cych zje\u017cd\u017calni, zapraszamy na orze\u017awiaj\u0105cy basen lub po prostu zrelaksowa\u0107 si\u0119 na s\u0142o\u0144cu.<\/p>\n<p>Rodzinom spodoba Kraj \u041d\u0438\u043a\u0435\u043b\u043e\u0434\u0435\u043e\u043d, gdzie \u017cyj\u0105 takie postacie, jak Spongebob kanciastoporty i Patrol \u0141ap. Dzi\u0119ki po\u0142\u0105czeniu zaj\u0119\u0107 rekreacyjnych, obszar\u00f3w tematycznych i rozrywki dla dzieci, park oferuje co\u015b dla odwiedzaj\u0105cych w ka\u017cdym wieku.<\/p>\n<p>W ci\u0105gu dnia zapraszamy na wodne przygody, ekscytuj\u0105ce atrakcje, animacje i niezapomniane chwile. Po dniu pe\u0142nym zabawy podczas pobytu go\u015bcie mog\u0105 zrelaksowa\u0107 si\u0119 podczas transferu z powrotem do hotelu, a wspomnienia pozostan\u0105 na ca\u0142e \u017cycie.<\/p>\n<hr \/>\n<p>&nbsp;<\/p>\n<div class=\"tour-content-what-included\">\n<h4 id=\"whats-included\">Co wchodzi w zestaw<\/h4>\n<ul style=\"column-count: 2;\">\n<li>Odbi\u00f3r w\u0142asny z hoteli w Kemer i jego okolic<\/li>\n<li>Przylot do Krainy legend w Belek<\/li>\n<li>Czas wolny na zwiedzanie, parku wodnego i Nickelodeon Land (oko\u0142o 5-6 godzin)<\/li>\n<li>Transfer powrotny do hotelu<\/li>\n<\/ul>\n<\/div>\n<p>&nbsp;<\/p>\n<hr \/>\n<p>&nbsp;<\/p>\n<div class=\"tour-content-add-information\">\n<h4>Dodatkowe informacje<\/h4>\n<ul>\n<li>Czas trwania: oko\u0142o 7-8 godzin (wycieczka na ca\u0142y dzie\u0144)<\/li>\n<li>Przystosowany dla os\u00f3b niepe\u0142nosprawnych<\/li>\n<li>Wymagana jest umiarkowana aktywno\u015b\u0107 fizyczna<\/li>\n<li>Voucher nale\u017cy wymieni\u0107 w kasie<\/li>\n<li>Godziny otwarcia parku mog\u0105 r\u00f3\u017cni\u0107 si\u0119 w zale\u017cno\u015bci od sezonu<\/li>\n<\/ul>\n<p>&nbsp;<\/p>\n<\/div>\n<hr \/>\n<p>&nbsp;<\/p>\n<div class=\"tour-content-cancell-policy\">\n<p><strong>Co zabra\u0107 ze sob\u0105<\/strong><\/p>\n<ul style=\"column-count: 2;\">\n<li>Str\u00f3j k\u0105pielowy i r\u0119cznik \ud83d\udc59<\/li>\n<li>Wodne buty \ud83d\udc5f<\/li>\n<li>Pieni\u0105dze na osobiste wydatki \ud83d\udcb5<\/li>\n<\/ul>\n<\/div>","protected":false},"excerpt":{"rendered":"<p>Zapraszamy na wycieczki po parku tematycznego \"Kraina legend\" z Kemer! W najwi\u0119kszym aquaparku w Turcji czekaj\u0105 na ciebie ekscytuj\u0105ce zje\u017cd\u017calnie, \"\u041d\u0438\u043a\u0435\u043b\u043e\u0434\u0435\u043e\u043d Lend\", baseny i rodzinne rozrywki \u2014 a wszystko to z w\u0142\u0105czonym transferem z hotelu.<\/p>","protected":false},"featured_media":13898,"comment_status":"open","ping_status":"closed","template":"","meta":[],"product_brand":[],"product_cat":[15],"product_tag":[],"class_list":{"0":"post-13907","1":"product","2":"type-product","3":"status-publish","4":"has-post-thumbnail","6":"tour_phys-tours","7":"product_cat-non-classe","8":"pa_destination-kemer","10":"first","11":"instock","12":"sale","13":"shipping-taxable","14":"purchasable","15":"product-type-tour_phys"},"_links":{"self":[{"href":"https:\/\/vetatourism.com\/pl\/wp-json\/wp\/v2\/product\/13907","targetHints":{"allow":["GET"]}}],"collection":[{"href":"https:\/\/vetatourism.com\/pl\/wp-json\/wp\/v2\/product"}],"about":[{"href":"https:\/\/vetatourism.com\/pl\/wp-json\/wp\/v2\/types\/product"}],"replies":[{"embeddable":true,"href":"https:\/\/vetatourism.com\/pl\/wp-json\/wp\/v2\/comments?post=13907"}],"wp:featuredmedia":[{"embeddable":true,"href":"https:\/\/vetatourism.com\/pl\/wp-json\/wp\/v2\/media\/13898"}],"wp:attachment":[{"href":"https:\/\/vetatourism.com\/pl\/wp-json\/wp\/v2\/media?parent=13907"}],"wp:term":[{"taxonomy":"product_brand","embeddable":true,"href":"https:\/\/vetatourism.com\/pl\/wp-json\/wp\/v2\/product_brand?post=13907"},{"taxonomy":"product_cat","embeddable":true,"href":"https:\/\/vetatourism.com\/pl\/wp-json\/wp\/v2\/product_cat?post=13907"},{"taxonomy":"product_tag","embeddable":true,"href":"https:\/\/vetatourism.com\/pl\/wp-json\/wp\/v2\/product_tag?post=13907"}],"curies":[{"name":"wp","href":"https:\/\/api.w.org\/{rel}","templated":true}]}}