{"id":13905,"date":"2026-01-30T10:00:33","date_gmt":"2026-01-30T10:00:33","guid":{"rendered":"https:\/\/vetatourism.com\/?post_type=product&#038;p=13905"},"modified":"2026-03-09T05:49:09","modified_gmt":"2026-03-09T05:49:09","slug":"the-land-of-legends-theme-park-tour-antalya-waterpark","status":"publish","type":"product","link":"https:\/\/vetatourism.com\/tours\/the-land-of-legends-theme-park-tour-antalya-waterpark","title":{"rendered":"Wycieczka po parku tematycznego \"Kraina legend\" Antalya \u2013 park Wodny"},"content":{"rendered":"<p data-start=\"1401\" data-end=\"1722\">Rozpocznij swoj\u0105 przygod\u0119 z komfortowego transferu z Antalya, Lara lub Kundu w parku rozrywki \"Kraina legend\" w Belek. Poczuj przyp\u0142yw adrenaliny, unosz\u0105c si\u0119 na 62-metrowej \u043a\u0430\u0431\u043e\u0442\u0430\u0436\u043d\u043e\u0439 \u0142odzi Hyper Coaster lub p\u0119dzi w wod\u0119 na imponuj\u0105c\u0105 \u043a\u0430\u0431\u043e\u0442\u0430\u0436\u043d\u043e\u0439 \u0142odzi Typhoon z wysoko\u015bci 43 metr\u00f3w. Dzi\u0119ki ponad 40 wzg\u00f3rza mo\u017cna podziwia\u0107 ka\u017cdym poziomie przyg\u00f3d.<\/p>\n<p data-start=\"1724\" data-end=\"1978\">Rodziny b\u0119d\u0105 cieszy\u0107 si\u0119 kolorowym \u015bwiatem <strong data-start=\"1766\" data-end=\"1786\">Ziemia \u041d\u0438\u043a\u0435\u043b\u043e\u0434\u0435\u043e\u043d\u0430<\/strong>, gdzie mieszkaj\u0105 popularne postacie, takie jak Spongebob kanciastoporty i Patrol \u0141ap. Czy szukasz energiczne rozrywki i atrakcje dla dzieci w parku znajdzie si\u0119 co\u015b dla ka\u017cdego.<\/p>\n<p data-start=\"1980\" data-end=\"2162\">Sp\u0119dzi\u0107 dzie\u0144 zwiedzania baseny, zje\u017cd\u017calnie, obszary tematyczne i \u017cywe animacje w parku. Po kilku godzinach zabawy zrelaksowa\u0107 si\u0119 podczas powrotnego transferu do hotelu z niezapomnianymi wspomnieniami.<\/p>\n<p>&nbsp;<\/p>\n<hr \/>\n<p>&nbsp;<\/p>\n<div class=\"tour-content-what-included\">\n<h4 id=\"whats-included\">Co wchodzi w zestaw<\/h4>\n<ul style=\"column-count: 2;\">\n<li>Odbi\u00f3r w\u0142asny z hoteli w Antalya, Lara i Kundu<\/li>\n<li>Przylot do Krainy legend w Belek<\/li>\n<li>Czas wolny na zwiedzanie, parku wodnego i Nickelodeon Land (oko\u0142o 5-6 godzin)<\/li>\n<li>Transfer powrotny do hotelu<\/li>\n<\/ul>\n<\/div>\n<p>&nbsp;<\/p>\n<hr \/>\n<p>&nbsp;<\/p>\n<div class=\"tour-content-add-information\">\n<h4>Dodatkowe informacje<\/h4>\n<ul>\n<li>Czas trwania: oko\u0142o 7-8 godzin (wycieczka na ca\u0142y dzie\u0144)<\/li>\n<li>Przystosowany dla os\u00f3b niepe\u0142nosprawnych<\/li>\n<li>Wymagana jest umiarkowana aktywno\u015b\u0107 fizyczna<\/li>\n<li>Voucher nale\u017cy wymieni\u0107 w kasie<\/li>\n<li>Godziny otwarcia parku mog\u0105 r\u00f3\u017cni\u0107 si\u0119 w zale\u017cno\u015bci od sezonu<\/li>\n<\/ul>\n<p>&nbsp;<\/p>\n<\/div>\n<hr \/>\n<p>&nbsp;<\/p>\n<div class=\"tour-content-cancell-policy\">\n<p><strong>Co zabra\u0107 ze sob\u0105<\/strong><\/p>\n<ul style=\"column-count: 2;\">\n<li>Str\u00f3j k\u0105pielowy i r\u0119cznik \ud83d\udc59<\/li>\n<li>Wodne buty \ud83d\udc5f<\/li>\n<li>Pieni\u0105dze na osobiste wydatki \ud83d\udcb5<\/li>\n<\/ul>\n<\/div>","protected":false},"excerpt":{"rendered":"<p>Zapraszamy na wycieczki po parku tematycznego Land of Legends z Antalya! Najwi\u0119kszy park wodny Turcja oferuje ekscytuj\u0105ce zje\u017cd\u017calnie, terytorium Nickelodeon, baseny i rozrywka dla ca\u0142ej rodziny \u2014 a wszystko to z w\u0142\u0105czonym transferem z hotelu.<\/p>","protected":false},"featured_media":13898,"comment_status":"open","ping_status":"closed","template":"","meta":[],"product_brand":[],"product_cat":[15],"product_tag":[],"class_list":{"0":"post-13905","1":"product","2":"type-product","3":"status-publish","4":"has-post-thumbnail","6":"tour_phys-tours","7":"product_cat-non-classe","8":"pa_destination-antalya","10":"first","11":"instock","12":"sale","13":"shipping-taxable","14":"purchasable","15":"product-type-tour_phys"},"_links":{"self":[{"href":"https:\/\/vetatourism.com\/pl\/wp-json\/wp\/v2\/product\/13905","targetHints":{"allow":["GET"]}}],"collection":[{"href":"https:\/\/vetatourism.com\/pl\/wp-json\/wp\/v2\/product"}],"about":[{"href":"https:\/\/vetatourism.com\/pl\/wp-json\/wp\/v2\/types\/product"}],"replies":[{"embeddable":true,"href":"https:\/\/vetatourism.com\/pl\/wp-json\/wp\/v2\/comments?post=13905"}],"wp:featuredmedia":[{"embeddable":true,"href":"https:\/\/vetatourism.com\/pl\/wp-json\/wp\/v2\/media\/13898"}],"wp:attachment":[{"href":"https:\/\/vetatourism.com\/pl\/wp-json\/wp\/v2\/media?parent=13905"}],"wp:term":[{"taxonomy":"product_brand","embeddable":true,"href":"https:\/\/vetatourism.com\/pl\/wp-json\/wp\/v2\/product_brand?post=13905"},{"taxonomy":"product_cat","embeddable":true,"href":"https:\/\/vetatourism.com\/pl\/wp-json\/wp\/v2\/product_cat?post=13905"},{"taxonomy":"product_tag","embeddable":true,"href":"https:\/\/vetatourism.com\/pl\/wp-json\/wp\/v2\/product_tag?post=13905"}],"curies":[{"name":"wp","href":"https:\/\/api.w.org\/{rel}","templated":true}]}}