{"id":13897,"date":"2026-01-30T09:53:59","date_gmt":"2026-01-30T09:53:59","guid":{"rendered":"https:\/\/vetatourism.com\/?post_type=product&#038;p=13897"},"modified":"2026-03-09T05:49:22","modified_gmt":"2026-03-09T05:49:22","slug":"the-land-of-legends-theme-park-tour-from-side-waterpark","status":"publish","type":"product","link":"https:\/\/vetatourism.com\/tours\/the-land-of-legends-theme-park-tour-from-side-waterpark","title":{"rendered":"Wycieczka po parku tematycznego \"Kraina legend\" z Side - park Wodny"},"content":{"rendered":"<p data-start=\"1365\" data-end=\"1657\">Zacznij sw\u00f3j dzie\u0144 z komfortowego transferu z Side i pobliskich region\u00f3w w parku rozrywki Land of Legends w Belek. Poczuj emocje od 62-metrowego \u043a\u0430\u0431\u043e\u0442\u0430\u0436\u043d\u043e\u0433\u043e statku Hyper Coaster lub spektakularnego upadku 43-metrowego \u043a\u0430\u0431\u043e\u0442\u0430\u0436\u043d\u043e\u0433\u043e statku Typhoon. Park wodny z ponad 40 zje\u017cd\u017calniami oferuje \u015bwietn\u0105 rozrywk\u0119 dla wszystkich grup wiekowych.<\/p>\n<p data-start=\"1659\" data-end=\"1905\">Rodziny b\u0119d\u0105 zachwyceni <strong data-start=\"1678\" data-end=\"1698\">Ziemia \u041d\u0438\u043a\u0435\u043b\u043e\u0434\u0435\u043e\u043d\u0430<\/strong>, gdzie mieszkaj\u0105 popularne postacie, takie jak Spongebob kanciastoporty i Patrol \u0141ap. Od zapieraj\u0105cych dech w piersiach atrakcji do relaksuj\u0105cych stref basen\u00f3w, park oferuje idealne po\u0142\u0105czenie emocji i komfortu dla u\u017cytkownik\u00f3w ka\u017cdej grupy wiekowej.<\/p>\n<p data-start=\"1907\" data-end=\"2061\">Cieszy\u0107 si\u0119 atrakcjami, baseny, obszar\u00f3w tematycznych i animacji w parku, zrelaksowa\u0107 si\u0119 podczas powrotnego transferu do hotelu z niezapomnianymi wspomnieniami.<\/p>\n<p>&nbsp;<\/p>\n<div style=\"max-width: 360px; margin: 0;\">\n<div style=\"position: relative; padding-top: 177.77%;\"><iframe style=\"position: absolute; top: 0; left: 0; width: 100%; height: 100%; border: 0;\" src=\"https:\/\/www.youtube.com\/embed\/St3lKbdWbVE\" allowfullscreen=\"allowfullscreen\"><br \/>\n<\/iframe><\/div>\n<\/div>\n<hr \/>\n<p>&nbsp;<\/p>\n<div class=\"tour-content-what-included\">\n<h4 id=\"whats-included\">Co wchodzi w zestaw<\/h4>\n<ul style=\"column-count: 2;\">\n<li>Pickup from hotels in Side Kumk\u00f6y, Evrenseki, \u00c7olakl\u0131 &amp; Manavgat<\/li>\n<li>Przylot do Krainy legend w Belek<\/li>\n<li>Czas wolny na jazd\u0119 na weso\u0142ym miasteczku, zje\u017cd\u017calnie, baseny i Nickelodeon Land (oko\u0142o 5-6 godzin)<\/li>\n<li>Transfer powrotny do hotelu<\/li>\n<\/ul>\n<\/div>\n<p>&nbsp;<\/p>\n<hr \/>\n<p>&nbsp;<\/p>\n<div class=\"tour-content-add-information\">\n<h4>Dodatkowe informacje<\/h4>\n<ul>\n<li>Czas trwania: oko\u0142o 7-8 godzin (wycieczka na ca\u0142y dzie\u0144)<\/li>\n<li>Przystosowany dla os\u00f3b niepe\u0142nosprawnych<\/li>\n<li>Wymagana jest umiarkowana aktywno\u015b\u0107 fizyczna<\/li>\n<li>Voucher nale\u017cy wymieni\u0107 w kasie<\/li>\n<li>Godziny otwarcia parku mog\u0105 r\u00f3\u017cni\u0107 si\u0119 w zale\u017cno\u015bci od sezonu<\/li>\n<\/ul>\n<p>&nbsp;<\/p>\n<\/div>\n<hr \/>\n<p>&nbsp;<\/p>\n<div class=\"tour-content-cancell-policy\">\n<p><strong>Co zabra\u0107 ze sob\u0105<\/strong><\/p>\n<ul style=\"column-count: 2;\">\n<li>Str\u00f3j k\u0105pielowy i r\u0119cznik \ud83d\udc59<\/li>\n<li>Wodne buty \ud83d\udc5f<\/li>\n<li>Pieni\u0105dze na osobiste wydatki \ud83d\udcb5<\/li>\n<\/ul>\n<\/div>","protected":false},"excerpt":{"rendered":"<p>Ciesz si\u0119 wycieczk\u0105 do parku tematycznego Land of Legends z Side! W najwi\u0119kszym aquaparku w Turcji jest ekscytuj\u0105ce zje\u017cd\u017calnie, Nickelodeon Land, baseny i rozrywka dla ca\u0142ej rodziny \u2014 transfer z hotelu jest w\u0142\u0105czony.<\/p>","protected":false},"featured_media":13898,"comment_status":"open","ping_status":"closed","template":"","meta":[],"product_brand":[],"product_cat":[15],"product_tag":[],"class_list":{"0":"post-13897","1":"product","2":"type-product","3":"status-publish","4":"has-post-thumbnail","6":"tour_phys-tours","7":"product_cat-non-classe","8":"pa_destination-side","10":"first","11":"instock","12":"sale","13":"shipping-taxable","14":"purchasable","15":"product-type-tour_phys"},"_links":{"self":[{"href":"https:\/\/vetatourism.com\/pl\/wp-json\/wp\/v2\/product\/13897","targetHints":{"allow":["GET"]}}],"collection":[{"href":"https:\/\/vetatourism.com\/pl\/wp-json\/wp\/v2\/product"}],"about":[{"href":"https:\/\/vetatourism.com\/pl\/wp-json\/wp\/v2\/types\/product"}],"replies":[{"embeddable":true,"href":"https:\/\/vetatourism.com\/pl\/wp-json\/wp\/v2\/comments?post=13897"}],"wp:featuredmedia":[{"embeddable":true,"href":"https:\/\/vetatourism.com\/pl\/wp-json\/wp\/v2\/media\/13898"}],"wp:attachment":[{"href":"https:\/\/vetatourism.com\/pl\/wp-json\/wp\/v2\/media?parent=13897"}],"wp:term":[{"taxonomy":"product_brand","embeddable":true,"href":"https:\/\/vetatourism.com\/pl\/wp-json\/wp\/v2\/product_brand?post=13897"},{"taxonomy":"product_cat","embeddable":true,"href":"https:\/\/vetatourism.com\/pl\/wp-json\/wp\/v2\/product_cat?post=13897"},{"taxonomy":"product_tag","embeddable":true,"href":"https:\/\/vetatourism.com\/pl\/wp-json\/wp\/v2\/product_tag?post=13897"}],"curies":[{"name":"wp","href":"https:\/\/api.w.org\/{rel}","templated":true}]}}