{"id":13896,"date":"2026-01-30T09:40:03","date_gmt":"2026-01-30T09:40:03","guid":{"rendered":"https:\/\/vetatourism.com\/?post_type=product&#038;p=13896"},"modified":"2026-04-09T08:52:49","modified_gmt":"2026-04-09T08:52:49","slug":"belek-turkish-bath-hamam-traditional-spa-experience","status":"publish","type":"product","link":"https:\/\/vetatourism.com\/tours\/belek-turkish-bath-hamam-traditional-spa-experience","title":{"rendered":"\u0141a\u017ania turecka Belek Hamam i Tradycyjny, Spa"},"content":{"rendered":"<p>Swoje do\u015bwiadczenie rozpoczyna si\u0119 z komfortowego transferu z hotelu w Belek lub okolic. Po przybyciu na tradycyjn\u0105 \u0142a\u017ani\u0119 tureck\u0105 zaczniesz swoje zdrowotne podr\u00f3\u017c w saunie i \u0142a\u017ani parowej, kt\u00f3re pomog\u0105 organizmowi odpocz\u0105\u0107 i w naturalny spos\u00f3b odkry\u0107 pory.<\/p>\n<p>Nast\u0119pnie u\u017cyj peeling do cia\u0142a, aby usun\u0105\u0107 przesuszone sk\u00f3r\u0119, a nast\u0119pnie wykonaj masa\u017c klasyczny z pianki, kt\u00f3ry sprawi, \u017ce sk\u00f3ra jest mi\u0119kka i \u043e\u0441\u0432\u0435\u0436\u0435\u043d\u043d\u043e\u0439. Nast\u0119pnie na\u0142\u00f3\u017c mask\u0119 gliny do czyszczenia i detoksykacji twarzy.<\/p>\n<p>Po pewnym odpoczynku lub k\u0105pieli w basenie mo\u017cna kontynuowa\u0107 sesj\u0119 20-minutowym aromaterapeutycznego masa\u017cu oleju, maj\u0105ce na celu roz\u0142adowa\u0107 napi\u0119cie i przywr\u00f3ci\u0107 r\u00f3wnowag\u0119. Zako\u0144cz swoj\u0105 wizyt\u0119 fili\u017cank\u0105 ciep\u0142ego tureckiej herbaty, zanim wr\u00f3ci\u0107 w sw\u00f3j hotel w pe\u0142ni wypocz\u0119ty.<\/p>\n<p>&nbsp;<\/p>\n<hr \/>\n<p>&nbsp;<\/p>\n<div class=\"tour-content-what-included\">\n<h4 id=\"whats-included\">Co wchodzi w zestaw<\/h4>\n<ul style=\"column-count: 2;\">\n<li>Odbi\u00f3r w\u0142asny z hoteli w Belek, \u041a\u0430\u0434\u0440\u0438\u0435 i \u0411\u043e\u0433\u0430\u0437\u043a\u0435\u043d\u0442\u0435<\/li>\n<li>Przylot w \u0142a\u017ani tureckiej<\/li>\n<li>Korzystanie z sauny i \u0142a\u017ani parowej<\/li>\n<li>Peeling do cia\u0142a i pianka do masa\u017cu<\/li>\n<li>Ceramika maska do twarzy i czas pobytu na basenie<\/li>\n<li>Aromaterapeutyczny masa\u017c oleju<\/li>\n<li>Transfer powrotny do hotelu<\/li>\n<\/ul>\n<\/div>\n<p>&nbsp;<\/p>\n<hr \/>\n<p>&nbsp;<\/p>\n<div class=\"tour-content-add-information\">\n<h4>Dodatkowe informacje<\/h4>\n<ul>\n<li>Czas trwania: oko\u0142o 2,5-3 godziny<\/li>\n<li>Korzystanie z sauny i \u0142a\u017ani parowej bez ogranicze\u0144 czasowych<\/li>\n<li>Nadaje si\u0119 zar\u00f3wno dla m\u0119\u017cczyzn i kobiet<\/li>\n<li>Poszczeg\u00f3lne opcje s\u0105 dost\u0119pne na \u017cyczenie<\/li>\n<li>Dzieci do 12 lat mog\u0105 uczestniczy\u0107 w zaj\u0119ciach pod opiek\u0105 rodzic\u00f3w<\/li>\n<\/ul>\n<\/div>\n<p>&nbsp;<\/p>\n<hr \/>\n<p>&nbsp;<\/p>\n<div class=\"tour-content-cancell-policy\">\n<p><strong>Co zabra\u0107 ze sob\u0105<\/strong><\/p>\n<ul style=\"column-count: 2;\">\n<li>Str\u00f3j k\u0105pielowy \ud83d\udc59<\/li>\n<li>R\u0119cznik (mo\u017ce by\u0107 udzielone w spa) \ud83e\uddd6\u2640\ufe0f<\/li>\n<li>Kapcie lub klapki\ud83e\ude74<\/li>\n<\/ul>\n<\/div>","protected":false},"excerpt":{"rendered":"<p>Zrelaksowa\u0107 si\u0119 w tradycyjnej \u0142a\u017ani tureckiej w Belek z saun\u0105, peeling, \u043f\u0435\u043d\u043d\u044b\u043c masa\u017cem i aromaterapi\u0105. Transfer z hotelu wliczone jest w cen\u0119. Od\u015bwie\u017c cia\u0142o i umys\u0142.<\/p>","protected":false},"featured_media":13865,"comment_status":"open","ping_status":"closed","template":"","meta":[],"product_brand":[],"product_cat":[],"product_tag":[],"class_list":{"0":"post-13896","1":"product","2":"type-product","3":"status-publish","4":"has-post-thumbnail","6":"tour_phys-tours","7":"pa_destination-belek","9":"first","10":"instock","11":"shipping-taxable","12":"purchasable","13":"product-type-tour_phys"},"_links":{"self":[{"href":"https:\/\/vetatourism.com\/pl\/wp-json\/wp\/v2\/product\/13896","targetHints":{"allow":["GET"]}}],"collection":[{"href":"https:\/\/vetatourism.com\/pl\/wp-json\/wp\/v2\/product"}],"about":[{"href":"https:\/\/vetatourism.com\/pl\/wp-json\/wp\/v2\/types\/product"}],"replies":[{"embeddable":true,"href":"https:\/\/vetatourism.com\/pl\/wp-json\/wp\/v2\/comments?post=13896"}],"wp:featuredmedia":[{"embeddable":true,"href":"https:\/\/vetatourism.com\/pl\/wp-json\/wp\/v2\/media\/13865"}],"wp:attachment":[{"href":"https:\/\/vetatourism.com\/pl\/wp-json\/wp\/v2\/media?parent=13896"}],"wp:term":[{"taxonomy":"product_brand","embeddable":true,"href":"https:\/\/vetatourism.com\/pl\/wp-json\/wp\/v2\/product_brand?post=13896"},{"taxonomy":"product_cat","embeddable":true,"href":"https:\/\/vetatourism.com\/pl\/wp-json\/wp\/v2\/product_cat?post=13896"},{"taxonomy":"product_tag","embeddable":true,"href":"https:\/\/vetatourism.com\/pl\/wp-json\/wp\/v2\/product_tag?post=13896"}],"curies":[{"name":"wp","href":"https:\/\/api.w.org\/{rel}","templated":true}]}}