{"id":13863,"date":"2026-01-30T08:09:01","date_gmt":"2026-01-30T08:09:01","guid":{"rendered":"https:\/\/vetatourism.com\/?post_type=product&#038;p=13863"},"modified":"2026-04-09T08:54:07","modified_gmt":"2026-04-09T08:54:07","slug":"side-turkish-bath-hamam-traditional-spa-experience","status":"publish","type":"product","link":"https:\/\/vetatourism.com\/tours\/side-turkish-bath-hamam-traditional-spa-experience","title":{"rendered":"\u0141a\u017ania turecka Side Hamam i Tradycyjny, Spa"},"content":{"rendered":"<p data-start=\"4269\" data-end=\"4473\">Tw\u00f3j relaksuj\u0105cy dzie\u0144 zaczyna si\u0119 od tego, \u017ce przyjdziemy do was z hotelu w Side lub jego okolicy. Po przybyciu na \u0142a\u017ani\u0119 tureck\u0105 zacznij od wizyty w saunie i \u0142a\u017ani parowej, aby przygotowa\u0107 swoje cia\u0142o do zabieg\u00f3w.<\/p>\n<p data-start=\"4475\" data-end=\"4659\">Skorzystaj peeling ca\u0142ego cia\u0142a, aby \u043e\u0442\u0448\u0435\u043b\u0443\u0448\u0438\u0442\u044c sk\u00f3r\u0119, po czym zr\u00f3b masa\u017c z obfitej piany - jedna z najbardziej ulubionych tradycji \u0142a\u017ani tureckiej. Nast\u0119pnie na\u0142\u00f3\u017c mask\u0119 gliny, aby oczy\u015bci\u0107 i od\u015bwie\u017cy\u0107 twarz.<\/p>\n<p data-start=\"4661\" data-end=\"4859\">Po odpoczynku lub p\u0142ywania zako\u0144czy\u0107 swoj\u0105 wizyt\u0119 20-minutowy masa\u017c z olejk\u00f3w aromaterapeutycznych, kt\u00f3ry w pe\u0142ni zrelaksuje twoje cia\u0142o. Przed powrotem do hotelu wypi\u0107 fili\u017cank\u0119 tradycyjnej tureckiej herbaty.<\/p>\n<p>&nbsp;<\/p>\n<hr \/>\n<p>&nbsp;<\/p>\n<div class=\"tour-content-what-included\">\n<h4 id=\"whats-included\">Co wchodzi w zestaw<\/h4>\n<ul style=\"column-count: 2;\">\n<li>Transfer z hoteli w Side i jego okolic<\/li>\n<li>Przylot w \u0142a\u017ani tureckiej<\/li>\n<li>Korzystanie z sauny i \u0142a\u017ani parowej<\/li>\n<li>Peeling do cia\u0142a i pianka do masa\u017cu<\/li>\n<li>Ceramika maska do twarzy i czas pobytu na basenie<\/li>\n<li>Aromaterapeutyczny masa\u017c oleju<\/li>\n<li>Transfer powrotny do hotelu<\/li>\n<\/ul>\n<\/div>\n<p>&nbsp;<\/p>\n<hr \/>\n<p>&nbsp;<\/p>\n<div class=\"tour-content-add-information\">\n<h4>Dodatkowe informacje<\/h4>\n<ul>\n<li>Czas trwania: oko\u0142o 2,5-3 godziny<\/li>\n<li>Korzystanie z sauny i \u0142a\u017ani parowej bez ogranicze\u0144 czasowych<\/li>\n<li>Nadaje si\u0119 zar\u00f3wno dla m\u0119\u017cczyzn i kobiet<\/li>\n<li>Poszczeg\u00f3lne opcje s\u0105 dost\u0119pne na \u017cyczenie<\/li>\n<li>Dzieci do 12 lat mog\u0105 uczestniczy\u0107 w zaj\u0119ciach pod opiek\u0105 rodzic\u00f3w<\/li>\n<\/ul>\n<p>&nbsp;<\/p>\n<\/div>\n<hr \/>\n<p>&nbsp;<\/p>\n<div class=\"tour-content-cancell-policy\">\n<p><strong>Co zabra\u0107 ze sob\u0105<\/strong><\/p>\n<ul style=\"column-count: 2;\">\n<li>Str\u00f3j k\u0105pielowy \ud83d\udc59<\/li>\n<li>R\u0119cznik (mo\u017ce by\u0107 udzielone w spa) \ud83e\uddd6\u2640\ufe0f<\/li>\n<li>Kapcie lub klapki\ud83e\ude74<\/li>\n<\/ul>\n<\/div>","protected":false},"excerpt":{"rendered":"<p>Zapraszamy na tradycyjn\u0105 \u0142a\u017ani\u0105 tureck\u0105 w Side z saun\u0105, \u0441\u043a\u0440\u0430\u0431\u0438\u0440\u043e\u0432\u0430\u043d\u0438\u0435\u043c, \u043f\u0435\u043d\u043d\u044b\u043c masa\u017cem i aromaterapi\u0105. Relaksuj\u0105ce spa-do\u015bwiadczenie z transferem z hotelu.<\/p>","protected":false},"featured_media":13865,"comment_status":"open","ping_status":"closed","template":"","meta":[],"product_brand":[],"product_cat":[],"product_tag":[],"class_list":{"0":"post-13863","1":"product","2":"type-product","3":"status-publish","4":"has-post-thumbnail","6":"tour_phys-tours","7":"pa_destination-side","9":"first","10":"instock","11":"shipping-taxable","12":"purchasable","13":"product-type-tour_phys"},"_links":{"self":[{"href":"https:\/\/vetatourism.com\/pl\/wp-json\/wp\/v2\/product\/13863","targetHints":{"allow":["GET"]}}],"collection":[{"href":"https:\/\/vetatourism.com\/pl\/wp-json\/wp\/v2\/product"}],"about":[{"href":"https:\/\/vetatourism.com\/pl\/wp-json\/wp\/v2\/types\/product"}],"replies":[{"embeddable":true,"href":"https:\/\/vetatourism.com\/pl\/wp-json\/wp\/v2\/comments?post=13863"}],"wp:featuredmedia":[{"embeddable":true,"href":"https:\/\/vetatourism.com\/pl\/wp-json\/wp\/v2\/media\/13865"}],"wp:attachment":[{"href":"https:\/\/vetatourism.com\/pl\/wp-json\/wp\/v2\/media?parent=13863"}],"wp:term":[{"taxonomy":"product_brand","embeddable":true,"href":"https:\/\/vetatourism.com\/pl\/wp-json\/wp\/v2\/product_brand?post=13863"},{"taxonomy":"product_cat","embeddable":true,"href":"https:\/\/vetatourism.com\/pl\/wp-json\/wp\/v2\/product_cat?post=13863"},{"taxonomy":"product_tag","embeddable":true,"href":"https:\/\/vetatourism.com\/pl\/wp-json\/wp\/v2\/product_tag?post=13863"}],"curies":[{"name":"wp","href":"https:\/\/api.w.org\/{rel}","templated":true}]}}