{"id":13862,"date":"2026-01-30T08:02:56","date_gmt":"2026-01-30T08:02:56","guid":{"rendered":"https:\/\/vetatourism.com\/?post_type=product&#038;p=13862"},"modified":"2026-04-09T08:57:57","modified_gmt":"2026-04-09T08:57:57","slug":"olympos-teleferik-cable-car-to-tahtali-mountain-from-belek-2365m","status":"publish","type":"product","link":"https:\/\/vetatourism.com\/tours\/olympos-teleferik-cable-car-to-tahtali-mountain-from-belek-2365m","title":{"rendered":"Kolejka Olympos \u0422\u0435\u043b\u0435\u0444\u0435\u0440\u0438\u043a na g\u00f3r\u0119 Tahtali z \u0411\u0435\u043b\u0435\u043a\u0430 (2365 m)"},"content":{"rendered":"<p data-start=\"4422\" data-end=\"4614\">Tw\u00f3j dzie\u0144 zaczyna si\u0119 od transferu z hotelu w Side lub jego okolicy. Go\u015bcie mog\u0105 zrelaksowa\u0107 si\u0119 podczas pi\u0119knej wycieczki do parku narodowego \u0411\u0435\u0439\u0434\u0430\u0433\u043b\u0430\u0440\u044b, zanim si\u0119 do podstawowej stacji kolejki linowej Olympos.<\/p>\n<p data-start=\"4616\" data-end=\"4834\">Ciesz si\u0119 p\u0142ynnym wzrostem w kabinie nowoczesnej kolejki linowej, wspinaj\u0105c si\u0119 na wysoko\u015bci 2365 m za oko\u0142o 10-12 minut. Wspinaczka, podziwia\u0107 zapieraj\u0105ce dech w piersiach widoki na lasy, g\u00f3ry i wybrze\u017ce morza \u015ar\u00f3dziemnego, rozci\u0105gaj\u0105ce si\u0119 w dole.<\/p>\n<p data-start=\"4836\" data-end=\"5057\">Na g\u00f3rze masz oko\u0142o godziny wolnego czasu, aby obejrze\u0107 miejsca widokowe, zrobi\u0107 zdj\u0119cia, odwiedzi\u0107 sklepy z pami\u0105tkami lub po prostu zrelaksowa\u0107 si\u0119 i cieszy\u0107 si\u0119 \u015bwie\u017cym g\u00f3rskim powietrzem. Nast\u0119pnie zjecha\u0107 kolejk\u0105 linow\u0105 i wr\u00f3\u0107 do swojego hotelu.<\/p>\n<p>&nbsp;<\/p>\n<hr \/>\n<p>&nbsp;<\/p>\n<div class=\"tour-content-what-included\">\n<h4 id=\"whats-included\">Co wchodzi w zestaw<\/h4>\n<ul style=\"column-count: 2;\">\n<li>Transfer z hoteli w Side i przysta\u0144 w okolicy<\/li>\n<li>Malownicza wycieczka do parku narodowego \u0411\u0435\u0439\u0434\u0430\u0433\u043b\u0430\u0440\u044b<\/li>\n<li>Przyjazd na stacj\u0119 kolejki linowej Olympos<\/li>\n<li>Wyjazd kolejk\u0105 linow\u0105 na szczyt Tahtali<\/li>\n<li>Czas wolny na szczycie (ok. 1 godzin\u0119)<\/li>\n<li>Transfer powrotny do hotelu<\/li>\n<\/ul>\n<\/div>\n<p>&nbsp;<\/p>\n<hr \/>\n<p>&nbsp;<\/p>\n<div class=\"tour-content-add-information\">\n<h4>Dodatkowe informacje<\/h4>\n<ul>\n<li>Czas trwania wycieczki: oko\u0142o 4-5 godzin<\/li>\n<li>Czas jazdy kolejk\u0105 linow\u0105: 10-12 min.<\/li>\n<li>Ni\u017csze temperatury na szczycie<\/li>\n<li>Za darmo dla dzieci mo\u017ce by\u0107 przyznane szczeg\u00f3lne miejsce w autobusie, je\u015bli autobus jest przepe\u0142niony<\/li>\n<\/ul>\n<p>&nbsp;<\/p>\n<\/div>\n<hr \/>\n<p>&nbsp;<\/p>\n<div class=\"tour-content-cancell-policy\">\n<p><strong>Co zabra\u0107 ze sob\u0105<\/strong><\/p>\n<ul style=\"column-count: 2;\">\n<li>Wygodne buty\ud83d\udc5f<\/li>\n<li>Okulary\ud83d\udd76\ufe0f<\/li>\n<li>Lekka kurtka lub sweter\ud83e\udde5<\/li>\n<li>Aparat lub smartfon \ud83d\udcf1<\/li>\n<\/ul>\n<\/div>","protected":false},"excerpt":{"rendered":"<p>Wybra\u0107 si\u0119 na przeja\u017cd\u017ck\u0119 kolejk\u0105 linow\u0105 Olympos z \u0411\u0435\u043b\u0435\u043a\u0430 na g\u00f3r\u0119 Tahtali na wysoko\u015bci 2365 metr\u00f3w. Ciesz si\u0119 panoramiczne widoki, \u015bwie\u017ce powietrze i transferem z hotelu.<\/p>","protected":false},"featured_media":13854,"comment_status":"open","ping_status":"closed","template":"","meta":[],"product_brand":[],"product_cat":[],"product_tag":[],"class_list":{"0":"post-13862","1":"product","2":"type-product","3":"status-publish","4":"has-post-thumbnail","6":"tour_phys-tours","7":"pa_destination-belek","9":"first","10":"instock","11":"shipping-taxable","12":"purchasable","13":"product-type-tour_phys"},"_links":{"self":[{"href":"https:\/\/vetatourism.com\/pl\/wp-json\/wp\/v2\/product\/13862","targetHints":{"allow":["GET"]}}],"collection":[{"href":"https:\/\/vetatourism.com\/pl\/wp-json\/wp\/v2\/product"}],"about":[{"href":"https:\/\/vetatourism.com\/pl\/wp-json\/wp\/v2\/types\/product"}],"replies":[{"embeddable":true,"href":"https:\/\/vetatourism.com\/pl\/wp-json\/wp\/v2\/comments?post=13862"}],"wp:featuredmedia":[{"embeddable":true,"href":"https:\/\/vetatourism.com\/pl\/wp-json\/wp\/v2\/media\/13854"}],"wp:attachment":[{"href":"https:\/\/vetatourism.com\/pl\/wp-json\/wp\/v2\/media?parent=13862"}],"wp:term":[{"taxonomy":"product_brand","embeddable":true,"href":"https:\/\/vetatourism.com\/pl\/wp-json\/wp\/v2\/product_brand?post=13862"},{"taxonomy":"product_cat","embeddable":true,"href":"https:\/\/vetatourism.com\/pl\/wp-json\/wp\/v2\/product_cat?post=13862"},{"taxonomy":"product_tag","embeddable":true,"href":"https:\/\/vetatourism.com\/pl\/wp-json\/wp\/v2\/product_tag?post=13862"}],"curies":[{"name":"wp","href":"https:\/\/api.w.org\/{rel}","templated":true}]}}