{"id":13852,"date":"2026-01-30T07:49:10","date_gmt":"2026-01-30T07:49:10","guid":{"rendered":"https:\/\/vetatourism.com\/?post_type=product&#038;p=13852"},"modified":"2026-04-08T11:04:40","modified_gmt":"2026-04-08T11:04:40","slug":"belek-quad-safari-tour-thrilling-off-road-adventure","status":"publish","type":"product","link":"https:\/\/vetatourism.com\/tours\/belek-quad-safari-tour-thrilling-off-road-adventure","title":{"rendered":"Safari-wycieczka na quadach dla \u0411\u0435\u043b\u0435\u043a\u0443, Ekscytuj\u0105ce przygody off-road"},"content":{"rendered":"<p data-start=\"1387\" data-end=\"1631\">Twoja przygoda zaczyna si\u0119 od tego, \u017ce przyjdziemy do was z hotelu w Belek lub okolic. Po przybyciu do obozu quad safari profesjonalni instruktorzy prowadz\u0105 szkolenia z zakresu bezpiecze\u0144stwa i kr\u00f3tki test-drive, aby ka\u017cdy czu\u0142 si\u0119 pewnie przed wyjazdem.<\/p>\n<p data-start=\"1633\" data-end=\"1842\">Kiedy b\u0119dziesz gotowy, udaj si\u0119 do safari na quadach po le\u015bnych \u015bcie\u017ckach, drogach gruntowych i skalistym terenie g\u00f3rzystym. Ciesz si\u0119 ostrymi doznaniami z jazdy po b\u0142otnistych odcinkach i nier\u00f3wnych szlakach, w otoczeniu wspania\u0142ych krajobraz\u00f3w naturalnych.<\/p>\n<p data-start=\"1844\" data-end=\"2162\">W po\u0142owie trasy, zatrzymaj si\u0119 na panoramicznym tarasie widokowym, aby odpocz\u0105\u0107, zrobi\u0107 zdj\u0119cia i cieszy\u0107 si\u0119 widokiem na g\u00f3ry. Druga cz\u0119\u015b\u0107 safari staje si\u0119 bardziej ekscytuj\u0105ce dzi\u0119ki bardziej stromych szlakach i stromych zakr\u0119t\u00f3w. Po podr\u00f3\u017cy zach\u0119camy do relaksu, k\u0105pieli w kanionie, przed powrotem do obozu, a nast\u0119pnie z powrotem do hotelu.<\/p>\n<p>&nbsp;<\/p>\n<hr \/>\n<p>&nbsp;<\/p>\n<div class=\"tour-content-what-included\">\n<h4 id=\"whats-included\">Co wchodzi w zestaw<\/h4>\n<ul style=\"column-count: 2;\">\n<li>Odbi\u00f3r w\u0142asny z hoteli w Belek i okolicy<\/li>\n<li>Przyjazd do obozu atv safari<\/li>\n<li>Szkolenia z zakresu bezpiecze\u0144stwa i jazd\u0119 pr\u00f3bn\u0105<\/li>\n<li>Safari na quadach po g\u00f3rskich szlakach<\/li>\n<li>Sesja zdj\u0119ciowa na malowniczym tarasie widokowym<\/li>\n<li>Przerwa na p\u0142ywanie w kanionie<\/li>\n<li>Transfer powrotny do hotelu<\/li>\n<\/ul>\n<\/div>\n<p>&nbsp;<\/p>\n<hr \/>\n<p>&nbsp;<\/p>\n<div class=\"tour-content-add-information\">\n<h4>Dodatkowe informacje<\/h4>\n<ul>\n<li>Prawo jazdy nie jest wymagane<\/li>\n<li>Nadaje si\u0119 dla pocz\u0105tkuj\u0105cych jak i do\u015bwiadczonych rider\u00f3w<\/li>\n<li>Minimalny wiek: 17 lat<\/li>\n<li>Nier\u00f3wny teren \u2014 zalecane jest dobry balans<\/li>\n<li>Stanowi sprz\u0119t ochronny<\/li>\n<\/ul>\n<p>&nbsp;<\/p>\n<\/div>\n<hr \/>\n<p>&nbsp;<\/p>\n<div class=\"tour-content-cancell-policy\">\n<p><strong>Co zabra\u0107 ze sob\u0105<\/strong><\/p>\n<ul style=\"column-count: 2;\">\n<li>Wygodne ubranie i buty\ud83d\udc55<\/li>\n<li>Krem\ud83e\uddf4<\/li>\n<li>Str\u00f3j k\u0105pielowy i r\u0119cznik <img decoding=\"async\" class=\"emoji\" role=\"img\" draggable=\"false\" src=\"https:\/\/s.w.org\/images\/core\/emoji\/17.0.2\/svg\/1fa71.svg\" alt=\"\ud83e\ude71\" \/><\/li>\n<li>Pieni\u0105dze na osobiste wydatki <img decoding=\"async\" class=\"emoji\" role=\"img\" draggable=\"false\" src=\"https:\/\/s.w.org\/images\/core\/emoji\/17.0.2\/svg\/1f4b3.svg\" alt=\"\ud83d\udcb3\" \/><\/li>\n<\/ul>\n<\/div>","protected":false},"excerpt":{"rendered":"<p>Do\u0142\u0105cz do ekscytuj\u0105cej safari na quadach z \u0411\u0435\u043b\u0435\u043a\u0430 w g\u00f3rach Taurus. Wybra\u0107 si\u0119 na przeja\u017cd\u017ck\u0119 po bezdro\u017cach, pop\u0142ywa\u0107 w kanionie, transfer z hotelu wliczone jest w cen\u0119.<\/p>","protected":false},"featured_media":13845,"comment_status":"open","ping_status":"closed","template":"","meta":[],"product_brand":[],"product_cat":[],"product_tag":[],"class_list":{"0":"post-13852","1":"product","2":"type-product","3":"status-publish","4":"has-post-thumbnail","6":"tour_phys-tours","7":"pa_destination-belek","9":"first","10":"instock","11":"sale","12":"shipping-taxable","13":"purchasable","14":"product-type-tour_phys"},"_links":{"self":[{"href":"https:\/\/vetatourism.com\/pl\/wp-json\/wp\/v2\/product\/13852","targetHints":{"allow":["GET"]}}],"collection":[{"href":"https:\/\/vetatourism.com\/pl\/wp-json\/wp\/v2\/product"}],"about":[{"href":"https:\/\/vetatourism.com\/pl\/wp-json\/wp\/v2\/types\/product"}],"replies":[{"embeddable":true,"href":"https:\/\/vetatourism.com\/pl\/wp-json\/wp\/v2\/comments?post=13852"}],"wp:featuredmedia":[{"embeddable":true,"href":"https:\/\/vetatourism.com\/pl\/wp-json\/wp\/v2\/media\/13845"}],"wp:attachment":[{"href":"https:\/\/vetatourism.com\/pl\/wp-json\/wp\/v2\/media?parent=13852"}],"wp:term":[{"taxonomy":"product_brand","embeddable":true,"href":"https:\/\/vetatourism.com\/pl\/wp-json\/wp\/v2\/product_brand?post=13852"},{"taxonomy":"product_cat","embeddable":true,"href":"https:\/\/vetatourism.com\/pl\/wp-json\/wp\/v2\/product_cat?post=13852"},{"taxonomy":"product_tag","embeddable":true,"href":"https:\/\/vetatourism.com\/pl\/wp-json\/wp\/v2\/product_tag?post=13852"}],"curies":[{"name":"wp","href":"https:\/\/api.w.org\/{rel}","templated":true}]}}