{"id":13843,"date":"2026-01-30T07:01:54","date_gmt":"2026-01-30T07:01:54","guid":{"rendered":"https:\/\/vetatourism.com\/?post_type=product&#038;p=13843"},"modified":"2026-03-09T05:49:52","modified_gmt":"2026-03-09T05:49:52","slug":"belek-jeep-safari-tour-explore-taurus-mountains","status":"publish","type":"product","link":"https:\/\/vetatourism.com\/tours\/belek-jeep-safari-tour-explore-taurus-mountains","title":{"rendered":"Safari\u2013wycieczka samochodami Terenowymi po \u0411\u0435\u043b\u0435\u043a\u0443 - Poznaj G\u00f3ry Taurus"},"content":{"rendered":"<div data-start=\"1373\" data-end=\"1664\">\n<div data-start=\"1373\" data-end=\"1664\">\n<div data-start=\"1351\" data-end=\"1616\">Twoja przygoda zaczyna si\u0119 od tego, \u017ce przyjdziemy do was z hotelu w mie\u015bcie Belek. Po spotkaniu z przyjaznych kierowc\u00f3w udaj si\u0119 na jeepa z otwartym dachem 4 \u00d7 4 w stron\u0119 g\u00f3r Taurus. Ciesz si\u0119 \u015bwie\u017cym g\u00f3rskim powietrzem, pi\u0119knymi krajobrazami i pi\u0119knymi trasami na drodze, przechodz\u0105cych przez lasy i \u043f\u0435\u0440\u0435\u0441\u0435\u0447\u0435\u043d\u043d\u0443\u044e teren.<\/div>\n<div data-start=\"1618\" data-end=\"1817\">Po drodze mo\u017cna odwiedzi\u0107 lokalne wioski, aby zobaczy\u0107 tradycyjn\u0105 wiejsk\u0105 \u017cycie i zatrzyma\u0107 si\u0119 u malownicze punkty widokowe dla zdj\u0119\u0107. W po\u0142udnie zapraszamy na pyszny obiad-grill w stylu rustykalnym restauracji na \u0142onie natury.<\/div>\n<div data-start=\"1819\" data-end=\"2112\">Po obiedzie zach\u0119camy do relaksu, k\u0105pieli w naturalnej g\u00f3rskiej rzece, lub zrelaksowa\u0107 si\u0119 nad wod\u0105. W drodze powrotnej we\u017a udzia\u0142 w opcjonalny wodnym pojedynku mi\u0119dzy jeepy weso\u0142ym i \u0437\u0430\u043f\u043e\u043c\u0438\u043d\u0430\u044e\u0449\u0435\u043c\u0441\u044f zdarzeniu wycieczki. W ko\u0144cu wracamy do swojego stylu, z niezapomnianymi wspomnieniami o przygodach i naturze.<\/div>\n<\/div>\n<\/div>\n<p>&nbsp;<\/p>\n<hr \/>\n<p>&nbsp;<\/p>\n<div class=\"tour-content-what-included\">\n<h4 id=\"whats-included\">Co wchodzi w zestaw<\/h4>\n<ul style=\"column-count: 2;\">\n<li>Odbi\u00f3r w\u0142asny z hoteli w Belek<\/li>\n<li>Wyjazd na drodze w g\u00f3ry Taurus<\/li>\n<li>Wizyta w tradycyjnej g\u00f3rskiej wioski<\/li>\n<li>Malownicze przystanku do robienia zdj\u0119\u0107<\/li>\n<li>Obiad-grill na \u0142onie natury<\/li>\n<li>Przerwa na k\u0105piel w g\u00f3rskiej rzece<\/li>\n<li>Artyku\u0142 walka z wod\u0105<\/li>\n<li>Transfer powrotny do hotelu<\/li>\n<\/ul>\n<\/div>\n<p>&nbsp;<\/p>\n<hr \/>\n<p>&nbsp;<\/p>\n<div class=\"tour-content-add-information\">\n<h4>Dodatkowe informacje<\/h4>\n<ul>\n<li>Czas trwania: oko\u0142o 6-7 godzin<\/li>\n<li>Wycieczka odbywa si\u0119 na jeep safari z otwartym dachem<\/li>\n<li>Idealny dla rodzin i mi\u0142o\u015bnik\u00f3w przyg\u00f3d<\/li>\n<li>Umiarkowana aktywno\u015b\u0107 fizyczna<\/li>\n<li>Przygotuj si\u0119 przy g\u0142\u00f3wnym wej\u015bciu do hotelu o 10 minut przed przyjazdem<\/li>\n<\/ul>\n<p>&nbsp;<\/p>\n<\/div>\n<hr \/>\n<p>&nbsp;<\/p>\n<div class=\"tour-content-cancell-policy\">\n<p><strong>Co zabra\u0107 ze sob\u0105<\/strong><\/p>\n<ul style=\"column-count: 2;\">\n<li>Wygodne ubranie i buty\ud83d\udc55<\/li>\n<li>Krem \ud83e\uddf4<\/li>\n<li>Str\u00f3j k\u0105pielowy i r\u0119cznik <img decoding=\"async\" class=\"emoji\" role=\"img\" draggable=\"false\" src=\"https:\/\/s.w.org\/images\/core\/emoji\/17.0.2\/svg\/1fa71.svg\" alt=\"\ud83e\ude71\" \/><\/li>\n<li>Pieni\u0105dze na picie i wydatki osobiste <img decoding=\"async\" class=\"emoji\" role=\"img\" draggable=\"false\" src=\"https:\/\/s.w.org\/images\/core\/emoji\/17.0.2\/svg\/1f4b3.svg\" alt=\"\ud83d\udcb3\" \/><\/li>\n<\/ul>\n<\/div>","protected":false},"excerpt":{"rendered":"<p>Join a Jeep Safari from Belek in the Taurus Mountains. Drive 4&#215;4 jeeps, visit villages, swim in rivers, enjoy BBQ lunch and hotel transfers.<\/p>","protected":false},"featured_media":13834,"comment_status":"open","ping_status":"closed","template":"","meta":[],"product_brand":[],"product_cat":[15],"product_tag":[],"class_list":{"0":"post-13843","1":"product","2":"type-product","3":"status-publish","4":"has-post-thumbnail","6":"tour_phys-tours","7":"product_cat-non-classe","8":"pa_destination-belek","10":"first","11":"instock","12":"sale","13":"shipping-taxable","14":"purchasable","15":"product-type-tour_phys"},"_links":{"self":[{"href":"https:\/\/vetatourism.com\/pl\/wp-json\/wp\/v2\/product\/13843","targetHints":{"allow":["GET"]}}],"collection":[{"href":"https:\/\/vetatourism.com\/pl\/wp-json\/wp\/v2\/product"}],"about":[{"href":"https:\/\/vetatourism.com\/pl\/wp-json\/wp\/v2\/types\/product"}],"replies":[{"embeddable":true,"href":"https:\/\/vetatourism.com\/pl\/wp-json\/wp\/v2\/comments?post=13843"}],"wp:featuredmedia":[{"embeddable":true,"href":"https:\/\/vetatourism.com\/pl\/wp-json\/wp\/v2\/media\/13834"}],"wp:attachment":[{"href":"https:\/\/vetatourism.com\/pl\/wp-json\/wp\/v2\/media?parent=13843"}],"wp:term":[{"taxonomy":"product_brand","embeddable":true,"href":"https:\/\/vetatourism.com\/pl\/wp-json\/wp\/v2\/product_brand?post=13843"},{"taxonomy":"product_cat","embeddable":true,"href":"https:\/\/vetatourism.com\/pl\/wp-json\/wp\/v2\/product_cat?post=13843"},{"taxonomy":"product_tag","embeddable":true,"href":"https:\/\/vetatourism.com\/pl\/wp-json\/wp\/v2\/product_tag?post=13843"}],"curies":[{"name":"wp","href":"https:\/\/api.w.org\/{rel}","templated":true}]}}