{"id":13832,"date":"2026-01-30T06:48:17","date_gmt":"2026-01-30T06:48:17","guid":{"rendered":"https:\/\/vetatourism.com\/?post_type=product&#038;p=13832"},"modified":"2026-03-09T05:50:03","modified_gmt":"2026-03-09T05:50:03","slug":"kemer-sea-fishing-tour-breakfast-lunch-included","status":"publish","type":"product","link":"https:\/\/vetatourism.com\/tours\/kemer-sea-fishing-tour-breakfast-lunch-included","title":{"rendered":"Wycieczka w w\u0119dkarstwie w Kemer - \u015aniadanie i obiad wliczone w cen\u0119"},"content":{"rendered":"<div data-start=\"2005\" data-end=\"2145\">\n<div data-start=\"1321\" data-end=\"1559\">Tw\u00f3j dzie\u0144 zaczyna si\u0119 od komfortowego transferu z hotelu w Kemer lub pobliskich obszarach, po kt\u00f3rych nast\u0119puje transfer do przystani. Usi\u0105d\u017a na w pe\u0142ni wyposa\u017con\u0105 kutra i ciesz si\u0119 smacznym \u015bniadaniem w trakcie rejsu po spokojnym morzu \u015br\u00f3dziemnym.<\/div>\n<div data-start=\"1561\" data-end=\"1815\">Niezale\u017cnie od tego, czy jeste\u015b nowicjuszem w w\u0119dkarstwie lub masz do\u015bwiadczenie, przyjazny zesp\u00f3\u0142 zapewni wszystkie niezb\u0119dne urz\u0105dzenia i instrukcje, kt\u00f3re pomog\u0105 ci cieszy\u0107 si\u0119 tym zaj\u0119ciem. A\u017c \u0142\u00f3dka stoi na kotwicy w najlepszych miejscach do w\u0119dkowania, spr\u00f3buj szcz\u0119\u015bcia, ciesz\u0105c si\u0119 spokojn\u0105 morskiej atmosferze.<\/div>\n<div data-start=\"1817\" data-end=\"2119\">Podczas wycieczki zatrzymuj\u0105 si\u0119 w ustronnych zatoczek, aby och\u0142odzi\u0107 si\u0119 w turkusowych wodach. Na obiad mo\u017cna zje\u015b\u0107 \u015bwie\u017co przygotowane posi\u0142ki na pok\u0142adzie, w tym, w razie potrzeby, sw\u00f3j dzienny po\u0142\u00f3w. Po relaksuj\u0105cy i przyjemny pobyt na morze wr\u00f3ci\u0107 na przysta\u0144, a zostaniesz przeniesiony z powrotem do swojego stylu, z pi\u0119knymi wspomnieniami.<\/div>\n<\/div>\n<div data-start=\"2005\" data-end=\"2145\"><\/div>\n<hr \/>\n<p>&nbsp;<\/p>\n<div class=\"tour-content-what-included\">\n<h4 id=\"whats-included\">Co wchodzi w zestaw<\/h4>\n<ul style=\"column-count: 2;\">\n<li>Odbi\u00f3r w\u0142asny z hoteli w Kemer i jego okolic<\/li>\n<li>Przylot na przysta\u0144 Kemer i wej\u015bcia na pok\u0142ad<\/li>\n<li>\u015aniadanie na pok\u0142adzie<\/li>\n<li>W\u0119dkowanie z wyposa\u017ceniem i instrukcj\u0105<\/li>\n<li>K\u0105piel zatrzymuje si\u0119 w malowniczych zatoczek<\/li>\n<li>Obiad na pok\u0142adzie (\u015bwie\u017cy po\u0142\u00f3w na \u017cyczenie)<\/li>\n<li>Powr\u00f3t na przysta\u0144 dla jacht\u00f3w i hotel<\/li>\n<\/ul>\n<p>&nbsp;<\/p>\n<\/div>\n<hr \/>\n<p>&nbsp;<\/p>\n<div class=\"tour-content-add-information\">\n<h4>Dodatkowe informacje<\/h4>\n<ul>\n<li>Czas trwania: oko\u0142o 4-6 godzin (wycieczka na p\u00f3\u0142 dnia)<\/li>\n<li>Niska lub umiarkowana aktywno\u015b\u0107 fizyczna<\/li>\n<li>Dzieci poni\u017cej 5 lat podr\u00f3\u017cuj\u0105 bezp\u0142atnie (bez oddzielnego miejsca)<\/li>\n<li>Wegetaria\u0144skie dania przygotowywane s\u0105 na \u017cyczenie<\/li>\n<li>Trasa uzale\u017cniona od warunk\u00f3w pogodowych<\/li>\n<\/ul>\n<p>&nbsp;<\/p>\n<\/div>\n<hr \/>\n<p>&nbsp;<\/p>\n<div class=\"tour-content-cancell-policy\">\n<p><strong>Co zabra\u0107 ze sob\u0105<\/strong><\/p>\n<ul style=\"column-count: 2;\">\n<li>Wygodne ubranie\ud83d\udc55<\/li>\n<li>Przeciws\u0142oneczne i kapelusz \ud83e\uddf4<\/li>\n<li>Str\u00f3j k\u0105pielowy i r\u0119cznik <img decoding=\"async\" class=\"emoji\" role=\"img\" draggable=\"false\" src=\"https:\/\/s.w.org\/images\/core\/emoji\/17.0.2\/svg\/1fa71.svg\" alt=\"\ud83e\ude71\" \/><\/li>\n<li>Aparat lub smartfon \ud83d\udcf1<\/li>\n<li>Pieni\u0105dze na osobiste wydatki <img decoding=\"async\" class=\"emoji\" role=\"img\" draggable=\"false\" src=\"https:\/\/s.w.org\/images\/core\/emoji\/17.0.2\/svg\/1f4b3.svg\" alt=\"\ud83d\udcb3\" \/><\/li>\n<\/ul>\n<\/div>","protected":false},"excerpt":{"rendered":"<p>Ciesz si\u0119 tras\u0105 na morskiej ryby z Kemer (\u015bniadanie, obiad, przystankami na k\u0105piel i w\u0119dkarskie przy sprz\u0119cie. Relaks na morzu \u015ar\u00f3dziemnym z w\u0142\u0105czonym transferem z hotelu.<\/p>","protected":false},"featured_media":13821,"comment_status":"open","ping_status":"closed","template":"","meta":[],"product_brand":[],"product_cat":[15],"product_tag":[],"class_list":{"0":"post-13832","1":"product","2":"type-product","3":"status-publish","4":"has-post-thumbnail","6":"tour_phys-tours","7":"product_cat-non-classe","8":"pa_destination-kemer","10":"first","11":"instock","12":"sale","13":"shipping-taxable","14":"purchasable","15":"product-type-tour_phys"},"_links":{"self":[{"href":"https:\/\/vetatourism.com\/pl\/wp-json\/wp\/v2\/product\/13832","targetHints":{"allow":["GET"]}}],"collection":[{"href":"https:\/\/vetatourism.com\/pl\/wp-json\/wp\/v2\/product"}],"about":[{"href":"https:\/\/vetatourism.com\/pl\/wp-json\/wp\/v2\/types\/product"}],"replies":[{"embeddable":true,"href":"https:\/\/vetatourism.com\/pl\/wp-json\/wp\/v2\/comments?post=13832"}],"wp:featuredmedia":[{"embeddable":true,"href":"https:\/\/vetatourism.com\/pl\/wp-json\/wp\/v2\/media\/13821"}],"wp:attachment":[{"href":"https:\/\/vetatourism.com\/pl\/wp-json\/wp\/v2\/media?parent=13832"}],"wp:term":[{"taxonomy":"product_brand","embeddable":true,"href":"https:\/\/vetatourism.com\/pl\/wp-json\/wp\/v2\/product_brand?post=13832"},{"taxonomy":"product_cat","embeddable":true,"href":"https:\/\/vetatourism.com\/pl\/wp-json\/wp\/v2\/product_cat?post=13832"},{"taxonomy":"product_tag","embeddable":true,"href":"https:\/\/vetatourism.com\/pl\/wp-json\/wp\/v2\/product_tag?post=13832"}],"curies":[{"name":"wp","href":"https:\/\/api.w.org\/{rel}","templated":true}]}}