{"id":13831,"date":"2026-01-30T06:41:40","date_gmt":"2026-01-30T06:41:40","guid":{"rendered":"https:\/\/vetatourism.com\/?post_type=product&#038;p=13831"},"modified":"2026-02-27T06:11:13","modified_gmt":"2026-02-27T06:11:13","slug":"antalya-sea-fishing-tour-all-inclusive","status":"publish","type":"product","link":"https:\/\/vetatourism.com\/tours\/antalya-sea-fishing-tour-all-inclusive","title":{"rendered":"W\u0119dkarskie na wycieczk\u0119 po morzu w Antalyi - all Inclusive"},"content":{"rendered":"<div data-start=\"2005\" data-end=\"2145\">\n<p data-start=\"1326\" data-end=\"1545\">Dzie\u0144 rozpocznie si\u0119 od komfortowego transferu z hotelu w Antalyi, po kt\u00f3rym nast\u0105pi transfer do przystani. Po kr\u00f3tkim instrukta\u017cu na temat bezpiecze\u0144stwa i \u0142owienia ryb od swojego przyjaznego kapitana udaj si\u0119 na otwarte morze \u015br\u00f3dziemne.<\/p>\n<p data-start=\"1547\" data-end=\"1794\">\u0141owienia w g\u0142\u0119bokich miejscach, si\u0119gaj\u0105cych g\u0142\u0119boko\u015bci do 60 metr\u00f3w, wykorzystuj\u0105c nowoczesne rozwi\u0105zania i \u0433\u0438\u0434\u0440\u043e\u0430\u043a\u0443\u0441\u0442\u0438\u0447\u0435\u0441\u043a\u0438\u0435 systemu. Niezale\u017cnie od tego, czy jeste\u015b pocz\u0105tkuj\u0105cym lub do\u015bwiadczonym w\u0119dkarz, tw\u00f3j przewodnik pomo\u017ce ci w ca\u0142ej zaj\u0119cia, zapewniaj\u0105c zabawne i relaksuj\u0105ce chwile na wodzie.<\/p>\n<p data-start=\"1796\" data-end=\"2081\">Po zako\u0144czeniu w\u0119dkowania zapraszamy na \u015bwie\u017cych ryb, grillowanych na pok\u0142adzie i z\u0142o\u017cony jako pyszny obiad podczas rejsu wzd\u0142u\u017c pi\u0119knego wybrze\u017ca. Odpocz\u0105\u0142 chwil\u0119 i cieszy\u0107 si\u0119 morsk\u0105 bryz\u0105, wr\u00f3\u0107 do portu, a zostaniesz przeniesiony z powrotem do hotelu z niezapomnianymi wspomnieniami.<\/p>\n<\/div>\n<div data-start=\"2005\" data-end=\"2145\"><\/div>\n<hr \/>\n<p>&nbsp;<\/p>\n<div class=\"tour-content-what-included\">\n<h4 id=\"whats-included\">Co wchodzi w zestaw<\/h4>\n<ul style=\"column-count: 2;\">\n<li>Spotkanie z hoteli w Antalya (oko\u0142o 07:30)<\/li>\n<li>Powitalny odprawa na przystani<\/li>\n<li>3-4 godziny rybo\u0142\u00f3wstwa morskiego<\/li>\n<li>Przygotuj na grillu i ciesz si\u0119 po\u0142\u00f3w na obiad<\/li>\n<li>Powrotny rejs do portu<\/li>\n<li>L\u0105dowanie z hotelu<\/li>\n<\/ul>\n<\/div>\n<hr \/>\n<p>&nbsp;<\/p>\n<div class=\"tour-content-add-information\">\n<h4>Dodatkowe informacje<\/h4>\n<ul>\n<li>Czas trwania: oko\u0142o 4-6 godzin (wycieczka na p\u00f3\u0142 dnia)<\/li>\n<li>Niska lub umiarkowana aktywno\u015b\u0107 fizyczna<\/li>\n<li>Dzieci poni\u017cej 5 lat podr\u00f3\u017cuj\u0105 bezp\u0142atnie (bez oddzielnego miejsca)<\/li>\n<li>Wegetaria\u0144skie dania przygotowywane s\u0105 na \u017cyczenie<\/li>\n<li>Trasa uzale\u017cniona od warunk\u00f3w pogodowych<\/li>\n<\/ul>\n<p>&nbsp;<\/p>\n<\/div>\n<hr \/>\n<p>&nbsp;<\/p>\n<div class=\"tour-content-cancell-policy\">\n<p><strong>Co zabra\u0107 ze sob\u0105<\/strong><\/p>\n<ul style=\"column-count: 2;\">\n<li>Wygodne ubranie\ud83d\udc55<\/li>\n<li>Przeciws\u0142oneczne i kapelusz \ud83e\uddf4<\/li>\n<li>Str\u00f3j k\u0105pielowy i r\u0119cznik <img decoding=\"async\" class=\"emoji\" role=\"img\" draggable=\"false\" src=\"https:\/\/s.w.org\/images\/core\/emoji\/17.0.2\/svg\/1fa71.svg\" alt=\"\ud83e\ude71\" \/><\/li>\n<li>Aparat lub smartfon \ud83d\udcf1<\/li>\n<li>Pieni\u0105dze na osobiste wydatki <img decoding=\"async\" class=\"emoji\" role=\"img\" draggable=\"false\" src=\"https:\/\/s.w.org\/images\/core\/emoji\/17.0.2\/svg\/1f4b3.svg\" alt=\"\ud83d\udcb3\" \/><\/li>\n<\/ul>\n<\/div>","protected":false},"excerpt":{"rendered":"<p>Do\u0142\u0105cz do \u0433\u043b\u0443\u0431\u043e\u043a\u043e\u0432\u043e\u0434\u043d\u043e\u043c\u0443 \u0440\u044b\u0431\u043e\u043b\u043e\u0432\u043d\u043e\u043c\u0443 wycieczka z Antalyi. Z\u0142ap i przygotowa\u0107 ryb\u0119 na grillu samodzielnie, zjedz \u015bniadanie i id\u017a na kolacj\u0119 na pok\u0142adzie z w\u0142\u0105czonym transferem z hotelu.<\/p>","protected":false},"featured_media":13821,"comment_status":"open","ping_status":"closed","template":"","meta":[],"product_brand":[],"product_cat":[],"product_tag":[],"class_list":{"0":"post-13831","1":"product","2":"type-product","3":"status-publish","4":"has-post-thumbnail","6":"tour_phys-tours","7":"pa_destination-antalya","9":"first","10":"instock","11":"sale","12":"shipping-taxable","13":"purchasable","14":"product-type-tour_phys"},"_links":{"self":[{"href":"https:\/\/vetatourism.com\/pl\/wp-json\/wp\/v2\/product\/13831","targetHints":{"allow":["GET"]}}],"collection":[{"href":"https:\/\/vetatourism.com\/pl\/wp-json\/wp\/v2\/product"}],"about":[{"href":"https:\/\/vetatourism.com\/pl\/wp-json\/wp\/v2\/types\/product"}],"replies":[{"embeddable":true,"href":"https:\/\/vetatourism.com\/pl\/wp-json\/wp\/v2\/comments?post=13831"}],"wp:featuredmedia":[{"embeddable":true,"href":"https:\/\/vetatourism.com\/pl\/wp-json\/wp\/v2\/media\/13821"}],"wp:attachment":[{"href":"https:\/\/vetatourism.com\/pl\/wp-json\/wp\/v2\/media?parent=13831"}],"wp:term":[{"taxonomy":"product_brand","embeddable":true,"href":"https:\/\/vetatourism.com\/pl\/wp-json\/wp\/v2\/product_brand?post=13831"},{"taxonomy":"product_cat","embeddable":true,"href":"https:\/\/vetatourism.com\/pl\/wp-json\/wp\/v2\/product_cat?post=13831"},{"taxonomy":"product_tag","embeddable":true,"href":"https:\/\/vetatourism.com\/pl\/wp-json\/wp\/v2\/product_tag?post=13831"}],"curies":[{"name":"wp","href":"https:\/\/api.w.org\/{rel}","templated":true}]}}