{"id":13830,"date":"2026-01-30T06:36:21","date_gmt":"2026-01-30T06:36:21","guid":{"rendered":"https:\/\/vetatourism.com\/?post_type=product&#038;p=13830"},"modified":"2026-03-09T05:50:13","modified_gmt":"2026-03-09T05:50:13","slug":"belek-sea-fishing-tour-all-inclusive","status":"publish","type":"product","link":"https:\/\/vetatourism.com\/tours\/belek-sea-fishing-tour-all-inclusive","title":{"rendered":"Wycieczka na Morskie ryby w Belek - all Inclusive"},"content":{"rendered":"<div data-start=\"1397\" data-end=\"1583\">Tw\u00f3j dzie\u0144 zaczyna si\u0119 od tego, \u017ce przyjdziemy do was z hotelu w Belek, a nast\u0119pnie dostarcz\u0105 na przysta\u0144. Spotkaj si\u0119 ze swoim przyjazny kapitanem i polecenia, a nast\u0119pnie udaj si\u0119 w morze na tradycyjnej \u0142odzi rybackiej.<\/div>\n<div data-start=\"1585\" data-end=\"1849\">Do\u015bwiadczony kapitan poprowadzi ci\u0119 do najlepszych miejsc po\u0142ow\u00f3w, gdzie mo\u017cna \u0142owi\u0107 ryby na g\u0142\u0119boko\u015bci od 30 do 60 metr\u00f3w, przy u\u017cyciu wysokiej jako\u015bci sprz\u0119tu. Niezale\u017cnie od tego, czy jeste\u015b nowicjuszem w w\u0119dkarstwie lub do\u015bwiadczony w\u0119dkarz, zesp\u00f3\u0142 zapewni ci udane i przyjemne sp\u0119dzenie wolnego czasu.<\/div>\n<div data-start=\"1851\" data-end=\"2003\">B\u0119d\u0105c w morze, go\u015bcie mog\u0105 posili\u0107 si\u0119 smakowitym \u015bniadaniem i obiadem, kt\u00f3re s\u0105 serwowane na pok\u0142adzie. Masz r\u00f3wnie\u017c mo\u017cliwo\u015b\u0107 pop\u0142ywa\u0107 i zrelaksowa\u0107 si\u0119 w przepi\u0119knych wodach morza \u015ar\u00f3dziemnego.<\/div>\n<div data-start=\"2005\" data-end=\"2145\">Po porannej po\u0142ow\u00f3w wracajcie na przysta\u0144 i wracaj do swojego stylu, z niezapomnianymi wspomnieniami i satysfakcj\u0105 z po\u0142owu.<\/div>\n<div data-start=\"2005\" data-end=\"2145\"><\/div>\n<hr \/>\n<p>&nbsp;<\/p>\n<div class=\"tour-content-what-included\">\n<h4 id=\"whats-included\">Co wchodzi w zestaw<\/h4>\n<ul style=\"column-count: 2;\">\n<li>06:45 \u2013 Spotkanie z hoteli \u0411\u0435\u043b\u0435\u043a\u0430<\/li>\n<li>Spotkaj si\u0119 ze swoim kapitanem i zespo\u0142em na przystani<\/li>\n<li>Udaj si\u0119 w najlepsze miejsca dla rybo\u0142\u00f3wstwa dalekomorskiego<\/li>\n<li>\u015aniadanie i lunch serwowane na pok\u0142adzie<\/li>\n<li>Dodatkowe przerwy na p\u0142ywanie i relaks<\/li>\n<li>Powr\u00f3t do portu i l\u0105dowanie w hotelu do po\u0142udnia<\/li>\n<\/ul>\n<\/div>\n<hr \/>\n<p>&nbsp;<\/p>\n<div class=\"tour-content-add-information\">\n<h4>Dodatkowe informacje<\/h4>\n<ul>\n<li>Czas trwania: oko\u0142o 5-5,5 godziny<\/li>\n<li>Codzienne poranne wyjazdy<\/li>\n<li>\u017badne do\u015bwiadczenie nie jest wymagane<\/li>\n<li>Wycieczka dla ma\u0142ej grupy z komfortem<\/li>\n<\/ul>\n<p>&nbsp;<\/p>\n<\/div>\n<hr \/>\n<p>&nbsp;<\/p>\n<div class=\"tour-content-cancell-policy\">\n<p><strong>Co zabra\u0107 ze sob\u0105<\/strong><\/p>\n<ul style=\"column-count: 2;\">\n<li>Wygodne ubranie\ud83d\udc55<\/li>\n<li>Krem \ud83e\uddf4<\/li>\n<li>Str\u00f3j k\u0105pielowy i r\u0119cznik <img decoding=\"async\" class=\"emoji\" role=\"img\" draggable=\"false\" src=\"https:\/\/s.w.org\/images\/core\/emoji\/17.0.2\/svg\/1fa71.svg\" alt=\"\ud83e\ude71\" \/><\/li>\n<li>Aparat lub smartfon \ud83d\udcf1<\/li>\n<li>Pieni\u0105dze na osobiste wydatki <img decoding=\"async\" class=\"emoji\" role=\"img\" draggable=\"false\" src=\"https:\/\/s.w.org\/images\/core\/emoji\/17.0.2\/svg\/1f4b3.svg\" alt=\"\ud83d\udcb3\" \/><\/li>\n<\/ul>\n<\/div>","protected":false},"excerpt":{"rendered":"<p>Do\u0142\u0105cz do \u0433\u043b\u0443\u0431\u043e\u043a\u043e\u0432\u043e\u0434\u043d\u043e\u043c\u0443 \u0440\u044b\u0431\u043e\u043b\u043e\u0432\u043d\u043e\u043c\u0443 wycieczka z \u0411\u0435\u043b\u0435\u043a\u0430. Ciesz si\u0119 w\u0119dkowa\u0107, p\u0142ywa\u0107 w basenie morza \u015br\u00f3dziemnego i ciesz si\u0119 \u015bniadaniem i obiadem na pok\u0142adzie z w\u0142\u0105czonym transferem z hotelu.<\/p>","protected":false},"featured_media":13821,"comment_status":"open","ping_status":"closed","template":"","meta":[],"product_brand":[],"product_cat":[15],"product_tag":[],"class_list":{"0":"post-13830","1":"product","2":"type-product","3":"status-publish","4":"has-post-thumbnail","6":"tour_phys-tours","7":"product_cat-non-classe","8":"pa_destination-belek","10":"first","11":"instock","12":"sale","13":"shipping-taxable","14":"purchasable","15":"product-type-tour_phys"},"_links":{"self":[{"href":"https:\/\/vetatourism.com\/pl\/wp-json\/wp\/v2\/product\/13830","targetHints":{"allow":["GET"]}}],"collection":[{"href":"https:\/\/vetatourism.com\/pl\/wp-json\/wp\/v2\/product"}],"about":[{"href":"https:\/\/vetatourism.com\/pl\/wp-json\/wp\/v2\/types\/product"}],"replies":[{"embeddable":true,"href":"https:\/\/vetatourism.com\/pl\/wp-json\/wp\/v2\/comments?post=13830"}],"wp:featuredmedia":[{"embeddable":true,"href":"https:\/\/vetatourism.com\/pl\/wp-json\/wp\/v2\/media\/13821"}],"wp:attachment":[{"href":"https:\/\/vetatourism.com\/pl\/wp-json\/wp\/v2\/media?parent=13830"}],"wp:term":[{"taxonomy":"product_brand","embeddable":true,"href":"https:\/\/vetatourism.com\/pl\/wp-json\/wp\/v2\/product_brand?post=13830"},{"taxonomy":"product_cat","embeddable":true,"href":"https:\/\/vetatourism.com\/pl\/wp-json\/wp\/v2\/product_cat?post=13830"},{"taxonomy":"product_tag","embeddable":true,"href":"https:\/\/vetatourism.com\/pl\/wp-json\/wp\/v2\/product_tag?post=13830"}],"curies":[{"name":"wp","href":"https:\/\/api.w.org\/{rel}","templated":true}]}}