{"id":13222,"date":"2026-01-29T16:06:40","date_gmt":"2026-01-29T16:06:40","guid":{"rendered":"https:\/\/vetatourism.com\/?post_type=product&#038;p=13222"},"modified":"2026-04-09T08:56:00","modified_gmt":"2026-04-09T08:56:00","slug":"tazi-canyon-rafting-jeep-safari-tour-from-side","status":"publish","type":"product","link":"https:\/\/vetatourism.com\/tours\/tazi-canyon-rafting-jeep-safari-tour-from-side","title":{"rendered":"Kanion Garnki, Rafting, Jeep Safari z Side"},"content":{"rendered":"<div data-start=\"1492\" data-end=\"1747\">\n<div data-start=\"5117\" data-end=\"5338\">Tw\u00f3j dzie\u0144 zaczyna si\u0119 od transferu z hotelu w Side lub pobliskich regionach, po kt\u00f3rym nast\u0119puje malownicze i pe\u0142ne przyg\u00f3d safari jeepami w g\u00f3ry Taurus. Ciesz si\u0119 jazd\u0105 w terenie i pi\u0119knych krajobraz\u00f3w wzd\u0142u\u017c trasy.<\/div>\n<div data-start=\"5340\" data-end=\"5553\">Wycieczka rozpoczyna si\u0119 w K\u00f6pr\u00fcl\u00fc canyon, gdzie mo\u017cna do\u0142\u0105czy\u0107 do \u0444\u0430\u043a\u0443\u043b\u044c\u0442\u0430\u0442\u0438\u0432\u043d\u043e\u043c\u0443 zaj\u0119cia rafting lub zrelaksowa\u0107 si\u0119 na rzece. Profesjonalni instruktorzy poka\u017c\u0105 sprz\u0119t i zalecenia, co sprawi, \u017ce rafting nadaje si\u0119 nawet dla pocz\u0105tkuj\u0105cych.<\/div>\n<div data-start=\"5555\" data-end=\"5818\">Nast\u0119pnie udaj si\u0119 na safari jeepem w <strong data-start=\"5586\" data-end=\"5601\">Taz\u0131 Canyon<\/strong>jedna z najbardziej spektakularnych naturalnych widokowe regionu. Sp\u0119d\u017a wolny czas na szczycie, aby zrobi\u0107 zdj\u0119cie i zrelaksowa\u0107 si\u0119, podziwiaj\u0105c spektakularne widoki kanionu. Ze wzgl\u0119d\u00f3w bezpiecze\u0144stwa wej\u015bcie w sam kanion jest zabroniony.<\/div>\n<div data-start=\"5820\" data-end=\"6007\">Je\u015bli wybierzesz rafting, wr\u00f3\u0107 do kanionu K\u00f6pr\u00fcl\u00fc do spektakularnego rzecznej przygody z przystankami na k\u0105piel i zdj\u0119\u0107. Zako\u0144cz dzie\u0144 pysznym obiadem na brzegu rzeki, przed wyruszeniem z powrotem do hotelu.<\/div>\n<\/div>\n<p>&nbsp;<\/p>\n<hr \/>\n<p>&nbsp;<\/p>\n<div class=\"tour-content-what-included\">\n<h4 id=\"whats-included\">Co wchodzi w zestaw<\/h4>\n<ul style=\"column-count: 2;\">\n<li>Transfer z hoteli w Side i przysta\u0144 w okolicy<\/li>\n<li>Jeep safari w g\u00f3rach Taurus<\/li>\n<li>Przylot do bazy na brzegu rzeki w K\u00f6pr\u00fcl\u00fc canyon<\/li>\n<li>Na \u017cyczenie rafting lub czas wolny na rzece<\/li>\n<li>Podr\u00f3\u017c jeepem do punktu widokowego kanionu Garnki<\/li>\n<li>Czas wolny na zdj\u0119cia i zwiedzania<\/li>\n<li>Do\u015bwiadczenie rafting w kanionie K\u00f6pr\u00fcl\u00fc (w wyborze)<\/li>\n<li>Obiad nad brzegiem rzeki<\/li>\n<li>Transfer powrotny do hotelu<\/li>\n<\/ul>\n<\/div>\n<p>&nbsp;<\/p>\n<hr \/>\n<p>&nbsp;<\/p>\n<div class=\"tour-content-add-information\">\n<h4>Dodatkowe informacje<\/h4>\n<ul>\n<li>Wycieczka na ca\u0142y dzie\u0144<\/li>\n<li>Do\u015bwiadczenie rafting nie jest wymagane<\/li>\n<li>Idealny dla mi\u0142o\u015bnik\u00f3w przyg\u00f3d i przyrody<\/li>\n<li>Dost\u0119p do kanionu jest ograniczony tylko widokowymi<\/li>\n<li>Program wycieczki mo\u017ce r\u00f3\u017cni\u0107 si\u0119 w zale\u017cno\u015bci od warunk\u00f3w pogodowych<\/li>\n<\/ul>\n<p>&nbsp;<\/p>\n<\/div>\n<hr \/>\n<p>&nbsp;<\/p>\n<div class=\"tour-content-cancell-policy\">\n<p><strong>Co zabra\u0107 ze sob\u0105<\/strong><\/p>\n<ul style=\"column-count: 2;\">\n<li>Wygodne ubranie i buty\ud83d\udc5f<\/li>\n<li>Krem\ud83e\uddf4<\/li>\n<li>Str\u00f3j k\u0105pielowy i r\u0119cznik<img decoding=\"async\" class=\"emoji\" role=\"img\" draggable=\"false\" src=\"https:\/\/s.w.org\/images\/core\/emoji\/17.0.2\/svg\/1fa71.svg\" alt=\"\ud83e\ude71\" \/><\/li>\n<li>Aparat lub smartfon\ud83d\udcf1<\/li>\n<li>Pieni\u0105dze na dodatkowe us\u0142ugi <img decoding=\"async\" class=\"emoji\" role=\"img\" draggable=\"false\" src=\"https:\/\/s.w.org\/images\/core\/emoji\/17.0.2\/svg\/1f4b3.svg\" alt=\"\ud83d\udcb3\" \/><\/li>\n<\/ul>\n<\/div>","protected":false},"excerpt":{"rendered":"<p>Ciesz si\u0119 przygodami w Side na ca\u0142y dzie\u0144 z widokiem na kanion Garnki, jeep safari i, na \u017cyczenie, rafting w kanionie K\u00f6pr\u00fcl\u00fc. Przyroda, rozrywka i transfer z hotelu s\u0105 wliczone w cen\u0119.<\/p>","protected":false},"featured_media":13232,"comment_status":"open","ping_status":"closed","template":"","meta":[],"product_brand":[],"product_cat":[],"product_tag":[],"class_list":{"0":"post-13222","1":"product","2":"type-product","3":"status-publish","4":"has-post-thumbnail","6":"tour_phys-tours","7":"pa_destination-side","9":"first","10":"instock","11":"shipping-taxable","12":"purchasable","13":"product-type-tour_phys"},"_links":{"self":[{"href":"https:\/\/vetatourism.com\/pl\/wp-json\/wp\/v2\/product\/13222","targetHints":{"allow":["GET"]}}],"collection":[{"href":"https:\/\/vetatourism.com\/pl\/wp-json\/wp\/v2\/product"}],"about":[{"href":"https:\/\/vetatourism.com\/pl\/wp-json\/wp\/v2\/types\/product"}],"replies":[{"embeddable":true,"href":"https:\/\/vetatourism.com\/pl\/wp-json\/wp\/v2\/comments?post=13222"}],"wp:featuredmedia":[{"embeddable":true,"href":"https:\/\/vetatourism.com\/pl\/wp-json\/wp\/v2\/media\/13232"}],"wp:attachment":[{"href":"https:\/\/vetatourism.com\/pl\/wp-json\/wp\/v2\/media?parent=13222"}],"wp:term":[{"taxonomy":"product_brand","embeddable":true,"href":"https:\/\/vetatourism.com\/pl\/wp-json\/wp\/v2\/product_brand?post=13222"},{"taxonomy":"product_cat","embeddable":true,"href":"https:\/\/vetatourism.com\/pl\/wp-json\/wp\/v2\/product_cat?post=13222"},{"taxonomy":"product_tag","embeddable":true,"href":"https:\/\/vetatourism.com\/pl\/wp-json\/wp\/v2\/product_tag?post=13222"}],"curies":[{"name":"wp","href":"https:\/\/api.w.org\/{rel}","templated":true}]}}