{"id":13203,"date":"2026-01-29T16:05:23","date_gmt":"2026-01-29T16:05:23","guid":{"rendered":"https:\/\/vetatourism.com\/?post_type=product&#038;p=13203"},"modified":"2026-04-09T08:56:42","modified_gmt":"2026-04-09T08:56:42","slug":"rafting-tour-in-koprulu-canyon-from-belek-with-lunch","status":"publish","type":"product","link":"https:\/\/vetatourism.com\/tours\/rafting-tour-in-koprulu-canyon-from-belek-with-lunch","title":{"rendered":"Rafting\u2014zwiedzanie kanionu K\u00f6pr\u00fcl\u00fc Z \u0411\u0435\u043b\u0435\u043a\u0430 - Z obiadem"},"content":{"rendered":"<div data-start=\"1492\" data-end=\"1747\">Twoja przygoda rozpoczyna si\u0119 z komfortowego transferu z hotelu w Belek lub pobliskich obszarach, za kt\u00f3re nale\u017cy malownicza wycieczka do kanionu K\u00f6pr\u00fcl\u00fc. Po przybyciu do obozu mo\u017cna przej\u015b\u0107 szkolenia z zakresu bezpiecze\u0144stwa i b\u0119dziecie wyposa\u017ceni he\u0142mami, wyposa\u017ceni w kamizelki ratunkowe i kajak\u00f3w.<\/div>\n<div data-start=\"1749\" data-end=\"1943\">Wyrusz w ekscytuj\u0105c\u0105 \u0440\u0430\u0444\u0442\u0438\u043d\u0433\u043e\u0432\u043e\u0435 podr\u00f3\u017c po 14-\u043a\u0438\u043b\u043e\u043c\u0435\u0442\u0440\u043e\u0432\u043e\u043c\u0443 trasie z 10 ekscytuj\u0105cych progami. Mi\u0119dzy progami zapraszamy na orze\u017awiaj\u0105ce \u043a\u0443\u043f\u0430\u043d\u0438\u044f\u043c\u0438 w spokojnych rzekach i basenach, w otoczeniu g\u00f3r i bujnej zieleni.<\/div>\n<div data-start=\"1945\" data-end=\"2194\">Podczas wycieczki zr\u00f3b sobie przerw\u0119, aby zam\u00f3wi\u0107 napoje i nale\u015bniki na \u017cyczenie, i pobyt w strefie przygody, gdzie mo\u017cna poje\u017adzi\u0107 na \u0437\u0438\u043f\u043b\u0430\u0439\u043d\u0435 i nurkowania (za dodatkow\u0105 op\u0142at\u0105). Zapraszamy na pyszny obiad w restauracji na brzegu rzeki, zanim kontynuowa\u0107 sp\u0142yw do mety.<\/div>\n<div data-start=\"2196\" data-end=\"2323\">Na koniec wycieczki mo\u017cna zobaczy\u0107 film o \u0440\u0430\u0444\u0442\u0438\u043d\u0433\u0435, przegl\u0105daj zdj\u0119cia i zrelaksowa\u0107 si\u0119 podczas powrotnego transferu do hotelu.<\/div>\n<p>&nbsp;<\/p>\n<hr \/>\n<p>&nbsp;<\/p>\n<div class=\"tour-content-what-included\">\n<h4 id=\"whats-included\">Co wchodzi w zestaw<\/h4>\n<ul style=\"column-count: 2;\">\n<li>Odbi\u00f3r w\u0142asny z hoteli w Belek i okolicy<\/li>\n<li>Przyjazd do obozu kanionu K\u00f6pr\u00fcl\u00fc<\/li>\n<li>Szkolenia z zakresu bezpiecze\u0144stwa i dystrybucja sprz\u0119tu<\/li>\n<li>Sp\u0142yw na trasie o d\u0142ugo\u015bci 14 km z przerwami na k\u0105piel<\/li>\n<li>Dodatkowe zapi\u0119cie na zamek b\u0142yskawiczny i zatrzymywanie aktywno\u015bci<\/li>\n<li>Obiad nad brzegiem rzeki<\/li>\n<li>Kontynuowa\u0107 sp\u0142yw do punktu mety<\/li>\n<li>Transfer powrotny do hotelu<\/li>\n<\/ul>\n<\/div>\n<p>&nbsp;<\/p>\n<hr \/>\n<p>&nbsp;<\/p>\n<div class=\"tour-content-add-information\">\n<h4>Dodatkowe informacje<\/h4>\n<ul>\n<li>Pojemno\u015b\u0107 tratwy: tratwy s\u0105 przeznaczone dla 10 os\u00f3b, w tym<\/li>\n<li>tratwa dla 2 os\u00f3b za dodatkow\u0105 op\u0142at\u0105<\/li>\n<li>Do\u015bwiadczenie rafting nie jest wymagane<\/li>\n<li>Idealny dla rodzin i poszukiwaczy przyg\u00f3d<\/li>\n<li>Program wycieczki mo\u017ce ulec zmianie w zale\u017cno\u015bci od warunk\u00f3w pogodowych<\/li>\n<\/ul>\n<p>&nbsp;<\/p>\n<\/div>\n<hr \/>\n<p>&nbsp;<\/p>\n<div class=\"tour-content-cancell-policy\">\n<p><strong>Co zabra\u0107 ze sob\u0105<\/strong><\/p>\n<ul style=\"column-count: 2;\">\n<li>Wygodne buty (mo\u017ce zmokn\u0105\u0107)\ud83d\udc5f<\/li>\n<li>Krem\ud83e\uddf4<\/li>\n<li>Str\u00f3j k\u0105pielowy i r\u0119cznik <img decoding=\"async\" class=\"emoji\" role=\"img\" draggable=\"false\" src=\"https:\/\/s.w.org\/images\/core\/emoji\/17.0.2\/svg\/1fa71.svg\" alt=\"\ud83e\ude71\" \/><\/li>\n<li>Dodatkowe ubrania\ud83d\udc55<\/li>\n<li>Got\u00f3wka do dodatkowych dzia\u0142a\u0144<img decoding=\"async\" class=\"emoji\" role=\"img\" draggable=\"false\" src=\"https:\/\/s.w.org\/images\/core\/emoji\/17.0.2\/svg\/1f4b3.svg\" alt=\"\ud83d\udcb3\" \/><\/li>\n<\/ul>\n<\/div>","protected":false},"excerpt":{"rendered":"<p>Do\u0142\u0105cz do \u0440\u0430\u0444\u0442\u0438\u043d\u0433\u043e\u0432\u043e\u043c\u0443 wycieczka z \u0411\u0435\u043b\u0435\u043a\u0430 do kanionu K\u00f6pr\u00fcl\u00fc. Pokonaj 10 prog\u00f3w na 14-\u043a\u0438\u043b\u043e\u043c\u0435\u0442\u0440\u043e\u0432\u043e\u043c\u0443 trasie, pop\u0142ywa\u0107, id\u017a na kolacj\u0119 i skorzystaj z transferem z hotelu.<\/p>","protected":false},"featured_media":13214,"comment_status":"open","ping_status":"closed","template":"","meta":[],"product_brand":[],"product_cat":[],"product_tag":[],"class_list":{"0":"post-13203","1":"product","2":"type-product","3":"status-publish","4":"has-post-thumbnail","6":"tour_phys-tours","7":"pa_destination-belek","9":"first","10":"instock","11":"shipping-taxable","12":"purchasable","13":"product-type-tour_phys"},"_links":{"self":[{"href":"https:\/\/vetatourism.com\/pl\/wp-json\/wp\/v2\/product\/13203","targetHints":{"allow":["GET"]}}],"collection":[{"href":"https:\/\/vetatourism.com\/pl\/wp-json\/wp\/v2\/product"}],"about":[{"href":"https:\/\/vetatourism.com\/pl\/wp-json\/wp\/v2\/types\/product"}],"replies":[{"embeddable":true,"href":"https:\/\/vetatourism.com\/pl\/wp-json\/wp\/v2\/comments?post=13203"}],"wp:featuredmedia":[{"embeddable":true,"href":"https:\/\/vetatourism.com\/pl\/wp-json\/wp\/v2\/media\/13214"}],"wp:attachment":[{"href":"https:\/\/vetatourism.com\/pl\/wp-json\/wp\/v2\/media?parent=13203"}],"wp:term":[{"taxonomy":"product_brand","embeddable":true,"href":"https:\/\/vetatourism.com\/pl\/wp-json\/wp\/v2\/product_brand?post=13203"},{"taxonomy":"product_cat","embeddable":true,"href":"https:\/\/vetatourism.com\/pl\/wp-json\/wp\/v2\/product_cat?post=13203"},{"taxonomy":"product_tag","embeddable":true,"href":"https:\/\/vetatourism.com\/pl\/wp-json\/wp\/v2\/product_tag?post=13203"}],"curies":[{"name":"wp","href":"https:\/\/api.w.org\/{rel}","templated":true}]}}