{"id":13173,"date":"2026-01-29T15:41:54","date_gmt":"2026-01-29T15:41:54","guid":{"rendered":"https:\/\/vetatourism.com\/?post_type=product&#038;p=13173"},"modified":"2026-03-09T05:50:46","modified_gmt":"2026-03-09T05:50:46","slug":"demre-myra-kekova-tour-from-belek","status":"publish","type":"product","link":"https:\/\/vetatourism.com\/tours\/demre-myra-kekova-tour-from-belek","title":{"rendered":"Demre \u015awiata, Kekova Wycieczka Z \u0411\u0435\u043b\u0435\u043a\u0430"},"content":{"rendered":"<div data-start=\"1546\" data-end=\"1705\">Dzie\u0144 rozpocznie si\u0119 od komfortowego transferu z hotelu w Belek lub okolic. Zapraszamy na malownicz\u0105 wycieczk\u0119 wzd\u0142u\u017c wybrze\u017ca w kierunku dawnych ziem \u041b\u0438\u043a\u0438\u0438.<\/div>\n<div data-start=\"1707\" data-end=\"1882\">Pierwszy przystanek - to <strong data-start=\"1725\" data-end=\"1733\">Myra<\/strong>jeden z najwa\u017cniejszych \u043b\u0438\u043a\u0438\u0439\u0441\u043a\u0438\u0445 miast. Tutaj mo\u017cna zobaczy\u0107 imponuj\u0105ce wykute w ska\u0142ach grobowce i ruiny du\u017cego teatru grecko-rzymskiego.<\/div>\n<div data-start=\"1884\" data-end=\"2088\">Dalej <strong data-start=\"1896\" data-end=\"1905\">Demre<\/strong> aby odwiedzi\u0107 <strong data-start=\"1919\" data-end=\"1945\">Ko\u015bci\u00f3\u0142 \u015awi\u0119tego Miko\u0142aja<\/strong>zbudowany na miejscu poch\u00f3wku \u015bwi\u0119tego 4 wieku, \u0432\u0434\u043e\u0445\u043d\u043e\u0432\u0438\u0432\u0448\u0435\u0433\u043e na tworzenie legendy o Santa \u041a\u043b\u0430\u0443\u0441\u0435. Dowiedz si\u0119 wi\u0119cej o jego \u017cyciu i historycznym znaczeniu.<\/div>\n<div data-start=\"2090\" data-end=\"2452\">Po smacznym lokalnego obiedzie uda\u0107 si\u0119 w <strong data-start=\"2129\" data-end=\"2147\">\u00c7aya\u011fz\u0131 Harbor<\/strong> i wspi\u0105\u0107 si\u0119 na pok\u0142adzie prywatnego jachtu ze szklanym dnem w stylu akwarium. Wybierz si\u0119 w rejs do <strong data-start=\"2217\" data-end=\"2234\">Wyspa Kekova<\/strong> i podziwia\u0107 tajemniczymi ruinami <strong data-start=\"2274\" data-end=\"2289\">zatopionego miasta<\/strong>cz\u0119\u015bciowo zalane po staro\u017cytnego trz\u0119sienia ziemi. Obserwuj podwodnych szcz\u0105tkami przez szklane panele jachty i ciesz si\u0119 widokami <strong data-start=\"2419\" data-end=\"2436\">Zamek \u0421\u0438\u043c\u0435\u043d\u0430<\/strong> na szczycie wzg\u00f3rza.<\/div>\n<div data-start=\"2454\" data-end=\"2631\">Przed powrotem od\u015bwie\u017c si\u0119 w turkusowych wodach morza \u015ar\u00f3dziemnego. W ko\u0144cu zrelaksowa\u0107 si\u0119 w drodze powrotnej do hotelu, zanurzy\u0107 si\u0119 w niezapomniane wspomnienia o historii i przyrodzie.<\/div>\n<p>&nbsp;<\/p>\n<hr \/>\n<p>&nbsp;<\/p>\n<div class=\"tour-content-what-included\">\n<h4 id=\"whats-included\">Co wchodzi w zestaw<\/h4>\n<ul style=\"column-count: 2;\">\n<li>Odbi\u00f3r w\u0142asny z hoteli w Belek i okolicy<\/li>\n<li>Malownicza wycieczka do Myry<\/li>\n<li>Odwied\u017a skalne grobowce \u015awiata i teatr rzymski<\/li>\n<li>Demre \u2013 ko\u015bci\u00f3\u0142 \u015aw.<\/li>\n<li>Lunch w lokalnej restauracji<\/li>\n<li>Rejs \u0142odzi\u0105 ze szklanym dnem z \u0427\u0430\u044f\u0433\u0437\u044b<\/li>\n<li>Zabytki Zatopionego Miasta Kekova<\/li>\n<li>Przerwa na p\u0142ywanie<\/li>\n<li>Transfer powrotny do hotelu<\/li>\n<\/ul>\n<\/div>\n<p>&nbsp;<\/p>\n<hr \/>\n<p>&nbsp;<\/p>\n<div class=\"tour-content-add-information\">\n<h4>Dodatkowe informacje<\/h4>\n<ul>\n<li>Wycieczka na ca\u0142y dzie\u0144<\/li>\n<li>Czas trwania rejsu na jachcie: oko\u0142o 2,5 godziny<\/li>\n<li>P\u0142ywanie zale\u017cy od warunk\u00f3w pogodowych<\/li>\n<li>Umiarkowane spacery po historycznych miejscach<\/li>\n<\/ul>\n<p>&nbsp;<\/p>\n<\/div>\n<hr \/>\n<p>&nbsp;<\/p>\n<div class=\"tour-content-cancell-policy\">\n<p><strong>Co zabra\u0107 ze sob\u0105<\/strong><\/p>\n<ul style=\"column-count: 2;\">\n<li>Wygodne buty do chodzenia\ud83d\udc5f<\/li>\n<li>Przeciws\u0142oneczne i kapelusz<img decoding=\"async\" class=\"emoji\" role=\"img\" draggable=\"false\" src=\"https:\/\/s.w.org\/images\/core\/emoji\/17.0.2\/svg\/1f9e2.svg\" alt=\"\ud83e\udde2\" \/><\/li>\n<li>Str\u00f3j k\u0105pielowy i r\u0119cznik <img decoding=\"async\" class=\"emoji\" role=\"img\" draggable=\"false\" src=\"https:\/\/s.w.org\/images\/core\/emoji\/17.0.2\/svg\/1fa71.svg\" alt=\"\ud83e\ude71\" \/><\/li>\n<li>Aparat lub smartfon \ud83d\udcf1<\/li>\n<li>Got\u00f3wka do zap\u0142aty bilet\u00f3w i napoj\u00f3w<img decoding=\"async\" class=\"emoji\" role=\"img\" draggable=\"false\" src=\"https:\/\/s.w.org\/images\/core\/emoji\/17.0.2\/svg\/1f4b3.svg\" alt=\"\ud83d\udcb3\" \/><\/li>\n<\/ul>\n<\/div>","protected":false},"excerpt":{"rendered":"<p>Poznaj zatopionego miasta Kekova, ruiny \u015awiata i ko\u015bci\u00f3\u0142 \u015awi\u0119tego Miko\u0142aja podczas jednodniowej wycieczki z \u0411\u0435\u043b\u0435\u043a\u0430. Zapraszamy na rejs \u0142odzi\u0105 ze szklanym dnem, pop\u0142ywa\u0107 i id\u017a na kolacj\u0119.<\/p>","protected":false},"featured_media":13180,"comment_status":"open","ping_status":"closed","template":"","meta":[],"product_brand":[],"product_cat":[15],"product_tag":[],"class_list":{"0":"post-13173","1":"product","2":"type-product","3":"status-publish","4":"has-post-thumbnail","6":"tour_phys-tours","7":"product_cat-non-classe","8":"pa_destination-belek","10":"first","11":"instock","12":"sale","13":"shipping-taxable","14":"purchasable","15":"product-type-tour_phys"},"_links":{"self":[{"href":"https:\/\/vetatourism.com\/pl\/wp-json\/wp\/v2\/product\/13173","targetHints":{"allow":["GET"]}}],"collection":[{"href":"https:\/\/vetatourism.com\/pl\/wp-json\/wp\/v2\/product"}],"about":[{"href":"https:\/\/vetatourism.com\/pl\/wp-json\/wp\/v2\/types\/product"}],"replies":[{"embeddable":true,"href":"https:\/\/vetatourism.com\/pl\/wp-json\/wp\/v2\/comments?post=13173"}],"wp:featuredmedia":[{"embeddable":true,"href":"https:\/\/vetatourism.com\/pl\/wp-json\/wp\/v2\/media\/13180"}],"wp:attachment":[{"href":"https:\/\/vetatourism.com\/pl\/wp-json\/wp\/v2\/media?parent=13173"}],"wp:term":[{"taxonomy":"product_brand","embeddable":true,"href":"https:\/\/vetatourism.com\/pl\/wp-json\/wp\/v2\/product_brand?post=13173"},{"taxonomy":"product_cat","embeddable":true,"href":"https:\/\/vetatourism.com\/pl\/wp-json\/wp\/v2\/product_cat?post=13173"},{"taxonomy":"product_tag","embeddable":true,"href":"https:\/\/vetatourism.com\/pl\/wp-json\/wp\/v2\/product_tag?post=13173"}],"curies":[{"name":"wp","href":"https:\/\/api.w.org\/{rel}","templated":true}]}}