{"id":13151,"date":"2026-01-29T15:18:25","date_gmt":"2026-01-29T15:18:25","guid":{"rendered":"https:\/\/vetatourism.com\/?post_type=product&#038;p=13151"},"modified":"2026-03-09T05:50:56","modified_gmt":"2026-03-09T05:50:56","slug":"pamukkale-hierapolis-tour-from-belek-side","status":"publish","type":"product","link":"https:\/\/vetatourism.com\/tours\/pamukkale-hierapolis-tour-from-belek-side","title":{"rendered":"Zwiedzanie Pamukkale i \u0418\u0435\u0440\u0430\u043f\u043e\u043b\u0438\u0441\u0443 ze strony \u0411\u0435\u043b\u0435\u043a\u0430"},"content":{"rendered":"<div data-start=\"4679\" data-end=\"4853\">Zacznij sw\u00f3j dzie\u0144 od wczesnego transferu z hotelu w Side lub pobliskich regionach. Go\u015bcie mog\u0105 zrelaksowa\u0107 si\u0119 podczas pi\u0119knej wycieczki do Pamukkale, jad\u0105c po malowniczych zielonych krajobraz\u00f3w.<\/div>\n<div data-start=\"4855\" data-end=\"5065\">Cieszy\u0142 si\u0119 obiadem w formie bufetu, przyjd\u017a do <strong data-start=\"4902\" data-end=\"4915\">Pamukkale<\/strong> i poznaj jego s\u0142ynne tarasy z bia\u0142ego trawertynu, wykszta\u0142ceni bie\u017c\u0105cych wodami termalnymi. Spacer boso po basen\u00f3w, bogaty w minera\u0142y, i zrobi\u0107 niezapomniane zdj\u0119cia.<\/div>\n<div data-start=\"5067\" data-end=\"5273\">Kontynuuj drog\u0119 do staro\u017cytnego miasta <strong data-start=\"5099\" data-end=\"5113\">\u0418\u0435\u0440\u0430\u043f\u043e\u043b\u0438\u0441<\/strong>kiedy\u015b znany miasto-uzdrowisko. Odwied\u017a jego imponuj\u0105cy teatr rzymski, staro\u017cytne \u0142a\u017anie, \u015bwi\u0105tynie i \u0430\u0433\u043e\u0440\u0443, a\u017c tw\u00f3j przewodnik opowiada o jego bogatej historii.<\/div>\n<div data-start=\"5275\" data-end=\"5468\">Sp\u0119d\u017a wolny czas, relaksuj\u0105c si\u0119 lub p\u0142ywaj\u0105c w basenach termalnych. Je\u015bli chcesz, mo\u017cesz r\u00f3wnie\u017c odwiedzi\u0107 <strong data-start=\"5362\" data-end=\"5382\">Basen Kleopatry<\/strong> za dodatkow\u0105 op\u0142at\u0105. Zako\u0144cz sw\u00f3j dzie\u0144 komfortowy zaworem transfer do hotelu.<\/div>\n<p>&nbsp;<\/p>\n<hr \/>\n<p>&nbsp;<\/p>\n<div class=\"tour-content-what-included\">\n<h4 id=\"whats-included\">Co wchodzi w zestaw<\/h4>\n<ul style=\"column-count: 2;\">\n<li>Transfer z hoteli w Side i przysta\u0144 w okolicy<\/li>\n<li>Malownicza wycieczka do Pamukkale<\/li>\n<li>Przerwa na posi\u0142ek (\u015bniadanie w formie bufetu)<\/li>\n<li>Odwied\u017a \u0442\u0440\u0430\u0432\u0435\u0440\u0442\u0438\u043d\u044b Pamukkale<\/li>\n<li>Wycieczka z przewodnikiem po \u0418\u0435\u0440\u0430\u043f\u043e\u043b\u0438\u0441\u0443<\/li>\n<li>Czas wolny na k\u0105piel i relaks<\/li>\n<li>Opcjonalna wizyta w basenie Kleopatry<\/li>\n<li>Transfer powrotny do hotelu<\/li>\n<\/ul>\n<\/div>\n<p>&nbsp;<\/p>\n<hr \/>\n<p>&nbsp;<\/p>\n<div class=\"tour-content-add-information\">\n<h4>Dodatkowe informacje<\/h4>\n<ul>\n<li>Wycieczka na ca\u0142y dzie\u0144<\/li>\n<li>Wymagany umiarkowany walking<\/li>\n<li>Zalecane wygodne obuwie<\/li>\n<li>P\u0142ywanie zale\u017cy od warunk\u00f3w pogodowych<\/li>\n<\/ul>\n<p>&nbsp;<\/p>\n<\/div>\n<hr \/>\n<p>&nbsp;<\/p>\n<div class=\"tour-content-cancell-policy\">\n<p><strong>Co zabra\u0107 ze sob\u0105<\/strong><\/p>\n<ul style=\"column-count: 2;\">\n<li>Wygodne buty do chodzenia\ud83d\udc5f<\/li>\n<li>Przeciws\u0142oneczne i kapelusz<img decoding=\"async\" class=\"emoji\" role=\"img\" draggable=\"false\" src=\"https:\/\/s.w.org\/images\/core\/emoji\/17.0.2\/svg\/1f9e2.svg\" alt=\"\ud83e\udde2\" \/><\/li>\n<li>Str\u00f3j k\u0105pielowy i r\u0119cznik <img decoding=\"async\" class=\"emoji\" role=\"img\" draggable=\"false\" src=\"https:\/\/s.w.org\/images\/core\/emoji\/17.0.2\/svg\/1fa71.svg\" alt=\"\ud83e\ude71\" \/><\/li>\n<li>Aparat lub smartfon \ud83d\udcf1<\/li>\n<li>Pieni\u0105dze na osobiste wydatki <img decoding=\"async\" class=\"emoji\" role=\"img\" draggable=\"false\" src=\"https:\/\/s.w.org\/images\/core\/emoji\/17.0.2\/svg\/1f4b3.svg\" alt=\"\ud83d\udcb3\" \/><\/li>\n<\/ul>\n<\/div>","protected":false},"excerpt":{"rendered":"<p>Odkryj Pamukkale i \u0418\u0435\u0440\u0430\u043f\u043e\u043b\u0438\u0441 podczas jednodniowej wycieczki z Side. Spacer po bia\u0142ym \u0442\u0440\u0430\u0432\u0435\u0440\u0442\u0438\u043d\u0430\u043c, odkrywa\u0107 staro\u017cytne ruiny, pop\u0142ywa\u0107 w basenach termalnych i ciesz si\u0119 obiadem.<\/p>","protected":false},"featured_media":13153,"comment_status":"open","ping_status":"closed","template":"","meta":[],"product_brand":[],"product_cat":[15],"product_tag":[],"class_list":{"0":"post-13151","1":"product","2":"type-product","3":"status-publish","4":"has-post-thumbnail","6":"tour_phys-tours","7":"product_cat-non-classe","8":"pa_destination-belek","10":"first","11":"instock","12":"sale","13":"shipping-taxable","14":"purchasable","15":"product-type-tour_phys"},"_links":{"self":[{"href":"https:\/\/vetatourism.com\/pl\/wp-json\/wp\/v2\/product\/13151","targetHints":{"allow":["GET"]}}],"collection":[{"href":"https:\/\/vetatourism.com\/pl\/wp-json\/wp\/v2\/product"}],"about":[{"href":"https:\/\/vetatourism.com\/pl\/wp-json\/wp\/v2\/types\/product"}],"replies":[{"embeddable":true,"href":"https:\/\/vetatourism.com\/pl\/wp-json\/wp\/v2\/comments?post=13151"}],"wp:featuredmedia":[{"embeddable":true,"href":"https:\/\/vetatourism.com\/pl\/wp-json\/wp\/v2\/media\/13153"}],"wp:attachment":[{"href":"https:\/\/vetatourism.com\/pl\/wp-json\/wp\/v2\/media?parent=13151"}],"wp:term":[{"taxonomy":"product_brand","embeddable":true,"href":"https:\/\/vetatourism.com\/pl\/wp-json\/wp\/v2\/product_brand?post=13151"},{"taxonomy":"product_cat","embeddable":true,"href":"https:\/\/vetatourism.com\/pl\/wp-json\/wp\/v2\/product_cat?post=13151"},{"taxonomy":"product_tag","embeddable":true,"href":"https:\/\/vetatourism.com\/pl\/wp-json\/wp\/v2\/product_tag?post=13151"}],"curies":[{"name":"wp","href":"https:\/\/api.w.org\/{rel}","templated":true}]}}