{"id":13134,"date":"2026-01-29T15:10:29","date_gmt":"2026-01-29T15:10:29","guid":{"rendered":"https:\/\/vetatourism.com\/?post_type=product&#038;p=13134"},"modified":"2026-03-09T05:51:02","modified_gmt":"2026-03-09T05:51:02","slug":"antalya-city-tour-from-belek-old-town-waterfalls","status":"publish","type":"product","link":"https:\/\/vetatourism.com\/tours\/antalya-city-tour-from-belek-old-town-waterfalls","title":{"rendered":"Wycieczka do Antalyi z Belek - Stare Miasto i wodospady"},"content":{"rendered":"<div data-start=\"1452\" data-end=\"1785\">Tw\u00f3j dzie\u0144 rozpocznie si\u0119 od wygodnego odbioru z hotelu w Belek lub jego okolicach. Podr\u00f3\u017c do centrum Antalyi, aby zwiedzi\u0107 <strong data-start=\"1577\" data-end=\"1597\">Stare Miasto Kaleici<\/strong>, gdzie historia o\u017cywa w\u015br\u00f3d rzymskich, seld\u017cuckich i osma\u0144skich zabytk\u00f3w. Spacer przez Bram\u0119 Hadriana, podziwianie minaretu Yivli i wie\u017cy zegarowej oraz czas wolny na zwiedzanie sklep\u00f3w i kawiarni.<\/div>\n<div data-start=\"1787\" data-end=\"1976\">Nast\u0119pnie udaj si\u0119 do historycznego <strong data-start=\"1814\" data-end=\"1828\">Stary Port<\/strong> i ciesz si\u0119 relaksuj\u0105c\u0105 1-godzinn\u0105 wycieczk\u0105 \u0142odzi\u0105 wzd\u0142u\u017c osza\u0142amiaj\u0105cego wybrze\u017ca Antalyi, oferuj\u0105c pi\u0119kne widoki na klify i Morze \u015ar\u00f3dziemne.<\/div>\n<div data-start=\"1978\" data-end=\"2241\">Po rejsie mo\u017cna delektowa\u0107 si\u0119 pysznym <strong data-start=\"2014\" data-end=\"2043\">Tradycyjny turecki lunch<\/strong> w lokalnej restauracji. Kontynuacja wycieczki z wizytami w <strong data-start=\"2100\" data-end=\"2126\">Wodospady Najwy\u017cszego \u0414\u044e\u0434\u0435\u043d\u0430<\/strong>, otoczony zieleni\u0105 i jaskiniami, oraz <strong data-start=\"2166\" data-end=\"2192\">Dolne \u0414\u044e\u0434\u0435\u043d\u0441\u043a\u0438\u0435 wodospady<\/strong>, gdzie woda dramatycznie spada kaskadami do morza.<\/div>\n<div data-start=\"2243\" data-end=\"2408\">Przed powrotem zatrzymaj si\u0119 w lokalnym <strong data-start=\"2277\" data-end=\"2301\">warsztat z\u0142otniczy<\/strong> aby zobaczy\u0107 tradycyjn\u0105 r\u0119cznie robion\u0105 srebrn\u0105 bi\u017cuteri\u0119. Zako\u0144cz dzie\u0144 wygodnym transferem z powrotem do hotelu.<\/div>\n<p>&nbsp;<\/p>\n<hr \/>\n<p>&nbsp;<\/p>\n<div class=\"tour-content-what-included\">\n<h4 id=\"whats-included\">Co wchodzi w zestaw<\/h4>\n<ul style=\"column-count: 2;\">\n<li>Odbi\u00f3r w\u0142asny z hoteli w Belek i okolicy<\/li>\n<li>Zwiedzanie Starego miasta Kaleici i czas wolny<\/li>\n<li>Przeja\u017cd\u017cka \u0142odzi\u0105 ze Starego portu w Antalyi (1 godzina)<\/li>\n<li>Lunch w lokalnej restauracji<\/li>\n<li>Odwied\u017a wodospady Najwy\u017cszego \u0414\u044e\u0434\u0435\u043d\u0430<\/li>\n<li>Odwied\u017a Dolne \u0414\u044e\u0434\u0435\u043d\u0441\u043a\u0438\u0435 wodospady<\/li>\n<li>Wizyta \u0421\u0435\u0440\u0435\u0431\u0440\u044f\u043d\u0438\u043a\u0430<\/li>\n<li>Transfer powrotny do hotelu<\/li>\n<\/ul>\n<\/div>\n<p>&nbsp;<\/p>\n<hr \/>\n<p>&nbsp;<\/p>\n<div class=\"tour-content-add-information\">\n<h4>Dodatkowe informacje<\/h4>\n<ul>\n<li>Wycieczka po mie\u015bcie na ca\u0142y dzie\u0144<\/li>\n<li>Wymagany umiarkowany walking<\/li>\n<li>Przeja\u017cd\u017cka \u0142odzi\u0105 zale\u017cy od warunk\u00f3w pogodowych<\/li>\n<li>Zalecane wygodne obuwie<\/li>\n<\/ul>\n<p>&nbsp;<\/p>\n<\/div>\n<hr \/>\n<p>&nbsp;<\/p>\n<div class=\"tour-content-cancell-policy\">\n<p><strong>Co zabra\u0107 ze sob\u0105<\/strong><\/p>\n<ul style=\"column-count: 2;\">\n<li>Wygodne buty do chodzenia \ud83d\udc5f<\/li>\n<li>Krem przeciws\u0142oneczny i czapka\ud83e\udde2<\/li>\n<li>Aparat lub smartfon \ud83d\udcf1<\/li>\n<li>Pieni\u0105dze na osobiste wydatki <img decoding=\"async\" class=\"emoji\" role=\"img\" draggable=\"false\" src=\"https:\/\/s.w.org\/images\/core\/emoji\/17.0.2\/svg\/1f4b3.svg\" alt=\"\ud83d\udcb3\" \/><\/li>\n<\/ul>\n<\/div>","protected":false},"excerpt":{"rendered":"<p>Poznaj Antalyi w zredukowane rundzie z \u0411\u0435\u043b\u0435\u043a\u0430, obejmuj\u0105cym Stare miasto, morsk\u0105 wycieczk\u0119, wodospady G\u00f3rny i Dolny D\u00fcden i obiad wliczone w cen\u0119. Odkryj natur\u0119 i histori\u0119.<\/p>","protected":false},"featured_media":13144,"comment_status":"open","ping_status":"closed","template":"","meta":[],"product_brand":[],"product_cat":[15],"product_tag":[],"class_list":{"0":"post-13134","1":"product","2":"type-product","3":"status-publish","4":"has-post-thumbnail","6":"tour_phys-tours","7":"product_cat-non-classe","8":"pa_destination-belek","10":"first","11":"instock","12":"sale","13":"shipping-taxable","14":"purchasable","15":"product-type-tour_phys"},"_links":{"self":[{"href":"https:\/\/vetatourism.com\/pl\/wp-json\/wp\/v2\/product\/13134","targetHints":{"allow":["GET"]}}],"collection":[{"href":"https:\/\/vetatourism.com\/pl\/wp-json\/wp\/v2\/product"}],"about":[{"href":"https:\/\/vetatourism.com\/pl\/wp-json\/wp\/v2\/types\/product"}],"replies":[{"embeddable":true,"href":"https:\/\/vetatourism.com\/pl\/wp-json\/wp\/v2\/comments?post=13134"}],"wp:featuredmedia":[{"embeddable":true,"href":"https:\/\/vetatourism.com\/pl\/wp-json\/wp\/v2\/media\/13144"}],"wp:attachment":[{"href":"https:\/\/vetatourism.com\/pl\/wp-json\/wp\/v2\/media?parent=13134"}],"wp:term":[{"taxonomy":"product_brand","embeddable":true,"href":"https:\/\/vetatourism.com\/pl\/wp-json\/wp\/v2\/product_brand?post=13134"},{"taxonomy":"product_cat","embeddable":true,"href":"https:\/\/vetatourism.com\/pl\/wp-json\/wp\/v2\/product_cat?post=13134"},{"taxonomy":"product_tag","embeddable":true,"href":"https:\/\/vetatourism.com\/pl\/wp-json\/wp\/v2\/product_tag?post=13134"}],"curies":[{"name":"wp","href":"https:\/\/api.w.org\/{rel}","templated":true}]}}