{"id":13125,"date":"2026-01-29T15:00:45","date_gmt":"2026-01-29T15:00:45","guid":{"rendered":"https:\/\/vetatourism.com\/?post_type=product&#038;p=13125"},"modified":"2026-02-04T16:14:29","modified_gmt":"2026-02-04T16:14:29","slug":"antalya-city-tour-from-side-old-town-waterfalls","status":"publish","type":"product","link":"https:\/\/vetatourism.com\/tours\/antalya-city-tour-from-side-old-town-waterfalls","title":{"rendered":"Wycieczka do Antalyi Z Side \u2013 Stare miasto i wodospady"},"content":{"rendered":"<div data-start=\"4577\" data-end=\"4859\">Dzie\u0144 rozpocznie si\u0119 od transferu z hotelu w Side lub pobliskich regionach. Przyjd\u017a do Antalyi i poznaj <strong data-start=\"4680\" data-end=\"4700\">Stare Miasto Kaleici<\/strong>spaceruj\u0105c po zabytkowym ulicach i takich atrakcji, jak Brama Hadriana, minaret \u0419\u0438\u0432\u043b\u0438 i wie\u017ca Zegarowa. Skorzystaj z wolnego czasu, aby zobaczy\u0107 sklepy, muzea i kawiarnie.<\/div>\n<div data-start=\"4861\" data-end=\"5056\">Przejd\u017a do nast\u0119pnego <strong data-start=\"4877\" data-end=\"4891\">Stary Port<\/strong> na relaksuj\u0105c\u0105 1-godzinny wycieczki \u0142odzi\u0105 z panoramicznym widokiem na wybrze\u017ce i ska\u0142y w Antalyi. Po rejsie zapraszamy na pyszne <strong data-start=\"5016\" data-end=\"5033\">Turecki obiad<\/strong> w lokalnej restauracji.<\/div>\n<div data-start=\"5058\" data-end=\"5310\">W drugiej po\u0142owie dnia, odwied\u017a <strong data-start=\"5082\" data-end=\"5108\">Wodospady Najwy\u017cszego \u0414\u044e\u0434\u0435\u043d\u0430<\/strong>ukryty w\u015br\u00f3d zieleni, po kt\u00f3rym nast\u0119puje <strong data-start=\"5145\" data-end=\"5171\">Dolne \u0414\u044e\u0434\u0435\u043d\u0441\u043a\u0438\u0435 wodospady<\/strong>, gdzie woda jest znacznie spotyka si\u0119 z morzem. Przed powrotem pobyt w lokalnym <strong data-start=\"5247\" data-end=\"5262\">mistrz srebra<\/strong> zobaczy\u0107 tradycyjne wyroby ze srebra handmade.<\/div>\n<div data-start=\"5312\" data-end=\"5406\">Zako\u0144cz dzie\u0144 komfortowy transfer z powrotem do hotelu, pe\u0142ne niezapomnianych wra\u017ce\u0144.<\/div>\n<p>&nbsp;<\/p>\n<hr \/>\n<p>&nbsp;<\/p>\n<div class=\"tour-content-what-included\">\n<h4 id=\"whats-included\">Co wchodzi w zestaw<\/h4>\n<ul style=\"column-count: 2;\">\n<li>Transfer z hoteli w Side i przysta\u0144 w okolicy<\/li>\n<li>Zwiedzanie Starego miasta Kaleici i czas wolny<\/li>\n<li>Przeja\u017cd\u017cka \u0142odzi\u0105 ze Starego portu w Antalyi (1 godzina)<\/li>\n<li>Lunch w lokalnej restauracji<\/li>\n<li>Odwied\u017a wodospady Najwy\u017cszego \u0414\u044e\u0434\u0435\u043d\u0430<\/li>\n<li>Odwied\u017a Dolne \u0414\u044e\u0434\u0435\u043d\u0441\u043a\u0438\u0435 wodospady<\/li>\n<li>Wizyta \u0421\u0435\u0440\u0435\u0431\u0440\u044f\u043d\u0438\u043a\u0430<\/li>\n<li>Transfer powrotny do hotelu<\/li>\n<\/ul>\n<\/div>\n<p>&nbsp;<\/p>\n<hr \/>\n<p>&nbsp;<\/p>\n<div class=\"tour-content-add-information\">\n<h4>Dodatkowe informacje<\/h4>\n<ul>\n<li>Wycieczka po mie\u015bcie na ca\u0142y dzie\u0144<\/li>\n<li>Wymagany umiarkowany walking<\/li>\n<li>Przeja\u017cd\u017cka \u0142odzi\u0105 zale\u017cy od warunk\u00f3w pogodowych<\/li>\n<li>Zalecane wygodne obuwie<\/li>\n<\/ul>\n<p>&nbsp;<\/p>\n<\/div>\n<hr \/>\n<p>&nbsp;<\/p>\n<div class=\"tour-content-cancell-policy\">\n<p><strong>Co zabra\u0107 ze sob\u0105<\/strong><\/p>\n<ul style=\"column-count: 2;\">\n<li>Wygodne buty do chodzenia\ud83d\udc5f<\/li>\n<li>Aparat lub smartfon\ud83d\udcf1<\/li>\n<li>Przeciws\u0142oneczne i kapelusz\ud83e\uddf4<\/li>\n<li>Pieni\u0105dze na osobiste wydatki <img decoding=\"async\" class=\"emoji\" role=\"img\" draggable=\"false\" src=\"https:\/\/s.w.org\/images\/core\/emoji\/17.0.2\/svg\/1f4b3.svg\" alt=\"\ud83d\udcb3\" \/><\/li>\n<\/ul>\n<\/div>","protected":false},"excerpt":{"rendered":"<p>Odkryj Antalyi, po dokonaniu jednodniowa wycieczka z Side ze Starym miastem, spacer na \u0142odzi, G\u00f3rn\u0105 i Doln\u0105 \u0414\u044e\u0434\u0435\u043d\u0441\u043a\u0438\u043c\u0438 wodospadami i w\u0142\u0105czonym obiadem. Historia, morze i przyroda.<\/p>","protected":false},"featured_media":13127,"comment_status":"open","ping_status":"closed","template":"","meta":[],"product_brand":[],"product_cat":[129],"product_tag":[],"class_list":{"0":"post-13125","1":"product","2":"type-product","3":"status-publish","4":"has-post-thumbnail","6":"tour_phys-tours","7":"product_cat-uncategorized","8":"pa_destination-side","10":"first","11":"instock","12":"sale","13":"shipping-taxable","14":"purchasable","15":"product-type-tour_phys"},"_links":{"self":[{"href":"https:\/\/vetatourism.com\/pl\/wp-json\/wp\/v2\/product\/13125","targetHints":{"allow":["GET"]}}],"collection":[{"href":"https:\/\/vetatourism.com\/pl\/wp-json\/wp\/v2\/product"}],"about":[{"href":"https:\/\/vetatourism.com\/pl\/wp-json\/wp\/v2\/types\/product"}],"replies":[{"embeddable":true,"href":"https:\/\/vetatourism.com\/pl\/wp-json\/wp\/v2\/comments?post=13125"}],"wp:featuredmedia":[{"embeddable":true,"href":"https:\/\/vetatourism.com\/pl\/wp-json\/wp\/v2\/media\/13127"}],"wp:attachment":[{"href":"https:\/\/vetatourism.com\/pl\/wp-json\/wp\/v2\/media?parent=13125"}],"wp:term":[{"taxonomy":"product_brand","embeddable":true,"href":"https:\/\/vetatourism.com\/pl\/wp-json\/wp\/v2\/product_brand?post=13125"},{"taxonomy":"product_cat","embeddable":true,"href":"https:\/\/vetatourism.com\/pl\/wp-json\/wp\/v2\/product_cat?post=13125"},{"taxonomy":"product_tag","embeddable":true,"href":"https:\/\/vetatourism.com\/pl\/wp-json\/wp\/v2\/product_tag?post=13125"}],"curies":[{"name":"wp","href":"https:\/\/api.w.org\/{rel}","templated":true}]}}