{"id":13108,"date":"2026-01-29T14:48:00","date_gmt":"2026-01-29T14:48:00","guid":{"rendered":"https:\/\/vetatourism.com\/?post_type=product&#038;p=13108"},"modified":"2026-03-09T05:51:10","modified_gmt":"2026-03-09T05:51:10","slug":"relax-vip-yacht-tour-from-belek-small-group","status":"publish","type":"product","link":"https:\/\/vetatourism.com\/tours\/relax-vip-yacht-tour-from-belek-small-group","title":{"rendered":"Relaks VIP-tour na jachcie z \u0411\u0435\u043b\u0435\u043a\u0430 - Ma\u0142a grupa"},"content":{"rendered":"<div data-start=\"1609\" data-end=\"1828\">Tw\u00f3j relaksuj\u0105cy dzie\u0144 zaczyna si\u0119 z komfortowego transferu z hotelu w Belek lub pobliskich obszarach, po kt\u00f3rych nast\u0119puje transfer do przystani w Kemer. Wchodzi\u0107 na pok\u0142adzie <strong data-start=\"1758\" data-end=\"1777\">Relaksuj\u0105ca VIP Jacht<\/strong>specjalnie dla spokoju, komfortu i luksusu.<\/div>\n<div data-start=\"1830\" data-end=\"2128\">Tu nie ma zat\u0142oczonych pok\u0142adach i ha\u0142a\u015bliwych rozrywek, wi\u0119c mo\u017cna naprawd\u0119 odpocz\u0105\u0107. Ka\u017cdy go\u015b\u0107 ma w\u0142asny le\u017cak, na kt\u00f3rym mo\u017cna zrelaksowa\u0107 si\u0119, podziwiaj\u0105c panoramiczne widoki na turkusowe wybrze\u017ce Kemer. Jacht rzuca kotwic\u0119 w cichych zatoczkach, gdzie mo\u017cna pop\u0142ywa\u0107 w krystalicznie czystej wodzie lub po prostu cieszy\u0107 si\u0119 delikatnym morsk\u0105 bryz\u0105.<\/div>\n<div data-start=\"2130\" data-end=\"2353\">Podczas rejsu mo\u017cna zje\u015b\u0107 \u015bwie\u017co przygotowane obiad, przygotowany przez szefa kuchni na pok\u0142adzie z wysokiej jako\u015bci sk\u0142adnik\u00f3w. Cicho w tle muzyka i mi\u0142a atmosfera tworz\u0105 idealne warunki do tego, aby na\u0142adowa\u0107 baterie i oderwa\u0107 si\u0119 od codziennego stresu.<\/div>\n<div data-start=\"2355\" data-end=\"2487\">Po ca\u0142ym dniu p\u0142ywania, opalania i pe\u0142nego relaksu wracajcie do Kemer Marina i ciesz si\u0119 komfortowym busem z powrotem do hotelu.<\/div>\n<p>&nbsp;<\/p>\n<hr \/>\n<p>&nbsp;<\/p>\n<div class=\"tour-content-what-included\">\n<h4 id=\"whats-included\">Co wchodzi w zestaw<\/h4>\n<ul style=\"column-count: 2;\">\n<li>Odbi\u00f3r w\u0142asny z hoteli w Belek i okolicy<\/li>\n<li>Transfer na Przysta\u0144 Kemer<\/li>\n<li>Zaczyna si\u0119 relaksuj\u0105cy rejs na VIP \u0142odzi<\/li>\n<li>K\u0105piel zatrzymuje si\u0119 w ustronnych zatoczkach<\/li>\n<li>Lunch serwowany na pok\u0142adzie<\/li>\n<li>Czas wolny na pla\u017cowanie i relaks<\/li>\n<li>Powr\u00f3t na przysta\u0144 dla jacht\u00f3w i hotel<\/li>\n<\/ul>\n<\/div>\n<p>&nbsp;<\/p>\n<hr \/>\n<p>&nbsp;<\/p>\n<div class=\"tour-content-add-information\">\n<h4>Dodatkowe informacje<\/h4>\n<ul>\n<li>Ograniczona pojemno\u015b\u0107: maksymalnie 25 go\u015bci<\/li>\n<li>Ka\u017cdy go\u015b\u0107 ma oddzielny kosz pla\u017cowy<\/li>\n<li>\u017badnej g\u0142o\u015bnej muzyki i atmosfery imprezy<\/li>\n<li>Dzieci siedz\u0105 na kolanach (oddzielne fotele nie)<\/li>\n<li>Nie nadaje si\u0119 dla os\u00f3b na w\u00f3zkach inwalildzkich<\/li>\n<\/ul>\n<p>&nbsp;<\/p>\n<\/div>\n<hr \/>\n<p>&nbsp;<\/p>\n<div class=\"tour-content-cancell-policy\">\n<p><strong>Co zabra\u0107 ze sob\u0105<\/strong><\/p>\n<ul style=\"column-count: 2;\">\n<li>Okulary<img decoding=\"async\" class=\"emoji\" role=\"img\" draggable=\"false\" src=\"https:\/\/s.w.org\/images\/core\/emoji\/17.0.2\/svg\/1f576.svg\" alt=\"\ud83d\udd76\ufe0f\" \/><\/li>\n<li>Krem\ud83e\uddf4<\/li>\n<li>Str\u00f3j k\u0105pielowy i r\u0119cznik <img decoding=\"async\" class=\"emoji\" role=\"img\" draggable=\"false\" src=\"https:\/\/s.w.org\/images\/core\/emoji\/17.0.2\/svg\/1fa71.svg\" alt=\"\ud83e\ude71\" \/><\/li>\n<li>Pieni\u0105dze na osobiste wydatki <img decoding=\"async\" class=\"emoji\" role=\"img\" draggable=\"false\" src=\"https:\/\/s.w.org\/images\/core\/emoji\/17.0.2\/svg\/1f4b3.svg\" alt=\"\ud83d\udcb3\" \/><\/li>\n<\/ul>\n<\/div>","protected":false},"excerpt":{"rendered":"<p>Relaksuj\u0105cy rundzie VIP \u0142odzi z \u0411\u0435\u043b\u0435\u043a\u0430 w Kemer. Pop\u0142ywa\u0107 w zacisznych zatoczek, relaks na prywatnych le\u017cakach i ciesz si\u0119 wystawny obiad z transferem z hotelu.<\/p>","protected":false},"featured_media":13117,"comment_status":"open","ping_status":"closed","template":"","meta":[],"product_brand":[],"product_cat":[15],"product_tag":[],"class_list":{"0":"post-13108","1":"product","2":"type-product","3":"status-publish","4":"has-post-thumbnail","6":"tour_phys-tours","7":"product_cat-non-classe","8":"pa_destination-belek","10":"first","11":"instock","12":"sale","13":"shipping-taxable","14":"purchasable","15":"product-type-tour_phys"},"_links":{"self":[{"href":"https:\/\/vetatourism.com\/pl\/wp-json\/wp\/v2\/product\/13108","targetHints":{"allow":["GET"]}}],"collection":[{"href":"https:\/\/vetatourism.com\/pl\/wp-json\/wp\/v2\/product"}],"about":[{"href":"https:\/\/vetatourism.com\/pl\/wp-json\/wp\/v2\/types\/product"}],"replies":[{"embeddable":true,"href":"https:\/\/vetatourism.com\/pl\/wp-json\/wp\/v2\/comments?post=13108"}],"wp:featuredmedia":[{"embeddable":true,"href":"https:\/\/vetatourism.com\/pl\/wp-json\/wp\/v2\/media\/13117"}],"wp:attachment":[{"href":"https:\/\/vetatourism.com\/pl\/wp-json\/wp\/v2\/media?parent=13108"}],"wp:term":[{"taxonomy":"product_brand","embeddable":true,"href":"https:\/\/vetatourism.com\/pl\/wp-json\/wp\/v2\/product_brand?post=13108"},{"taxonomy":"product_cat","embeddable":true,"href":"https:\/\/vetatourism.com\/pl\/wp-json\/wp\/v2\/product_cat?post=13108"},{"taxonomy":"product_tag","embeddable":true,"href":"https:\/\/vetatourism.com\/pl\/wp-json\/wp\/v2\/product_tag?post=13108"}],"curies":[{"name":"wp","href":"https:\/\/api.w.org\/{rel}","templated":true}]}}