{"id":13055,"date":"2026-01-29T09:56:53","date_gmt":"2026-01-29T09:56:53","guid":{"rendered":"https:\/\/vetatourism.com\/?post_type=product&#038;p=13055"},"modified":"2026-03-09T05:52:07","modified_gmt":"2026-03-09T05:52:07","slug":"suluada-island-boat-trip-from-belek-turkish-maldives","status":"publish","type":"product","link":"https:\/\/vetatourism.com\/tours\/suluada-island-boat-trip-from-belek-turkish-maldives","title":{"rendered":"Przeja\u017cd\u017cka \u0142odzi\u0105 po wyspie \u0421\u0443\u043b\u0443\u0430\u0434\u0430 z \u0411\u0435\u043b\u0435\u043a\u0430 - Tureckie Malediwy"},"content":{"rendered":"<p data-start=\"1354\" data-end=\"1583\">Tw\u00f3j dzie\u0144 zaczyna si\u0119 od komfortowego transferu z hotelu w Belek lub pobliskich obszarach, za kt\u00f3re nale\u017cy malownicza podr\u00f3\u017c w <strong data-start=\"1468\" data-end=\"1484\">Port Adrasan<\/strong>Usi\u0105d\u017a w przestronn\u0105 i komfortow\u0105 \u0142\u00f3dk\u0119 i uda\u0107 si\u0119 w podr\u00f3\u017c do turkusowym w\u00f3d wyspy \u0421\u0443\u043b\u0443\u0430\u0434\u0430.<\/p>\n<p data-start=\"1585\" data-end=\"1896\">Wycieczka obejmuje trzy przystanki do k\u0105pieli w najpi\u0119kniejszych miejscach \u0421\u0443\u043b\u0443\u0430\u0434\u044b. Najpierw odwiedzi\u0107 <strong data-start=\"1672\" data-end=\"1688\">Malediwski zatok\u0119<\/strong>, s\u0142ynie z bia\u0142ego piasku i krystalicznie czystej wody, idealnie nadaje si\u0119 do p\u0142ywania z mask\u0105 i rurk\u0105. Kontynuuj <strong data-start=\"1789\" data-end=\"1817\">Ukryte pla\u017ce \u0421\u0443\u043b\u0443\u0430\u0434\u044b<\/strong>, gdzie mo\u017cna zrelaksowa\u0107 si\u0119 na spokojnych wodach, wybra\u0107 si\u0119 na spacer wzd\u0142u\u017c wybrze\u017ca lub po prostu opala\u0107 si\u0119.<\/p>\n<p data-start=\"1898\" data-end=\"2163\">Kolejn\u0105 atrakcj\u0105 jest <strong data-start=\"1923\" data-end=\"1936\">Jaskinia Mi\u0142o\u015bci<\/strong>naturalny edukacja, masz niepowtarzaln\u0105 okazj\u0119 pop\u0142ywa\u0107 i zrobi\u0107 zdj\u0119cie. Oko\u0142o po\u0142udnia na pok\u0142adzie serwowane jest \u015bwie\u017co przygotowane grill-lunch z takimi potrawami, jak ryba, kurczak lub wegetaria\u0144skie, w towarzystwie tradycyjnego tureckiego meze.<\/p>\n<p data-start=\"2165\" data-end=\"2356\">Po relaksuj\u0105cej herbaty \u0142\u00f3d\u017a wraca do portu w Adrasan. Wreszcie, ciesz si\u0119 komfortowym busem z powrotem w sw\u00f3j hotel w Belek, gdzie pozostan\u0105 niezapomniane wspomnienia \u015br\u00f3dziemnomorskim raju Turcji.<\/p>\n<p>&nbsp;<\/p>\n<hr \/>\n<p>&nbsp;<\/p>\n<div class=\"tour-content-what-included\">\n<h4 id=\"whats-included\">Co wchodzi w zestaw<\/h4>\n<ul style=\"column-count: 2;\">\n<li>Odbi\u00f3r w\u0142asny z hoteli w Belek i okolicy<\/li>\n<li>Transfer do portu w Adrasan<\/li>\n<li>Wylot \u0142odzi\u0105 na wysp\u0119 \u0421\u0443\u043b\u0443\u0430\u0434\u0430<\/li>\n<li>Przystanek do k\u0105pieli wchodz\u0105cym w sk\u0142ad malediw\u00f3w archipelagu w zatoce<\/li>\n<li>Przystanek do k\u0105pieli na pla\u017cach ukryte<\/li>\n<li>Wizyta w jaskini mi\u0142o\u015bci<\/li>\n<li>Obiad-grill na pok\u0142adzie<\/li>\n<li>Przerwa na herbat\u0119 i powrotny rejs<\/li>\n<li>Transport z powrotem do hotelu<\/li>\n<\/ul>\n<\/div>\n<p>&nbsp;<\/p>\n<hr \/>\n<p>&nbsp;<\/p>\n<div class=\"tour-content-add-information\">\n<h4>Dodatkowe informacje<\/h4>\n<ul>\n<li>Wycieczka na ca\u0142y dzie\u0144 na \u0142odzi<\/li>\n<li>Spokojne i p\u0142ytkie wody nadaj\u0105 si\u0119 do wypoczynku rodzinnego<\/li>\n<li>Trasa wycieczki mo\u017ce ulec zmianie w zale\u017cno\u015bci od warunk\u00f3w pogodowych<\/li>\n<li>Dost\u0119pne opcje dla ma\u0142ych grup i wi\u0119kszych \u0142odzi<\/li>\n<\/ul>\n<p>&nbsp;<\/p>\n<\/div>\n<hr \/>\n<p>&nbsp;<\/p>\n<div class=\"tour-content-cancell-policy\">\n<p><strong>Co zabra\u0107 ze sob\u0105<\/strong><\/p>\n<ul style=\"column-count: 2;\">\n<li>Okulary<img decoding=\"async\" class=\"emoji\" role=\"img\" draggable=\"false\" src=\"https:\/\/s.w.org\/images\/core\/emoji\/17.0.2\/svg\/1f576.svg\" alt=\"\ud83d\udd76\ufe0f\" \/><\/li>\n<li>Przeciws\u0142oneczne i kapelusz<img decoding=\"async\" class=\"emoji\" role=\"img\" draggable=\"false\" src=\"https:\/\/s.w.org\/images\/core\/emoji\/17.0.2\/svg\/1f9e2.svg\" alt=\"\ud83e\udde2\" \/><\/li>\n<li>Str\u00f3j k\u0105pielowy i r\u0119cznik <img decoding=\"async\" class=\"emoji\" role=\"img\" draggable=\"false\" src=\"https:\/\/s.w.org\/images\/core\/emoji\/17.0.2\/svg\/1fa71.svg\" alt=\"\ud83e\ude71\" \/><\/li>\n<li>Aparat lub smartfon \ud83d\udcf1<\/li>\n<li>Pieni\u0105dze na osobiste wydatki <img decoding=\"async\" class=\"emoji\" role=\"img\" draggable=\"false\" src=\"https:\/\/s.w.org\/images\/core\/emoji\/17.0.2\/svg\/1f4b3.svg\" alt=\"\ud83d\udcb3\" \/><\/li>\n<\/ul>\n<\/div>","protected":false},"excerpt":{"rendered":"<p>Udaj si\u0119 w morsk\u0105 wycieczk\u0119 po \u0421\u0443\u043b\u0443\u0430\u0434\u0435 z \u0411\u0435\u043b\u0435\u043a\u0430. Pop\u0142ywa\u0107 w turkusowych wodach, zwiedzanie jaskini mi\u0142o\u015bci, relaks na bia\u0142ych pla\u017cach i cieszy\u0107 si\u0119 grill-lunch z transferem.<\/p>","protected":false},"featured_media":13056,"comment_status":"open","ping_status":"closed","template":"","meta":[],"product_brand":[],"product_cat":[84],"product_tag":[],"class_list":{"0":"post-13055","1":"product","2":"type-product","3":"status-publish","4":"has-post-thumbnail","6":"tour_phys-tours","7":"product_cat-tours","8":"pa_activity-adrasan-yacht-tours","9":"pa_destination-belek","11":"first","12":"instock","13":"sale","14":"shipping-taxable","15":"purchasable","16":"product-type-tour_phys"},"_links":{"self":[{"href":"https:\/\/vetatourism.com\/pl\/wp-json\/wp\/v2\/product\/13055","targetHints":{"allow":["GET"]}}],"collection":[{"href":"https:\/\/vetatourism.com\/pl\/wp-json\/wp\/v2\/product"}],"about":[{"href":"https:\/\/vetatourism.com\/pl\/wp-json\/wp\/v2\/types\/product"}],"replies":[{"embeddable":true,"href":"https:\/\/vetatourism.com\/pl\/wp-json\/wp\/v2\/comments?post=13055"}],"wp:featuredmedia":[{"embeddable":true,"href":"https:\/\/vetatourism.com\/pl\/wp-json\/wp\/v2\/media\/13056"}],"wp:attachment":[{"href":"https:\/\/vetatourism.com\/pl\/wp-json\/wp\/v2\/media?parent=13055"}],"wp:term":[{"taxonomy":"product_brand","embeddable":true,"href":"https:\/\/vetatourism.com\/pl\/wp-json\/wp\/v2\/product_brand?post=13055"},{"taxonomy":"product_cat","embeddable":true,"href":"https:\/\/vetatourism.com\/pl\/wp-json\/wp\/v2\/product_cat?post=13055"},{"taxonomy":"product_tag","embeddable":true,"href":"https:\/\/vetatourism.com\/pl\/wp-json\/wp\/v2\/product_tag?post=13055"}],"curies":[{"name":"wp","href":"https:\/\/api.w.org\/{rel}","templated":true}]}}