{"id":13042,"date":"2026-01-29T09:45:12","date_gmt":"2026-01-29T09:45:12","guid":{"rendered":"https:\/\/vetatourism.com\/?post_type=product&#038;p=13042"},"modified":"2026-03-09T05:52:01","modified_gmt":"2026-03-09T05:52:01","slug":"pirate-boat-trip-gonster-from-belek-all-inclusive","status":"publish","type":"product","link":"https:\/\/vetatourism.com\/tours\/pirate-boat-trip-gonster-from-belek-all-inclusive","title":{"rendered":"Wycieczka pirack\u0105 \u0142odzi\u0105 Gonster z Belek - All Inclusive"},"content":{"rendered":"<div data-start=\"1394\" data-end=\"1642\">Twoja przygoda rozpoczyna si\u0119 z komfortowego transferu z hotelu w Belek lub pobliskich obszarach, po kt\u00f3rych nast\u0119puje transfer w <strong data-start=\"1510\" data-end=\"1526\">Kemer Marina<\/strong>. Wejd\u017a na pok\u0142ad <strong data-start=\"1544\" data-end=\"1567\">\u0141\u00f3d\u017a piracka Gonster<\/strong>, Wyj\u0105tkowo zaprojektowany statek w pirackim stylu, pe\u0142en charakteru i emocji.<\/div>\n<div data-start=\"1644\" data-end=\"1916\">Gdy \u0142\u00f3d\u017a p\u0142ynie wzd\u0142u\u017c osza\u0142amiaj\u0105cego wybrze\u017ca Kemer, za\u0142oga tworzy zabawn\u0105 i energiczn\u0105 atmosfer\u0119 z muzyk\u0105, ta\u0144cami i rozrywk\u0105 o tematyce pirackiej. Wycieczka obejmuje kilka przystank\u00f3w w pi\u0119knych zatokach, gdzie mo\u017cna och\u0142odzi\u0107 si\u0119 w turkusowych wodach lub zrelaksowa\u0107 si\u0119 na pok\u0142adzie.<\/div>\n<div data-start=\"1918\" data-end=\"2211\">Pop\u0142ywa\u0107 w pobli\u017cu staro\u017cytnych ruin w <strong data-start=\"1949\" data-end=\"1965\">Zatoka Wykopalisk W Faselis<\/strong>, cieszy\u0107 si\u0119 spokojnym pi\u0119knem <strong data-start=\"1996\" data-end=\"2010\">Niebia\u0144ska Przysta\u0144<\/strong>, i zrelaksowa\u0107 si\u0119 w <strong data-start=\"2025\" data-end=\"2042\">Zatoka Ksi\u0119\u017cycowego \u015awiat\u0142a<\/strong>, jedno z najpopularniejszych nadmorskich miejsc w Kemer. Przep\u0142yniesz tak\u017ce obok legendarnego <strong data-start=\"2125\" data-end=\"2140\">Jaskinia Pirat\u00f3w<\/strong>, oferuj\u0105c fantastyczne mo\u017cliwo\u015bci fotografowania dramatycznych formacji skalnych.<\/div>\n<div data-start=\"2213\" data-end=\"2450\">Na pok\u0142adzie serwowany jest smaczny lunch, a przez ca\u0142y dzie\u0144 dost\u0119pne s\u0105 napoje bezalkoholowe. Z przestronnymi pok\u0142adami do opalania, mn\u00f3stwem atrakcji i przyjazn\u0105 za\u0142og\u0105, ta wycieczka obiecuje dzie\u0144 pe\u0142en zabawy, relaksu i niezapomnianych wspomnie\u0144.<\/div>\n<p>&nbsp;<\/p>\n<hr \/>\n<p>&nbsp;<\/p>\n<div class=\"tour-content-what-included\">\n<h4 id=\"whats-included\">Co wchodzi w zestaw<\/h4>\n<ul style=\"column-count: 2;\">\n<li>Odbi\u00f3r w\u0142asny z hoteli w Belek i okolicy<\/li>\n<li>Transfer na Przysta\u0144 Kemer<\/li>\n<li>Pasowanie na Pirata \u0142odzi \u0413\u043e\u043d\u0441\u0442\u0435\u0440\u0430<\/li>\n<li>Przystanek na k\u0105piel w zatoce wykopalisk w faselis<\/li>\n<li>Przystanek na k\u0105piel w Zatoce Nieba<\/li>\n<li>Przystanek do k\u0105pieli w \u041c\u0443\u043d\u043b\u0430\u0439\u0442 Bay<\/li>\n<li>Zwiedzanie Pirackiej jaskini<\/li>\n<li>Lunch i rozrywka na pok\u0142adzie<\/li>\n<li>Powr\u00f3t na przysta\u0144 i transfer do hotelu<\/li>\n<\/ul>\n<\/div>\n<p>&nbsp;<\/p>\n<hr \/>\n<p>&nbsp;<\/p>\n<div class=\"tour-content-add-information\">\n<h4>Dodatkowe informacje<\/h4>\n<ul>\n<li>Wycieczka na ca\u0142y dzie\u0144 na \u0142odzi<\/li>\n<li>Idealny dla rodzin i dzieci<\/li>\n<li>Napoje bezalkoholowe wliczone w cen\u0119 wycieczki<\/li>\n<li>Trasa mo\u017ce si\u0119 r\u00f3\u017cni\u0107 w zale\u017cno\u015bci od warunk\u00f3w pogodowych<\/li>\n<\/ul>\n<p>&nbsp;<\/p>\n<\/div>\n<hr \/>\n<p>&nbsp;<\/p>\n<div class=\"tour-content-cancell-policy\">\n<p><strong>Co zabra\u0107 ze sob\u0105<\/strong><\/p>\n<ul style=\"column-count: 2;\">\n<li>Okulary<img decoding=\"async\" class=\"emoji\" role=\"img\" draggable=\"false\" src=\"https:\/\/s.w.org\/images\/core\/emoji\/17.0.2\/svg\/1f576.svg\" alt=\"\ud83d\udd76\ufe0f\" \/><\/li>\n<li>Przeciws\u0142oneczne i kapelusz<img decoding=\"async\" class=\"emoji\" role=\"img\" draggable=\"false\" src=\"https:\/\/s.w.org\/images\/core\/emoji\/17.0.2\/svg\/1f9e2.svg\" alt=\"\ud83e\udde2\" \/><\/li>\n<li>Str\u00f3j k\u0105pielowy i r\u0119cznik <img decoding=\"async\" class=\"emoji\" role=\"img\" draggable=\"false\" src=\"https:\/\/s.w.org\/images\/core\/emoji\/17.0.2\/svg\/1fa71.svg\" alt=\"\ud83e\ude71\" \/><\/li>\n<li>Aparat lub smartfon \ud83d\udcf1<\/li>\n<li>Pieni\u0105dze na osobiste wydatki <img decoding=\"async\" class=\"emoji\" role=\"img\" draggable=\"false\" src=\"https:\/\/s.w.org\/images\/core\/emoji\/17.0.2\/svg\/1f4b3.svg\" alt=\"\ud83d\udcb3\" \/><\/li>\n<\/ul>\n<\/div>","protected":false},"excerpt":{"rendered":"<p>Ciesz si\u0119 wycieczk\u0105 \u0142odzi\u0105 pirack\u0105 Gonster z Belek. P\u0142ywaj w zatokach Kemer, ciesz si\u0119 pirackimi pokazami, lunchem, napojami bezalkoholowymi i zabawn\u0105 rozrywk\u0105 z wliczonymi transferami.<\/p>","protected":false},"featured_media":13043,"comment_status":"open","ping_status":"closed","template":"","meta":[],"product_brand":[],"product_cat":[84],"product_tag":[],"class_list":{"0":"post-13042","1":"product","2":"type-product","3":"status-publish","4":"has-post-thumbnail","6":"tour_phys-tours","7":"product_cat-tours","8":"pa_activity-pirate-boat-tours","9":"pa_destination-belek","11":"first","12":"instock","13":"sale","14":"shipping-taxable","15":"purchasable","16":"product-type-tour_phys"},"_links":{"self":[{"href":"https:\/\/vetatourism.com\/pl\/wp-json\/wp\/v2\/product\/13042","targetHints":{"allow":["GET"]}}],"collection":[{"href":"https:\/\/vetatourism.com\/pl\/wp-json\/wp\/v2\/product"}],"about":[{"href":"https:\/\/vetatourism.com\/pl\/wp-json\/wp\/v2\/types\/product"}],"replies":[{"embeddable":true,"href":"https:\/\/vetatourism.com\/pl\/wp-json\/wp\/v2\/comments?post=13042"}],"wp:featuredmedia":[{"embeddable":true,"href":"https:\/\/vetatourism.com\/pl\/wp-json\/wp\/v2\/media\/13043"}],"wp:attachment":[{"href":"https:\/\/vetatourism.com\/pl\/wp-json\/wp\/v2\/media?parent=13042"}],"wp:term":[{"taxonomy":"product_brand","embeddable":true,"href":"https:\/\/vetatourism.com\/pl\/wp-json\/wp\/v2\/product_brand?post=13042"},{"taxonomy":"product_cat","embeddable":true,"href":"https:\/\/vetatourism.com\/pl\/wp-json\/wp\/v2\/product_cat?post=13042"},{"taxonomy":"product_tag","embeddable":true,"href":"https:\/\/vetatourism.com\/pl\/wp-json\/wp\/v2\/product_tag?post=13042"}],"curies":[{"name":"wp","href":"https:\/\/api.w.org\/{rel}","templated":true}]}}