{"id":13031,"date":"2026-01-29T09:17:20","date_gmt":"2026-01-29T09:17:20","guid":{"rendered":"https:\/\/vetatourism.com\/?post_type=product&#038;p=13031"},"modified":"2026-04-08T17:24:15","modified_gmt":"2026-04-08T17:24:15","slug":"pirate-boat-trip-from-belek-red-dragon","status":"publish","type":"product","link":"https:\/\/vetatourism.com\/tours\/pirate-boat-trip-from-belek-red-dragon","title":{"rendered":"Spacer na Pirackiej \u0142odzi Z \u0411\u0435\u043b\u0435\u043a\u0430 \u2014 Red Dragon"},"content":{"rendered":"<div data-start=\"1355\" data-end=\"1576\">Tw\u00f3j relaksuj\u0105cy dzie\u0144 na morzu rozpoczyna si\u0119 z komfortowego transferu z hotelu w Belek lub pobliskich obszarach, po kt\u00f3rych nast\u0119puje transfer w <strong data-start=\"1478\" data-end=\"1494\">Kemer Marina<\/strong>. Board a stylish pirate boat designed for comfort, space and relaxation.<\/div>\n<div data-start=\"1578\" data-end=\"1774\">Odbywaj\u0105c rejs katamaranem wzd\u0142u\u017c malowniczego wybrze\u017ca Kemer, ciesz si\u0119 muzyk\u0105 i mi\u0142\u0105 atmosfer\u0119 na pok\u0142adzie. Wycieczka obejmuje kilka przystank\u00f3w do k\u0105pieli w niekt\u00f3rych z najpi\u0119kniejszych zatok regionu.<\/div>\n<div data-start=\"1776\" data-end=\"2065\">Pop\u0142ywa\u0107 w pobli\u017cu staro\u017cytnych ruin w <strong data-start=\"1807\" data-end=\"1823\">Zatoka Wykopalisk W Faselis<\/strong>odpocznij w spokojnych wodach <strong data-start=\"1857\" data-end=\"1871\">Niebia\u0144ska Przysta\u0144<\/strong>i cieszy\u0107 si\u0119 \u017cyciem atmosfery <strong data-start=\"1908\" data-end=\"1925\">Zatoka Ksi\u0119\u017cycowego \u015awiat\u0142a<\/strong>idealnie nadaje si\u0119 do p\u0142ywania i zdj\u0119\u0107. Mo\u017cna r\u00f3wnie\u017c wybra\u0107 si\u0119 w rejs obok tajemniczego <strong data-start=\"1999\" data-end=\"2014\">Jaskinia Pirat\u00f3w<\/strong>sk\u0105d roztaczaj\u0105 si\u0119 fantastyczne widoki i mo\u017cliwo\u015bci do robienia zdj\u0119\u0107.<\/div>\n<div data-start=\"2067\" data-end=\"2287\">During the tour, you may enjoy lunch and drinks onboard depending on your selected package. With plenty of space to sunbathe, swim or simply relax, this pirate boat offers the perfect balance of fun and tranquility.<\/div>\n<p>&nbsp;<\/p>\n<hr \/>\n<p>&nbsp;<\/p>\n<div class=\"tour-content-what-included\">\n<h4 id=\"whats-included\">Co wchodzi w zestaw<\/h4>\n<ul style=\"column-count: 2;\">\n<li>Odbi\u00f3r w\u0142asny z hoteli w Belek i okolicy<\/li>\n<li>Transfer na Przysta\u0144 Kemer<\/li>\n<li>Pasowanie na pirata \u0142odzi<\/li>\n<li>Przystanek na k\u0105piel w zatoce wykopalisk w faselis<\/li>\n<li>Przystanek na k\u0105piel w Zatoce Nieba<\/li>\n<li>Przystanek do k\u0105pieli w \u041c\u0443\u043d\u043b\u0430\u0439\u0442 Bay<\/li>\n<li>Zwiedzanie Pirackiej jaskini<\/li>\n<li>Czas wolny na relaks i opalanie<\/li>\n<li>Powr\u00f3t na przysta\u0144 i transfer do hotelu<\/li>\n<\/ul>\n<\/div>\n<p>&nbsp;<\/p>\n<hr \/>\n<p>&nbsp;<\/p>\n<div class=\"tour-content-add-information\">\n<h4>Dodatkowe informacje<\/h4>\n<ul>\n<li>Wycieczka na ca\u0142y dzie\u0144 na \u0142odzi<\/li>\n<li>Idealny dla par, rodzin i samotnych podr\u00f3\u017cnik\u00f3w<\/li>\n<li>Przestronne zacienione obszary do opalania<\/li>\n<li>Trasa mo\u017ce si\u0119 r\u00f3\u017cni\u0107 w zale\u017cno\u015bci od warunk\u00f3w pogodowych<\/li>\n<\/ul>\n<p>&nbsp;<\/p>\n<\/div>\n<hr \/>\n<p>&nbsp;<\/p>\n<div class=\"tour-content-cancell-policy\">\n<p><strong>Co zabra\u0107 ze sob\u0105<\/strong><\/p>\n<ul style=\"column-count: 2;\">\n<li>Okulary<img decoding=\"async\" class=\"emoji\" role=\"img\" draggable=\"false\" src=\"https:\/\/s.w.org\/images\/core\/emoji\/17.0.2\/svg\/1f576.svg\" alt=\"\ud83d\udd76\ufe0f\" \/><\/li>\n<li>Przeciws\u0142oneczne i kapelusz<img decoding=\"async\" class=\"emoji\" role=\"img\" draggable=\"false\" src=\"https:\/\/s.w.org\/images\/core\/emoji\/17.0.2\/svg\/1f9e2.svg\" alt=\"\ud83e\udde2\" \/><\/li>\n<li>Str\u00f3j k\u0105pielowy i r\u0119cznik <img decoding=\"async\" class=\"emoji\" role=\"img\" draggable=\"false\" src=\"https:\/\/s.w.org\/images\/core\/emoji\/17.0.2\/svg\/1fa71.svg\" alt=\"\ud83e\ude71\" \/><\/li>\n<li>Aparat lub smartfon \ud83d\udcf1<\/li>\n<li>Pieni\u0105dze na osobiste wydatki <img decoding=\"async\" class=\"emoji\" role=\"img\" draggable=\"false\" src=\"https:\/\/s.w.org\/images\/core\/emoji\/17.0.2\/svg\/1f4b3.svg\" alt=\"\ud83d\udcb3\" \/><\/li>\n<\/ul>\n<\/div>","protected":false},"excerpt":{"rendered":"<p>Join a pirate boat tour from Belek to Kemer. Swim in crystal-clear bays, enjoy sea views, live music and a relaxing cruise with transfers included.<\/p>","protected":false},"featured_media":16565,"comment_status":"open","ping_status":"closed","template":"","meta":[],"product_brand":[],"product_cat":[],"product_tag":[],"class_list":{"0":"post-13031","1":"product","2":"type-product","3":"status-publish","4":"has-post-thumbnail","6":"tour_phys-tours","7":"pa_activity-pirate-boat-tours","8":"pa_destination-belek","10":"first","11":"instock","12":"shipping-taxable","13":"purchasable","14":"product-type-tour_phys"},"_links":{"self":[{"href":"https:\/\/vetatourism.com\/pl\/wp-json\/wp\/v2\/product\/13031","targetHints":{"allow":["GET"]}}],"collection":[{"href":"https:\/\/vetatourism.com\/pl\/wp-json\/wp\/v2\/product"}],"about":[{"href":"https:\/\/vetatourism.com\/pl\/wp-json\/wp\/v2\/types\/product"}],"replies":[{"embeddable":true,"href":"https:\/\/vetatourism.com\/pl\/wp-json\/wp\/v2\/comments?post=13031"}],"wp:featuredmedia":[{"embeddable":true,"href":"https:\/\/vetatourism.com\/pl\/wp-json\/wp\/v2\/media\/16565"}],"wp:attachment":[{"href":"https:\/\/vetatourism.com\/pl\/wp-json\/wp\/v2\/media?parent=13031"}],"wp:term":[{"taxonomy":"product_brand","embeddable":true,"href":"https:\/\/vetatourism.com\/pl\/wp-json\/wp\/v2\/product_brand?post=13031"},{"taxonomy":"product_cat","embeddable":true,"href":"https:\/\/vetatourism.com\/pl\/wp-json\/wp\/v2\/product_cat?post=13031"},{"taxonomy":"product_tag","embeddable":true,"href":"https:\/\/vetatourism.com\/pl\/wp-json\/wp\/v2\/product_tag?post=13031"}],"curies":[{"name":"wp","href":"https:\/\/api.w.org\/{rel}","templated":true}]}}