{"id":13020,"date":"2026-01-29T08:51:26","date_gmt":"2026-01-29T08:51:26","guid":{"rendered":"https:\/\/vetatourism.com\/?post_type=product&#038;p=13020"},"modified":"2026-04-25T17:31:10","modified_gmt":"2026-04-25T17:31:10","slug":"kemer-pirate-boat-trip-red-dragon-with-lunch","status":"publish","type":"product","link":"https:\/\/vetatourism.com\/tours\/kemer-pirate-boat-trip-red-dragon-with-lunch","title":{"rendered":"Spacer na Pirackiej \u0142odzi Red Dragon w \u041a\u0435\u043c\u0435\u0440\u0443 \u2014 Z Obiadem"},"content":{"rendered":"<div data-start=\"1347\" data-end=\"1579\">Twoja przygoda rozpoczyna si\u0119 z komfortowego transferu z hotelu w Belek lub pobliskich obszarach, po kt\u00f3rych nast\u0119puje transfer w <strong data-start=\"1463\" data-end=\"1479\">Kemer Marina<\/strong>Dalej na pok\u0142ad wielkiego <strong data-start=\"1501\" data-end=\"1523\">\u0142\u00f3d\u017a w pirackiej tematyce<\/strong>stworzony dla zabawy, muzyki i niezapomnianych morskich chwil.<\/div>\n<div data-start=\"1581\" data-end=\"1821\">Podczas gdy statek kursuje wzd\u0142u\u017c wspania\u0142ego wybrze\u017ca Kemer, zesp\u00f3\u0142 obs\u0142uguje zastrzyk energii, muzyki, ta\u0144ca i rozrywki w stylu pirackim. Wycieczka obejmuje kilka przystank\u00f3w do k\u0105pieli, gdzie mo\u017cna za\u017cy\u0107 orze\u017awiaj\u0105cej k\u0105pieli w turkusowych wodach lub zrelaksowa\u0107 si\u0119 na pok\u0142adzie.<\/div>\n<div data-start=\"1823\" data-end=\"2094\">Pop\u0142ywa\u0107 w pobli\u017cu staro\u017cytnych ruin w <strong data-start=\"1854\" data-end=\"1870\">Zatoka Wykopalisk W Faselis<\/strong>, cieszy\u0107 si\u0119 spokojn\u0105 atmosfer\u0105 <strong data-start=\"1905\" data-end=\"1919\">Niebia\u0144ska Przysta\u0144<\/strong>, a tak\u017ce odpocz\u0105\u0107 lub zrobi\u0107 zdj\u0119cie w <strong data-start=\"1949\" data-end=\"1966\">Zatoka Ksi\u0119\u017cycowego \u015awiat\u0142a<\/strong>Mo\u017cna r\u00f3wnie\u017c wybra\u0107 si\u0119 w rejs obok tajemniczego <strong data-start=\"2009\" data-end=\"2024\">Jaskinia Pirat\u00f3w<\/strong>oferuj\u0105cy imponuj\u0105ce formacje skalne i doskona\u0142e mo\u017cliwo\u015bci do robienia zdj\u0119\u0107.<\/div>\n<div data-start=\"2096\" data-end=\"2325\">W czasie trwania wycieczki jedzenie i napoje s\u0105 dost\u0119pne na pok\u0142adzie, w zale\u017cno\u015bci od wybranego pakietu us\u0142ug. Dzi\u0119ki \u017cywym zabawy, pi\u0119kne widoki i du\u017cej ilo\u015bci czasu do p\u0142ywania, ta wycieczka na pirackiej \u0142odzi zapowiada si\u0119 dzie\u0144 pe\u0142en zabawy i wspomnie\u0144.<\/div>\n<div data-start=\"2096\" data-end=\"2325\"><\/div>\n<div data-start=\"2096\" data-end=\"2325\"><\/div>\n<div style=\"max-width: 360px; margin: 0;\">\n<div style=\"position: relative; padding-top: 177.77%;\"><iframe style=\"position: absolute; top: 0; left: 0; width: 100%; height: 100%; border: 0;\" src=\"https:\/\/www.youtube.com\/embed\/6hknrEM8D68\" allowfullscreen=\"allowfullscreen\"><br \/>\n<\/iframe><\/div>\n<\/div>\n<hr \/>\n<p>&nbsp;<\/p>\n<div class=\"tour-content-what-included\">\n<h4 id=\"whats-included\">Co wchodzi w zestaw<\/h4>\n<ul style=\"column-count: 2;\">\n<li>Odbi\u00f3r w\u0142asny z hoteli w Kemer i jego okolic<\/li>\n<li>Transfer na Przysta\u0144 Kemer<\/li>\n<li>Pasowanie na pirata \u0142odzi<\/li>\n<li>Przystanek na k\u0105piel w zatoce wykopalisk w faselis<\/li>\n<li>Przystanek na k\u0105piel w Zatoce Nieba<\/li>\n<li>Przystanek do k\u0105pieli w \u041c\u0443\u043d\u043b\u0430\u0439\u0442 Bay<\/li>\n<li>Zwiedzanie Pirackiej jaskini<\/li>\n<li>Rozrywka, p\u0142ywanie i czas wolny na pok\u0142adzie<\/li>\n<li>Powr\u00f3t na przysta\u0144 i transfer do hotelu<\/li>\n<\/ul>\n<\/div>\n<p>&nbsp;<\/p>\n<hr \/>\n<p>&nbsp;<\/p>\n<div class=\"tour-content-add-information\">\n<h4>Dodatkowe informacje<\/h4>\n<ul>\n<li>Wycieczka na pirackiej \u0142odzi na ca\u0142y dzie\u0144<\/li>\n<li>Idealny dla rodzin i dzieci<\/li>\n<li>Muzyka na \u017cywo i program rozrywkowy na pok\u0142adzie<\/li>\n<li>Trasa mo\u017ce si\u0119 r\u00f3\u017cni\u0107 w zale\u017cno\u015bci od warunk\u00f3w pogodowych<\/li>\n<\/ul>\n<\/div>\n<hr \/>\n<p>&nbsp;<\/p>\n<div class=\"tour-content-cancell-policy\">\n<p><strong>Co zabra\u0107 ze sob\u0105<\/strong><\/p>\n<ul style=\"column-count: 2;\">\n<li>Okulary<img decoding=\"async\" class=\"emoji\" role=\"img\" draggable=\"false\" src=\"https:\/\/s.w.org\/images\/core\/emoji\/17.0.2\/svg\/1f576.svg\" alt=\"\ud83d\udd76\ufe0f\" \/><\/li>\n<li>Przeciws\u0142oneczne i kapelusz<img decoding=\"async\" class=\"emoji\" role=\"img\" draggable=\"false\" src=\"https:\/\/s.w.org\/images\/core\/emoji\/17.0.2\/svg\/1f9e2.svg\" alt=\"\ud83e\udde2\" \/><\/li>\n<li>Str\u00f3j k\u0105pielowy i r\u0119cznik <img decoding=\"async\" class=\"emoji\" role=\"img\" draggable=\"false\" src=\"https:\/\/s.w.org\/images\/core\/emoji\/17.0.2\/svg\/1fa71.svg\" alt=\"\ud83e\ude71\" \/><\/li>\n<li>Aparat lub smartfon \ud83d\udcf1<\/li>\n<li>Pieni\u0105dze na osobiste wydatki <img decoding=\"async\" class=\"emoji\" role=\"img\" draggable=\"false\" src=\"https:\/\/s.w.org\/images\/core\/emoji\/17.0.2\/svg\/1f4b3.svg\" alt=\"\ud83d\udcb3\" \/><\/li>\n<\/ul>\n<\/div>","protected":false},"excerpt":{"rendered":"<p>Do\u0142\u0105cz do wycieczki do pirackiej \u0142odzi z \u0411\u0435\u043b\u0435\u043a\u0430 w Kemer. Pop\u0142ywa\u0107 w krystalicznie czystych zatoczek, ciesz si\u0119 muzyk\u0105, zabaw\u0105 i fascynuj\u0105c\u0105 drog\u0105 morsk\u0105 przygod\u0105 z transferem z hotelu.<\/p>","protected":false},"featured_media":16564,"comment_status":"open","ping_status":"closed","template":"","meta":[],"product_brand":[],"product_cat":[],"product_tag":[],"class_list":{"0":"post-13020","1":"product","2":"type-product","3":"status-publish","4":"has-post-thumbnail","6":"tour_phys-tours","7":"pa_activity-pirate-boat-tours","8":"pa_destination-kemer","10":"first","11":"instock","12":"shipping-taxable","13":"purchasable","14":"product-type-tour_phys"},"_links":{"self":[{"href":"https:\/\/vetatourism.com\/pl\/wp-json\/wp\/v2\/product\/13020","targetHints":{"allow":["GET"]}}],"collection":[{"href":"https:\/\/vetatourism.com\/pl\/wp-json\/wp\/v2\/product"}],"about":[{"href":"https:\/\/vetatourism.com\/pl\/wp-json\/wp\/v2\/types\/product"}],"replies":[{"embeddable":true,"href":"https:\/\/vetatourism.com\/pl\/wp-json\/wp\/v2\/comments?post=13020"}],"wp:featuredmedia":[{"embeddable":true,"href":"https:\/\/vetatourism.com\/pl\/wp-json\/wp\/v2\/media\/16564"}],"wp:attachment":[{"href":"https:\/\/vetatourism.com\/pl\/wp-json\/wp\/v2\/media?parent=13020"}],"wp:term":[{"taxonomy":"product_brand","embeddable":true,"href":"https:\/\/vetatourism.com\/pl\/wp-json\/wp\/v2\/product_brand?post=13020"},{"taxonomy":"product_cat","embeddable":true,"href":"https:\/\/vetatourism.com\/pl\/wp-json\/wp\/v2\/product_cat?post=13020"},{"taxonomy":"product_tag","embeddable":true,"href":"https:\/\/vetatourism.com\/pl\/wp-json\/wp\/v2\/product_tag?post=13020"}],"curies":[{"name":"wp","href":"https:\/\/api.w.org\/{rel}","templated":true}]}}