{"id":13013,"date":"2026-01-29T08:39:30","date_gmt":"2026-01-29T08:39:30","guid":{"rendered":"https:\/\/vetatourism.com\/?post_type=product&#038;p=13013"},"modified":"2026-04-09T08:06:04","modified_gmt":"2026-04-09T08:06:04","slug":"green-canyon-boat-tour-from-kemer-nature-relaxation","status":"publish","type":"product","link":"https:\/\/vetatourism.com\/tours\/green-canyon-boat-tour-from-kemer-nature-relaxation","title":{"rendered":"Morska wycieczka do Zielonego Kanionu z Kemer \u2013 Natura, Wakacje"},"content":{"rendered":"<p>Tw\u00f3j dzie\u0144 zaczyna si\u0119 od komfortowego transferu z hotelu w Kemer lub pobliskich obszarach, za kt\u00f3re nale\u017cy malownicza podr\u00f3\u017c przez g\u00f3ry Taurus do Zielonego kanionu.<\/p>\n<p>Po przyje\u017adzie usi\u0105d\u017a na komfortowy \u0142\u00f3dk\u0119 i uda\u0107 si\u0119 na relaksuj\u0105cy rejs po szmaragdowo-zielone wody, otoczony ska\u0142ami i bujne le\u015bnymi. Trasa prowadzi przez Ma\u0142e i Du\u017ce kaniony z przerwami na k\u0105piel w spokojnych, krystalicznie czystych wodach.<\/p>\n<p>P\u00f3\u017aniej zapraszamy na pyszny obiad w restauracji na brzegu jeziora, gdzie mo\u017cna w pe\u0142ni si\u0119 zrelaksowa\u0107 i cieszy\u0107 si\u0119 cisz\u0105 natury. Trasa ta oferuje idealn\u0105 r\u00f3wnowag\u0119 wypoczynku i krajobrazu, zanim wr\u00f3cisz do swojego stylu, wypocz\u0119ty i \u043f\u043e\u0434\u0437\u0430\u0440\u044f\u0436\u0435\u043d\u043d\u044b\u043c.<\/p>\n<p>&nbsp;<\/p>\n<hr \/>\n<p>&nbsp;<\/p>\n<div class=\"tour-content-what-included\">\n<h4 id=\"whats-included\"><span dir=\"auto\" style=\"vertical-align: inherit;\"><span dir=\"auto\" style=\"vertical-align: inherit;\">Co wchodzi w zestaw<\/span><\/span><\/h4>\n<ul style=\"column-count: 2;\">\n<li><span dir=\"auto\" style=\"vertical-align: inherit;\"><span dir=\"auto\" style=\"vertical-align: inherit;\">Odbi\u00f3r w\u0142asny z hoteli w Kemer i jego okolic<\/span><\/span><\/li>\n<li><span dir=\"auto\" style=\"vertical-align: inherit;\"><span dir=\"auto\" style=\"vertical-align: inherit;\">Malownicza wycieczka po g\u00f3rach Taurus<\/span><\/span><\/li>\n<li><span dir=\"auto\" style=\"vertical-align: inherit;\"><span dir=\"auto\" style=\"vertical-align: inherit;\">Rejs po Zielonym Kanionie<\/span><\/span><\/li>\n<li><span dir=\"auto\" style=\"vertical-align: inherit;\"><span dir=\"auto\" style=\"vertical-align: inherit;\">P\u0142ywanie ustaje<\/span><\/span><\/li>\n<li><span dir=\"auto\" style=\"vertical-align: inherit;\"><span dir=\"auto\" style=\"vertical-align: inherit;\">Obiad w restauracji na brzegu jeziora<\/span><\/span><\/li>\n<li><span dir=\"auto\" style=\"vertical-align: inherit;\"><span dir=\"auto\" style=\"vertical-align: inherit;\">Powrotny rejs<\/span><\/span><\/li>\n<li><span dir=\"auto\" style=\"vertical-align: inherit;\"><span dir=\"auto\" style=\"vertical-align: inherit;\">Transport z powrotem do hotelu<\/span><\/span><\/li>\n<\/ul>\n<\/div>\n<p>&nbsp;<\/p>\n<hr \/>\n<p>&nbsp;<\/p>\n<div class=\"tour-content-add-information\">\n<h4><span dir=\"auto\" style=\"vertical-align: inherit;\"><span dir=\"auto\" style=\"vertical-align: inherit;\">Dodatkowe informacje<\/span><\/span><\/h4>\n<ul>\n<li><span dir=\"auto\" style=\"vertical-align: inherit;\"><span dir=\"auto\" style=\"vertical-align: inherit;\">Wycieczka na ca\u0142y dzie\u0144 na \u0142odzi (oko\u0142o 9-10 godzin)<\/span><\/span><\/li>\n<li><span dir=\"auto\" style=\"vertical-align: inherit;\"><span dir=\"auto\" style=\"vertical-align: inherit;\">Niska aktywno\u015b\u0107 fizyczna (rejs na \u0142odzi i na \u017cyczenie p\u0142ywanie)<\/span><\/span><\/li>\n<li><span dir=\"auto\" style=\"vertical-align: inherit;\"><span dir=\"auto\" style=\"vertical-align: inherit;\">Codzienne wyjazdy z Kemer<\/span><\/span><\/li>\n<li><span dir=\"auto\" style=\"vertical-align: inherit;\"><span dir=\"auto\" style=\"vertical-align: inherit;\">Na \u0142odzi s\u0105 zacienione miejsca do siedzenia i toalety<\/span><\/span><\/li>\n<li><span dir=\"auto\" style=\"vertical-align: inherit;\"><span dir=\"auto\" style=\"vertical-align: inherit;\">Dostarczone kamizelki ratunkowe<\/span><\/span><\/li>\n<li><span dir=\"auto\" style=\"vertical-align: inherit;\"><span dir=\"auto\" style=\"vertical-align: inherit;\">Dzieci do 5 lat podr\u00f3\u017cuj\u0105 za darmo, nie przys\u0142uguje osobne miejsce w autobusie; je\u015bli autobus jest pe\u0142ny, oni siedz\u0105 na kolanach osoby doros\u0142ej lub miejsce mo\u017cna zarezerwowa\u0107 oddzielnie<\/span><\/span><\/li>\n<\/ul>\n<\/div>\n<hr \/>\n<p>&nbsp;<\/p>\n<div class=\"tour-content-cancell-policy\">\n<p><strong><span dir=\"auto\" style=\"vertical-align: inherit;\"><span dir=\"auto\" style=\"vertical-align: inherit;\">Co zabra\u0107 ze sob\u0105<\/span><\/span><\/strong><\/p>\n<ul style=\"column-count: 2;\">\n<li><span dir=\"auto\" style=\"vertical-align: inherit;\"><span dir=\"auto\" style=\"vertical-align: inherit;\">Okulary<\/span><\/span><img decoding=\"async\" class=\"emoji\" role=\"img\" draggable=\"false\" src=\"https:\/\/s.w.org\/images\/core\/emoji\/17.0.2\/svg\/1f576.svg\" alt=\"\ud83d\udd76\ufe0f\" \/><\/li>\n<li><span dir=\"auto\" style=\"vertical-align: inherit;\"><span dir=\"auto\" style=\"vertical-align: inherit;\">Przeciws\u0142oneczne i kapelusz<\/span><\/span><img decoding=\"async\" class=\"emoji\" role=\"img\" draggable=\"false\" src=\"https:\/\/s.w.org\/images\/core\/emoji\/17.0.2\/svg\/1f9e2.svg\" alt=\"\ud83e\udde2\" \/><\/li>\n<li><span dir=\"auto\" style=\"vertical-align: inherit;\"><span dir=\"auto\" style=\"vertical-align: inherit;\">Str\u00f3j k\u0105pielowy i r\u0119cznik<\/span><\/span><img decoding=\"async\" class=\"emoji\" role=\"img\" draggable=\"false\" src=\"https:\/\/s.w.org\/images\/core\/emoji\/17.0.2\/svg\/1fa71.svg\" alt=\"\ud83e\ude71\" \/><\/li>\n<li><span dir=\"auto\" style=\"vertical-align: inherit;\"><span dir=\"auto\" style=\"vertical-align: inherit;\">Aparat lub smartfon \ud83d\udcf1<\/span><\/span><\/li>\n<li><span dir=\"auto\" style=\"vertical-align: inherit;\"><span dir=\"auto\" style=\"vertical-align: inherit;\">Pieni\u0105dze na osobiste wydatki<\/span><\/span><img decoding=\"async\" class=\"emoji\" role=\"img\" draggable=\"false\" src=\"https:\/\/s.w.org\/images\/core\/emoji\/17.0.2\/svg\/1f4b3.svg\" alt=\"\ud83d\udcb3\" \/><\/li>\n<\/ul>\n<\/div>","protected":false},"excerpt":{"rendered":"<p><span dir=\"auto\" style=\"vertical-align: inherit;\"><span dir=\"auto\" style=\"vertical-align: inherit;\">Zapraszamy na przystani zwiedzaniem Zielonego kanionu z Kemer, z przystankami na k\u0105piel, pi\u0119kne widoki na g\u00f3ry i obiadem na brzegu jeziora. Relaksuj\u0105cy wypoczynek na \u0142onie natury na ca\u0142y dzie\u0144.<\/span><\/span><\/p>","protected":false},"featured_media":13014,"comment_status":"open","ping_status":"closed","template":"","meta":[],"product_brand":[],"product_cat":[],"product_tag":[],"class_list":{"0":"post-13013","1":"product","2":"type-product","3":"status-publish","4":"has-post-thumbnail","6":"tour_phys-tours","7":"pa_destination-kemer","9":"first","10":"instock","11":"shipping-taxable","12":"purchasable","13":"product-type-tour_phys"},"_links":{"self":[{"href":"https:\/\/vetatourism.com\/pl\/wp-json\/wp\/v2\/product\/13013","targetHints":{"allow":["GET"]}}],"collection":[{"href":"https:\/\/vetatourism.com\/pl\/wp-json\/wp\/v2\/product"}],"about":[{"href":"https:\/\/vetatourism.com\/pl\/wp-json\/wp\/v2\/types\/product"}],"replies":[{"embeddable":true,"href":"https:\/\/vetatourism.com\/pl\/wp-json\/wp\/v2\/comments?post=13013"}],"wp:featuredmedia":[{"embeddable":true,"href":"https:\/\/vetatourism.com\/pl\/wp-json\/wp\/v2\/media\/13014"}],"wp:attachment":[{"href":"https:\/\/vetatourism.com\/pl\/wp-json\/wp\/v2\/media?parent=13013"}],"wp:term":[{"taxonomy":"product_brand","embeddable":true,"href":"https:\/\/vetatourism.com\/pl\/wp-json\/wp\/v2\/product_brand?post=13013"},{"taxonomy":"product_cat","embeddable":true,"href":"https:\/\/vetatourism.com\/pl\/wp-json\/wp\/v2\/product_cat?post=13013"},{"taxonomy":"product_tag","embeddable":true,"href":"https:\/\/vetatourism.com\/pl\/wp-json\/wp\/v2\/product_tag?post=13013"}],"curies":[{"name":"wp","href":"https:\/\/api.w.org\/{rel}","templated":true}]}}