{"id":10214,"date":"2024-08-13T02:55:52","date_gmt":"2024-08-13T02:55:52","guid":{"rendered":"https:\/\/travelwp.physcode.com\/main-demo\/?post_type=product&#038;p=10214"},"modified":"2026-02-28T12:11:05","modified_gmt":"2026-02-28T12:11:05","slug":"cappadocia-2-day-tour-from-kemer","status":"publish","type":"product","link":"https:\/\/vetatourism.com\/tours\/cappadocia-2-day-tour-from-kemer","title":{"rendered":"2-Dniowa wycieczka do Kapadocji z Kemer"},"content":{"rendered":"<p>Odkryj magiczne krajobrazy Kapadocji podczas niezapomnianego dwudniowej przygodzie, \u0142\u0105cz\u0105cego cuda przyrody, historii staro\u017cytnej i autentyczne wydarzenia kulturalne wra\u017cenia.<\/p>\n<p>Twoja podr\u00f3\u017c zaczyna si\u0119 od tego, \u017ce wcze\u015bnie rano przyjdziemy do was z hotelu w Side lub pobliskich regionach. Podr\u00f3\u017cuj wygodnie w sercu Anatolii, podziwiaj\u0105c panoramiczne widoki na g\u00f3ry i tradycyjnymi tureckimi wiejskim krajobrazem.<\/p>\n<p>Znana z fantastycznych komin\u00f3w, \u043f\u0435\u0449\u0435\u0440\u043d\u044b\u043c\u0438 domami i surrealistycznych dolinami, ukszta\u0142towanymi w wyniku aktywno\u015bci wulkanicznej tysi\u0105ce lat temu, Kapadocja oferuje jeden z najbardziej niezwyk\u0142ych krajobraz\u00f3w na \u015bwiecie. Poznaj podziemne miasta, kt\u00f3re kiedy\u015b by\u0142y u\u017cywane wczesne cywilizacje jako ukrytych jaski\u0144 i podziwia\u0107 zapieraj\u0105ce dech w piersiach widoki na dolin\u0119 G\u00f6reme.<\/p>\n<p>Zapraszamy na pyszny lunch w lokalnej restauracji, zanim kontynuowa\u0107 swoj\u0105 znajomo\u015b\u0107 z historycznymi \u043f\u0435\u0449\u0435\u0440\u043d\u044b\u043c\u0438 ko\u015bcio\u0142\u00f3w, dolinami i tradycyjnymi warsztatami rzemie\u015blniczymi.<\/p>\n<p>Sp\u0119d\u017a noc w Kapadocji i zanurz si\u0119 w jej spokojn\u0105 atmosfer\u0119. Na \u017cyczenie go\u015bci organizowane s\u0105 wieczorne imprezy, takie jak tureckie nocne show lub tradycyjny obiad.<\/p>\n<p>Pobudka wcze\u015bnie na drugi dzie\u0144, aby uzyska\u0107 niezapomniane wra\u017cenia z obserwacji lotu balonem o \u015bwicie lub do\u0142\u0105czy\u0107 do niego (na \u017cyczenie i w zale\u017cno\u015bci od pogody) - jeden z najbardziej prze\u0142omowych moment\u00f3w w Turcji.<\/p>\n<p>Po \u015bniadaniu dalej zapoznanie si\u0119 z regionem, zanim wygodnie wr\u00f3ci\u0107 do swojego stylu, z niezapomnianymi wspomnieniami.<\/p>\n<p>&nbsp;<\/p>\n<hr \/>\n<p>&nbsp;<\/p>\n<div class=\"tour-content-what-included\">\n<h4 id=\"whats-included\">Co wchodzi w zestaw<\/h4>\n<ul style=\"column-count: 2;\">\n<li>Spotkanie i wysiadanie z hotelu<\/li>\n<li>Transport z klimatyzacj\u0105<\/li>\n<li>Profesjonalny przewodnik<\/li>\n<li>Zakwaterowanie na 1 noc w Kapadocji<\/li>\n<li>\u015aniadanie i kolacja w hotelu<\/li>\n<li>Obiad podczas wycieczki<\/li>\n<li>Zwiedzanie doliny i panoramy widokowe<\/li>\n<li>Zwiedzanie podziemnego miasta<\/li>\n<li>Pe\u0142ne ubezpieczenie<\/li>\n<\/ul>\n<\/div>\n<p>&nbsp;<\/p>\n<hr \/>\n<p>&nbsp;<\/p>\n<div class=\"tour-content-add-information\">\n<h4>Dodatkowe informacje<\/h4>\n<ul>\n<li>Lot balonem jest opcjonalne i zale\u017cy od warunk\u00f3w pogodowych<\/li>\n<li>Zalecane wygodne obuwie do chodzenia<\/li>\n<li>Czas dostawy mo\u017ce r\u00f3\u017cni\u0107 si\u0119 w zale\u017cno\u015bci od lokalizacji hotelu<\/li>\n<li>Po drodze s\u0105 przystanki do zakup\u00f3w i odpoczynku<\/li>\n<li>Za zakwaterowanie w pokoju jednoosobowym mog\u0105 zosta\u0107 naliczone dodatkowe op\u0142aty<\/li>\n<\/ul>\n<\/div>\n<hr \/>\n<p>&nbsp;<\/p>\n<div class=\"tour-content-cancell-policy\">\n<p><strong>Co zabra\u0107 ze sob\u0105<\/strong><\/p>\n<ul style=\"column-count: 2;\">\n<li>Okulary \ud83d\udd76\ufe0f<\/li>\n<li>Czapka \ud83e\udde2<\/li>\n<li>Wygodne buty \ud83d\udc5f<\/li>\n<li>\ud83d\udcf7Kamery<\/li>\n<li>Lekka kurtka \ud83e\udde5<\/li>\n<li>Pieni\u0105dze na osobiste wydatki \ud83d\udcb3<\/li>\n<\/ul>\n<\/div>","protected":false},"excerpt":{"rendered":"<p>Odkryj magiczne krajobrazy Kapadocji podczas niezapomnianego dwudniowej przygodzie, \u0142\u0105cz\u0105cego cuda przyrody, historii staro\u017cytnej i autentyczne wydarzenia kulturalne wra\u017cenia.<br \/>\nYour journey begins with an early morning pickup from your <\/p>","protected":false},"featured_media":16221,"comment_status":"open","ping_status":"closed","template":"","meta":[],"product_brand":[],"product_cat":[],"product_tag":[],"class_list":{"0":"post-10214","1":"product","2":"type-product","3":"status-publish","4":"has-post-thumbnail","6":"tour_phys-tours","7":"pa_destination-kemer","9":"first","10":"instock","11":"shipping-taxable","12":"purchasable","13":"product-type-tour_phys"},"_links":{"self":[{"href":"https:\/\/vetatourism.com\/pl\/wp-json\/wp\/v2\/product\/10214","targetHints":{"allow":["GET"]}}],"collection":[{"href":"https:\/\/vetatourism.com\/pl\/wp-json\/wp\/v2\/product"}],"about":[{"href":"https:\/\/vetatourism.com\/pl\/wp-json\/wp\/v2\/types\/product"}],"replies":[{"embeddable":true,"href":"https:\/\/vetatourism.com\/pl\/wp-json\/wp\/v2\/comments?post=10214"}],"wp:featuredmedia":[{"embeddable":true,"href":"https:\/\/vetatourism.com\/pl\/wp-json\/wp\/v2\/media\/16221"}],"wp:attachment":[{"href":"https:\/\/vetatourism.com\/pl\/wp-json\/wp\/v2\/media?parent=10214"}],"wp:term":[{"taxonomy":"product_brand","embeddable":true,"href":"https:\/\/vetatourism.com\/pl\/wp-json\/wp\/v2\/product_brand?post=10214"},{"taxonomy":"product_cat","embeddable":true,"href":"https:\/\/vetatourism.com\/pl\/wp-json\/wp\/v2\/product_cat?post=10214"},{"taxonomy":"product_tag","embeddable":true,"href":"https:\/\/vetatourism.com\/pl\/wp-json\/wp\/v2\/product_tag?post=10214"}],"curies":[{"name":"wp","href":"https:\/\/api.w.org\/{rel}","templated":true}]}}