{"id":11201,"date":"2024-09-19T08:02:59","date_gmt":"2024-09-19T04:02:59","guid":{"rendered":"https:\/\/travelwp.physcode.com\/main-demo\/?page_id=11201"},"modified":"2026-01-29T16:01:35","modified_gmt":"2026-01-29T16:01:35","slug":"pytania","status":"publish","type":"page","link":"https:\/\/vetatourism.com\/pl\/faqs\/","title":{"rendered":"Pytania i odpowiedzi"},"content":{"rendered":"<div data-elementor-type=\"wp-page\" data-elementor-id=\"11201\" class=\"elementor elementor-11201\" data-elementor-post-type=\"page\">\n\t\t\t\t<div class=\"elementor-element elementor-element-3dc80fe e-flex e-con-boxed e-con e-parent\" data-id=\"3dc80fe\" data-element_type=\"container\" data-e-type=\"container\">\n\t\t\t\t\t<div class=\"e-con-inner\">\n\t\t\t\t<div class=\"elementor-element elementor-element-47ca54f elementor-widget elementor-widget-thim-ekits-breadcrumb\" data-id=\"47ca54f\" data-element_type=\"widget\" data-e-type=\"widget\" data-widget_type=\"thim-ekits-breadcrumb.default\">\n\t\t\t\t<div class=\"elementor-widget-container\">\n\t\t\t\t\t\n\t\t\t<div class=\"thim-ekit-breadcrumb\">\n\n\t\t\t\tStrona g\u0142\u00f3wna\n\t\t\t<\/div>\n\n\t\t\t\t\t\t\t<\/div>\n\t\t\t\t<\/div>\n\t\t\t\t<div class=\"elementor-element elementor-element-9548dbd elementor-widget__width-initial elementor-widget elementor-widget-thim-ekits-heading\" data-id=\"9548dbd\" data-element_type=\"widget\" data-e-type=\"widget\" data-widget_type=\"thim-ekits-heading.default\">\n\t\t\t\t<div class=\"elementor-widget-container\">\n\t\t\t\t\t<div class=\"thim-ekits-heading thim-ekit__heading\"><h1 class=\"title\">Pytania i odpowiedzi<\/h1><h5 class=\"sub-heading\">Zapoznaj si\u0119 z przydatnymi odpowiedziami na temat wycieczek, rezerwacji i szczeg\u00f3\u0142\u00f3w podr\u00f3\u017cy, aby bez obaw zaplanowa\u0107 swoje wra\u017cenia.<\/h5><\/div>\t\t\t\t<\/div>\n\t\t\t\t<\/div>\n\t\t\t\t\t<\/div>\n\t\t\t\t<\/div>\n\t\t<div class=\"elementor-element elementor-element-6c5c061 e-flex e-con-boxed e-con e-parent\" data-id=\"6c5c061\" data-element_type=\"container\" data-e-type=\"container\">\n\t\t\t\t\t<div class=\"e-con-inner\">\n\t\t<div class=\"elementor-element elementor-element-3baf02f e-con-full e-flex e-con e-child\" data-id=\"3baf02f\" data-element_type=\"container\" data-e-type=\"container\">\n\t\t\t\t<div class=\"elementor-element elementor-element-68ca3b8 elementor-widget elementor-widget-thim-ekits-accordion\" data-id=\"68ca3b8\" data-element_type=\"widget\" data-e-type=\"widget\" data-widget_type=\"thim-ekits-accordion.default\">\n\t\t\t\t<div class=\"elementor-widget-container\">\n\t\t\t\t\t\n\t\t<div id=\"thim-accordions-68ca3b8\" class=\"thim-ekit-tablist\">\n\t\t\t<div class=\"thim-accordion-sections\" role=\"tablist\">\n\t\t\t\t\n\t\t\t\t\t<div class=\"accordion-section\">\n\t\t\t\t\t\t<div class=\"accordion-title\" aria-selected=\"true\" role=\"tab\" tabindex=\"0\" aria-controls=\"item-acc-68ca3b8-1\">\n\t\t\t\t\t\t\tJak mog\u0119 zarezerwowa\u0107 wycieczk\u0119?\t\t\t\t\t\t\t\t<span class=\"accordion-icon\">\n\t\t\t\t\t\t\t\t\t<span\n\t\t\t\t\t\t\t\t\t\tclass=\"accordion-icon-closed\"><svg xmlns=\"http:\/\/www.w3.org\/2000\/svg\" width=\"12\" height=\"7\" viewbox=\"0 0 12 7\" fill=\"none\"><path d=\"M1 6L6 1L11 6\" stroke=\"#121212\" stroke-width=\"1.5\" stroke-linecap=\"round\" stroke-linejoin=\"round\"><\/path><\/svg><\/span>\n\t\t\t\t\t\t\t\t\t<span\n\t\t\t\t\t\t\t\t\t\tclass=\"accordion-icon-opened\"><svg xmlns=\"http:\/\/www.w3.org\/2000\/svg\" width=\"12\" height=\"7\" viewbox=\"0 0 12 7\" fill=\"none\"><path d=\"M11 1L6 6L1 1\" stroke=\"#121212\" stroke-width=\"1.5\" stroke-linecap=\"round\" stroke-linejoin=\"round\"><\/path><\/svg><\/span>\n\t\t\t\t\t\t\t\t<\/span>\n\t\t\t\t\t\t\t\t\t\t\t\t\t<\/div>\n\n\t\t\t\t\t\t<div class=\"accordion-content\" id=\"item-acc-68ca3b8-1\"\n\t\t\t\t\t\t\t role=\"tabpanel\"\n\t\t\t\t\t\t\t aria-labelledby=\"item-acc-68ca3b8-1\"\n\t\t\t\t\t\t\t tabindex=\"0\" >\n\t\t\t\t\t\t\t<p data-start=\"526\" data-end=\"742\">Mo\u017cesz zarezerwowa\u0107 wycieczk\u0119 bezpo\u015brednio przez nasz\u0105 stron\u0119 internetow\u0105, wybieraj\u0105c preferowane do\u015bwiadczenie i post\u0119puj\u0105c zgodnie z instrukcjami rezerwacji. Je\u015bli potrzebujesz pomocy, nasz zesp\u00f3\u0142 jest dost\u0119pny za po\u015brednictwem formularza kontaktowego lub WhatsApp.<\/p>\t\t\t\t\t\t<\/div>\n\t\t\t\t\t<\/div>\n\n\t\t\t\t\n\t\t\t\t\t<div class=\"accordion-section\">\n\t\t\t\t\t\t<div class=\"accordion-title\" aria-selected=\"false\" role=\"tab\" tabindex=\"-1\" aria-controls=\"item-acc-68ca3b8-2\">\n\t\t\t\t\t\t\tCzy wymagana jest wcze\u015bniejsza rezerwacja?\t\t\t\t\t\t\t\t<span class=\"accordion-icon\">\n\t\t\t\t\t\t\t\t\t<span\n\t\t\t\t\t\t\t\t\t\tclass=\"accordion-icon-closed\"><svg xmlns=\"http:\/\/www.w3.org\/2000\/svg\" width=\"12\" height=\"7\" viewbox=\"0 0 12 7\" fill=\"none\"><path d=\"M1 6L6 1L11 6\" stroke=\"#121212\" stroke-width=\"1.5\" stroke-linecap=\"round\" stroke-linejoin=\"round\"><\/path><\/svg><\/span>\n\t\t\t\t\t\t\t\t\t<span\n\t\t\t\t\t\t\t\t\t\tclass=\"accordion-icon-opened\"><svg xmlns=\"http:\/\/www.w3.org\/2000\/svg\" width=\"12\" height=\"7\" viewbox=\"0 0 12 7\" fill=\"none\"><path d=\"M11 1L6 6L1 1\" stroke=\"#121212\" stroke-width=\"1.5\" stroke-linecap=\"round\" stroke-linejoin=\"round\"><\/path><\/svg><\/span>\n\t\t\t\t\t\t\t\t<\/span>\n\t\t\t\t\t\t\t\t\t\t\t\t\t<\/div>\n\n\t\t\t\t\t\t<div class=\"accordion-content\" id=\"item-acc-68ca3b8-2\"\n\t\t\t\t\t\t\t role=\"tabpanel\"\n\t\t\t\t\t\t\t aria-labelledby=\"item-acc-68ca3b8-2\"\n\t\t\t\t\t\t\t tabindex=\"-1\" hidden>\n\t\t\t\t\t\t\t<p data-start=\"788\" data-end=\"967\">Zaleca si\u0119 wcze\u015bniejsz\u0105 rezerwacj\u0119, aby zapewni\u0107 dost\u0119pno\u015b\u0107, szczeg\u00f3lnie w szczycie sezonu. Wcze\u015bniejsza rezerwacja pozwala nam sprawnie zorganizowa\u0107 wycieczk\u0119 i zapewni\u0107 najlepsz\u0105 mo\u017cliw\u0105 obs\u0142ug\u0119.<\/p>\t\t\t\t\t\t<\/div>\n\t\t\t\t\t<\/div>\n\n\t\t\t\t\n\t\t\t\t\t<div class=\"accordion-section\">\n\t\t\t\t\t\t<div class=\"accordion-title\" aria-selected=\"false\" role=\"tab\" tabindex=\"-1\" aria-controls=\"item-acc-68ca3b8-3\">\n\t\t\t\t\t\t\tJakie opcje p\u0142atno\u015bci s\u0105 dost\u0119pne?\t\t\t\t\t\t\t\t<span class=\"accordion-icon\">\n\t\t\t\t\t\t\t\t\t<span\n\t\t\t\t\t\t\t\t\t\tclass=\"accordion-icon-closed\"><svg xmlns=\"http:\/\/www.w3.org\/2000\/svg\" width=\"12\" height=\"7\" viewbox=\"0 0 12 7\" fill=\"none\"><path d=\"M1 6L6 1L11 6\" stroke=\"#121212\" stroke-width=\"1.5\" stroke-linecap=\"round\" stroke-linejoin=\"round\"><\/path><\/svg><\/span>\n\t\t\t\t\t\t\t\t\t<span\n\t\t\t\t\t\t\t\t\t\tclass=\"accordion-icon-opened\"><svg xmlns=\"http:\/\/www.w3.org\/2000\/svg\" width=\"12\" height=\"7\" viewbox=\"0 0 12 7\" fill=\"none\"><path d=\"M11 1L6 6L1 1\" stroke=\"#121212\" stroke-width=\"1.5\" stroke-linecap=\"round\" stroke-linejoin=\"round\"><\/path><\/svg><\/span>\n\t\t\t\t\t\t\t\t<\/span>\n\t\t\t\t\t\t\t\t\t\t\t\t\t<\/div>\n\n\t\t\t\t\t\t<div class=\"accordion-content\" id=\"item-acc-68ca3b8-3\"\n\t\t\t\t\t\t\t role=\"tabpanel\"\n\t\t\t\t\t\t\t aria-labelledby=\"item-acc-68ca3b8-3\"\n\t\t\t\t\t\t\t tabindex=\"-1\" hidden>\n\t\t\t\t\t\t\t<p data-start=\"1020\" data-end=\"1176\">Oferujemy bezpieczne opcje p\u0142atno\u015bci w zale\u017cno\u015bci od wybranej wycieczki. Wszystkie szczeg\u00f3\u0142y p\u0142atno\u015bci s\u0105 jasno wyja\u015bnione podczas procesu rezerwacji, aby zapewni\u0107 przejrzysto\u015b\u0107.<\/p>\t\t\t\t\t\t<\/div>\n\t\t\t\t\t<\/div>\n\n\t\t\t\t\n\t\t\t\t\t<div class=\"accordion-section\">\n\t\t\t\t\t\t<div class=\"accordion-title\" aria-selected=\"false\" role=\"tab\" tabindex=\"-1\" aria-controls=\"item-acc-68ca3b8-4\">\n\t\t\t\t\t\t\tCzy ceny s\u0105 ostateczne lub czy istniej\u0105 dodatkowe koszty?\t\t\t\t\t\t\t\t<span class=\"accordion-icon\">\n\t\t\t\t\t\t\t\t\t<span\n\t\t\t\t\t\t\t\t\t\tclass=\"accordion-icon-closed\"><svg xmlns=\"http:\/\/www.w3.org\/2000\/svg\" width=\"12\" height=\"7\" viewbox=\"0 0 12 7\" fill=\"none\"><path d=\"M1 6L6 1L11 6\" stroke=\"#121212\" stroke-width=\"1.5\" stroke-linecap=\"round\" stroke-linejoin=\"round\"><\/path><\/svg><\/span>\n\t\t\t\t\t\t\t\t\t<span\n\t\t\t\t\t\t\t\t\t\tclass=\"accordion-icon-opened\"><svg xmlns=\"http:\/\/www.w3.org\/2000\/svg\" width=\"12\" height=\"7\" viewbox=\"0 0 12 7\" fill=\"none\"><path d=\"M11 1L6 6L1 1\" stroke=\"#121212\" stroke-width=\"1.5\" stroke-linecap=\"round\" stroke-linejoin=\"round\"><\/path><\/svg><\/span>\n\t\t\t\t\t\t\t\t<\/span>\n\t\t\t\t\t\t\t\t\t\t\t\t\t<\/div>\n\n\t\t\t\t\t\t<div class=\"accordion-content\" id=\"item-acc-68ca3b8-4\"\n\t\t\t\t\t\t\t role=\"tabpanel\"\n\t\t\t\t\t\t\t aria-labelledby=\"item-acc-68ca3b8-4\"\n\t\t\t\t\t\t\t tabindex=\"-1\" hidden>\n\t\t\t\t\t\t\t<p>Wszystkie ceny wy\u015bwietlane na naszej stronie internetowej s\u0105 przejrzyste. Nie ma \u017cadnych ukrytych op\u0142at, a wszelkie wliczone lub wykluczone us\u0142ugi s\u0105 wyra\u017anie wymienione w szczeg\u00f3\u0142ach wycieczki.<\/p>\t\t\t\t\t\t<\/div>\n\t\t\t\t\t<\/div>\n\n\t\t\t\t\t\t\t<\/div>\n\t\t\t\t\t<\/div>\n\t\t\t\t\t<\/div>\n\t\t\t\t<\/div>\n\t\t\t\t<\/div>\n\t\t<div class=\"elementor-element elementor-element-deca7d1 e-con-full e-flex e-con e-child\" data-id=\"deca7d1\" data-element_type=\"container\" data-e-type=\"container\">\n\t\t\t\t<div class=\"elementor-element elementor-element-48e50a1 elementor-widget elementor-widget-thim-ekits-accordion\" data-id=\"48e50a1\" data-element_type=\"widget\" data-e-type=\"widget\" data-widget_type=\"thim-ekits-accordion.default\">\n\t\t\t\t<div class=\"elementor-widget-container\">\n\t\t\t\t\t\n\t\t<div id=\"thim-accordions-48e50a1\" class=\"thim-ekit-tablist\">\n\t\t\t<div class=\"thim-accordion-sections\" role=\"tablist\">\n\t\t\t\t\n\t\t\t\t\t<div class=\"accordion-section\">\n\t\t\t\t\t\t<div class=\"accordion-title\" aria-selected=\"true\" role=\"tab\" tabindex=\"0\" aria-controls=\"item-acc-48e50a1-1\">\n\t\t\t\t\t\t\tCzy mog\u0119 zmieni\u0107 lub anulowa\u0107 rezerwacj\u0119?\t\t\t\t\t\t\t\t<span class=\"accordion-icon\">\n\t\t\t\t\t\t\t\t\t<span\n\t\t\t\t\t\t\t\t\t\tclass=\"accordion-icon-closed\"><svg xmlns=\"http:\/\/www.w3.org\/2000\/svg\" width=\"12\" height=\"7\" viewbox=\"0 0 12 7\" fill=\"none\"><path d=\"M1 6L6 1L11 6\" stroke=\"#121212\" stroke-width=\"1.5\" stroke-linecap=\"round\" stroke-linejoin=\"round\"><\/path><\/svg><\/span>\n\t\t\t\t\t\t\t\t\t<span\n\t\t\t\t\t\t\t\t\t\tclass=\"accordion-icon-opened\"><svg xmlns=\"http:\/\/www.w3.org\/2000\/svg\" width=\"12\" height=\"7\" viewbox=\"0 0 12 7\" fill=\"none\"><path d=\"M11 1L6 6L1 1\" stroke=\"#121212\" stroke-width=\"1.5\" stroke-linecap=\"round\" stroke-linejoin=\"round\"><\/path><\/svg><\/span>\n\t\t\t\t\t\t\t\t<\/span>\n\t\t\t\t\t\t\t\t\t\t\t\t\t<\/div>\n\n\t\t\t\t\t\t<div class=\"accordion-content\" id=\"item-acc-48e50a1-1\"\n\t\t\t\t\t\t\t role=\"tabpanel\"\n\t\t\t\t\t\t\t aria-labelledby=\"item-acc-48e50a1-1\"\n\t\t\t\t\t\t\t tabindex=\"0\" >\n\t\t\t\t\t\t\t<p data-start=\"1452\" data-end=\"1612\">Zmiany lub anulacje s\u0105 mo\u017cliwe w zale\u017cno\u015bci od zasad danej wycieczki. Zalecamy zapoznanie si\u0119 z informacjami o wycieczce lub skontaktowanie si\u0119 z naszym zespo\u0142em pomocy technicznej w celu uzyskania pomocy.<\/p>\t\t\t\t\t\t<\/div>\n\t\t\t\t\t<\/div>\n\n\t\t\t\t\n\t\t\t\t\t<div class=\"accordion-section\">\n\t\t\t\t\t\t<div class=\"accordion-title\" aria-selected=\"false\" role=\"tab\" tabindex=\"-1\" aria-controls=\"item-acc-48e50a1-2\">\n\t\t\t\t\t\t\tCzy wycieczki s\u0105 odpowiednie dla dzieci i rodzin?\t\t\t\t\t\t\t\t<span class=\"accordion-icon\">\n\t\t\t\t\t\t\t\t\t<span\n\t\t\t\t\t\t\t\t\t\tclass=\"accordion-icon-closed\"><svg xmlns=\"http:\/\/www.w3.org\/2000\/svg\" width=\"12\" height=\"7\" viewbox=\"0 0 12 7\" fill=\"none\"><path d=\"M1 6L6 1L11 6\" stroke=\"#121212\" stroke-width=\"1.5\" stroke-linecap=\"round\" stroke-linejoin=\"round\"><\/path><\/svg><\/span>\n\t\t\t\t\t\t\t\t\t<span\n\t\t\t\t\t\t\t\t\t\tclass=\"accordion-icon-opened\"><svg xmlns=\"http:\/\/www.w3.org\/2000\/svg\" width=\"12\" height=\"7\" viewbox=\"0 0 12 7\" fill=\"none\"><path d=\"M11 1L6 6L1 1\" stroke=\"#121212\" stroke-width=\"1.5\" stroke-linecap=\"round\" stroke-linejoin=\"round\"><\/path><\/svg><\/span>\n\t\t\t\t\t\t\t\t<\/span>\n\t\t\t\t\t\t\t\t\t\t\t\t\t<\/div>\n\n\t\t\t\t\t\t<div class=\"accordion-content\" id=\"item-acc-48e50a1-2\"\n\t\t\t\t\t\t\t role=\"tabpanel\"\n\t\t\t\t\t\t\t aria-labelledby=\"item-acc-48e50a1-2\"\n\t\t\t\t\t\t\t tabindex=\"-1\" hidden>\n\t\t\t\t\t\t\t<p data-start=\"135\" data-end=\"402\">Wiele wycieczek jest przyjaznych dla rodzin i zaprojektowanych tak, aby by\u0142y przyjemne dla wszystkich grup wiekowych. Wymagania wiekowe i odpowiednie szczeg\u00f3\u0142y s\u0105 wyra\u017anie wymienione na ka\u017cdej stronie wycieczki, aby pom\u00f3c rodzinom wybra\u0107 najbardziej odpowiednie do\u015bwiadczenie.<\/p>\t\t\t\t\t\t<\/div>\n\t\t\t\t\t<\/div>\n\n\t\t\t\t\n\t\t\t\t\t<div class=\"accordion-section\">\n\t\t\t\t\t\t<div class=\"accordion-title\" aria-selected=\"false\" role=\"tab\" tabindex=\"-1\" aria-controls=\"item-acc-48e50a1-3\">\n\t\t\t\t\t\t\tCzy zapewniacie wieloj\u0119zyczne wsparcie?\t\t\t\t\t\t\t\t<span class=\"accordion-icon\">\n\t\t\t\t\t\t\t\t\t<span\n\t\t\t\t\t\t\t\t\t\tclass=\"accordion-icon-closed\"><svg xmlns=\"http:\/\/www.w3.org\/2000\/svg\" width=\"12\" height=\"7\" viewbox=\"0 0 12 7\" fill=\"none\"><path d=\"M1 6L6 1L11 6\" stroke=\"#121212\" stroke-width=\"1.5\" stroke-linecap=\"round\" stroke-linejoin=\"round\"><\/path><\/svg><\/span>\n\t\t\t\t\t\t\t\t\t<span\n\t\t\t\t\t\t\t\t\t\tclass=\"accordion-icon-opened\"><svg xmlns=\"http:\/\/www.w3.org\/2000\/svg\" width=\"12\" height=\"7\" viewbox=\"0 0 12 7\" fill=\"none\"><path d=\"M11 1L6 6L1 1\" stroke=\"#121212\" stroke-width=\"1.5\" stroke-linecap=\"round\" stroke-linejoin=\"round\"><\/path><\/svg><\/span>\n\t\t\t\t\t\t\t\t<\/span>\n\t\t\t\t\t\t\t\t\t\t\t\t\t<\/div>\n\n\t\t\t\t\t\t<div class=\"accordion-content\" id=\"item-acc-48e50a1-3\"\n\t\t\t\t\t\t\t role=\"tabpanel\"\n\t\t\t\t\t\t\t aria-labelledby=\"item-acc-48e50a1-3\"\n\t\t\t\t\t\t\t tabindex=\"-1\" hidden>\n\t\t\t\t\t\t\t<p data-start=\"89\" data-end=\"275\">Tak, nasz zesp\u00f3\u0142 oferuje wsparcie w wielu j\u0119zykach, aby zapewni\u0107 jasn\u0105 komunikacj\u0119 i pomoc przed, w trakcie i po zako\u0144czeniu wycieczki.<\/p>\t\t\t\t\t\t<\/div>\n\t\t\t\t\t<\/div>\n\n\t\t\t\t\n\t\t\t\t\t<div class=\"accordion-section\">\n\t\t\t\t\t\t<div class=\"accordion-title\" aria-selected=\"false\" role=\"tab\" tabindex=\"-1\" aria-controls=\"item-acc-48e50a1-4\">\n\t\t\t\t\t\t\tJak mog\u0119 skontaktowa\u0107 si\u0119 z obs\u0142ug\u0105 klienta?\t\t\t\t\t\t\t\t<span class=\"accordion-icon\">\n\t\t\t\t\t\t\t\t\t<span\n\t\t\t\t\t\t\t\t\t\tclass=\"accordion-icon-closed\"><svg xmlns=\"http:\/\/www.w3.org\/2000\/svg\" width=\"12\" height=\"7\" viewbox=\"0 0 12 7\" fill=\"none\"><path d=\"M1 6L6 1L11 6\" stroke=\"#121212\" stroke-width=\"1.5\" stroke-linecap=\"round\" stroke-linejoin=\"round\"><\/path><\/svg><\/span>\n\t\t\t\t\t\t\t\t\t<span\n\t\t\t\t\t\t\t\t\t\tclass=\"accordion-icon-opened\"><svg xmlns=\"http:\/\/www.w3.org\/2000\/svg\" width=\"12\" height=\"7\" viewbox=\"0 0 12 7\" fill=\"none\"><path d=\"M11 1L6 6L1 1\" stroke=\"#121212\" stroke-width=\"1.5\" stroke-linecap=\"round\" stroke-linejoin=\"round\"><\/path><\/svg><\/span>\n\t\t\t\t\t\t\t\t<\/span>\n\t\t\t\t\t\t\t\t\t\t\t\t\t<\/div>\n\n\t\t\t\t\t\t<div class=\"accordion-content\" id=\"item-acc-48e50a1-4\"\n\t\t\t\t\t\t\t role=\"tabpanel\"\n\t\t\t\t\t\t\t aria-labelledby=\"item-acc-48e50a1-4\"\n\t\t\t\t\t\t\t tabindex=\"-1\" hidden>\n\t\t\t\t\t\t\t<p data-start=\"93\" data-end=\"291\">Mo\u017cesz \u0142atwo skontaktowa\u0107 si\u0119 z naszym zespo\u0142em pomocy technicznej za po\u015brednictwem formularza kontaktowego na naszej stronie internetowej, poczty e-mail lub WhatsApp, aby uzyska\u0107 szybsz\u0105 i bardziej spersonalizowan\u0105 pomoc w dowolnym momencie.<\/p>\t\t\t\t\t\t<\/div>\n\t\t\t\t\t<\/div>\n\n\t\t\t\t\t\t\t<\/div>\n\t\t\t\t\t<\/div>\n\t\t\t\t\t<\/div>\n\t\t\t\t<\/div>\n\t\t\t\t<\/div>\n\t\t\t\t\t<\/div>\n\t\t\t\t<\/div>\n\t\t<div class=\"elementor-element elementor-element-c2db6bc e-flex e-con-boxed e-con e-parent\" data-id=\"c2db6bc\" data-element_type=\"container\" data-e-type=\"container\" data-settings=\"{&quot;background_background&quot;:&quot;classic&quot;}\">\n\t\t\t\t\t<div class=\"e-con-inner\">\n\t\t<div class=\"elementor-element elementor-element-833c529 e-con-full e-flex e-con e-child\" data-id=\"833c529\" data-element_type=\"container\" data-e-type=\"container\" data-settings=\"{&quot;background_background&quot;:&quot;classic&quot;}\">\n\t\t\t\t<div class=\"elementor-element elementor-element-bfc3e91 elementor-widget elementor-widget-thim-ekits-heading\" data-id=\"bfc3e91\" data-element_type=\"widget\" data-e-type=\"widget\" data-widget_type=\"thim-ekits-heading.default\">\n\t\t\t\t<div class=\"elementor-widget-container\">\n\t\t\t\t\t<div class=\"thim-ekits-heading thim-ekit__heading\"><h5 class=\"title\">Masz wi\u0119cej pyta\u0144?<\/h5><p class=\"sub-heading\">Skontaktuj si\u0119 z naszym zespo\u0142em ju\u017c dzi\u015b i uzyskaj odpowiedzi, kt\u00f3rych potrzebujesz.<\/p><\/div>\t\t\t\t<\/div>\n\t\t\t\t<\/div>\n\t\t\t\t<div class=\"elementor-element elementor-element-c43c1a4 elementor-widget elementor-widget-button\" data-id=\"c43c1a4\" data-element_type=\"widget\" data-e-type=\"widget\" data-widget_type=\"button.default\">\n\t\t\t\t<div class=\"elementor-widget-container\">\n\t\t\t\t\t\t\t\t\t<div class=\"elementor-button-wrapper\">\n\t\t\t\t\t<a class=\"elementor-button elementor-button-link elementor-size-sm\" href=\"https:\/\/vetatourism.com\/pl\/contact-us\/\">\n\t\t\t\t\t\t<span class=\"elementor-button-content-wrapper\">\n\t\t\t\t\t\t\t\t\t<span class=\"elementor-button-text\">Skontaktuj si\u0119 z nami<\/span>\n\t\t\t\t\t<\/span>\n\t\t\t\t\t<\/a>\n\t\t\t\t<\/div>\n\t\t\t\t\t\t\t\t<\/div>\n\t\t\t\t<\/div>\n\t\t\t\t<\/div>\n\t\t\t\t\t<\/div>\n\t\t\t\t<\/div>\n\t\t\t\t<\/div>","protected":false},"excerpt":{"rendered":"<p>Strona g\u0142\u00f3wna<br \/>\nPytania i odpowiedzi<br \/>\nZapoznaj si\u0119 z przydatnymi odpowiedziami na temat wycieczek, rezerwacji i szczeg\u00f3\u0142\u00f3w podr\u00f3\u017cy, aby bez obaw zaplanowa\u0107 swoje wra\u017cenia.<br \/>\n\t\t\t\t\t\t\tJak mog\u0119 zarezerwowa\u0107 wycieczk\u0119?<\/p>\n<p>\nYou can book a tour <\/p>","protected":false},"author":1,"featured_media":0,"parent":0,"menu_order":0,"comment_status":"closed","ping_status":"closed","template":"elementor_header_footer","meta":{"footnotes":""},"class_list":["post-11201","page","type-page","status-publish","hentry"],"_links":{"self":[{"href":"https:\/\/vetatourism.com\/pl\/wp-json\/wp\/v2\/pages\/11201","targetHints":{"allow":["GET"]}}],"collection":[{"href":"https:\/\/vetatourism.com\/pl\/wp-json\/wp\/v2\/pages"}],"about":[{"href":"https:\/\/vetatourism.com\/pl\/wp-json\/wp\/v2\/types\/page"}],"author":[{"embeddable":true,"href":"https:\/\/vetatourism.com\/pl\/wp-json\/wp\/v2\/users\/1"}],"replies":[{"embeddable":true,"href":"https:\/\/vetatourism.com\/pl\/wp-json\/wp\/v2\/comments?post=11201"}],"version-history":[{"count":12,"href":"https:\/\/vetatourism.com\/pl\/wp-json\/wp\/v2\/pages\/11201\/revisions"}],"predecessor-version":[{"id":13213,"href":"https:\/\/vetatourism.com\/pl\/wp-json\/wp\/v2\/pages\/11201\/revisions\/13213"}],"wp:attachment":[{"href":"https:\/\/vetatourism.com\/pl\/wp-json\/wp\/v2\/media?parent=11201"}],"curies":[{"name":"wp","href":"https:\/\/api.w.org\/{rel}","templated":true}]}}