{"id":16275,"date":"2026-02-27T07:03:06","date_gmt":"2026-02-27T07:03:06","guid":{"rendered":"https:\/\/vetatourism.com\/?post_type=product&#038;p=16275"},"modified":"2026-04-25T19:13:08","modified_gmt":"2026-04-25T19:13:08","slug":"blue-cave-bay-of-kotor-yacht-tour","status":"publish","type":"product","link":"https:\/\/vetatourism.com\/tours\/blue-cave-bay-of-kotor-yacht-tour","title":{"rendered":"Grotte bleue &amp; de la Baie de Kotor Tour de Yacht"},"content":{"rendered":"<p>D\u00e9couvrir le Mont\u00e9n\u00e9gro les plus embl\u00e9matiques du littoral tr\u00e9sors, lors d'un m\u00e9morable <strong>Grotte bleue &amp; de la Baie de Kotor, Yacht d'Exp\u00e9rience<\/strong> \u2014 une combinaison parfaite de l'aventure, de d\u00e9tente, et \u00e0 couper le souffle de l'Adriatique paysage.<\/p>\n<p>Croisi\u00e8re \u00e0 travers les eaux cristallines \u00e0 bord d'un <strong>yacht de luxe moderne<\/strong> tout en explorant les grottes cach\u00e9es, des falaises spectaculaires, des monuments historiques, et une vue panoramique spectaculaire sur la magnifique Baie de Kotor.<\/p>\n<p>Nager \u00e0 l'int\u00e9rieur du c\u00e9l\u00e8bre <strong>Grotte Bleue<\/strong>, o\u00f9 la lumi\u00e8re du soleil refl\u00e8te \u00e0 travers la mer en cr\u00e9ant magique bleu brillant des couleurs. D\u00e9tendez-vous \u00e0 bord, de prendre de superbes photos, ou profitez des joies de la falaise saute dans les eaux limpides.<\/p>\n<ul>\n<li>\ud83d\udd35 <strong>Grotte Bleue<\/strong> \u2013 Nager \u00e0 l'int\u00e9rieur du Mont\u00e9n\u00e9gro, dans la c\u00e9l\u00e8bre grotte de la mer rempli de bleu lumineux reflets de lumi\u00e8re.<\/li>\n<li>\ud83d\udea4 <strong>Croisi\u00e8re En Yacht De Luxe<\/strong> \u2013 Profiter d'une conduite confortable et lisse \u00e0 travers le cristal-les eaux limpides de l'Adriatique.<\/li>\n<li>\ud83c\udfde\ufe0f <strong>La baie de Kotor<\/strong> \u2013 Croisi\u00e8re \u00e0 travers l'un de la M\u00e9diterran\u00e9e les plus beaux paysages c\u00f4tiers.<\/li>\n<li>\ud83d\udcf8 <strong>Arr\u00eats Photos<\/strong> \u2013 Capturer une vue spectaculaire de falaises, de grottes et c\u00f4ti\u00e8res historiques de points de rep\u00e8re.<\/li>\n<li>\ud83d\udc2c <strong>Observation De Dauphins<\/strong> \u2013 De la chance vous pourrez apercevoir des dauphins nager avec le yacht.<\/li>\n<\/ul>\n<p>Ce yacht de l'exp\u00e9rience est parfait pour les couples, les familles et les voyageurs qui cherchent \u00e0 explorer la c\u00f4te du Mont\u00e9n\u00e9gro dans un cadre unique et m\u00e9morable fa\u00e7on.<\/p>\n<p>&nbsp;<\/p>\n<hr \/>\n<p>&nbsp;<\/p>\n<div class=\"tour-content-what-included\">\n<h4 id=\"whats-included\">Ce qui est Inclus<\/h4>\n<ul style=\"column-count: 2;\">\n<li>Professionnel du capitaine et de l'\u00e9quipage exp\u00e9riment\u00e9<\/li>\n<li>Confortable yacht de luxe de croisi\u00e8re<\/li>\n<li>Multilingue audio-guide<\/li>\n<li>Visite et baignade arr\u00eat \u00e0 la Grotte Bleue<\/li>\n<li>Les gilets de sauvetage et \u00e9quipement de s\u00e9curit\u00e9<\/li>\n<li>Croisi\u00e8re \u00e0 travers la Baie de Kotor<\/li>\n<li>Photos panoramiques et visites s'arr\u00eate<\/li>\n<li>Les co\u00fbts de carburant et frais de port inclus<\/li>\n<\/ul>\n<p>&nbsp;<\/p>\n<\/div>\n<p>&nbsp;<\/p>\n<hr \/>\n<p>&nbsp;<\/p>\n<div class=\"tour-content-add-information\">\n<h4>Des Informations Suppl\u00e9mentaires<\/h4>\n<ul>\n<li>Confortable et moderne yacht avec l'ombre et les zones ouvertes<\/li>\n<li>La natation s'arr\u00eate en fonction de la m\u00e9t\u00e9o et les conditions de mer<\/li>\n<li>Multilingue audio-guide disponible \u00e0 bord<\/li>\n<li>Id\u00e9al pour les familles et tous les groupes d'\u00e2ge<\/li>\n<\/ul>\n<p>&nbsp;<\/p>\n<\/div>\n<hr \/>\n<p>&nbsp;<\/p>\n<div class=\"tour-content-cancell-policy\">\n<p><strong>Ce qu'il faut Apporter<\/strong><\/p>\n<ul style=\"column-count: 2;\">\n<li>Maillots de bain et serviette \ud83e\ude71<\/li>\n<li>De la cr\u00e8me solaire &amp; lunettes de soleil \ud83d\udd76\ufe0f<\/li>\n<li>Chapeau ou une casquette \ud83e\udde2<\/li>\n<li>Cas de t\u00e9l\u00e9phone \u00e9tanche \ud83d\udcf1<\/li>\n<li>Des v\u00eatements confortables<\/li>\n<li>De l'argent pour les extras \ud83d\udcb3<\/li>\n<\/ul>\n<\/div>","protected":false},"excerpt":{"rendered":"<p>D\u00e9couvrir le Mont\u00e9n\u00e9gro les plus embl\u00e9matiques du littoral tr\u00e9sors lors d'un Bleu inoubliable Cave &amp; de la Baie de Kotor Yacht Exp\u00e9rience \u2014 une combinaison parfaite de l'aventure, de d\u00e9tente, et \u00e0 couper le souffle de l'Adriatique paysage.<br \/>\nCruise across <\/p>","protected":false},"featured_media":16168,"comment_status":"open","ping_status":"closed","template":"","meta":[],"product_brand":[],"product_cat":[],"product_tag":[197],"class_list":{"0":"post-16275","1":"product","2":"type-product","3":"status-publish","4":"has-post-thumbnail","6":"product_tag--most-booked","7":"pa_destination-montenegro","9":"first","10":"instock","11":"shipping-taxable","12":"purchasable","13":"product-type-tour_phys"},"_links":{"self":[{"href":"https:\/\/vetatourism.com\/fr\/wp-json\/wp\/v2\/product\/16275","targetHints":{"allow":["GET"]}}],"collection":[{"href":"https:\/\/vetatourism.com\/fr\/wp-json\/wp\/v2\/product"}],"about":[{"href":"https:\/\/vetatourism.com\/fr\/wp-json\/wp\/v2\/types\/product"}],"replies":[{"embeddable":true,"href":"https:\/\/vetatourism.com\/fr\/wp-json\/wp\/v2\/comments?post=16275"}],"wp:featuredmedia":[{"embeddable":true,"href":"https:\/\/vetatourism.com\/fr\/wp-json\/wp\/v2\/media\/16168"}],"wp:attachment":[{"href":"https:\/\/vetatourism.com\/fr\/wp-json\/wp\/v2\/media?parent=16275"}],"wp:term":[{"taxonomy":"product_brand","embeddable":true,"href":"https:\/\/vetatourism.com\/fr\/wp-json\/wp\/v2\/product_brand?post=16275"},{"taxonomy":"product_cat","embeddable":true,"href":"https:\/\/vetatourism.com\/fr\/wp-json\/wp\/v2\/product_cat?post=16275"},{"taxonomy":"product_tag","embeddable":true,"href":"https:\/\/vetatourism.com\/fr\/wp-json\/wp\/v2\/product_tag?post=16275"}],"curies":[{"name":"wp","href":"https:\/\/api.w.org\/{rel}","templated":true}]}}