{"id":16141,"date":"2026-02-24T13:11:00","date_gmt":"2026-02-24T13:11:00","guid":{"rendered":"https:\/\/vetatourism.com\/?post_type=product&#038;p=16141"},"modified":"2026-04-18T16:00:06","modified_gmt":"2026-04-18T16:00:06","slug":"tivat-kotor-boka-bay-full-day-luxury-guided-cruise-with-swim-stop","status":"publish","type":"product","link":"https:\/\/vetatourism.com\/tours\/tivat-kotor-boka-bay-full-day-luxury-guided-cruise-with-swim-stop","title":{"rendered":"Tivat \/ Kotor: de la Baie de Boka d'une Journ\u00e9e Compl\u00e8te Guid\u00e9e de Luxe de Croisi\u00e8re avec bain d'Arr\u00eat"},"content":{"rendered":"<p>S'\u00e9chapper dans la beaut\u00e9 intemporelle du Mont\u00e9n\u00e9gro pour une exp\u00e9rience inoubliable <strong>De La Baie De Boka D'Une Journ\u00e9e Compl\u00e8te De Croisi\u00e8re<\/strong> \u2014 un m\u00e9lange parfait de d\u00e9tente, de d\u00e9couverte, et \u00e0 couper le souffle de l'Adriatique paysage.<\/p>\n<p>Au d\u00e9part de <strong>Tivat ou Kotor<\/strong>cette prime guid\u00e9es en bateau exp\u00e9rience vous emm\u00e8ne \u00e0 travers la magnifique <strong>Class\u00e9e par l'UNESCO de la Baie de Kotor<\/strong>souvent consid\u00e9r\u00e9e comme l'une des plus belles baies du monde. Entour\u00e9 par les montagnes spectaculaires et m\u00e9di\u00e9vale villes c\u00f4ti\u00e8res, vous allez explorer le fjord comme des paysages accessible uniquement par la mer.<\/p>\n<p>D\u00e9tendez-vous \u00e0 bord d'un confortable bateau moderne, tandis que votre guide professionnel actions d'histoires fascinantes \u00e0 propos du Mont\u00e9n\u00e9gro, dans la tradition maritime, villages historiques, et sites culturels qui ont fa\u00e7onn\u00e9 cette r\u00e9gion extraordinaire.<\/p>\n<ul>\n<li>\ud83c\udf04 <strong>La baie de Kotor<\/strong> \u2013 D\u00e9couverte de l'UNESCO de la baie prot\u00e9g\u00e9e de la mer et admirer le paysage spectaculaire de montagne.<\/li>\n<li>\ud83d\udea4 <strong>D\u00e9part de Tivat ou Kotor<\/strong> \u2013 L'acc\u00e8s facile des points de d\u00e9part pour un bon et agr\u00e9able voyage.<\/li>\n<li>\ud83c\udf0a <strong>Adriatique Bain D'Arr\u00eat<\/strong> \u2013 Profitez rafra\u00eechissante baignade dans des eaux cristallines turquoise.<\/li>\n<li>\ud83c\udfd8\ufe0f <strong>Les Villages C\u00f4tiers<\/strong> \u2013 D\u00e9couvrir les pittoresques villes historiques et des baies cach\u00e9es le long de la c\u00f4te.<\/li>\n<li>\ud83d\udcf8 <strong>Vue Panoramique<\/strong> \u2013 Des paysages magnifiques et une photographie d'occasions tout au long de la croisi\u00e8re.<\/li>\n<\/ul>\n<p>Cette d\u00e9tente d'une journ\u00e9e compl\u00e8te de croisi\u00e8re est id\u00e9al pour les couples, les familles et les voyageurs qui souhaitent d\u00e9couvrir le Mont\u00e9n\u00e9gro est la beaut\u00e9 de la c\u00f4te dans un cadre de confort et de fa\u00e7on m\u00e9morable.<\/p>\n<p>&nbsp;<\/p>\n<hr \/>\n<p>&nbsp;<\/p>\n<div class=\"tour-content-what-included\">\n<h4 id=\"whats-included\">Ce qui est Inclus<\/h4>\n<ul style=\"column-count: 2;\">\n<li>Licence professionnelle capitaine et un \u00e9quipage exp\u00e9riment\u00e9<\/li>\n<li>Expert, un guide parlant anglais (options multilingues disponibles)<\/li>\n<li>Confortable journ\u00e9e compl\u00e8te de croisi\u00e8re en bateau \u00e0 travers la Baie de Boka<\/li>\n<li>Soigneusement s\u00e9lectionn\u00e9s piscine arr\u00eater<\/li>\n<li>Gilets de sauvetage et des \u00e9quipements de s\u00e9curit\u00e9 complets<\/li>\n<li>Les co\u00fbts de carburant et frais de port inclus<\/li>\n<li>Panoramique exp\u00e9rience de tourisme<\/li>\n<\/ul>\n<p>&nbsp;<\/p>\n<\/div>\n<p>&nbsp;<\/p>\n<hr \/>\n<p>&nbsp;<\/p>\n<div class=\"tour-content-add-information\">\n<h4>Des Informations Suppl\u00e9mentaires<\/h4>\n<ul>\n<li>D\u00e9part de Tivat ou Kotor en fonction de la disponibilit\u00e9<\/li>\n<li>Une journ\u00e9e compl\u00e8te de croisi\u00e8re de l'exp\u00e9rience<\/li>\n<li>La natation s'arr\u00eate en fonction de la m\u00e9t\u00e9o et les conditions de mer<\/li>\n<li>Id\u00e9al pour les familles et tous les groupes d'\u00e2ge<\/li>\n<\/ul>\n<p>&nbsp;<\/p>\n<\/div>\n<hr \/>\n<p>&nbsp;<\/p>\n<div class=\"tour-content-cancell-policy\">\n<p><strong>Ce qu'il faut Apporter<\/strong><\/p>\n<ul style=\"column-count: 2;\">\n<li>De la cr\u00e8me solaire &amp; lunettes de soleil \ud83d\udd76\ufe0f<\/li>\n<li>Maillots de bain et serviette \ud83e\ude71<\/li>\n<li>Chapeau ou une casquette \ud83e\udde2<\/li>\n<li>Cam\u00e9ra ou d'un t\u00e9l\u00e9phone \ud83d\udcf1<\/li>\n<li>Des v\u00eatements confortables<\/li>\n<li>De l'argent pour les extras \ud83d\udcb3<\/li>\n<\/ul>\n<\/div>","protected":false},"excerpt":{"rendered":"<p>S'\u00e9chapper dans la beaut\u00e9 intemporelle du Mont\u00e9n\u00e9gro pour une exp\u00e9rience inoubliable dans la Baie de Boka d'une Journ\u00e9e Compl\u00e8te de Croisi\u00e8re \u2014 un m\u00e9lange parfait de d\u00e9tente, de d\u00e9couverte, et \u00e0 couper le souffle de l'Adriatique paysage.<br \/>\nDeparting from Tivat or Kotor, <\/p>","protected":false},"featured_media":16153,"comment_status":"open","ping_status":"closed","template":"","meta":[],"product_brand":[],"product_cat":[],"product_tag":[],"class_list":{"0":"post-16141","1":"product","2":"type-product","3":"status-publish","4":"has-post-thumbnail","6":"pa_destination-montenegro","8":"first","9":"instock","10":"shipping-taxable","11":"purchasable","12":"product-type-tour_phys"},"_links":{"self":[{"href":"https:\/\/vetatourism.com\/fr\/wp-json\/wp\/v2\/product\/16141","targetHints":{"allow":["GET"]}}],"collection":[{"href":"https:\/\/vetatourism.com\/fr\/wp-json\/wp\/v2\/product"}],"about":[{"href":"https:\/\/vetatourism.com\/fr\/wp-json\/wp\/v2\/types\/product"}],"replies":[{"embeddable":true,"href":"https:\/\/vetatourism.com\/fr\/wp-json\/wp\/v2\/comments?post=16141"}],"wp:featuredmedia":[{"embeddable":true,"href":"https:\/\/vetatourism.com\/fr\/wp-json\/wp\/v2\/media\/16153"}],"wp:attachment":[{"href":"https:\/\/vetatourism.com\/fr\/wp-json\/wp\/v2\/media?parent=16141"}],"wp:term":[{"taxonomy":"product_brand","embeddable":true,"href":"https:\/\/vetatourism.com\/fr\/wp-json\/wp\/v2\/product_brand?post=16141"},{"taxonomy":"product_cat","embeddable":true,"href":"https:\/\/vetatourism.com\/fr\/wp-json\/wp\/v2\/product_cat?post=16141"},{"taxonomy":"product_tag","embeddable":true,"href":"https:\/\/vetatourism.com\/fr\/wp-json\/wp\/v2\/product_tag?post=16141"}],"curies":[{"name":"wp","href":"https:\/\/api.w.org\/{rel}","templated":true}]}}