{"id":16134,"date":"2026-02-24T12:48:20","date_gmt":"2026-02-24T12:48:20","guid":{"rendered":"https:\/\/vetatourism.com\/?post_type=product&#038;p=16134"},"modified":"2026-03-05T06:19:16","modified_gmt":"2026-03-05T06:19:16","slug":"tara-river-rafting-adventure-montenegro","status":"publish","type":"product","link":"https:\/\/vetatourism.com\/tours\/tara-river-rafting-adventure-montenegro","title":{"rendered":"Tara River Rafting Aventure \u2014 Mont\u00e9n\u00e9gro"},"content":{"rendered":"<p>Embarquez pour une aventure inoubliable au c\u0153ur de la nature intacte du Mont\u00e9n\u00e9gro, avec une aventure passionnante. <strong>Rafting sur la rivi\u00e8re Tara<\/strong> - un m\u00e9lange parfait d'adr\u00e9naline, de paysages \u00e0 couper le souffle et de d\u00e9couverte d'une nature authentique.<\/p>\n<p>Votre voyage se d\u00e9roule sur la l\u00e9gendaire rivi\u00e8re Tara, qui traverse les pays suivants <strong>Le canyon le plus profond d'Europe<\/strong> et l'un des paysages naturels les plus spectaculaires au monde. Connu sous le nom de <strong>\u201cD\u00e9chirure de l'Europe\u201d<\/strong> Pour la puret\u00e9 exceptionnelle de son eau, la rivi\u00e8re Tara offre des eaux turquoise cristallines entour\u00e9es de falaises spectaculaires, de for\u00eats luxuriantes, de cascades et de plages naturelles cach\u00e9es.<\/p>\n<p>Guid\u00e9s par des skippers professionnels exp\u00e9riment\u00e9s, vous naviguerez sur des rapides passionnants m\u00eal\u00e9s \u00e0 des sections panoramiques paisibles, ce qui rend cette aventure parfaite pour les d\u00e9butants comme pour les explorateurs exp\u00e9riment\u00e9s.<\/p>\n<ul>\n<li>\ud83c\udfde\ufe0f <strong>Canyon de Tara<\/strong> - Traversez en rafting le canyon le plus profond d'Europe et d\u00e9couvrez l'une des merveilles naturelles les plus \u00e9poustouflantes du Mont\u00e9n\u00e9gro.<\/li>\n<li>\ud83c\udf3f <strong>Nature prot\u00e9g\u00e9e par l'UNESCO<\/strong> - Explorez un environnement naturel pr\u00e9serv\u00e9 rempli de for\u00eats, de falaises et de cascades.<\/li>\n<li>\ud83d\udca7 <strong>Eaux cristallines<\/strong> - D\u00e9couvrez la rivi\u00e8re turquoise pure connue sous le nom de \u201cLarme de l'Europe\u201d.<\/li>\n<li>\ud83d\udea3 <strong>Des rapides passionnants<\/strong> - Profitez de l'\u00e9quilibre parfait entre les rapides palpitants et le rafting panoramique relaxant.<\/li>\n<li>\ud83d\udcf8 <strong>Baignade et arr\u00eats photos<\/strong> - Faites des pauses dans une nature intacte pour vous baigner et prendre des photos inoubliables.<\/li>\n<\/ul>\n<p>Cette aventure en rafting est id\u00e9ale pour les familles, les couples et les amateurs de sensations fortes qui souhaitent d\u00e9couvrir la beaut\u00e9 sauvage du Mont\u00e9n\u00e9gro d'une mani\u00e8re unique et m\u00e9morable.<\/p>\n<p>&nbsp;<\/p>\n<hr \/>\n<p>&nbsp;<\/p>\n<div class=\"tour-content-what-included\">\n<h4 id=\"whats-included\">Ce qui est Inclus<\/h4>\n<ul style=\"column-count: 2;\">\n<li>Guide professionnel agr\u00e9\u00e9 pour le rafting et briefing sur la s\u00e9curit\u00e9<\/li>\n<li>Equipement complet de rafting (casque, combinaison, gilet de sauvetage, pagaie)<\/li>\n<li>Bateau de rafting moderne<\/li>\n<li>\u00c9quipement de s\u00e9curit\u00e9 et assurance<\/li>\n<li>Rafting panoramique dans le canyon de Tara<\/li>\n<li>Baignade et arr\u00eats photos<\/li>\n<li>Taxes locales et permis fluviaux inclus<\/li>\n<li>Les forfaits optionnels peuvent inclure le transfert ou les repas.<\/li>\n<\/ul>\n<p>&nbsp;<\/p>\n<\/div>\n<p>&nbsp;<\/p>\n<hr \/>\n<p>&nbsp;<\/p>\n<div class=\"tour-content-add-information\">\n<h4>Des Informations Suppl\u00e9mentaires<\/h4>\n<ul>\n<li>Convient aux d\u00e9butants et aux rafteurs exp\u00e9riment\u00e9s<\/li>\n<li>Des guides professionnels garantissent une exp\u00e9rience s\u00fbre et agr\u00e9able<\/li>\n<li>L'itin\u00e9raire et les conditions de rafting peuvent varier en fonction des conditions m\u00e9t\u00e9orologiques et du niveau de l'eau.<\/li>\n<li>Activit\u00e9 familiale<\/li>\n<\/ul>\n<p>&nbsp;<\/p>\n<\/div>\n<hr \/>\n<p>&nbsp;<\/p>\n<div class=\"tour-content-cancell-policy\">\n<p><strong>Ce qu'il faut Apporter<\/strong><\/p>\n<ul style=\"column-count: 2;\">\n<li>Maillots de bain et serviette \ud83e\ude71<\/li>\n<li>V\u00eatements et chaussures confortables<\/li>\n<li>De la cr\u00e8me solaire &amp; lunettes de soleil \ud83d\udd76\ufe0f<\/li>\n<li>Cas de t\u00e9l\u00e9phone \u00e9tanche \ud83d\udcf1<\/li>\n<li>V\u00eatements secs suppl\u00e9mentaires<\/li>\n<li>De l'argent pour les extras \ud83d\udcb3<\/li>\n<\/ul>\n<\/div>","protected":false},"excerpt":{"rendered":"<p>Embark on an unforgettable adventure through the heart of Montenegro\u2019s untouched wilderness with an exciting Tara River Rafting Experience \u2014 a perfect mix of adrenaline, breathtaking scenery, and authentic nature <\/p>","protected":false},"featured_media":16135,"comment_status":"open","ping_status":"closed","template":"","meta":[],"product_brand":[],"product_cat":[],"product_tag":[],"class_list":{"0":"post-16134","1":"product","2":"type-product","3":"status-publish","4":"has-post-thumbnail","6":"pa_destination-montenegro","8":"first","9":"instock","10":"shipping-taxable","11":"purchasable","12":"product-type-tour_phys"},"_links":{"self":[{"href":"https:\/\/vetatourism.com\/fr\/wp-json\/wp\/v2\/product\/16134","targetHints":{"allow":["GET"]}}],"collection":[{"href":"https:\/\/vetatourism.com\/fr\/wp-json\/wp\/v2\/product"}],"about":[{"href":"https:\/\/vetatourism.com\/fr\/wp-json\/wp\/v2\/types\/product"}],"replies":[{"embeddable":true,"href":"https:\/\/vetatourism.com\/fr\/wp-json\/wp\/v2\/comments?post=16134"}],"wp:featuredmedia":[{"embeddable":true,"href":"https:\/\/vetatourism.com\/fr\/wp-json\/wp\/v2\/media\/16135"}],"wp:attachment":[{"href":"https:\/\/vetatourism.com\/fr\/wp-json\/wp\/v2\/media?parent=16134"}],"wp:term":[{"taxonomy":"product_brand","embeddable":true,"href":"https:\/\/vetatourism.com\/fr\/wp-json\/wp\/v2\/product_brand?post=16134"},{"taxonomy":"product_cat","embeddable":true,"href":"https:\/\/vetatourism.com\/fr\/wp-json\/wp\/v2\/product_cat?post=16134"},{"taxonomy":"product_tag","embeddable":true,"href":"https:\/\/vetatourism.com\/fr\/wp-json\/wp\/v2\/product_tag?post=16134"}],"curies":[{"name":"wp","href":"https:\/\/api.w.org\/{rel}","templated":true}]}}